{"id":988668,"date":"2022-10-10T18:20:17","date_gmt":"2022-10-10T18:20:17","guid":{"rendered":"https:\/\/barringerlawfirm.com\/defensa-penal\/"},"modified":"2026-01-15T17:23:59","modified_gmt":"2026-01-15T17:23:59","slug":"defensa-penal","status":"publish","type":"page","link":"https:\/\/barringerlawfirm.com\/es\/defensa-penal\/","title":{"rendered":"Defensa penal"},"content":{"rendered":"\t\t<div data-elementor-type=\"wp-page\" data-elementor-id=\"988668\" class=\"elementor elementor-988668 elementor-1261\" data-elementor-post-type=\"page\">\n\t\t\t\t\t\t<section class=\"elementor-section elementor-top-section elementor-element elementor-element-24534931 elementor-section-full_width elementor-section-height-default elementor-section-height-default\" data-id=\"24534931\" data-element_type=\"section\" data-e-type=\"section\">\n\t\t\t\t\t\t<div class=\"elementor-container elementor-column-gap-no\">\n\t\t\t\t\t<div class=\"elementor-column elementor-col-100 elementor-top-column elementor-element elementor-element-f705946\" data-id=\"f705946\" data-element_type=\"column\" data-e-type=\"column\">\n\t\t\t<div class=\"elementor-widget-wrap elementor-element-populated\">\n\t\t\t\t\t\t<div class=\"elementor-element elementor-element-70c47d75 elementor-widget elementor-widget-heading\" data-id=\"70c47d75\" data-element_type=\"widget\" data-e-type=\"widget\" data-widget_type=\"heading.default\">\n\t\t\t\t<div class=\"elementor-widget-container\">\n\t\t\t\t\t<h2 class=\"elementor-heading-title elementor-size-default\">Abogados de defensa penal en Denver<\/h2>\t\t\t\t<\/div>\n\t\t\t\t<\/div>\n\t\t\t\t<div class=\"elementor-element elementor-element-346921e elementor-widget elementor-widget-text-editor\" data-id=\"346921e\" data-element_type=\"widget\" data-e-type=\"widget\" data-widget_type=\"text-editor.default\">\n\t\t\t\t<div class=\"elementor-widget-container\">\n\t\t\t\t\t\t\t\t\t<p>Ser arrestado es una experiencia aterradora. Si es declarado culpable, corre el riesgo de ir a la c\u00e1rcel, una posible deportaci\u00f3n, la p\u00e9rdida del empleo, la separaci\u00f3n de su familia y la p\u00e9rdida de su propiedad. Una condena penal conlleva antecedentes penales permanentes y puede tener muchas otras consecuencias que alteran la vida.<br>Ya sea que se enfrente a cargos por delitos graves o delitos menores en Denver, <a href=\"https:\/\/barringerlawfirm.com\/es\/acerca-de\/\">nuestros abogados de defensa penal<\/a> tienen la experiencia y la tenacidad necesarias para proteger sus derechos y obtener los mejores resultados posibles.  <\/p>\t\t\t\t\t\t\t\t<\/div>\n\t\t\t\t<\/div>\n\t\t\t\t<div class=\"elementor-element elementor-element-b521d49 elementor-widget elementor-widget-heading\" data-id=\"b521d49\" data-element_type=\"widget\" data-e-type=\"widget\" data-widget_type=\"heading.default\">\n\t\t\t\t<div class=\"elementor-widget-container\">\n\t\t\t\t\t<h2 class=\"elementor-heading-title elementor-size-default\">\u00bfSe enfrenta a cargos penales?<br>Nuestros abogados pueden ayudarle.<\/h2>\t\t\t\t<\/div>\n\t\t\t\t<\/div>\n\t\t\t\t<div class=\"elementor-element elementor-element-f9c7531 elementor-widget elementor-widget-text-editor\" data-id=\"f9c7531\" data-element_type=\"widget\" data-e-type=\"widget\" data-widget_type=\"text-editor.default\">\n\t\t\t\t<div class=\"elementor-widget-container\">\n\t\t\t\t\t\t\t\t\t<p>Si ha sido arrestado por un cargo penal, lo m\u00e1s importante que debe recordar es su derecho a permanecer en silencio. Cualquier cosa que diga a los agentes puede ser utilizada en su contra. Ejerza ese derecho, y nuestros abogados pueden ayudarle a luchar por usted en los tribunales para asegurarse de que recibe un juicio justo y equitativo.<br>Barringer Law Firm ofrece servicios de defensa penal en Denver contra cargos de:  <\/p>\t\t\t\t\t\t\t\t<\/div>\n\t\t\t\t<\/div>\n\t\t\t\t<div class=\"elementor-element elementor-element-0257e4c elementor-widget__width-initial elementor-widget elementor-widget-text-editor\" data-id=\"0257e4c\" data-element_type=\"widget\" data-e-type=\"widget\" data-widget_type=\"text-editor.default\">\n\t\t\t\t<div class=\"elementor-widget-container\">\n\t\t\t\t\t\t\t\t\t<p><a href=\"https:\/\/barringerlawfirm.com\/es\/defensa-penal\/violencia-domestica\/\">Violencia dom\u00e9stica<\/a>, agresi\u00f3n, asesinato y todos los dem\u00e1s <a href=\"https:\/\/barringerlawfirm.com\/es\/defensa-penal\/delitos-violentos\/\">delitos violentos<\/a><\/p>\t\t\t\t\t\t\t\t<\/div>\n\t\t\t\t<\/div>\n\t\t\t\t<div class=\"elementor-element elementor-element-feb9cbc elementor-widget__width-initial elementor-widget elementor-widget-text-editor\" data-id=\"feb9cbc\" data-element_type=\"widget\" data-e-type=\"widget\" data-widget_type=\"text-editor.default\">\n\t\t\t\t<div class=\"elementor-widget-container\">\n\t\t\t\t\t\t\t\t\t<p><a href=\"https:\/\/barringerlawfirm.com\/es\/defensa-penal\/dui\/\">DUI<\/a> (conducir bajo los efectos del alcohol o las drogas)<\/p>\t\t\t\t\t\t\t\t<\/div>\n\t\t\t\t<\/div>\n\t\t\t\t<div class=\"elementor-element elementor-element-b7f8cb7 elementor-widget__width-initial elementor-widget elementor-widget-text-editor\" data-id=\"b7f8cb7\" data-element_type=\"widget\" data-e-type=\"widget\" data-widget_type=\"text-editor.default\">\n\t\t\t\t<div class=\"elementor-widget-container\">\n\t\t\t\t\t\t\t\t\t<p><a href=\"https:\/\/barringerlawfirm.com\/es\/defensa-penal\/posesion-o-distribucion-de-drogas\/\">Posesi\u00f3n de drogas<\/a>, venta, tr\u00e1fico y otros cargos relacionados con drogas<\/p>\t\t\t\t\t\t\t\t<\/div>\n\t\t\t\t<\/div>\n\t\t\t\t<div class=\"elementor-element elementor-element-e973598 elementor-widget__width-initial elementor-widget elementor-widget-text-editor\" data-id=\"e973598\" data-element_type=\"widget\" data-e-type=\"widget\" data-widget_type=\"text-editor.default\">\n\t\t\t\t<div class=\"elementor-widget-container\">\n\t\t\t\t\t\t\t\t\t<p>Robo, hurto y otros delitos relacionados con el robo<\/p>\t\t\t\t\t\t\t\t<\/div>\n\t\t\t\t<\/div>\n\t\t\t\t<div class=\"elementor-element elementor-element-30df8d6 elementor-widget elementor-widget-text-editor\" data-id=\"30df8d6\" data-element_type=\"widget\" data-e-type=\"widget\" data-widget_type=\"text-editor.default\">\n\t\t\t\t<div class=\"elementor-widget-container\">\n\t\t\t\t\t\t\t\t\t<p>Si se enfrenta a alguno de estos cargos, necesita la ayuda de abogados de defensa penal con experiencia. Llame al equipo de Barringer Law Firm para empezar a construir una defensa s\u00f3lida hoy mismo. <\/p>\t\t\t\t\t\t\t\t<\/div>\n\t\t\t\t<\/div>\n\t\t\t\t<div class=\"vamtam-has-theme-widget-styles elementor-element elementor-element-3a949bf vamtam-has-underline-anim elementor-widget elementor-widget-button\" data-id=\"3a949bf\" data-element_type=\"widget\" data-e-type=\"widget\" data-widget_type=\"button.default\">\n\t\t\t\t<div class=\"elementor-widget-container\">\n\t\t\t\t\t\t\t\t\t<div class=\"elementor-button-wrapper\">\n\t\t\t\t\t<a class=\"elementor-button elementor-button-link elementor-size-sm\" href=\"tel:+13033772338\">\n\t\t\t\t\t\t<span class=\"elementor-button-content-wrapper\">\n\t\t\t\t\t\t<span class=\"elementor-button-icon\">\n\t\t\t\t<i aria-hidden=\"true\" class=\"vamtamtheme- vamtam-theme-icon-arrow-right-top\"><\/i>\t\t\t<\/span>\n\t\t\t\t\t\t\t\t\t<span class=\"elementor-button-text\">Ll\u00e1menos al 303-377-2338<\/span>\n\t\t\t\t\t<\/span>\n\t\t\t\t\t<\/a>\n\t\t\t\t<\/div>\n\t\t\t\t\t\t\t\t<\/div>\n\t\t\t\t<\/div>\n\t\t\t\t<div class=\"elementor-element elementor-element-033aaa8 elementor-widget elementor-widget-heading\" data-id=\"033aaa8\" data-element_type=\"widget\" data-e-type=\"widget\" data-widget_type=\"heading.default\">\n\t\t\t\t<div class=\"elementor-widget-container\">\n\t\t\t\t\t<h2 class=\"elementor-heading-title elementor-size-default\">C\u00f3mo funciona el proceso de defensa penal<\/h2>\t\t\t\t<\/div>\n\t\t\t\t<\/div>\n\t\t\t\t<div class=\"elementor-element elementor-element-d36cbf7 elementor-widget elementor-widget-text-editor\" data-id=\"d36cbf7\" data-element_type=\"widget\" data-e-type=\"widget\" data-widget_type=\"text-editor.default\">\n\t\t\t\t<div class=\"elementor-widget-container\">\n\t\t\t\t\t\t\t\t\t<p>En el caso de cargos penales, es tarea de nuestros abogados asegurarse de que el gobierno asuma la tarea de probar la culpabilidad de una persona. Nuestro sistema legal se basa en el principio de \u201cinocente hasta que se demuestre su culpabilidad\u201d, y nuestros abogados de defensa penal tienen la experiencia y la tenacidad necesarias para luchar y defender ese principio. <\/p><p>Cuando trabaja con Barringer Law Firm en un caso de defensa penal, debe esperar que el proceso se desarrolle de la siguiente manera:<\/p><ul><li>Nuestros abogados examinar\u00e1n las pruebas para asegurarse de que la investigaci\u00f3n se realiz\u00f3 correctamente. Si no es as\u00ed, presionaremos para que se desestime el caso. <br><br><\/li><li>Tambi\u00e9n examinaremos a los implicados en el caso. Investigar a los testigos, detectives y agentes implicados, as\u00ed como a cualquier otra parte implicada, puede proporcionarnos informaci\u00f3n o \u00e1ngulos adicionales que podamos utilizar en su beneficio. <br><br><\/li><li>Una vez que el caso llega a juicio, nuestros abogados de defensa penal har\u00e1n lo que mejor saben hacer y luchar\u00e1n por sus derechos en la sala del tribunal. Tenemos un gran historial y haremos todo lo posible para ganar su caso. <\/li><\/ul><p>En Barringer Law Firm, nos tomamos en serio la defensa penal y trabajamos duro para proporcionar a nuestros clientes la atenci\u00f3n y la experiencia que necesitan. P\u00f3ngase en contacto con nuestros abogados de defensa penal y empiece a construir su caso. <\/p>\t\t\t\t\t\t\t\t<\/div>\n\t\t\t\t<\/div>\n\t\t\t\t<div class=\"vamtam-has-theme-widget-styles elementor-element elementor-element-86ef4c8 vamtam-has-underline-anim elementor-widget elementor-widget-button\" data-id=\"86ef4c8\" data-element_type=\"widget\" data-e-type=\"widget\" data-widget_type=\"button.default\">\n\t\t\t\t<div class=\"elementor-widget-container\">\n\t\t\t\t\t\t\t\t\t<div class=\"elementor-button-wrapper\">\n\t\t\t\t\t<a class=\"elementor-button elementor-button-link elementor-size-sm\" href=\"https:\/\/barringerlawfirm.com\/es\/contacto\/\">\n\t\t\t\t\t\t<span class=\"elementor-button-content-wrapper\">\n\t\t\t\t\t\t<span class=\"elementor-button-icon\">\n\t\t\t\t<i aria-hidden=\"true\" class=\"vamtamtheme- vamtam-theme-icon-arrow-right-top\"><\/i>\t\t\t<\/span>\n\t\t\t\t\t\t\t\t\t<span class=\"elementor-button-text\">Obtenga la defensa penal que necesita<\/span>\n\t\t\t\t\t<\/span>\n\t\t\t\t\t<\/a>\n\t\t\t\t<\/div>\n\t\t\t\t\t\t\t\t<\/div>\n\t\t\t\t<\/div>\n\t\t\t\t\t<\/div>\n\t\t<\/div>\n\t\t\t\t\t<\/div>\n\t\t<\/section>\n\t\t\t\t<\/div>\n\t\t","protected":false},"excerpt":{"rendered":"<p>$67.000.000<\/p>\n","protected":false},"author":2,"featured_media":988667,"parent":0,"menu_order":0,"comment_status":"closed","ping_status":"closed","template":"","meta":{"inline_featured_image":false,"footnotes":""},"class_list":["post-988668","page","type-page","status-publish","has-post-thumbnail","hentry"],"yoast_head":"<!-- This site is optimized with the Yoast SEO plugin v27.4 - https:\/\/yoast.com\/product\/yoast-seo-wordpress\/ -->\n<title>Defensa penal -<\/title>\n<meta name=\"robots\" content=\"index, follow, max-snippet:-1, max-image-preview:large, max-video-preview:-1\" \/>\n<link rel=\"canonical\" href=\"https:\/\/barringerlawfirm.com\/es\/defensa-penal\/\" \/>\n<meta property=\"og:locale\" content=\"es_ES\" \/>\n<meta property=\"og:type\" content=\"article\" \/>\n<meta property=\"og:title\" content=\"Defensa penal -\" \/>\n<meta property=\"og:description\" content=\"$67.000.000\" \/>\n<meta property=\"og:url\" content=\"https:\/\/barringerlawfirm.com\/es\/defensa-penal\/\" \/>\n<meta property=\"article:modified_time\" content=\"2026-01-15T17:23:59+00:00\" \/>\n<meta name=\"twitter:card\" content=\"summary_large_image\" \/>\n<meta name=\"twitter:label1\" content=\"Tiempo de lectura\" \/>\n\t<meta name=\"twitter:data1\" content=\"3 minutos\" \/>\n<script type=\"application\/ld+json\" class=\"yoast-schema-graph\">{\"@context\":\"https:\\\/\\\/schema.org\",\"@graph\":[{\"@type\":\"WebPage\",\"@id\":\"https:\\\/\\\/barringerlawfirm.com\\\/es\\\/defensa-penal\\\/\",\"url\":\"https:\\\/\\\/barringerlawfirm.com\\\/es\\\/defensa-penal\\\/\",\"name\":\"Defensa penal -\",\"isPartOf\":{\"@id\":\"https:\\\/\\\/barringerlawfirm.com\\\/es\\\/#website\"},\"primaryImageOfPage\":{\"@id\":\"https:\\\/\\\/barringerlawfirm.com\\\/es\\\/defensa-penal\\\/#primaryimage\"},\"image\":{\"@id\":\"https:\\\/\\\/barringerlawfirm.com\\\/es\\\/defensa-penal\\\/#primaryimage\"},\"thumbnailUrl\":\"https:\\\/\\\/barringerlawfirm.com\\\/wp-content\\\/uploads\\\/2022\\\/10\\\/injury-personal.svg\",\"datePublished\":\"2022-10-10T18:20:17+00:00\",\"dateModified\":\"2026-01-15T17:23:59+00:00\",\"breadcrumb\":{\"@id\":\"https:\\\/\\\/barringerlawfirm.com\\\/es\\\/defensa-penal\\\/#breadcrumb\"},\"inLanguage\":\"es\",\"potentialAction\":[{\"@type\":\"ReadAction\",\"target\":[\"https:\\\/\\\/barringerlawfirm.com\\\/es\\\/defensa-penal\\\/\"]}]},{\"@type\":\"ImageObject\",\"inLanguage\":\"es\",\"@id\":\"https:\\\/\\\/barringerlawfirm.com\\\/es\\\/defensa-penal\\\/#primaryimage\",\"url\":\"https:\\\/\\\/barringerlawfirm.com\\\/wp-content\\\/uploads\\\/2022\\\/10\\\/injury-personal.svg\",\"contentUrl\":\"https:\\\/\\\/barringerlawfirm.com\\\/wp-content\\\/uploads\\\/2022\\\/10\\\/injury-personal.svg\",\"width\":90,\"height\":80},{\"@type\":\"BreadcrumbList\",\"@id\":\"https:\\\/\\\/barringerlawfirm.com\\\/es\\\/defensa-penal\\\/#breadcrumb\",\"itemListElement\":[{\"@type\":\"ListItem\",\"position\":1,\"name\":\"Home\",\"item\":\"https:\\\/\\\/barringerlawfirm.com\\\/es\\\/bufete-de-abogados\\\/\"},{\"@type\":\"ListItem\",\"position\":2,\"name\":\"Defensa penal\"}]},{\"@type\":\"WebSite\",\"@id\":\"https:\\\/\\\/barringerlawfirm.com\\\/es\\\/#website\",\"url\":\"https:\\\/\\\/barringerlawfirm.com\\\/es\\\/\",\"name\":\"\",\"description\":\"We apply law to facts\",\"potentialAction\":[{\"@type\":\"SearchAction\",\"target\":{\"@type\":\"EntryPoint\",\"urlTemplate\":\"https:\\\/\\\/barringerlawfirm.com\\\/es\\\/?s={search_term_string}\"},\"query-input\":{\"@type\":\"PropertyValueSpecification\",\"valueRequired\":true,\"valueName\":\"search_term_string\"}}],\"inLanguage\":\"es\"}]}<\/script>\n<!-- \/ Yoast SEO plugin. -->","yoast_head_json":{"title":"Defensa penal -","robots":{"index":"index","follow":"follow","max-snippet":"max-snippet:-1","max-image-preview":"max-image-preview:large","max-video-preview":"max-video-preview:-1"},"canonical":"https:\/\/barringerlawfirm.com\/es\/defensa-penal\/","og_locale":"es_ES","og_type":"article","og_title":"Defensa penal -","og_description":"$67.000.000","og_url":"https:\/\/barringerlawfirm.com\/es\/defensa-penal\/","article_modified_time":"2026-01-15T17:23:59+00:00","twitter_card":"summary_large_image","twitter_misc":{"Tiempo de lectura":"3 minutos"},"schema":{"@context":"https:\/\/schema.org","@graph":[{"@type":"WebPage","@id":"https:\/\/barringerlawfirm.com\/es\/defensa-penal\/","url":"https:\/\/barringerlawfirm.com\/es\/defensa-penal\/","name":"Defensa penal -","isPartOf":{"@id":"https:\/\/barringerlawfirm.com\/es\/#website"},"primaryImageOfPage":{"@id":"https:\/\/barringerlawfirm.com\/es\/defensa-penal\/#primaryimage"},"image":{"@id":"https:\/\/barringerlawfirm.com\/es\/defensa-penal\/#primaryimage"},"thumbnailUrl":"https:\/\/barringerlawfirm.com\/wp-content\/uploads\/2022\/10\/injury-personal.svg","datePublished":"2022-10-10T18:20:17+00:00","dateModified":"2026-01-15T17:23:59+00:00","breadcrumb":{"@id":"https:\/\/barringerlawfirm.com\/es\/defensa-penal\/#breadcrumb"},"inLanguage":"es","potentialAction":[{"@type":"ReadAction","target":["https:\/\/barringerlawfirm.com\/es\/defensa-penal\/"]}]},{"@type":"ImageObject","inLanguage":"es","@id":"https:\/\/barringerlawfirm.com\/es\/defensa-penal\/#primaryimage","url":"https:\/\/barringerlawfirm.com\/wp-content\/uploads\/2022\/10\/injury-personal.svg","contentUrl":"https:\/\/barringerlawfirm.com\/wp-content\/uploads\/2022\/10\/injury-personal.svg","width":90,"height":80},{"@type":"BreadcrumbList","@id":"https:\/\/barringerlawfirm.com\/es\/defensa-penal\/#breadcrumb","itemListElement":[{"@type":"ListItem","position":1,"name":"Home","item":"https:\/\/barringerlawfirm.com\/es\/bufete-de-abogados\/"},{"@type":"ListItem","position":2,"name":"Defensa penal"}]},{"@type":"WebSite","@id":"https:\/\/barringerlawfirm.com\/es\/#website","url":"https:\/\/barringerlawfirm.com\/es\/","name":"","description":"We apply law to facts","potentialAction":[{"@type":"SearchAction","target":{"@type":"EntryPoint","urlTemplate":"https:\/\/barringerlawfirm.com\/es\/?s={search_term_string}"},"query-input":{"@type":"PropertyValueSpecification","valueRequired":true,"valueName":"search_term_string"}}],"inLanguage":"es"}]}},"_links":{"self":[{"href":"https:\/\/barringerlawfirm.com\/es\/wp-json\/wp\/v2\/pages\/988668","targetHints":{"allow":["GET"]}}],"collection":[{"href":"https:\/\/barringerlawfirm.com\/es\/wp-json\/wp\/v2\/pages"}],"about":[{"href":"https:\/\/barringerlawfirm.com\/es\/wp-json\/wp\/v2\/types\/page"}],"author":[{"embeddable":true,"href":"https:\/\/barringerlawfirm.com\/es\/wp-json\/wp\/v2\/users\/2"}],"replies":[{"embeddable":true,"href":"https:\/\/barringerlawfirm.com\/es\/wp-json\/wp\/v2\/comments?post=988668"}],"version-history":[{"count":4,"href":"https:\/\/barringerlawfirm.com\/es\/wp-json\/wp\/v2\/pages\/988668\/revisions"}],"predecessor-version":[{"id":988939,"href":"https:\/\/barringerlawfirm.com\/es\/wp-json\/wp\/v2\/pages\/988668\/revisions\/988939"}],"wp:featuredmedia":[{"embeddable":true,"href":"https:\/\/barringerlawfirm.com\/es\/wp-json\/wp\/v2\/media\/988667"}],"wp:attachment":[{"href":"https:\/\/barringerlawfirm.com\/es\/wp-json\/wp\/v2\/media?parent=988668"}],"curies":[{"name":"wp","href":"https:\/\/api.w.org\/{rel}","templated":true}]}}