{"id":988670,"date":"2025-12-15T21:27:54","date_gmt":"2025-12-15T21:27:54","guid":{"rendered":"https:\/\/barringerlawfirm.com\/inmigracion\/"},"modified":"2026-01-15T21:32:38","modified_gmt":"2026-01-15T21:32:38","slug":"inmigracion","status":"publish","type":"page","link":"https:\/\/barringerlawfirm.com\/es\/inmigracion\/","title":{"rendered":"Inmigraci\u00f3n"},"content":{"rendered":"\t\t<div data-elementor-type=\"wp-page\" data-elementor-id=\"988670\" class=\"elementor elementor-988670 elementor-988014\" data-elementor-post-type=\"page\">\n\t\t\t\t\t\t<section class=\"elementor-section elementor-top-section elementor-element elementor-element-24534931 elementor-section-full_width elementor-section-height-default elementor-section-height-default\" data-id=\"24534931\" data-element_type=\"section\" data-e-type=\"section\">\n\t\t\t\t\t\t<div class=\"elementor-container elementor-column-gap-no\">\n\t\t\t\t\t<div class=\"elementor-column elementor-col-100 elementor-top-column elementor-element elementor-element-f705946\" data-id=\"f705946\" data-element_type=\"column\" data-e-type=\"column\">\n\t\t\t<div class=\"elementor-widget-wrap elementor-element-populated\">\n\t\t\t\t\t\t<div class=\"elementor-element elementor-element-70c47d75 elementor-widget elementor-widget-heading\" data-id=\"70c47d75\" data-element_type=\"widget\" data-e-type=\"widget\" data-widget_type=\"heading.default\">\n\t\t\t\t<div class=\"elementor-widget-container\">\n\t\t\t\t\t<h2 class=\"elementor-heading-title elementor-size-default\">Abogados de Inmigraci\u00f3n en Denver, Colorado<\/h2>\t\t\t\t<\/div>\n\t\t\t\t<\/div>\n\t\t\t\t<div class=\"elementor-element elementor-element-346921e elementor-widget elementor-widget-text-editor\" data-id=\"346921e\" data-element_type=\"widget\" data-e-type=\"widget\" data-widget_type=\"text-editor.default\">\n\t\t\t\t<div class=\"elementor-widget-container\">\n\t\t\t\t\t\t\t\t\t<p>Navegar el proceso de inmigraci\u00f3n de los Estados Unidos puede ser dif\u00edcil de gestionar sin el apoyo de abogados experimentados. Nuestro equipo de abogados de inmigraci\u00f3n en Barringer Law Firm lo ha visto todo y puede ayudarle a luchar por sus derechos en todo tipo de casos de inmigraci\u00f3n. Obtenga m\u00e1s informaci\u00f3n sobre lo que nuestros abogados de inmigraci\u00f3n en Denver pueden hacer por usted y llame hoy mismo para una consulta.<\/p>\t\t\t\t\t\t\t\t<\/div>\n\t\t\t\t<\/div>\n\t\t\t\t<div class=\"vamtam-has-theme-widget-styles elementor-element elementor-element-079d293 vamtam-has-underline-anim elementor-widget elementor-widget-button\" data-id=\"079d293\" data-element_type=\"widget\" data-e-type=\"widget\" data-widget_type=\"button.default\">\n\t\t\t\t<div class=\"elementor-widget-container\">\n\t\t\t\t\t\t\t\t\t<div class=\"elementor-button-wrapper\">\n\t\t\t\t\t<a class=\"elementor-button elementor-button-link elementor-size-sm\" href=\"tel:+13033772338\">\n\t\t\t\t\t\t<span class=\"elementor-button-content-wrapper\">\n\t\t\t\t\t\t<span class=\"elementor-button-icon\">\n\t\t\t\t<i aria-hidden=\"true\" class=\"vamtamtheme- vamtam-theme-icon-arrow-right-top\"><\/i>\t\t\t<\/span>\n\t\t\t\t\t\t\t\t\t<span class=\"elementor-button-text\">Llame a nuestros abogados de visas<\/span>\n\t\t\t\t\t<\/span>\n\t\t\t\t\t<\/a>\n\t\t\t\t<\/div>\n\t\t\t\t\t\t\t\t<\/div>\n\t\t\t\t<\/div>\n\t\t\t\t<div class=\"elementor-element elementor-element-b521d49 elementor-widget elementor-widget-heading\" data-id=\"b521d49\" data-element_type=\"widget\" data-e-type=\"widget\" data-widget_type=\"heading.default\">\n\t\t\t\t<div class=\"elementor-widget-container\">\n\t\t\t\t\t<h2 class=\"elementor-heading-title elementor-size-default\">Tipos de Visas de Inmigraci\u00f3n<\/h2>\t\t\t\t<\/div>\n\t\t\t\t<\/div>\n\t\t\t\t<div class=\"elementor-element elementor-element-f9c7531 elementor-widget elementor-widget-text-editor\" data-id=\"f9c7531\" data-element_type=\"widget\" data-e-type=\"widget\" data-widget_type=\"text-editor.default\">\n\t\t\t\t<div class=\"elementor-widget-container\">\n\t\t\t\t\t\t\t\t\t<p>\u00bfNo est\u00e1 seguro de qu\u00e9 tipo de visa necesita solicitar? \u00bfYa solicit\u00f3 una visa, pero necesita ayuda para asegurarla? Nuestros abogados de inmigraci\u00f3n pueden ayudar a resolver problemas y a asegurar sus derechos para todos los siguientes tipos de visados de inmigraci\u00f3n:<\/p><ul><li aria-level=\"1\"><a href=\"https:\/\/barringerlawfirm.com\/es\/inmigracion\/inmigracion-familiar\/\">Visas Familiares<\/a><\/li><li aria-level=\"1\"><a href=\"https:\/\/barringerlawfirm.com\/es\/inmigracion\/visados-de-negocios\/\">Visas de Negocios<\/a><\/li><li aria-level=\"1\">Visas de Prometido(a)<\/li><li aria-level=\"1\">Visas de Estudiante<\/li><li aria-level=\"1\"><a href=\"https:\/\/barringerlawfirm.com\/es\/inmigracion\/visados-de-futbol\/\">Visados de F\u00fatbol (deportivos)<\/a><\/li><\/ul><p>Barringer Law Firm tambi\u00e9n ofrece asistencia en otros asuntos de inmigraci\u00f3n, como la obtenci\u00f3n de una Green Card o asegurar la Ciudadan\u00eda estadounidense permanente. No importa en qu\u00e9 etapa del proceso de inmigraci\u00f3n se encuentren usted o sus seres queridos, Barringer Law Firm est\u00e1 aqu\u00ed para ayudarle.<\/p>\t\t\t\t\t\t\t\t<\/div>\n\t\t\t\t<\/div>\n\t\t\t\t<div class=\"vamtam-has-theme-widget-styles elementor-element elementor-element-3a949bf vamtam-has-underline-anim elementor-widget elementor-widget-button\" data-id=\"3a949bf\" data-element_type=\"widget\" data-e-type=\"widget\" data-widget_type=\"button.default\">\n\t\t\t\t<div class=\"elementor-widget-container\">\n\t\t\t\t\t\t\t\t\t<div class=\"elementor-button-wrapper\">\n\t\t\t\t\t<a class=\"elementor-button elementor-button-link elementor-size-sm\" href=\"https:\/\/barringerlawfirm.com\/es\/contacto\/\">\n\t\t\t\t\t\t<span class=\"elementor-button-content-wrapper\">\n\t\t\t\t\t\t<span class=\"elementor-button-icon\">\n\t\t\t\t<i aria-hidden=\"true\" class=\"vamtamtheme- vamtam-theme-icon-arrow-right-top\"><\/i>\t\t\t<\/span>\n\t\t\t\t\t\t\t\t\t<span class=\"elementor-button-text\">Obtenga Ayuda con su Visa<\/span>\n\t\t\t\t\t<\/span>\n\t\t\t\t\t<\/a>\n\t\t\t\t<\/div>\n\t\t\t\t\t\t\t\t<\/div>\n\t\t\t\t<\/div>\n\t\t\t\t<div class=\"elementor-element elementor-element-033aaa8 elementor-widget elementor-widget-heading\" data-id=\"033aaa8\" data-element_type=\"widget\" data-e-type=\"widget\" data-widget_type=\"heading.default\">\n\t\t\t\t<div class=\"elementor-widget-container\">\n\t\t\t\t\t<h2 class=\"elementor-heading-title elementor-size-default\">Servicios de Inmigraci\u00f3n Familiar<\/h2>\t\t\t\t<\/div>\n\t\t\t\t<\/div>\n\t\t\t\t<div class=\"elementor-element elementor-element-d36cbf7 elementor-widget elementor-widget-text-editor\" data-id=\"d36cbf7\" data-element_type=\"widget\" data-e-type=\"widget\" data-widget_type=\"text-editor.default\">\n\t\t\t\t<div class=\"elementor-widget-container\">\n\t\t\t\t\t\t\t\t\t<p>Inmigrar con su familia o encontrar una manera para que los miembros de su familia se unan a usted en los EE. UU. puede ser incre\u00edblemente estresante. Adem\u00e1s de ayudar con las visas familiares, los abogados de inmigraci\u00f3n de Barringer Law Firm pueden ayudar con asuntos de inmigraci\u00f3n basados en la familia, tales como:<\/p>\n<ul>\n<li aria-level=\"1\">Residencia basada en el matrimonio<\/li>\n<li aria-level=\"1\">Peticiones para padres, hijos, c\u00f3nyuges y hermanos<\/li>\n<li aria-level=\"1\">Visas de prometido(a)<\/li>\n<li aria-level=\"1\">Adopci\u00f3n<\/li>\n<\/ul>\n<p>Si es ciudadano estadounidense o residente permanente legal (LPR), es elegible para presentar una petici\u00f3n de inmigraci\u00f3n ante el Servicio de Aduanas e Inmigraci\u00f3n de los Estados Unidos para algunos de sus familiares, ya sea aqu\u00ed en los Estados Unidos o en el extranjero. Los ciudadanos estadounidenses pueden presentar peticiones para sus c\u00f3nyuges, hijos (de cualquier edad y casados o solteros), padres, hermanos y prometidos(as). Los residentes permanentes legales (LPR) pueden presentar peticiones para sus c\u00f3nyuges e hijos solteros (independientemente de su edad). <\/p>\n<p>Si es un ciudadano estadounidense que presenta una petici\u00f3n para un prometido o prometida en el extranjero, un solicitante debe demostrar que su compromiso es real y no solo para fines de inmigraci\u00f3n. Si se le aprueba, se le dan 90 d\u00edas a partir de la fecha en que su prometido(a) entra en el pa\u00eds para casarse. <\/p>\n<p>\u00bfTiene preguntas sobre su caso \u00fanico de inmigraci\u00f3n familiar? Llame a nuestra oficina hoy mismo para reunirse con nuestros abogados de inmigraci\u00f3n.<\/p>\t\t\t\t\t\t\t\t<\/div>\n\t\t\t\t<\/div>\n\t\t\t\t<div class=\"vamtam-has-theme-widget-styles elementor-element elementor-element-86ef4c8 vamtam-has-underline-anim elementor-widget elementor-widget-button\" data-id=\"86ef4c8\" data-element_type=\"widget\" data-e-type=\"widget\" data-widget_type=\"button.default\">\n\t\t\t\t<div class=\"elementor-widget-container\">\n\t\t\t\t\t\t\t\t\t<div class=\"elementor-button-wrapper\">\n\t\t\t\t\t<a class=\"elementor-button elementor-button-link elementor-size-sm\" href=\"https:\/\/barringerlawfirm.com\/es\/contacto\/\">\n\t\t\t\t\t\t<span class=\"elementor-button-content-wrapper\">\n\t\t\t\t\t\t<span class=\"elementor-button-icon\">\n\t\t\t\t<i aria-hidden=\"true\" class=\"vamtamtheme- vamtam-theme-icon-arrow-right-top\"><\/i>\t\t\t<\/span>\n\t\t\t\t\t\t\t\t\t<span class=\"elementor-button-text\">Obtenga la defensa penal que necesita<\/span>\n\t\t\t\t\t<\/span>\n\t\t\t\t\t<\/a>\n\t\t\t\t<\/div>\n\t\t\t\t\t\t\t\t<\/div>\n\t\t\t\t<\/div>\n\t\t\t\t<div class=\"elementor-element elementor-element-eda9c91 elementor-widget elementor-widget-heading\" data-id=\"eda9c91\" data-element_type=\"widget\" data-e-type=\"widget\" data-widget_type=\"heading.default\">\n\t\t\t\t<div class=\"elementor-widget-container\">\n\t\t\t\t\t<h2 class=\"elementor-heading-title elementor-size-default\">\nDefensa Penal en materia de Inmigraci\u00f3n<\/h2>\t\t\t\t<\/div>\n\t\t\t\t<\/div>\n\t\t\t\t<div class=\"elementor-element elementor-element-af97383 elementor-widget elementor-widget-text-editor\" data-id=\"af97383\" data-element_type=\"widget\" data-e-type=\"widget\" data-widget_type=\"text-editor.default\">\n\t\t\t\t<div class=\"elementor-widget-container\">\n\t\t\t\t\t\t\t\t\t<p>\u00bfSe enfrenta usted o un ser querido a la deportaci\u00f3n u otros problemas legales que podr\u00edan amenazar su estatus migratorio? Nuestros abogados de inmigraci\u00f3n pueden proporcionar asesoramiento y luchar por sus derechos en casos de fianza o detenci\u00f3n penal, as\u00ed como construir una defensa contra la deportaci\u00f3n para que sus problemas legales no amenacen su estatus migratorio.<\/p>\t\t\t\t\t\t\t\t<\/div>\n\t\t\t\t<\/div>\n\t\t\t\t<div class=\"vamtam-has-theme-widget-styles elementor-element elementor-element-bea4634 vamtam-has-underline-anim elementor-widget elementor-widget-button\" data-id=\"bea4634\" data-element_type=\"widget\" data-e-type=\"widget\" data-widget_type=\"button.default\">\n\t\t\t\t<div class=\"elementor-widget-container\">\n\t\t\t\t\t\t\t\t\t<div class=\"elementor-button-wrapper\">\n\t\t\t\t\t<a class=\"elementor-button elementor-button-link elementor-size-sm\" href=\"https:\/\/barringerlawfirm.com\/es\/contacto\/\">\n\t\t\t\t\t\t<span class=\"elementor-button-content-wrapper\">\n\t\t\t\t\t\t<span class=\"elementor-button-icon\">\n\t\t\t\t<i aria-hidden=\"true\" class=\"vamtamtheme- vamtam-theme-icon-arrow-right-top\"><\/i>\t\t\t<\/span>\n\t\t\t\t\t\t\t\t\t<span class=\"elementor-button-text\">Obtenga ayuda con la defensa penal<\/span>\n\t\t\t\t\t<\/span>\n\t\t\t\t\t<\/a>\n\t\t\t\t<\/div>\n\t\t\t\t\t\t\t\t<\/div>\n\t\t\t\t<\/div>\n\t\t\t\t\t<\/div>\n\t\t<\/div>\n\t\t\t\t\t<\/div>\n\t\t<\/section>\n\t\t\t\t<\/div>\n\t\t","protected":false},"excerpt":{"rendered":"<p>$67.000.000<\/p>\n","protected":false},"author":2,"featured_media":988667,"parent":0,"menu_order":0,"comment_status":"closed","ping_status":"closed","template":"","meta":{"inline_featured_image":false,"footnotes":""},"class_list":["post-988670","page","type-page","status-publish","has-post-thumbnail","hentry"],"yoast_head":"<!-- This site is optimized with the Yoast SEO plugin v27.4 - https:\/\/yoast.com\/product\/yoast-seo-wordpress\/ -->\n<title>Inmigraci\u00f3n -<\/title>\n<meta name=\"robots\" content=\"index, follow, max-snippet:-1, max-image-preview:large, max-video-preview:-1\" \/>\n<link rel=\"canonical\" href=\"https:\/\/barringerlawfirm.com\/es\/inmigracion\/\" \/>\n<meta property=\"og:locale\" content=\"es_ES\" \/>\n<meta property=\"og:type\" content=\"article\" \/>\n<meta property=\"og:title\" content=\"Inmigraci\u00f3n -\" \/>\n<meta property=\"og:description\" content=\"$67.000.000\" \/>\n<meta property=\"og:url\" content=\"https:\/\/barringerlawfirm.com\/es\/inmigracion\/\" \/>\n<meta property=\"article:modified_time\" content=\"2026-01-15T21:32:38+00:00\" \/>\n<meta name=\"twitter:card\" content=\"summary_large_image\" \/>\n<meta name=\"twitter:label1\" content=\"Tiempo de lectura\" \/>\n\t<meta name=\"twitter:data1\" content=\"3 minutos\" \/>\n<script type=\"application\/ld+json\" class=\"yoast-schema-graph\">{\"@context\":\"https:\\\/\\\/schema.org\",\"@graph\":[{\"@type\":\"WebPage\",\"@id\":\"https:\\\/\\\/barringerlawfirm.com\\\/es\\\/inmigracion\\\/\",\"url\":\"https:\\\/\\\/barringerlawfirm.com\\\/es\\\/inmigracion\\\/\",\"name\":\"Inmigraci\u00f3n -\",\"isPartOf\":{\"@id\":\"https:\\\/\\\/barringerlawfirm.com\\\/es\\\/#website\"},\"primaryImageOfPage\":{\"@id\":\"https:\\\/\\\/barringerlawfirm.com\\\/es\\\/inmigracion\\\/#primaryimage\"},\"image\":{\"@id\":\"https:\\\/\\\/barringerlawfirm.com\\\/es\\\/inmigracion\\\/#primaryimage\"},\"thumbnailUrl\":\"https:\\\/\\\/barringerlawfirm.com\\\/wp-content\\\/uploads\\\/2022\\\/10\\\/injury-personal.svg\",\"datePublished\":\"2025-12-15T21:27:54+00:00\",\"dateModified\":\"2026-01-15T21:32:38+00:00\",\"breadcrumb\":{\"@id\":\"https:\\\/\\\/barringerlawfirm.com\\\/es\\\/inmigracion\\\/#breadcrumb\"},\"inLanguage\":\"es\",\"potentialAction\":[{\"@type\":\"ReadAction\",\"target\":[\"https:\\\/\\\/barringerlawfirm.com\\\/es\\\/inmigracion\\\/\"]}]},{\"@type\":\"ImageObject\",\"inLanguage\":\"es\",\"@id\":\"https:\\\/\\\/barringerlawfirm.com\\\/es\\\/inmigracion\\\/#primaryimage\",\"url\":\"https:\\\/\\\/barringerlawfirm.com\\\/wp-content\\\/uploads\\\/2022\\\/10\\\/injury-personal.svg\",\"contentUrl\":\"https:\\\/\\\/barringerlawfirm.com\\\/wp-content\\\/uploads\\\/2022\\\/10\\\/injury-personal.svg\",\"width\":90,\"height\":80},{\"@type\":\"BreadcrumbList\",\"@id\":\"https:\\\/\\\/barringerlawfirm.com\\\/es\\\/inmigracion\\\/#breadcrumb\",\"itemListElement\":[{\"@type\":\"ListItem\",\"position\":1,\"name\":\"Home\",\"item\":\"https:\\\/\\\/barringerlawfirm.com\\\/es\\\/bufete-de-abogados\\\/\"},{\"@type\":\"ListItem\",\"position\":2,\"name\":\"Inmigraci\u00f3n\"}]},{\"@type\":\"WebSite\",\"@id\":\"https:\\\/\\\/barringerlawfirm.com\\\/es\\\/#website\",\"url\":\"https:\\\/\\\/barringerlawfirm.com\\\/es\\\/\",\"name\":\"\",\"description\":\"We apply law to facts\",\"potentialAction\":[{\"@type\":\"SearchAction\",\"target\":{\"@type\":\"EntryPoint\",\"urlTemplate\":\"https:\\\/\\\/barringerlawfirm.com\\\/es\\\/?s={search_term_string}\"},\"query-input\":{\"@type\":\"PropertyValueSpecification\",\"valueRequired\":true,\"valueName\":\"search_term_string\"}}],\"inLanguage\":\"es\"}]}<\/script>\n<!-- \/ Yoast SEO plugin. -->","yoast_head_json":{"title":"Inmigraci\u00f3n -","robots":{"index":"index","follow":"follow","max-snippet":"max-snippet:-1","max-image-preview":"max-image-preview:large","max-video-preview":"max-video-preview:-1"},"canonical":"https:\/\/barringerlawfirm.com\/es\/inmigracion\/","og_locale":"es_ES","og_type":"article","og_title":"Inmigraci\u00f3n -","og_description":"$67.000.000","og_url":"https:\/\/barringerlawfirm.com\/es\/inmigracion\/","article_modified_time":"2026-01-15T21:32:38+00:00","twitter_card":"summary_large_image","twitter_misc":{"Tiempo de lectura":"3 minutos"},"schema":{"@context":"https:\/\/schema.org","@graph":[{"@type":"WebPage","@id":"https:\/\/barringerlawfirm.com\/es\/inmigracion\/","url":"https:\/\/barringerlawfirm.com\/es\/inmigracion\/","name":"Inmigraci\u00f3n -","isPartOf":{"@id":"https:\/\/barringerlawfirm.com\/es\/#website"},"primaryImageOfPage":{"@id":"https:\/\/barringerlawfirm.com\/es\/inmigracion\/#primaryimage"},"image":{"@id":"https:\/\/barringerlawfirm.com\/es\/inmigracion\/#primaryimage"},"thumbnailUrl":"https:\/\/barringerlawfirm.com\/wp-content\/uploads\/2022\/10\/injury-personal.svg","datePublished":"2025-12-15T21:27:54+00:00","dateModified":"2026-01-15T21:32:38+00:00","breadcrumb":{"@id":"https:\/\/barringerlawfirm.com\/es\/inmigracion\/#breadcrumb"},"inLanguage":"es","potentialAction":[{"@type":"ReadAction","target":["https:\/\/barringerlawfirm.com\/es\/inmigracion\/"]}]},{"@type":"ImageObject","inLanguage":"es","@id":"https:\/\/barringerlawfirm.com\/es\/inmigracion\/#primaryimage","url":"https:\/\/barringerlawfirm.com\/wp-content\/uploads\/2022\/10\/injury-personal.svg","contentUrl":"https:\/\/barringerlawfirm.com\/wp-content\/uploads\/2022\/10\/injury-personal.svg","width":90,"height":80},{"@type":"BreadcrumbList","@id":"https:\/\/barringerlawfirm.com\/es\/inmigracion\/#breadcrumb","itemListElement":[{"@type":"ListItem","position":1,"name":"Home","item":"https:\/\/barringerlawfirm.com\/es\/bufete-de-abogados\/"},{"@type":"ListItem","position":2,"name":"Inmigraci\u00f3n"}]},{"@type":"WebSite","@id":"https:\/\/barringerlawfirm.com\/es\/#website","url":"https:\/\/barringerlawfirm.com\/es\/","name":"","description":"We apply law to facts","potentialAction":[{"@type":"SearchAction","target":{"@type":"EntryPoint","urlTemplate":"https:\/\/barringerlawfirm.com\/es\/?s={search_term_string}"},"query-input":{"@type":"PropertyValueSpecification","valueRequired":true,"valueName":"search_term_string"}}],"inLanguage":"es"}]}},"_links":{"self":[{"href":"https:\/\/barringerlawfirm.com\/es\/wp-json\/wp\/v2\/pages\/988670","targetHints":{"allow":["GET"]}}],"collection":[{"href":"https:\/\/barringerlawfirm.com\/es\/wp-json\/wp\/v2\/pages"}],"about":[{"href":"https:\/\/barringerlawfirm.com\/es\/wp-json\/wp\/v2\/types\/page"}],"author":[{"embeddable":true,"href":"https:\/\/barringerlawfirm.com\/es\/wp-json\/wp\/v2\/users\/2"}],"replies":[{"embeddable":true,"href":"https:\/\/barringerlawfirm.com\/es\/wp-json\/wp\/v2\/comments?post=988670"}],"version-history":[{"count":5,"href":"https:\/\/barringerlawfirm.com\/es\/wp-json\/wp\/v2\/pages\/988670\/revisions"}],"predecessor-version":[{"id":988803,"href":"https:\/\/barringerlawfirm.com\/es\/wp-json\/wp\/v2\/pages\/988670\/revisions\/988803"}],"wp:featuredmedia":[{"embeddable":true,"href":"https:\/\/barringerlawfirm.com\/es\/wp-json\/wp\/v2\/media\/988667"}],"wp:attachment":[{"href":"https:\/\/barringerlawfirm.com\/es\/wp-json\/wp\/v2\/media?parent=988670"}],"curies":[{"name":"wp","href":"https:\/\/api.w.org\/{rel}","templated":true}]}}