{"id":988697,"date":"2022-09-26T20:28:58","date_gmt":"2022-09-26T20:28:58","guid":{"rendered":"https:\/\/barringerlawfirm.com\/defensa-penal\/violencia-domestica\/"},"modified":"2026-01-15T18:04:29","modified_gmt":"2026-01-15T18:04:29","slug":"violencia-domestica","status":"publish","type":"page","link":"https:\/\/barringerlawfirm.com\/es\/defensa-penal\/violencia-domestica\/","title":{"rendered":"Violencia Dom\u00e9stica"},"content":{"rendered":"\t\t<div data-elementor-type=\"wp-page\" data-elementor-id=\"988697\" class=\"elementor elementor-988697 elementor-511\" data-elementor-post-type=\"page\">\n\t\t\t\t\t\t<section class=\"elementor-section elementor-top-section elementor-element elementor-element-37858afc elementor-section-full_width elementor-section-height-default elementor-section-height-default\" data-id=\"37858afc\" data-element_type=\"section\" data-e-type=\"section\">\n\t\t\t\t\t\t<div class=\"elementor-container elementor-column-gap-no\">\n\t\t\t\t\t<div class=\"elementor-column elementor-col-100 elementor-top-column elementor-element elementor-element-60bb79bd\" data-id=\"60bb79bd\" data-element_type=\"column\" data-e-type=\"column\">\n\t\t\t<div class=\"elementor-widget-wrap elementor-element-populated\">\n\t\t\t\t\t\t<div class=\"elementor-element elementor-element-6c1e9789 elementor-widget elementor-widget-heading\" data-id=\"6c1e9789\" data-element_type=\"widget\" data-e-type=\"widget\" data-widget_type=\"heading.default\">\n\t\t\t\t<div class=\"elementor-widget-container\">\n\t\t\t\t\t<h2 class=\"elementor-heading-title elementor-size-default\">Abogados de Violencia Dom\u00e9stica en Denver<\/h2>\t\t\t\t<\/div>\n\t\t\t\t<\/div>\n\t\t\t\t<div class=\"elementor-element elementor-element-61992a9a elementor-widget elementor-widget-text-editor\" data-id=\"61992a9a\" data-element_type=\"widget\" data-e-type=\"widget\" data-widget_type=\"text-editor.default\">\n\t\t\t\t<div class=\"elementor-widget-container\">\n\t\t\t\t\t\t\t\t\t<p>En Barringer Law Firm, entendemos que las relaciones son complejas y que afrontar un cargo de violencia dom\u00e9stica en Denver puede ser un desaf\u00edo. Nuestros abogados de violencia dom\u00e9stica est\u00e1n aqu\u00ed para ayudarle a analizar sus opciones y lograr el mejor resultado posible en la corte.<\/p>\t\t\t\t\t\t\t\t<\/div>\n\t\t\t\t<\/div>\n\t\t\t\t<div class=\"elementor-element elementor-element-dc7773a elementor-widget elementor-widget-heading\" data-id=\"dc7773a\" data-element_type=\"widget\" data-e-type=\"widget\" data-widget_type=\"heading.default\">\n\t\t\t\t<div class=\"elementor-widget-container\">\n\t\t\t\t\t<h3 class=\"elementor-heading-title elementor-size-default\">\u00bfQu\u00e9 es la Violencia Dom\u00e9stica?<\/h3>\t\t\t\t<\/div>\n\t\t\t\t<\/div>\n\t\t\t\t<div class=\"elementor-element elementor-element-8823e8a elementor-widget elementor-widget-text-editor\" data-id=\"8823e8a\" data-element_type=\"widget\" data-e-type=\"widget\" data-widget_type=\"text-editor.default\">\n\t\t\t\t<div class=\"elementor-widget-container\">\n\t\t\t\t\t\t\t\t\t<p>La violencia dom\u00e9stica es una escalada de eventos que surge de un comportamiento controlador y transiciona hacia una amenaza procesable. Una agresi\u00f3n no tiene que ser f\u00edsica para ser considerada violencia dom\u00e9stica contra un c\u00f3nyuge actual o anterior, o una pareja sentimental. Un cargo de violencia dom\u00e9stica puede suponer una grave amenaza para su estilo de vida. Prot\u00e9jase a usted y a su familia con el asesoramiento legal experto del equipo de abogados de violencia dom\u00e9stica de Barringer Law Firm.<\/p>\t\t\t\t\t\t\t\t<\/div>\n\t\t\t\t<\/div>\n\t\t\t\t<div class=\"elementor-element elementor-element-4649ac8 elementor-widget elementor-widget-heading\" data-id=\"4649ac8\" data-element_type=\"widget\" data-e-type=\"widget\" data-widget_type=\"heading.default\">\n\t\t\t\t<div class=\"elementor-widget-container\">\n\t\t\t\t\t<h3 class=\"elementor-heading-title elementor-size-default\">Leyes y cargos de violencia dom\u00e9stica: \u00bfQu\u00e9 es un agravante de violencia dom\u00e9stica?<\/h3>\t\t\t\t<\/div>\n\t\t\t\t<\/div>\n\t\t\t\t<div class=\"elementor-element elementor-element-830c216 elementor-widget elementor-widget-text-editor\" data-id=\"830c216\" data-element_type=\"widget\" data-e-type=\"widget\" data-widget_type=\"text-editor.default\">\n\t\t\t\t<div class=\"elementor-widget-container\">\n\t\t\t\t\t\t\t\t\t<p>Un cargo de violencia dom\u00e9stica no es un cargo penal independiente en Colorado. Funciona como un agravante de la pena para delitos como agresi\u00f3n o acoso, incluida la <a href=\"https:\/\/web.archive.org\/web\/20250618092630\/https:\/\/barringerlawfirm.com\/criminal-defense\/sexual-assault\/\">agresi\u00f3n sexual<\/a>. El agravante de violencia dom\u00e9stica a\u00f1ade cargos adicionales a esos delitos porque se cometieron contra una pareja \u00edntima.<\/p>\t\t\t\t\t\t\t\t<\/div>\n\t\t\t\t<\/div>\n\t\t\t\t<section class=\"elementor-section elementor-inner-section elementor-element elementor-element-192645b1 elementor-section-boxed elementor-section-height-default elementor-section-height-default\" data-id=\"192645b1\" data-element_type=\"section\" data-e-type=\"section\">\n\t\t\t\t\t\t<div class=\"elementor-container elementor-column-gap-no\">\n\t\t\t\t\t<div class=\"elementor-column elementor-col-50 elementor-inner-column elementor-element elementor-element-3bb0375d\" data-id=\"3bb0375d\" data-element_type=\"column\" data-e-type=\"column\">\n\t\t\t<div class=\"elementor-widget-wrap elementor-element-populated\">\n\t\t\t\t\t\t<div class=\"elementor-element elementor-element-0dbc71a elementor-widget elementor-widget-heading\" data-id=\"0dbc71a\" data-element_type=\"widget\" data-e-type=\"widget\" data-widget_type=\"heading.default\">\n\t\t\t\t<div class=\"elementor-widget-container\">\n\t\t\t\t\t<h4 class=\"elementor-heading-title elementor-size-default\">Leyes de Violencia Dom\u00e9stica<\/h4>\t\t\t\t<\/div>\n\t\t\t\t<\/div>\n\t\t\t\t<div class=\"elementor-element elementor-element-76517f31 elementor-icon-list--layout-traditional elementor-list-item-link-full_width elementor-widget elementor-widget-icon-list\" data-id=\"76517f31\" data-element_type=\"widget\" data-e-type=\"widget\" data-widget_type=\"icon-list.default\">\n\t\t\t\t<div class=\"elementor-widget-container\">\n\t\t\t\t\t\t\t<ul class=\"elementor-icon-list-items\">\n\t\t\t\t\t\t\t<li class=\"elementor-icon-list-item\">\n\t\t\t\t\t\t\t\t\t\t<span class=\"elementor-icon-list-text\">Colorado es un estado de arresto obligatorio. La polic\u00eda debe arrestar a cualquier persona con causa probable de haber cometido violencia dom\u00e9stica.<\/span>\n\t\t\t\t\t\t\t\t\t<\/li>\n\t\t\t\t\t\t\t\t<li class=\"elementor-icon-list-item\">\n\t\t\t\t\t\t\t\t\t\t<span class=\"elementor-icon-list-text\">La violencia dom\u00e9stica puede incluir da\u00f1os a mascotas y propiedad.<\/span>\n\t\t\t\t\t\t\t\t\t<\/li>\n\t\t\t\t\t\t\t\t<li class=\"elementor-icon-list-item\">\n\t\t\t\t\t\t\t\t\t\t<span class=\"elementor-icon-list-text\">Se establece una orden de protecci\u00f3n obligatoria y el acusado debe evitar al acusador.<\/span>\n\t\t\t\t\t\t\t\t\t<\/li>\n\t\t\t\t\t\t\t\t<li class=\"elementor-icon-list-item\">\n\t\t\t\t\t\t\t\t\t\t<span class=\"elementor-icon-list-text\">Los acusados de violencia dom\u00e9stica no deben poseer armas de fuego mientras exista una orden de alejamiento contra ellos. Deben entregar sus armas a las fuerzas del orden, a un traficante de armas o a un particular.<\/span>\n\t\t\t\t\t\t\t\t\t<\/li>\n\t\t\t\t\t\t<\/ul>\n\t\t\t\t\t\t<\/div>\n\t\t\t\t<\/div>\n\t\t\t\t\t<\/div>\n\t\t<\/div>\n\t\t\t\t<div class=\"elementor-column elementor-col-50 elementor-inner-column elementor-element elementor-element-6012c210\" data-id=\"6012c210\" data-element_type=\"column\" data-e-type=\"column\">\n\t\t\t<div class=\"elementor-widget-wrap elementor-element-populated\">\n\t\t\t\t\t\t<div class=\"elementor-element elementor-element-bd74324 elementor-widget elementor-widget-heading\" data-id=\"bd74324\" data-element_type=\"widget\" data-e-type=\"widget\" data-widget_type=\"heading.default\">\n\t\t\t\t<div class=\"elementor-widget-container\">\n\t\t\t\t\t<h4 class=\"elementor-heading-title elementor-size-default\">Cargos de Violencia Dom\u00e9stica<\/h4>\t\t\t\t<\/div>\n\t\t\t\t<\/div>\n\t\t\t\t<div class=\"elementor-element elementor-element-64c2e740 elementor-icon-list--layout-traditional elementor-list-item-link-full_width elementor-widget elementor-widget-icon-list\" data-id=\"64c2e740\" data-element_type=\"widget\" data-e-type=\"widget\" data-widget_type=\"icon-list.default\">\n\t\t\t\t<div class=\"elementor-widget-container\">\n\t\t\t\t\t\t\t<ul class=\"elementor-icon-list-items\">\n\t\t\t\t\t\t\t<li class=\"elementor-icon-list-item\">\n\t\t\t\t\t\t\t\t\t\t<span class=\"elementor-icon-list-text\">Si una persona es condenada por violencia dom\u00e9stica, tiene que someterse a una evaluaci\u00f3n de violencia dom\u00e9stica y cumplir con cualquier tratamiento que recomiende la evaluaci\u00f3n.<\/span>\n\t\t\t\t\t\t\t\t\t<\/li>\n\t\t\t\t\t\t\t\t<li class=\"elementor-icon-list-item\">\n\t\t\t\t\t\t\t\t\t\t<span class=\"elementor-icon-list-text\">Un cargo de violencia dom\u00e9stica es motivo de deportaci\u00f3n.<\/span>\n\t\t\t\t\t\t\t\t\t<\/li>\n\t\t\t\t\t\t\t\t<li class=\"elementor-icon-list-item\">\n\t\t\t\t\t\t\t\t\t\t<span class=\"elementor-icon-list-text\">Las multas y la duraci\u00f3n de la condena depender\u00e1n del cargo subyacente.<\/span>\n\t\t\t\t\t\t\t\t\t<\/li>\n\t\t\t\t\t\t\t\t<li class=\"elementor-icon-list-item\">\n\t\t\t\t\t\t\t\t\t\t<span class=\"elementor-icon-list-text\">Colorado tiene un estatuto de criminal habitual que aumenta un cargo de delito menor de violencia dom\u00e9stica hasta un cargo de delito grave de Clase 5 si una persona tiene hasta tres condenas previas por violencia dom\u00e9stica. <\/span>\n\t\t\t\t\t\t\t\t\t<\/li>\n\t\t\t\t\t\t<\/ul>\n\t\t\t\t\t\t<\/div>\n\t\t\t\t<\/div>\n\t\t\t\t\t<\/div>\n\t\t<\/div>\n\t\t\t\t\t<\/div>\n\t\t<\/section>\n\t\t\t\t<div class=\"elementor-element elementor-element-f89e420 elementor-widget elementor-widget-heading\" data-id=\"f89e420\" data-element_type=\"widget\" data-e-type=\"widget\" data-widget_type=\"heading.default\">\n\t\t\t\t<div class=\"elementor-widget-container\">\n\t\t\t\t\t<h3 class=\"elementor-heading-title elementor-size-default\">C\u00f3mo pueden ayudar nuestros servicios de abogado de violencia dom\u00e9stica<\/h3>\t\t\t\t<\/div>\n\t\t\t\t<\/div>\n\t\t\t\t<div class=\"elementor-element elementor-element-dcfb2af elementor-widget elementor-widget-text-editor\" data-id=\"dcfb2af\" data-element_type=\"widget\" data-e-type=\"widget\" data-widget_type=\"text-editor.default\">\n\t\t\t\t<div class=\"elementor-widget-container\">\n\t\t\t\t\t\t\t\t\t<p>Si bien cada caso de violencia dom\u00e9stica depender\u00e1 de las circunstancias subyacentes, nuestro equipo de abogados de violencia dom\u00e9stica le ayudar\u00e1 a protegerse de los da\u00f1os causados por una acusaci\u00f3n excesiva o disputas dom\u00e9sticas menores. Entendemos las dificultades que pueden tener las relaciones y queremos ayudar a aliviar el estr\u00e9s de la situaci\u00f3n ayud\u00e1ndole a entender sus opciones y trabajando para obtener el mejor resultado posible para usted en la corte. \u00a1Hable hoy mismo con uno de nuestros abogados de defensa contra la violencia dom\u00e9stica en Denver!<\/p>\t\t\t\t\t\t\t\t<\/div>\n\t\t\t\t<\/div>\n\t\t\t\t\t<\/div>\n\t\t<\/div>\n\t\t\t\t\t<\/div>\n\t\t<\/section>\n\t\t\t\t<\/div>\n\t\t","protected":false},"excerpt":{"rendered":"<p>Abogados de Violencia Dom\u00e9stica en Denver En Barringer Law Firm, entendemos que las relaciones son complejas y que afrontar un cargo de violencia dom\u00e9stica en Denver puede ser un desaf\u00edo. Nuestros abogados de violencia dom\u00e9stica est\u00e1n aqu\u00ed para ayudarle a analizar sus opciones y lograr el mejor resultado posible en la corte. \u00bfQu\u00e9 es la&#8230;<\/p>\n","protected":false},"author":2,"featured_media":988696,"parent":988668,"menu_order":0,"comment_status":"closed","ping_status":"closed","template":"","meta":{"inline_featured_image":false,"footnotes":""},"class_list":["post-988697","page","type-page","status-publish","has-post-thumbnail","hentry"],"yoast_head":"<!-- This site is optimized with the Yoast SEO plugin v27.5 - https:\/\/yoast.com\/product\/yoast-seo-wordpress\/ -->\n<title>Violencia Dom\u00e9stica -<\/title>\n<meta name=\"robots\" content=\"index, follow, max-snippet:-1, max-image-preview:large, max-video-preview:-1\" \/>\n<link rel=\"canonical\" href=\"https:\/\/barringerlawfirm.com\/es\/defensa-penal\/violencia-domestica\/\" \/>\n<meta property=\"og:locale\" content=\"es_ES\" \/>\n<meta property=\"og:type\" content=\"article\" \/>\n<meta property=\"og:title\" content=\"Violencia Dom\u00e9stica -\" \/>\n<meta property=\"og:description\" content=\"Abogados de Violencia Dom\u00e9stica en Denver En Barringer Law Firm, entendemos que las relaciones son complejas y que afrontar un cargo de violencia dom\u00e9stica en Denver puede ser un desaf\u00edo. Nuestros abogados de violencia dom\u00e9stica est\u00e1n aqu\u00ed para ayudarle a analizar sus opciones y lograr el mejor resultado posible en la corte. \u00bfQu\u00e9 es la...\" \/>\n<meta property=\"og:url\" content=\"https:\/\/barringerlawfirm.com\/es\/defensa-penal\/violencia-domestica\/\" \/>\n<meta property=\"article:modified_time\" content=\"2026-01-15T18:04:29+00:00\" \/>\n<meta property=\"og:image\" content=\"https:\/\/barringerlawfirm.com\/wp-content\/uploads\/2023\/10\/GettyImages-1218808370.jpg\" \/>\n\t<meta property=\"og:image:width\" content=\"528\" \/>\n\t<meta property=\"og:image:height\" content=\"528\" \/>\n\t<meta property=\"og:image:type\" content=\"image\/jpeg\" \/>\n<meta name=\"twitter:card\" content=\"summary_large_image\" \/>\n<meta name=\"twitter:label1\" content=\"Tiempo de lectura\" \/>\n\t<meta name=\"twitter:data1\" content=\"3 minutos\" \/>\n<script type=\"application\/ld+json\" class=\"yoast-schema-graph\">{\"@context\":\"https:\\\/\\\/schema.org\",\"@graph\":[{\"@type\":\"WebPage\",\"@id\":\"https:\\\/\\\/barringerlawfirm.com\\\/es\\\/defensa-penal\\\/violencia-domestica\\\/\",\"url\":\"https:\\\/\\\/barringerlawfirm.com\\\/es\\\/defensa-penal\\\/violencia-domestica\\\/\",\"name\":\"Violencia Dom\u00e9stica -\",\"isPartOf\":{\"@id\":\"https:\\\/\\\/barringerlawfirm.com\\\/es\\\/#website\"},\"primaryImageOfPage\":{\"@id\":\"https:\\\/\\\/barringerlawfirm.com\\\/es\\\/defensa-penal\\\/violencia-domestica\\\/#primaryimage\"},\"image\":{\"@id\":\"https:\\\/\\\/barringerlawfirm.com\\\/es\\\/defensa-penal\\\/violencia-domestica\\\/#primaryimage\"},\"thumbnailUrl\":\"https:\\\/\\\/barringerlawfirm.com\\\/wp-content\\\/uploads\\\/2023\\\/10\\\/GettyImages-1218808370.jpg\",\"datePublished\":\"2022-09-26T20:28:58+00:00\",\"dateModified\":\"2026-01-15T18:04:29+00:00\",\"breadcrumb\":{\"@id\":\"https:\\\/\\\/barringerlawfirm.com\\\/es\\\/defensa-penal\\\/violencia-domestica\\\/#breadcrumb\"},\"inLanguage\":\"es\",\"potentialAction\":[{\"@type\":\"ReadAction\",\"target\":[\"https:\\\/\\\/barringerlawfirm.com\\\/es\\\/defensa-penal\\\/violencia-domestica\\\/\"]}]},{\"@type\":\"ImageObject\",\"inLanguage\":\"es\",\"@id\":\"https:\\\/\\\/barringerlawfirm.com\\\/es\\\/defensa-penal\\\/violencia-domestica\\\/#primaryimage\",\"url\":\"https:\\\/\\\/barringerlawfirm.com\\\/wp-content\\\/uploads\\\/2023\\\/10\\\/GettyImages-1218808370.jpg\",\"contentUrl\":\"https:\\\/\\\/barringerlawfirm.com\\\/wp-content\\\/uploads\\\/2023\\\/10\\\/GettyImages-1218808370.jpg\",\"width\":528,\"height\":528},{\"@type\":\"BreadcrumbList\",\"@id\":\"https:\\\/\\\/barringerlawfirm.com\\\/es\\\/defensa-penal\\\/violencia-domestica\\\/#breadcrumb\",\"itemListElement\":[{\"@type\":\"ListItem\",\"position\":1,\"name\":\"Home\",\"item\":\"https:\\\/\\\/barringerlawfirm.com\\\/es\\\/bufete-de-abogados\\\/\"},{\"@type\":\"ListItem\",\"position\":2,\"name\":\"Defensa penal\",\"item\":\"https:\\\/\\\/barringerlawfirm.com\\\/es\\\/defensa-penal\\\/\"},{\"@type\":\"ListItem\",\"position\":3,\"name\":\"Violencia Dom\u00e9stica\"}]},{\"@type\":\"WebSite\",\"@id\":\"https:\\\/\\\/barringerlawfirm.com\\\/es\\\/#website\",\"url\":\"https:\\\/\\\/barringerlawfirm.com\\\/es\\\/\",\"name\":\"\",\"description\":\"We apply law to facts\",\"potentialAction\":[{\"@type\":\"SearchAction\",\"target\":{\"@type\":\"EntryPoint\",\"urlTemplate\":\"https:\\\/\\\/barringerlawfirm.com\\\/es\\\/?s={search_term_string}\"},\"query-input\":{\"@type\":\"PropertyValueSpecification\",\"valueRequired\":true,\"valueName\":\"search_term_string\"}}],\"inLanguage\":\"es\"}]}<\/script>\n<!-- \/ Yoast SEO plugin. -->","yoast_head_json":{"title":"Violencia Dom\u00e9stica -","robots":{"index":"index","follow":"follow","max-snippet":"max-snippet:-1","max-image-preview":"max-image-preview:large","max-video-preview":"max-video-preview:-1"},"canonical":"https:\/\/barringerlawfirm.com\/es\/defensa-penal\/violencia-domestica\/","og_locale":"es_ES","og_type":"article","og_title":"Violencia Dom\u00e9stica -","og_description":"Abogados de Violencia Dom\u00e9stica en Denver En Barringer Law Firm, entendemos que las relaciones son complejas y que afrontar un cargo de violencia dom\u00e9stica en Denver puede ser un desaf\u00edo. Nuestros abogados de violencia dom\u00e9stica est\u00e1n aqu\u00ed para ayudarle a analizar sus opciones y lograr el mejor resultado posible en la corte. \u00bfQu\u00e9 es la...","og_url":"https:\/\/barringerlawfirm.com\/es\/defensa-penal\/violencia-domestica\/","article_modified_time":"2026-01-15T18:04:29+00:00","og_image":[{"width":528,"height":528,"url":"https:\/\/barringerlawfirm.com\/wp-content\/uploads\/2023\/10\/GettyImages-1218808370.jpg","type":"image\/jpeg"}],"twitter_card":"summary_large_image","twitter_misc":{"Tiempo de lectura":"3 minutos"},"schema":{"@context":"https:\/\/schema.org","@graph":[{"@type":"WebPage","@id":"https:\/\/barringerlawfirm.com\/es\/defensa-penal\/violencia-domestica\/","url":"https:\/\/barringerlawfirm.com\/es\/defensa-penal\/violencia-domestica\/","name":"Violencia Dom\u00e9stica -","isPartOf":{"@id":"https:\/\/barringerlawfirm.com\/es\/#website"},"primaryImageOfPage":{"@id":"https:\/\/barringerlawfirm.com\/es\/defensa-penal\/violencia-domestica\/#primaryimage"},"image":{"@id":"https:\/\/barringerlawfirm.com\/es\/defensa-penal\/violencia-domestica\/#primaryimage"},"thumbnailUrl":"https:\/\/barringerlawfirm.com\/wp-content\/uploads\/2023\/10\/GettyImages-1218808370.jpg","datePublished":"2022-09-26T20:28:58+00:00","dateModified":"2026-01-15T18:04:29+00:00","breadcrumb":{"@id":"https:\/\/barringerlawfirm.com\/es\/defensa-penal\/violencia-domestica\/#breadcrumb"},"inLanguage":"es","potentialAction":[{"@type":"ReadAction","target":["https:\/\/barringerlawfirm.com\/es\/defensa-penal\/violencia-domestica\/"]}]},{"@type":"ImageObject","inLanguage":"es","@id":"https:\/\/barringerlawfirm.com\/es\/defensa-penal\/violencia-domestica\/#primaryimage","url":"https:\/\/barringerlawfirm.com\/wp-content\/uploads\/2023\/10\/GettyImages-1218808370.jpg","contentUrl":"https:\/\/barringerlawfirm.com\/wp-content\/uploads\/2023\/10\/GettyImages-1218808370.jpg","width":528,"height":528},{"@type":"BreadcrumbList","@id":"https:\/\/barringerlawfirm.com\/es\/defensa-penal\/violencia-domestica\/#breadcrumb","itemListElement":[{"@type":"ListItem","position":1,"name":"Home","item":"https:\/\/barringerlawfirm.com\/es\/bufete-de-abogados\/"},{"@type":"ListItem","position":2,"name":"Defensa penal","item":"https:\/\/barringerlawfirm.com\/es\/defensa-penal\/"},{"@type":"ListItem","position":3,"name":"Violencia Dom\u00e9stica"}]},{"@type":"WebSite","@id":"https:\/\/barringerlawfirm.com\/es\/#website","url":"https:\/\/barringerlawfirm.com\/es\/","name":"","description":"We apply law to facts","potentialAction":[{"@type":"SearchAction","target":{"@type":"EntryPoint","urlTemplate":"https:\/\/barringerlawfirm.com\/es\/?s={search_term_string}"},"query-input":{"@type":"PropertyValueSpecification","valueRequired":true,"valueName":"search_term_string"}}],"inLanguage":"es"}]}},"_links":{"self":[{"href":"https:\/\/barringerlawfirm.com\/es\/wp-json\/wp\/v2\/pages\/988697","targetHints":{"allow":["GET"]}}],"collection":[{"href":"https:\/\/barringerlawfirm.com\/es\/wp-json\/wp\/v2\/pages"}],"about":[{"href":"https:\/\/barringerlawfirm.com\/es\/wp-json\/wp\/v2\/types\/page"}],"author":[{"embeddable":true,"href":"https:\/\/barringerlawfirm.com\/es\/wp-json\/wp\/v2\/users\/2"}],"replies":[{"embeddable":true,"href":"https:\/\/barringerlawfirm.com\/es\/wp-json\/wp\/v2\/comments?post=988697"}],"version-history":[{"count":3,"href":"https:\/\/barringerlawfirm.com\/es\/wp-json\/wp\/v2\/pages\/988697\/revisions"}],"predecessor-version":[{"id":988791,"href":"https:\/\/barringerlawfirm.com\/es\/wp-json\/wp\/v2\/pages\/988697\/revisions\/988791"}],"up":[{"embeddable":true,"href":"https:\/\/barringerlawfirm.com\/es\/wp-json\/wp\/v2\/pages\/988668"}],"wp:featuredmedia":[{"embeddable":true,"href":"https:\/\/barringerlawfirm.com\/es\/wp-json\/wp\/v2\/media\/988696"}],"wp:attachment":[{"href":"https:\/\/barringerlawfirm.com\/es\/wp-json\/wp\/v2\/media?parent=988697"}],"curies":[{"name":"wp","href":"https:\/\/api.w.org\/{rel}","templated":true}]}}