{"id":988703,"date":"2022-10-13T10:32:23","date_gmt":"2022-10-13T10:32:23","guid":{"rendered":"https:\/\/barringerlawfirm.com\/defensa-penal\/dui\/"},"modified":"2026-01-15T18:25:37","modified_gmt":"2026-01-15T18:25:37","slug":"dui","status":"publish","type":"page","link":"https:\/\/barringerlawfirm.com\/es\/defensa-penal\/dui\/","title":{"rendered":"DUI"},"content":{"rendered":"\t\t<div data-elementor-type=\"wp-page\" data-elementor-id=\"988703\" class=\"elementor elementor-988703 elementor-1652\" data-elementor-post-type=\"page\">\n\t\t\t\t\t\t<section class=\"elementor-section elementor-top-section elementor-element elementor-element-5ec3c625 elementor-section-full_width elementor-section-height-default elementor-section-height-default\" data-id=\"5ec3c625\" data-element_type=\"section\" data-e-type=\"section\">\n\t\t\t\t\t\t<div class=\"elementor-container elementor-column-gap-no\">\n\t\t\t\t\t<div class=\"elementor-column elementor-col-100 elementor-top-column elementor-element elementor-element-51c09fcf\" data-id=\"51c09fcf\" data-element_type=\"column\" data-e-type=\"column\">\n\t\t\t<div class=\"elementor-widget-wrap elementor-element-populated\">\n\t\t\t\t\t\t<div class=\"elementor-element elementor-element-536c11ae elementor-widget elementor-widget-heading\" data-id=\"536c11ae\" data-element_type=\"widget\" data-e-type=\"widget\" data-widget_type=\"heading.default\">\n\t\t\t\t<div class=\"elementor-widget-container\">\n\t\t\t\t\t<h2 class=\"elementor-heading-title elementor-size-default\">Abogados de Defensa de DUI<\/h2>\t\t\t\t<\/div>\n\t\t\t\t<\/div>\n\t\t\t\t<div class=\"elementor-element elementor-element-15d4a989 elementor-widget elementor-widget-text-editor\" data-id=\"15d4a989\" data-element_type=\"widget\" data-e-type=\"widget\" data-widget_type=\"text-editor.default\">\n\t\t\t\t<div class=\"elementor-widget-container\">\n\t\t\t\t\t\t\t\t\t<p>Si ha sido acusado de un DWAI o DUI, el proceso judicial penal es extenso y puede correr el riesgo de ir a la c\u00e1rcel. Sin embargo, con la ayuda de un abogado de defensa de DUI experto, puede sentirse seguro sabiendo que alguien est\u00e1 luchando para proteger sus derechos y obtener el mejor resultado posible.<\/p>\t\t\t\t\t\t\t\t<\/div>\n\t\t\t\t<\/div>\n\t\t\t\t<div class=\"elementor-element elementor-element-b523743 elementor-widget elementor-widget-heading\" data-id=\"b523743\" data-element_type=\"widget\" data-e-type=\"widget\" data-widget_type=\"heading.default\">\n\t\t\t\t<div class=\"elementor-widget-container\">\n\t\t\t\t\t<h3 class=\"elementor-heading-title elementor-size-default\">\u00bfCu\u00e1l es el L\u00edmite Legal para Conducir en Colorado?<\/h3>\t\t\t\t<\/div>\n\t\t\t\t<\/div>\n\t\t\t\t<div class=\"elementor-element elementor-element-4db5f64 elementor-widget elementor-widget-text-editor\" data-id=\"4db5f64\" data-element_type=\"widget\" data-e-type=\"widget\" data-widget_type=\"text-editor.default\">\n\t\t\t\t<div class=\"elementor-widget-container\">\n\t\t\t\t\t\t\t\t\t<p>Conducir bajo la influencia de drogas o alcohol puede ser perjudicial para usted, pero tambi\u00e9n puede poner en peligro la vida de los miembros de la comunidad. Es un delito grave en Colorado y los castigos son estrictos, por lo que debe buscar un abogado experto en defensa penal. Si es declarado culpable, puede enfrentarse a sanciones penales y administrativas, por lo que es importante comprender el l\u00edmite legal de Colorado.<\/p><ul><li>El l\u00edmite legal para conducir con la capacidad disminuida (DWAI) bajo la influencia es del 0,05%<\/li><li>El l\u00edmite legal para conducir bajo la influencia (DUI) es del 0,08%<\/li><li>Conducir fumando marihuana es ilegal<\/li><\/ul>\t\t\t\t\t\t\t\t<\/div>\n\t\t\t\t<\/div>\n\t\t\t\t<div class=\"elementor-element elementor-element-7f9f02d elementor-widget elementor-widget-heading\" data-id=\"7f9f02d\" data-element_type=\"widget\" data-e-type=\"widget\" data-widget_type=\"heading.default\">\n\t\t\t\t<div class=\"elementor-widget-container\">\n\t\t\t\t\t<h3 class=\"elementor-heading-title elementor-size-default\">Sentencia y Sanciones por DUI: \u00bfVa a la c\u00e1rcel por un DUI en Colorado?<\/h3>\t\t\t\t<\/div>\n\t\t\t\t<\/div>\n\t\t\t\t<div class=\"elementor-element elementor-element-007f2c3 elementor-widget elementor-widget-text-editor\" data-id=\"007f2c3\" data-element_type=\"widget\" data-e-type=\"widget\" data-widget_type=\"text-editor.default\">\n\t\t\t\t<div class=\"elementor-widget-container\">\n\t\t\t\t\t\t\t\t\t<p>Una vez acusado de un DUI, coinciden dos tipos separados de casos que resultan en sanciones penales y sanciones administrativas. El caso judicial penal puede resultar en sanciones penales que incluyen multas, tasas judiciales, tiempo en la c\u00e1rcel, servicio p\u00fablico y educaci\u00f3n y tratamiento obligatorios sobre el alcohol. El Departamento de Hacienda o DMV de Colorado imponen sanciones administrativas que pueden incluir la suspensi\u00f3n o revocaci\u00f3n de su licencia o la adici\u00f3n de puntos a su expediente.<\/p><p>El resultado general de las sanciones penales y administrativas en Colorado depende de su contenido de alcohol en la sangre (BAC) o de las pruebas de alcoholemia y de las circunstancias subyacentes relacionadas con su cargo de DUI. Las sanciones se vuelven m\u00e1s severas con las reincidencias. Aqu\u00ed hay algunos ejemplos de c\u00f3mo un juez puede dictaminar:<\/p><ul><li>Suspensi\u00f3n de la licencia por parte del DMV<\/li><li>Posible encarcelamiento<\/li><li>Per\u00edodo de libertad condicional obligatorio<\/li><li>Servicio comunitario<\/li><li>Grandes multas<\/li><li>Instalaci\u00f3n obligatoria de un dispositivo de bloqueo de encendido (IID)<\/li><\/ul>\t\t\t\t\t\t\t\t<\/div>\n\t\t\t\t<\/div>\n\t\t\t\t<div class=\"elementor-element elementor-element-01f5773 elementor-widget elementor-widget-heading\" data-id=\"01f5773\" data-element_type=\"widget\" data-e-type=\"widget\" data-widget_type=\"heading.default\">\n\t\t\t\t<div class=\"elementor-widget-container\">\n\t\t\t\t\t<h3 class=\"elementor-heading-title elementor-size-default\">Abogados de defensa de DUI de confianza<\/h3>\t\t\t\t<\/div>\n\t\t\t\t<\/div>\n\t\t\t\t<div class=\"elementor-element elementor-element-3b700c9 elementor-widget elementor-widget-text-editor\" data-id=\"3b700c9\" data-element_type=\"widget\" data-e-type=\"widget\" data-widget_type=\"text-editor.default\">\n\t\t\t\t<div class=\"elementor-widget-container\">\n\t\t\t\t\t\t\t\t\t<p>El proceso judicial penal puede ser desafiante y abrumador cuando se enfrenta a una condena por DUI o DWAI. Nuestro equipo de abogados de DUI puede ayudarle a navegar por el sistema judicial despu\u00e9s de un cargo de DUI y construir una defensa s\u00f3lida. En Barringer Law Firm, queremos ayudarle a trav\u00e9s del proceso y luchar para obtener los mejores resultados. Si usted o alguien que conoce ha sido acusado de un DUI, p\u00f3ngase en contacto con uno de nuestros abogados de DUI de confianza en Denver para obtener m\u00e1s informaci\u00f3n sobre c\u00f3mo podemos ayudarle.<\/p>\t\t\t\t\t\t\t\t<\/div>\n\t\t\t\t<\/div>\n\t\t\t\t<div class=\"vamtam-has-theme-widget-styles elementor-element elementor-element-b04807b elementor-align-left vamtam-has-underline-anim elementor-widget elementor-widget-button\" data-id=\"b04807b\" data-element_type=\"widget\" data-e-type=\"widget\" data-widget_type=\"button.default\">\n\t\t\t\t<div class=\"elementor-widget-container\">\n\t\t\t\t\t\t\t\t\t<div class=\"elementor-button-wrapper\">\n\t\t\t\t\t<a class=\"elementor-button elementor-button-link elementor-size-sm\" href=\"https:\/\/barringerlawfirm.com\/es\/contacto\/\">\n\t\t\t\t\t\t<span class=\"elementor-button-content-wrapper\">\n\t\t\t\t\t\t<span class=\"elementor-button-icon\">\n\t\t\t\t<i aria-hidden=\"true\" class=\"vamtamtheme- vamtam-theme-icon-arrow-right-top\"><\/i>\t\t\t<\/span>\n\t\t\t\t\t\t\t\t\t<span class=\"elementor-button-text\">Obtenga ayuda para construir su defensa de DUI<\/span>\n\t\t\t\t\t<\/span>\n\t\t\t\t\t<\/a>\n\t\t\t\t<\/div>\n\t\t\t\t\t\t\t\t<\/div>\n\t\t\t\t<\/div>\n\t\t\t\t\t<\/div>\n\t\t<\/div>\n\t\t\t\t\t<\/div>\n\t\t<\/section>\n\t\t\t\t<\/div>\n\t\t","protected":false},"excerpt":{"rendered":"<p>$67.000.000<\/p>\n","protected":false},"author":2,"featured_media":988702,"parent":988668,"menu_order":0,"comment_status":"closed","ping_status":"closed","template":"","meta":{"inline_featured_image":false,"footnotes":""},"class_list":["post-988703","page","type-page","status-publish","has-post-thumbnail","hentry"],"yoast_head":"<!-- This site is optimized with the Yoast SEO plugin v27.4 - https:\/\/yoast.com\/product\/yoast-seo-wordpress\/ -->\n<title>DUI -<\/title>\n<meta name=\"robots\" content=\"index, follow, max-snippet:-1, max-image-preview:large, max-video-preview:-1\" \/>\n<link rel=\"canonical\" href=\"https:\/\/barringerlawfirm.com\/es\/defensa-penal\/dui\/\" \/>\n<meta property=\"og:locale\" content=\"es_ES\" \/>\n<meta property=\"og:type\" content=\"article\" \/>\n<meta property=\"og:title\" content=\"DUI -\" \/>\n<meta property=\"og:description\" content=\"$67.000.000\" \/>\n<meta property=\"og:url\" content=\"https:\/\/barringerlawfirm.com\/es\/defensa-penal\/dui\/\" \/>\n<meta property=\"article:modified_time\" content=\"2026-01-15T18:25:37+00:00\" \/>\n<meta name=\"twitter:card\" content=\"summary_large_image\" \/>\n<meta name=\"twitter:label1\" content=\"Tiempo de lectura\" \/>\n\t<meta name=\"twitter:data1\" content=\"2 minutos\" \/>\n<script type=\"application\/ld+json\" class=\"yoast-schema-graph\">{\"@context\":\"https:\\\/\\\/schema.org\",\"@graph\":[{\"@type\":\"WebPage\",\"@id\":\"https:\\\/\\\/barringerlawfirm.com\\\/es\\\/defensa-penal\\\/dui\\\/\",\"url\":\"https:\\\/\\\/barringerlawfirm.com\\\/es\\\/defensa-penal\\\/dui\\\/\",\"name\":\"DUI -\",\"isPartOf\":{\"@id\":\"https:\\\/\\\/barringerlawfirm.com\\\/es\\\/#website\"},\"primaryImageOfPage\":{\"@id\":\"https:\\\/\\\/barringerlawfirm.com\\\/es\\\/defensa-penal\\\/dui\\\/#primaryimage\"},\"image\":{\"@id\":\"https:\\\/\\\/barringerlawfirm.com\\\/es\\\/defensa-penal\\\/dui\\\/#primaryimage\"},\"thumbnailUrl\":\"https:\\\/\\\/barringerlawfirm.com\\\/wp-content\\\/uploads\\\/2022\\\/10\\\/injury-bike.svg\",\"datePublished\":\"2022-10-13T10:32:23+00:00\",\"dateModified\":\"2026-01-15T18:25:37+00:00\",\"breadcrumb\":{\"@id\":\"https:\\\/\\\/barringerlawfirm.com\\\/es\\\/defensa-penal\\\/dui\\\/#breadcrumb\"},\"inLanguage\":\"es\",\"potentialAction\":[{\"@type\":\"ReadAction\",\"target\":[\"https:\\\/\\\/barringerlawfirm.com\\\/es\\\/defensa-penal\\\/dui\\\/\"]}]},{\"@type\":\"ImageObject\",\"inLanguage\":\"es\",\"@id\":\"https:\\\/\\\/barringerlawfirm.com\\\/es\\\/defensa-penal\\\/dui\\\/#primaryimage\",\"url\":\"https:\\\/\\\/barringerlawfirm.com\\\/wp-content\\\/uploads\\\/2022\\\/10\\\/injury-bike.svg\",\"contentUrl\":\"https:\\\/\\\/barringerlawfirm.com\\\/wp-content\\\/uploads\\\/2022\\\/10\\\/injury-bike.svg\",\"width\":90,\"height\":80},{\"@type\":\"BreadcrumbList\",\"@id\":\"https:\\\/\\\/barringerlawfirm.com\\\/es\\\/defensa-penal\\\/dui\\\/#breadcrumb\",\"itemListElement\":[{\"@type\":\"ListItem\",\"position\":1,\"name\":\"Home\",\"item\":\"https:\\\/\\\/barringerlawfirm.com\\\/es\\\/bufete-de-abogados\\\/\"},{\"@type\":\"ListItem\",\"position\":2,\"name\":\"Defensa penal\",\"item\":\"https:\\\/\\\/barringerlawfirm.com\\\/es\\\/defensa-penal\\\/\"},{\"@type\":\"ListItem\",\"position\":3,\"name\":\"DUI\"}]},{\"@type\":\"WebSite\",\"@id\":\"https:\\\/\\\/barringerlawfirm.com\\\/es\\\/#website\",\"url\":\"https:\\\/\\\/barringerlawfirm.com\\\/es\\\/\",\"name\":\"\",\"description\":\"We apply law to facts\",\"potentialAction\":[{\"@type\":\"SearchAction\",\"target\":{\"@type\":\"EntryPoint\",\"urlTemplate\":\"https:\\\/\\\/barringerlawfirm.com\\\/es\\\/?s={search_term_string}\"},\"query-input\":{\"@type\":\"PropertyValueSpecification\",\"valueRequired\":true,\"valueName\":\"search_term_string\"}}],\"inLanguage\":\"es\"}]}<\/script>\n<!-- \/ Yoast SEO plugin. -->","yoast_head_json":{"title":"DUI -","robots":{"index":"index","follow":"follow","max-snippet":"max-snippet:-1","max-image-preview":"max-image-preview:large","max-video-preview":"max-video-preview:-1"},"canonical":"https:\/\/barringerlawfirm.com\/es\/defensa-penal\/dui\/","og_locale":"es_ES","og_type":"article","og_title":"DUI -","og_description":"$67.000.000","og_url":"https:\/\/barringerlawfirm.com\/es\/defensa-penal\/dui\/","article_modified_time":"2026-01-15T18:25:37+00:00","twitter_card":"summary_large_image","twitter_misc":{"Tiempo de lectura":"2 minutos"},"schema":{"@context":"https:\/\/schema.org","@graph":[{"@type":"WebPage","@id":"https:\/\/barringerlawfirm.com\/es\/defensa-penal\/dui\/","url":"https:\/\/barringerlawfirm.com\/es\/defensa-penal\/dui\/","name":"DUI -","isPartOf":{"@id":"https:\/\/barringerlawfirm.com\/es\/#website"},"primaryImageOfPage":{"@id":"https:\/\/barringerlawfirm.com\/es\/defensa-penal\/dui\/#primaryimage"},"image":{"@id":"https:\/\/barringerlawfirm.com\/es\/defensa-penal\/dui\/#primaryimage"},"thumbnailUrl":"https:\/\/barringerlawfirm.com\/wp-content\/uploads\/2022\/10\/injury-bike.svg","datePublished":"2022-10-13T10:32:23+00:00","dateModified":"2026-01-15T18:25:37+00:00","breadcrumb":{"@id":"https:\/\/barringerlawfirm.com\/es\/defensa-penal\/dui\/#breadcrumb"},"inLanguage":"es","potentialAction":[{"@type":"ReadAction","target":["https:\/\/barringerlawfirm.com\/es\/defensa-penal\/dui\/"]}]},{"@type":"ImageObject","inLanguage":"es","@id":"https:\/\/barringerlawfirm.com\/es\/defensa-penal\/dui\/#primaryimage","url":"https:\/\/barringerlawfirm.com\/wp-content\/uploads\/2022\/10\/injury-bike.svg","contentUrl":"https:\/\/barringerlawfirm.com\/wp-content\/uploads\/2022\/10\/injury-bike.svg","width":90,"height":80},{"@type":"BreadcrumbList","@id":"https:\/\/barringerlawfirm.com\/es\/defensa-penal\/dui\/#breadcrumb","itemListElement":[{"@type":"ListItem","position":1,"name":"Home","item":"https:\/\/barringerlawfirm.com\/es\/bufete-de-abogados\/"},{"@type":"ListItem","position":2,"name":"Defensa penal","item":"https:\/\/barringerlawfirm.com\/es\/defensa-penal\/"},{"@type":"ListItem","position":3,"name":"DUI"}]},{"@type":"WebSite","@id":"https:\/\/barringerlawfirm.com\/es\/#website","url":"https:\/\/barringerlawfirm.com\/es\/","name":"","description":"We apply law to facts","potentialAction":[{"@type":"SearchAction","target":{"@type":"EntryPoint","urlTemplate":"https:\/\/barringerlawfirm.com\/es\/?s={search_term_string}"},"query-input":{"@type":"PropertyValueSpecification","valueRequired":true,"valueName":"search_term_string"}}],"inLanguage":"es"}]}},"_links":{"self":[{"href":"https:\/\/barringerlawfirm.com\/es\/wp-json\/wp\/v2\/pages\/988703","targetHints":{"allow":["GET"]}}],"collection":[{"href":"https:\/\/barringerlawfirm.com\/es\/wp-json\/wp\/v2\/pages"}],"about":[{"href":"https:\/\/barringerlawfirm.com\/es\/wp-json\/wp\/v2\/types\/page"}],"author":[{"embeddable":true,"href":"https:\/\/barringerlawfirm.com\/es\/wp-json\/wp\/v2\/users\/2"}],"replies":[{"embeddable":true,"href":"https:\/\/barringerlawfirm.com\/es\/wp-json\/wp\/v2\/comments?post=988703"}],"version-history":[{"count":3,"href":"https:\/\/barringerlawfirm.com\/es\/wp-json\/wp\/v2\/pages\/988703\/revisions"}],"predecessor-version":[{"id":988795,"href":"https:\/\/barringerlawfirm.com\/es\/wp-json\/wp\/v2\/pages\/988703\/revisions\/988795"}],"up":[{"embeddable":true,"href":"https:\/\/barringerlawfirm.com\/es\/wp-json\/wp\/v2\/pages\/988668"}],"wp:featuredmedia":[{"embeddable":true,"href":"https:\/\/barringerlawfirm.com\/es\/wp-json\/wp\/v2\/media\/988702"}],"wp:attachment":[{"href":"https:\/\/barringerlawfirm.com\/es\/wp-json\/wp\/v2\/media?parent=988703"}],"curies":[{"name":"wp","href":"https:\/\/api.w.org\/{rel}","templated":true}]}}