{"id":988706,"date":"2022-10-13T10:28:43","date_gmt":"2022-10-13T10:28:43","guid":{"rendered":"https:\/\/barringerlawfirm.com\/defensa-penal\/agresion-sexual\/"},"modified":"2026-01-15T18:28:14","modified_gmt":"2026-01-15T18:28:14","slug":"agresion-sexual","status":"publish","type":"page","link":"https:\/\/barringerlawfirm.com\/es\/defensa-penal\/agresion-sexual\/","title":{"rendered":"Agresi\u00f3n Sexual"},"content":{"rendered":"\t\t<div data-elementor-type=\"wp-page\" data-elementor-id=\"988706\" class=\"elementor elementor-988706 elementor-1637\" data-elementor-post-type=\"page\">\n\t\t\t\t\t\t<section class=\"elementor-section elementor-top-section elementor-element elementor-element-1eb5f77a elementor-section-full_width elementor-section-height-default elementor-section-height-default\" data-id=\"1eb5f77a\" data-element_type=\"section\" data-e-type=\"section\">\n\t\t\t\t\t\t<div class=\"elementor-container elementor-column-gap-no\">\n\t\t\t\t\t<div class=\"elementor-column elementor-col-100 elementor-top-column elementor-element elementor-element-80c248d\" data-id=\"80c248d\" data-element_type=\"column\" data-e-type=\"column\">\n\t\t\t<div class=\"elementor-widget-wrap elementor-element-populated\">\n\t\t\t\t\t\t<div class=\"elementor-element elementor-element-fcfd86e elementor-widget elementor-widget-heading\" data-id=\"fcfd86e\" data-element_type=\"widget\" data-e-type=\"widget\" data-widget_type=\"heading.default\">\n\t\t\t\t<div class=\"elementor-widget-container\">\n\t\t\t\t\t<h2 class=\"elementor-heading-title elementor-size-default\">Abogados de Defensa de Agresi\u00f3n Sexual<\/h2>\t\t\t\t<\/div>\n\t\t\t\t<\/div>\n\t\t\t\t<div class=\"elementor-element elementor-element-22dfc082 elementor-widget elementor-widget-text-editor\" data-id=\"22dfc082\" data-element_type=\"widget\" data-e-type=\"widget\" data-widget_type=\"text-editor.default\">\n\t\t\t\t<div class=\"elementor-widget-container\">\n\t\t\t\t\t\t\t\t\t<p>Una acusaci\u00f3n de agresi\u00f3n sexual puede tener consecuencias de gran alcance si se le declara culpable. Pocos cargos penales conllevan un estigma m\u00e1s grave y perjudicial que los delitos sexuales y, sin embargo, los delitos sexuales tambi\u00e9n se procesan a menudo con pruebas m\u00ednimas. En Barringer Law Firm, nuestros abogados defensores asumen casos de agresi\u00f3n sexual para construir una defensa penal s\u00f3lida y garantizar un juicio justo.  <\/p>\t\t\t\t\t\t\t\t<\/div>\n\t\t\t\t<\/div>\n\t\t\t\t<div class=\"elementor-element elementor-element-124346d elementor-widget elementor-widget-heading\" data-id=\"124346d\" data-element_type=\"widget\" data-e-type=\"widget\" data-widget_type=\"heading.default\">\n\t\t\t\t<div class=\"elementor-widget-container\">\n\t\t\t\t\t<h3 class=\"elementor-heading-title elementor-size-default\">\u00bfQu\u00e9 se Considera un Delito Sexual?<\/h3>\t\t\t\t<\/div>\n\t\t\t\t<\/div>\n\t\t\t\t<div class=\"elementor-element elementor-element-037e38c elementor-widget elementor-widget-text-editor\" data-id=\"037e38c\" data-element_type=\"widget\" data-e-type=\"widget\" data-widget_type=\"text-editor.default\">\n\t\t\t\t<div class=\"elementor-widget-container\">\n\t\t\t\t\t\t\t\t\t<p>La agresi\u00f3n sexual es un delito grave en Colorado. Si bien existe una diferencia categorizada entre agresi\u00f3n sexual y contacto sexual, todos los delitos sexuales tienen consecuencias graves. <\/p><p>El paraguas de la \u00abagresi\u00f3n sexual\u00bb cubre una variedad de delitos, que incluyen:<\/p><ul><li>Contacto sexual ilegal<\/li><li>Penetraci\u00f3n o intrusi\u00f3n (violaci\u00f3n)<\/li><li>Contacto sexual ilegal de un menor<\/li><li>Contacto sexual ilegal de un menor en una posici\u00f3n de confianza<\/li><li>Agresi\u00f3n sexual<\/li><li>Tocar o manosear los genitales<\/li><\/ul><p>En el estado de Colorado, los acusados \u200b\u200bcondenados por cualquiera de estos cargos pueden estar sujetos a una sentencia indeterminada que podr\u00eda ser tan severa como cadena perpetua. Un delito sexual grave tambi\u00e9n conlleva un registro obligatorio de delincuentes sexuales. <\/p>\t\t\t\t\t\t\t\t<\/div>\n\t\t\t\t<\/div>\n\t\t\t\t<div class=\"elementor-element elementor-element-00af994 elementor-widget elementor-widget-heading\" data-id=\"00af994\" data-element_type=\"widget\" data-e-type=\"widget\" data-widget_type=\"heading.default\">\n\t\t\t\t<div class=\"elementor-widget-container\">\n\t\t\t\t\t<h3 class=\"elementor-heading-title elementor-size-default\">Qu\u00e9 hacer si le acusan de agresi\u00f3n sexual<\/h3>\t\t\t\t<\/div>\n\t\t\t\t<\/div>\n\t\t\t\t<div class=\"elementor-element elementor-element-7b4c0b8 elementor-widget elementor-widget-text-editor\" data-id=\"7b4c0b8\" data-element_type=\"widget\" data-e-type=\"widget\" data-widget_type=\"text-editor.default\">\n\t\t\t\t<div class=\"elementor-widget-container\">\n\t\t\t\t\t\t\t\t\t<p>Si usted o alguien que conoce es acusado de un delito sexual o agresi\u00f3n sexual, la mejor manera de ayudarse a s\u00ed mismo es no hablar con nadie y contratar a un abogado. No haga ninguna declaraci\u00f3n a la polic\u00eda y tampoco hable con familiares o amigos sobre el caso. P\u00f3ngase en contacto con nuestros abogados de defensa contra agresi\u00f3n sexual de inmediato. Nuestros abogados se reunir\u00e1n con usted para discutir su versi\u00f3n de la historia y asegurarse de que tengamos todos los hechos y pruebas reunidos para brindarle la mejor defensa posible en los tribunales.   <\/p>\t\t\t\t\t\t\t\t<\/div>\n\t\t\t\t<\/div>\n\t\t\t\t<div class=\"vamtam-has-theme-widget-styles elementor-element elementor-element-6c397a0 elementor-align-left vamtam-has-underline-anim elementor-widget elementor-widget-button\" data-id=\"6c397a0\" data-element_type=\"widget\" data-e-type=\"widget\" data-widget_type=\"button.default\">\n\t\t\t\t<div class=\"elementor-widget-container\">\n\t\t\t\t\t\t\t\t\t<div class=\"elementor-button-wrapper\">\n\t\t\t\t\t<a class=\"elementor-button elementor-button-link elementor-size-sm\" href=\"https:\/\/barringerlawfirm.com\/es\/contacto\/\">\n\t\t\t\t\t\t<span class=\"elementor-button-content-wrapper\">\n\t\t\t\t\t\t<span class=\"elementor-button-icon\">\n\t\t\t\t<i aria-hidden=\"true\" class=\"vamtamtheme- vamtam-theme-icon-arrow-right-top\"><\/i>\t\t\t<\/span>\n\t\t\t\t\t\t\t\t\t<span class=\"elementor-button-text\">Hable con nuestros abogados de defensa contra agresi\u00f3n sexual<\/span>\n\t\t\t\t\t<\/span>\n\t\t\t\t\t<\/a>\n\t\t\t\t<\/div>\n\t\t\t\t\t\t\t\t<\/div>\n\t\t\t\t<\/div>\n\t\t\t\t\t<\/div>\n\t\t<\/div>\n\t\t\t\t\t<\/div>\n\t\t<\/section>\n\t\t\t\t<\/div>\n\t\t","protected":false},"excerpt":{"rendered":"<p>$80.000.000<\/p>\n","protected":false},"author":2,"featured_media":988705,"parent":988668,"menu_order":0,"comment_status":"closed","ping_status":"closed","template":"","meta":{"inline_featured_image":false,"footnotes":""},"class_list":["post-988706","page","type-page","status-publish","has-post-thumbnail","hentry"],"yoast_head":"<!-- This site is optimized with the Yoast SEO plugin v27.4 - https:\/\/yoast.com\/product\/yoast-seo-wordpress\/ -->\n<title>Agresi\u00f3n Sexual -<\/title>\n<meta name=\"robots\" content=\"index, follow, max-snippet:-1, max-image-preview:large, max-video-preview:-1\" \/>\n<link rel=\"canonical\" href=\"https:\/\/barringerlawfirm.com\/es\/defensa-penal\/agresion-sexual\/\" \/>\n<meta property=\"og:locale\" content=\"es_ES\" \/>\n<meta property=\"og:type\" content=\"article\" \/>\n<meta property=\"og:title\" content=\"Agresi\u00f3n Sexual -\" \/>\n<meta property=\"og:description\" content=\"$80.000.000\" \/>\n<meta property=\"og:url\" content=\"https:\/\/barringerlawfirm.com\/es\/defensa-penal\/agresion-sexual\/\" \/>\n<meta property=\"article:modified_time\" content=\"2026-01-15T18:28:14+00:00\" \/>\n<meta name=\"twitter:card\" content=\"summary_large_image\" \/>\n<meta name=\"twitter:label1\" content=\"Tiempo de lectura\" \/>\n\t<meta name=\"twitter:data1\" content=\"2 minutos\" \/>\n<script type=\"application\/ld+json\" class=\"yoast-schema-graph\">{\"@context\":\"https:\\\/\\\/schema.org\",\"@graph\":[{\"@type\":\"WebPage\",\"@id\":\"https:\\\/\\\/barringerlawfirm.com\\\/es\\\/defensa-penal\\\/agresion-sexual\\\/\",\"url\":\"https:\\\/\\\/barringerlawfirm.com\\\/es\\\/defensa-penal\\\/agresion-sexual\\\/\",\"name\":\"Agresi\u00f3n Sexual -\",\"isPartOf\":{\"@id\":\"https:\\\/\\\/barringerlawfirm.com\\\/es\\\/#website\"},\"primaryImageOfPage\":{\"@id\":\"https:\\\/\\\/barringerlawfirm.com\\\/es\\\/defensa-penal\\\/agresion-sexual\\\/#primaryimage\"},\"image\":{\"@id\":\"https:\\\/\\\/barringerlawfirm.com\\\/es\\\/defensa-penal\\\/agresion-sexual\\\/#primaryimage\"},\"thumbnailUrl\":\"https:\\\/\\\/barringerlawfirm.com\\\/wp-content\\\/uploads\\\/2022\\\/10\\\/injury-car.svg\",\"datePublished\":\"2022-10-13T10:28:43+00:00\",\"dateModified\":\"2026-01-15T18:28:14+00:00\",\"breadcrumb\":{\"@id\":\"https:\\\/\\\/barringerlawfirm.com\\\/es\\\/defensa-penal\\\/agresion-sexual\\\/#breadcrumb\"},\"inLanguage\":\"es\",\"potentialAction\":[{\"@type\":\"ReadAction\",\"target\":[\"https:\\\/\\\/barringerlawfirm.com\\\/es\\\/defensa-penal\\\/agresion-sexual\\\/\"]}]},{\"@type\":\"ImageObject\",\"inLanguage\":\"es\",\"@id\":\"https:\\\/\\\/barringerlawfirm.com\\\/es\\\/defensa-penal\\\/agresion-sexual\\\/#primaryimage\",\"url\":\"https:\\\/\\\/barringerlawfirm.com\\\/wp-content\\\/uploads\\\/2022\\\/10\\\/injury-car.svg\",\"contentUrl\":\"https:\\\/\\\/barringerlawfirm.com\\\/wp-content\\\/uploads\\\/2022\\\/10\\\/injury-car.svg\",\"width\":90,\"height\":80},{\"@type\":\"BreadcrumbList\",\"@id\":\"https:\\\/\\\/barringerlawfirm.com\\\/es\\\/defensa-penal\\\/agresion-sexual\\\/#breadcrumb\",\"itemListElement\":[{\"@type\":\"ListItem\",\"position\":1,\"name\":\"Home\",\"item\":\"https:\\\/\\\/barringerlawfirm.com\\\/es\\\/bufete-de-abogados\\\/\"},{\"@type\":\"ListItem\",\"position\":2,\"name\":\"Defensa penal\",\"item\":\"https:\\\/\\\/barringerlawfirm.com\\\/es\\\/defensa-penal\\\/\"},{\"@type\":\"ListItem\",\"position\":3,\"name\":\"Agresi\u00f3n Sexual\"}]},{\"@type\":\"WebSite\",\"@id\":\"https:\\\/\\\/barringerlawfirm.com\\\/es\\\/#website\",\"url\":\"https:\\\/\\\/barringerlawfirm.com\\\/es\\\/\",\"name\":\"\",\"description\":\"We apply law to facts\",\"potentialAction\":[{\"@type\":\"SearchAction\",\"target\":{\"@type\":\"EntryPoint\",\"urlTemplate\":\"https:\\\/\\\/barringerlawfirm.com\\\/es\\\/?s={search_term_string}\"},\"query-input\":{\"@type\":\"PropertyValueSpecification\",\"valueRequired\":true,\"valueName\":\"search_term_string\"}}],\"inLanguage\":\"es\"}]}<\/script>\n<!-- \/ Yoast SEO plugin. -->","yoast_head_json":{"title":"Agresi\u00f3n Sexual -","robots":{"index":"index","follow":"follow","max-snippet":"max-snippet:-1","max-image-preview":"max-image-preview:large","max-video-preview":"max-video-preview:-1"},"canonical":"https:\/\/barringerlawfirm.com\/es\/defensa-penal\/agresion-sexual\/","og_locale":"es_ES","og_type":"article","og_title":"Agresi\u00f3n Sexual -","og_description":"$80.000.000","og_url":"https:\/\/barringerlawfirm.com\/es\/defensa-penal\/agresion-sexual\/","article_modified_time":"2026-01-15T18:28:14+00:00","twitter_card":"summary_large_image","twitter_misc":{"Tiempo de lectura":"2 minutos"},"schema":{"@context":"https:\/\/schema.org","@graph":[{"@type":"WebPage","@id":"https:\/\/barringerlawfirm.com\/es\/defensa-penal\/agresion-sexual\/","url":"https:\/\/barringerlawfirm.com\/es\/defensa-penal\/agresion-sexual\/","name":"Agresi\u00f3n Sexual -","isPartOf":{"@id":"https:\/\/barringerlawfirm.com\/es\/#website"},"primaryImageOfPage":{"@id":"https:\/\/barringerlawfirm.com\/es\/defensa-penal\/agresion-sexual\/#primaryimage"},"image":{"@id":"https:\/\/barringerlawfirm.com\/es\/defensa-penal\/agresion-sexual\/#primaryimage"},"thumbnailUrl":"https:\/\/barringerlawfirm.com\/wp-content\/uploads\/2022\/10\/injury-car.svg","datePublished":"2022-10-13T10:28:43+00:00","dateModified":"2026-01-15T18:28:14+00:00","breadcrumb":{"@id":"https:\/\/barringerlawfirm.com\/es\/defensa-penal\/agresion-sexual\/#breadcrumb"},"inLanguage":"es","potentialAction":[{"@type":"ReadAction","target":["https:\/\/barringerlawfirm.com\/es\/defensa-penal\/agresion-sexual\/"]}]},{"@type":"ImageObject","inLanguage":"es","@id":"https:\/\/barringerlawfirm.com\/es\/defensa-penal\/agresion-sexual\/#primaryimage","url":"https:\/\/barringerlawfirm.com\/wp-content\/uploads\/2022\/10\/injury-car.svg","contentUrl":"https:\/\/barringerlawfirm.com\/wp-content\/uploads\/2022\/10\/injury-car.svg","width":90,"height":80},{"@type":"BreadcrumbList","@id":"https:\/\/barringerlawfirm.com\/es\/defensa-penal\/agresion-sexual\/#breadcrumb","itemListElement":[{"@type":"ListItem","position":1,"name":"Home","item":"https:\/\/barringerlawfirm.com\/es\/bufete-de-abogados\/"},{"@type":"ListItem","position":2,"name":"Defensa penal","item":"https:\/\/barringerlawfirm.com\/es\/defensa-penal\/"},{"@type":"ListItem","position":3,"name":"Agresi\u00f3n Sexual"}]},{"@type":"WebSite","@id":"https:\/\/barringerlawfirm.com\/es\/#website","url":"https:\/\/barringerlawfirm.com\/es\/","name":"","description":"We apply law to facts","potentialAction":[{"@type":"SearchAction","target":{"@type":"EntryPoint","urlTemplate":"https:\/\/barringerlawfirm.com\/es\/?s={search_term_string}"},"query-input":{"@type":"PropertyValueSpecification","valueRequired":true,"valueName":"search_term_string"}}],"inLanguage":"es"}]}},"_links":{"self":[{"href":"https:\/\/barringerlawfirm.com\/es\/wp-json\/wp\/v2\/pages\/988706","targetHints":{"allow":["GET"]}}],"collection":[{"href":"https:\/\/barringerlawfirm.com\/es\/wp-json\/wp\/v2\/pages"}],"about":[{"href":"https:\/\/barringerlawfirm.com\/es\/wp-json\/wp\/v2\/types\/page"}],"author":[{"embeddable":true,"href":"https:\/\/barringerlawfirm.com\/es\/wp-json\/wp\/v2\/users\/2"}],"replies":[{"embeddable":true,"href":"https:\/\/barringerlawfirm.com\/es\/wp-json\/wp\/v2\/comments?post=988706"}],"version-history":[{"count":3,"href":"https:\/\/barringerlawfirm.com\/es\/wp-json\/wp\/v2\/pages\/988706\/revisions"}],"predecessor-version":[{"id":988797,"href":"https:\/\/barringerlawfirm.com\/es\/wp-json\/wp\/v2\/pages\/988706\/revisions\/988797"}],"up":[{"embeddable":true,"href":"https:\/\/barringerlawfirm.com\/es\/wp-json\/wp\/v2\/pages\/988668"}],"wp:featuredmedia":[{"embeddable":true,"href":"https:\/\/barringerlawfirm.com\/es\/wp-json\/wp\/v2\/media\/988705"}],"wp:attachment":[{"href":"https:\/\/barringerlawfirm.com\/es\/wp-json\/wp\/v2\/media?parent=988706"}],"curies":[{"name":"wp","href":"https:\/\/api.w.org\/{rel}","templated":true}]}}