{"id":988710,"date":"2022-10-17T13:15:15","date_gmt":"2022-10-17T13:15:15","guid":{"rendered":"https:\/\/barringerlawfirm.com\/defensa-penal\/fianzas-bail-bond\/"},"modified":"2026-01-15T17:46:38","modified_gmt":"2026-01-15T17:46:38","slug":"fianzas-bail-bond","status":"publish","type":"page","link":"https:\/\/barringerlawfirm.com\/es\/defensa-penal\/fianzas-bail-bond\/","title":{"rendered":"Fianzas (bail bond)"},"content":{"rendered":"\t\t<div data-elementor-type=\"wp-page\" data-elementor-id=\"988710\" class=\"elementor elementor-988710 elementor-2185\" data-elementor-post-type=\"page\">\n\t\t\t\t\t\t<section class=\"elementor-section elementor-top-section elementor-element elementor-element-2772a2c6 elementor-section-full_width elementor-section-height-default elementor-section-height-default\" data-id=\"2772a2c6\" data-element_type=\"section\" data-e-type=\"section\">\n\t\t\t\t\t\t<div class=\"elementor-container elementor-column-gap-no\">\n\t\t\t\t\t<div class=\"elementor-column elementor-col-100 elementor-top-column elementor-element elementor-element-3e1da526\" data-id=\"3e1da526\" data-element_type=\"column\" data-e-type=\"column\">\n\t\t\t<div class=\"elementor-widget-wrap elementor-element-populated\">\n\t\t\t\t\t\t<div class=\"elementor-element elementor-element-25ed1dfd elementor-widget elementor-widget-heading\" data-id=\"25ed1dfd\" data-element_type=\"widget\" data-e-type=\"widget\" data-widget_type=\"heading.default\">\n\t\t\t\t<div class=\"elementor-widget-container\">\n\t\t\t\t\t<h2 class=\"elementor-heading-title elementor-size-default\">Abogados de fianzas en Denver<\/h2>\t\t\t\t<\/div>\n\t\t\t\t<\/div>\n\t\t\t\t<div class=\"elementor-element elementor-element-4e1ad7ac elementor-widget elementor-widget-text-editor\" data-id=\"4e1ad7ac\" data-element_type=\"widget\" data-e-type=\"widget\" data-widget_type=\"text-editor.default\">\n\t\t\t\t<div class=\"elementor-widget-container\">\n\t\t\t\t\t\t\t\t\t<p>Si un ser querido ha sido arrestado y detenido, se pueden usar fianza para lograr su liberaci\u00f3n mientras su caso est\u00e1 pendiente ante el tribunal. Las fianzas pueden ser esenciales para permitir que un acusado regrese al trabajo o a los asuntos de la vida diaria mientras lucha por su caso. Nuestros abogados de fianzas en Denver pueden ayudarle a adquirir fianzas m\u00e1s asequibles y lograr que el acusado sea liberado de la custodia.<\/p>\t\t\t\t\t\t\t\t<\/div>\n\t\t\t\t<\/div>\n\t\t\t\t<div class=\"elementor-element elementor-element-8029b02 elementor-widget elementor-widget-heading\" data-id=\"8029b02\" data-element_type=\"widget\" data-e-type=\"widget\" data-widget_type=\"heading.default\">\n\t\t\t\t<div class=\"elementor-widget-container\">\n\t\t\t\t\t<h3 class=\"elementor-heading-title elementor-size-default\">\u00bfPor qu\u00e9 es importante obtener una fianza?<\/h3>\t\t\t\t<\/div>\n\t\t\t\t<\/div>\n\t\t\t\t<div class=\"elementor-element elementor-element-c9f942d elementor-widget elementor-widget-text-editor\" data-id=\"c9f942d\" data-element_type=\"widget\" data-e-type=\"widget\" data-widget_type=\"text-editor.default\">\n\t\t\t\t<div class=\"elementor-widget-container\">\n\t\t\t\t\t\t\t\t\t<p>Adquirir una fianza es muy importante, ya que permite al acusado defender su caso fuera de la c\u00e1rcel y atender sus demandas cotidianas, como el trabajo, la escuela, el cuidado de los ni\u00f1os o el pago de facturas.<\/p><p>Una vez que se paga una fianza y el acusado es liberado, se vuelve mucho m\u00e1s f\u00e1cil para \u00e9l trabajar con un abogado para averiguar c\u00f3mo luchar contra su caso en la corte.<\/p><p>Es importante tener en cuenta que una fianza tambi\u00e9n sirve como garant\u00eda ante el tribunal de que el acusado, una vez liberado de la custodia, regresar\u00e1 para todas las audiencias judiciales necesarias y participar\u00e1 plenamente en el proceso legal asociado con su caso.<\/p><h4>\u00bfQui\u00e9n puede adquirir una fianza?<\/h4><p>Las fianzas pueden ser adquiridas por un tercero para el acusado, como un padre, c\u00f3nyuge o amigo. La persona bajo custodia no puede obtener una fianza (bail bond) por s\u00ed misma.<\/p>\t\t\t\t\t\t\t\t<\/div>\n\t\t\t\t<\/div>\n\t\t\t\t<div class=\"elementor-element elementor-element-c5759a0 elementor-widget elementor-widget-heading\" data-id=\"c5759a0\" data-element_type=\"widget\" data-e-type=\"widget\" data-widget_type=\"heading.default\">\n\t\t\t\t<div class=\"elementor-widget-container\">\n\t\t\t\t\t<h3 class=\"elementor-heading-title elementor-size-default\">El proceso de la fianza<\/h3>\t\t\t\t<\/div>\n\t\t\t\t<\/div>\n\t\t\t\t<div class=\"elementor-element elementor-element-7ce8da3 elementor-widget elementor-widget-text-editor\" data-id=\"7ce8da3\" data-element_type=\"widget\" data-e-type=\"widget\" data-widget_type=\"text-editor.default\">\n\t\t\t\t<div class=\"elementor-widget-container\">\n\t\t\t\t\t\t\t\t\t<p>El proceso de adquisici\u00f3n de una fianza se puede gestionar de diferentes maneras:<\/p><h4>Pague la fianza usted mismo<\/h4><p>Si tiene los medios para pagar una fianza en su totalidad, normalmente recuperar\u00e1 este dinero del tribunal en su totalidad dentro de las dos semanas posteriores al pago de la fianza. Puede haber tarifas administrativas judiciales asociadas con la fianza que no ser\u00e1n reembolsadas, pero la mayor parte del dinero le ser\u00e1 devuelto despu\u00e9s del pago total de la fianza.<\/p><h4>Pagar a un fiador (bail bondsman)<\/h4><p>Si no tiene los medios para pagar la fianza usted mismo, un fiador puede ayudar proporcionando esos fondos a cambio de una tarifa (generalmente del 10% al 15%). Esta tarifa de fianza no es reembolsable. Al utilizar un agente de fianzas, esencialmente est\u00e1 alquilando su dinero para que su ser querido sea liberado y no recuperar\u00e1 nada de ese dinero.<\/p><p>El agente de fianzas pagar\u00e1 al tribunal en su totalidad una vez que reciba el pago de su tarifa.<\/p><h4>P\u00f3ngase en contacto con un abogado de fianzas<\/h4><p>Las fianzas se fijan en diferentes cantidades seg\u00fan la situaci\u00f3n. Los abogados de fianzas pueden ayudarle con el proceso de fianza y a navegar esa conversaci\u00f3n. Nuestro equipo de abogados de fianzas argumentar\u00e1 ante los tribunales para obtener el monto m\u00e1s bajo posible, lo que har\u00e1 que sea m\u00e1s asequible para usted adquirir la fianza y liberar a su ser querido bajo fianza.<br><\/p><p>\u00bfNecesita ayuda para obtener una fianza para un ser querido? Hable con nuestros abogados hoy mismo, podemos ayudarle.<\/p>\t\t\t\t\t\t\t\t<\/div>\n\t\t\t\t<\/div>\n\t\t\t\t<div class=\"vamtam-has-theme-widget-styles elementor-element elementor-element-291f0a3 elementor-align-left vamtam-has-underline-anim elementor-widget elementor-widget-button\" data-id=\"291f0a3\" data-element_type=\"widget\" data-e-type=\"widget\" data-widget_type=\"button.default\">\n\t\t\t\t<div class=\"elementor-widget-container\">\n\t\t\t\t\t\t\t\t\t<div class=\"elementor-button-wrapper\">\n\t\t\t\t\t<a class=\"elementor-button elementor-button-link elementor-size-sm\" href=\"https:\/\/barringerlawfirm.com\/es\/contacto\/\">\n\t\t\t\t\t\t<span class=\"elementor-button-content-wrapper\">\n\t\t\t\t\t\t<span class=\"elementor-button-icon\">\n\t\t\t\t<i aria-hidden=\"true\" class=\"vamtamtheme- vamtam-theme-icon-arrow-right-top\"><\/i>\t\t\t<\/span>\n\t\t\t\t\t\t\t\t\t<span class=\"elementor-button-text\">Obtenga ayuda para adquirir una fianza<\/span>\n\t\t\t\t\t<\/span>\n\t\t\t\t\t<\/a>\n\t\t\t\t<\/div>\n\t\t\t\t\t\t\t\t<\/div>\n\t\t\t\t<\/div>\n\t\t\t\t\t<\/div>\n\t\t<\/div>\n\t\t\t\t\t<\/div>\n\t\t<\/section>\n\t\t\t\t<\/div>\n\t\t","protected":false},"excerpt":{"rendered":"<p>Cualquier da\u00f1o sufrido por un beb\u00e9 durante el proceso de parto.<\/p>\n","protected":false},"author":2,"featured_media":0,"parent":988668,"menu_order":0,"comment_status":"closed","ping_status":"closed","template":"","meta":{"inline_featured_image":false,"footnotes":""},"class_list":["post-988710","page","type-page","status-publish","hentry"],"yoast_head":"<!-- This site is optimized with the Yoast SEO plugin v27.4 - https:\/\/yoast.com\/product\/yoast-seo-wordpress\/ -->\n<title>Fianzas (bail bond) -<\/title>\n<meta name=\"robots\" content=\"index, follow, max-snippet:-1, max-image-preview:large, max-video-preview:-1\" \/>\n<link rel=\"canonical\" href=\"https:\/\/barringerlawfirm.com\/es\/defensa-penal\/fianzas-bail-bond\/\" \/>\n<meta property=\"og:locale\" content=\"es_ES\" \/>\n<meta property=\"og:type\" content=\"article\" \/>\n<meta property=\"og:title\" content=\"Fianzas (bail bond) -\" \/>\n<meta property=\"og:description\" content=\"Cualquier da\u00f1o sufrido por un beb\u00e9 durante el proceso de parto.\" \/>\n<meta property=\"og:url\" content=\"https:\/\/barringerlawfirm.com\/es\/defensa-penal\/fianzas-bail-bond\/\" \/>\n<meta property=\"article:modified_time\" content=\"2026-01-15T17:46:38+00:00\" \/>\n<meta name=\"twitter:card\" content=\"summary_large_image\" \/>\n<meta name=\"twitter:label1\" content=\"Tiempo de lectura\" \/>\n\t<meta name=\"twitter:data1\" content=\"3 minutos\" \/>\n<script type=\"application\/ld+json\" class=\"yoast-schema-graph\">{\"@context\":\"https:\\\/\\\/schema.org\",\"@graph\":[{\"@type\":\"WebPage\",\"@id\":\"https:\\\/\\\/barringerlawfirm.com\\\/es\\\/defensa-penal\\\/fianzas-bail-bond\\\/\",\"url\":\"https:\\\/\\\/barringerlawfirm.com\\\/es\\\/defensa-penal\\\/fianzas-bail-bond\\\/\",\"name\":\"Fianzas (bail bond) -\",\"isPartOf\":{\"@id\":\"https:\\\/\\\/barringerlawfirm.com\\\/es\\\/#website\"},\"datePublished\":\"2022-10-17T13:15:15+00:00\",\"dateModified\":\"2026-01-15T17:46:38+00:00\",\"breadcrumb\":{\"@id\":\"https:\\\/\\\/barringerlawfirm.com\\\/es\\\/defensa-penal\\\/fianzas-bail-bond\\\/#breadcrumb\"},\"inLanguage\":\"es\",\"potentialAction\":[{\"@type\":\"ReadAction\",\"target\":[\"https:\\\/\\\/barringerlawfirm.com\\\/es\\\/defensa-penal\\\/fianzas-bail-bond\\\/\"]}]},{\"@type\":\"BreadcrumbList\",\"@id\":\"https:\\\/\\\/barringerlawfirm.com\\\/es\\\/defensa-penal\\\/fianzas-bail-bond\\\/#breadcrumb\",\"itemListElement\":[{\"@type\":\"ListItem\",\"position\":1,\"name\":\"Home\",\"item\":\"https:\\\/\\\/barringerlawfirm.com\\\/es\\\/bufete-de-abogados\\\/\"},{\"@type\":\"ListItem\",\"position\":2,\"name\":\"Defensa penal\",\"item\":\"https:\\\/\\\/barringerlawfirm.com\\\/es\\\/defensa-penal\\\/\"},{\"@type\":\"ListItem\",\"position\":3,\"name\":\"Fianzas (bail bond)\"}]},{\"@type\":\"WebSite\",\"@id\":\"https:\\\/\\\/barringerlawfirm.com\\\/es\\\/#website\",\"url\":\"https:\\\/\\\/barringerlawfirm.com\\\/es\\\/\",\"name\":\"\",\"description\":\"We apply law to facts\",\"potentialAction\":[{\"@type\":\"SearchAction\",\"target\":{\"@type\":\"EntryPoint\",\"urlTemplate\":\"https:\\\/\\\/barringerlawfirm.com\\\/es\\\/?s={search_term_string}\"},\"query-input\":{\"@type\":\"PropertyValueSpecification\",\"valueRequired\":true,\"valueName\":\"search_term_string\"}}],\"inLanguage\":\"es\"}]}<\/script>\n<!-- \/ Yoast SEO plugin. -->","yoast_head_json":{"title":"Fianzas (bail bond) -","robots":{"index":"index","follow":"follow","max-snippet":"max-snippet:-1","max-image-preview":"max-image-preview:large","max-video-preview":"max-video-preview:-1"},"canonical":"https:\/\/barringerlawfirm.com\/es\/defensa-penal\/fianzas-bail-bond\/","og_locale":"es_ES","og_type":"article","og_title":"Fianzas (bail bond) -","og_description":"Cualquier da\u00f1o sufrido por un beb\u00e9 durante el proceso de parto.","og_url":"https:\/\/barringerlawfirm.com\/es\/defensa-penal\/fianzas-bail-bond\/","article_modified_time":"2026-01-15T17:46:38+00:00","twitter_card":"summary_large_image","twitter_misc":{"Tiempo de lectura":"3 minutos"},"schema":{"@context":"https:\/\/schema.org","@graph":[{"@type":"WebPage","@id":"https:\/\/barringerlawfirm.com\/es\/defensa-penal\/fianzas-bail-bond\/","url":"https:\/\/barringerlawfirm.com\/es\/defensa-penal\/fianzas-bail-bond\/","name":"Fianzas (bail bond) -","isPartOf":{"@id":"https:\/\/barringerlawfirm.com\/es\/#website"},"datePublished":"2022-10-17T13:15:15+00:00","dateModified":"2026-01-15T17:46:38+00:00","breadcrumb":{"@id":"https:\/\/barringerlawfirm.com\/es\/defensa-penal\/fianzas-bail-bond\/#breadcrumb"},"inLanguage":"es","potentialAction":[{"@type":"ReadAction","target":["https:\/\/barringerlawfirm.com\/es\/defensa-penal\/fianzas-bail-bond\/"]}]},{"@type":"BreadcrumbList","@id":"https:\/\/barringerlawfirm.com\/es\/defensa-penal\/fianzas-bail-bond\/#breadcrumb","itemListElement":[{"@type":"ListItem","position":1,"name":"Home","item":"https:\/\/barringerlawfirm.com\/es\/bufete-de-abogados\/"},{"@type":"ListItem","position":2,"name":"Defensa penal","item":"https:\/\/barringerlawfirm.com\/es\/defensa-penal\/"},{"@type":"ListItem","position":3,"name":"Fianzas (bail bond)"}]},{"@type":"WebSite","@id":"https:\/\/barringerlawfirm.com\/es\/#website","url":"https:\/\/barringerlawfirm.com\/es\/","name":"","description":"We apply law to facts","potentialAction":[{"@type":"SearchAction","target":{"@type":"EntryPoint","urlTemplate":"https:\/\/barringerlawfirm.com\/es\/?s={search_term_string}"},"query-input":{"@type":"PropertyValueSpecification","valueRequired":true,"valueName":"search_term_string"}}],"inLanguage":"es"}]}},"_links":{"self":[{"href":"https:\/\/barringerlawfirm.com\/es\/wp-json\/wp\/v2\/pages\/988710","targetHints":{"allow":["GET"]}}],"collection":[{"href":"https:\/\/barringerlawfirm.com\/es\/wp-json\/wp\/v2\/pages"}],"about":[{"href":"https:\/\/barringerlawfirm.com\/es\/wp-json\/wp\/v2\/types\/page"}],"author":[{"embeddable":true,"href":"https:\/\/barringerlawfirm.com\/es\/wp-json\/wp\/v2\/users\/2"}],"replies":[{"embeddable":true,"href":"https:\/\/barringerlawfirm.com\/es\/wp-json\/wp\/v2\/comments?post=988710"}],"version-history":[{"count":3,"href":"https:\/\/barringerlawfirm.com\/es\/wp-json\/wp\/v2\/pages\/988710\/revisions"}],"predecessor-version":[{"id":988789,"href":"https:\/\/barringerlawfirm.com\/es\/wp-json\/wp\/v2\/pages\/988710\/revisions\/988789"}],"up":[{"embeddable":true,"href":"https:\/\/barringerlawfirm.com\/es\/wp-json\/wp\/v2\/pages\/988668"}],"wp:attachment":[{"href":"https:\/\/barringerlawfirm.com\/es\/wp-json\/wp\/v2\/media?parent=988710"}],"curies":[{"name":"wp","href":"https:\/\/api.w.org\/{rel}","templated":true}]}}