{"id":988715,"date":"2022-10-26T11:49:52","date_gmt":"2022-10-26T11:49:52","guid":{"rendered":"https:\/\/barringerlawfirm.com\/inmigracion\/inmigracion-familiar\/"},"modified":"2026-01-14T21:29:22","modified_gmt":"2026-01-14T21:29:22","slug":"inmigracion-familiar","status":"publish","type":"page","link":"https:\/\/barringerlawfirm.com\/es\/inmigracion\/inmigracion-familiar\/","title":{"rendered":"Inmigraci\u00f3n familiar"},"content":{"rendered":"\t\t<div data-elementor-type=\"wp-page\" data-elementor-id=\"988715\" class=\"elementor elementor-988715 elementor-3209\" data-elementor-post-type=\"page\">\n\t\t\t\t\t\t<section class=\"elementor-section elementor-top-section elementor-element elementor-element-5311e092 elementor-section-full_width elementor-section-height-default elementor-section-height-default\" data-id=\"5311e092\" data-element_type=\"section\" data-e-type=\"section\">\n\t\t\t\t\t\t<div class=\"elementor-container elementor-column-gap-no\">\n\t\t\t\t\t<div class=\"elementor-column elementor-col-100 elementor-top-column elementor-element elementor-element-542a00a2\" data-id=\"542a00a2\" data-element_type=\"column\" data-e-type=\"column\">\n\t\t\t<div class=\"elementor-widget-wrap elementor-element-populated\">\n\t\t\t\t\t\t<div class=\"elementor-element elementor-element-5a6d3858 elementor-widget elementor-widget-heading\" data-id=\"5a6d3858\" data-element_type=\"widget\" data-e-type=\"widget\" data-widget_type=\"heading.default\">\n\t\t\t\t<div class=\"elementor-widget-container\">\n\t\t\t\t\t<h2 class=\"elementor-heading-title elementor-size-default\">Abogados de inmigraci\u00f3n basados en la familia<\/h2>\t\t\t\t<\/div>\n\t\t\t\t<\/div>\n\t\t\t\t<div class=\"elementor-element elementor-element-2bada2f1 elementor-widget elementor-widget-text-editor\" data-id=\"2bada2f1\" data-element_type=\"widget\" data-e-type=\"widget\" data-widget_type=\"text-editor.default\">\n\t\t\t\t<div class=\"elementor-widget-container\">\n\t\t\t\t\t\t\t\t\t<p>Los Servicios de Ciudadan\u00eda e Inmigraci\u00f3n Familiar de EE. UU. ofrecen a los ciudadanos estadounidenses y a los residentes permanentes legales (LPR) la oportunidad de convertirse en un Patrocinador familiar para los miembros inmediatos de su familia. Al trabajar con nuestros abogados profesionales de inmigraci\u00f3n familiar en Barringer Law Firm, podemos ayudarle a convertirse en un Patrocinador familiar exitoso y lograr la unidad familiar con un miembro inmediato de la familia o prometido(a).<\/p>\t\t\t\t\t\t\t\t<\/div>\n\t\t\t\t<\/div>\n\t\t\t\t<div class=\"elementor-element elementor-element-4a02af5 elementor-widget elementor-widget-heading\" data-id=\"4a02af5\" data-element_type=\"widget\" data-e-type=\"widget\" data-widget_type=\"heading.default\">\n\t\t\t\t<div class=\"elementor-widget-container\">\n\t\t\t\t\t<h3 class=\"elementor-heading-title elementor-size-default\">Nuestros servicios de inmigraci\u00f3n familiar incluyen:<\/h3>\t\t\t\t<\/div>\n\t\t\t\t<\/div>\n\t\t\t\t<div class=\"vamtam-has-theme-widget-styles elementor-element elementor-element-840f7e2 elementor-widget elementor-widget-toggle\" data-id=\"840f7e2\" data-element_type=\"widget\" data-e-type=\"widget\" data-widget_type=\"toggle.default\">\n\t\t\t\t<div class=\"elementor-widget-container\">\n\t\t\t\t\t\t\t<div class=\"elementor-toggle\">\n\t\t\t\t\t\t\t<div class=\"elementor-toggle-item\">\n\t\t\t\t\t<div id=\"elementor-tab-title-1381\" class=\"elementor-tab-title\" data-tab=\"1\" role=\"button\" aria-controls=\"elementor-tab-content-1381\" aria-expanded=\"false\">\n\t\t\t\t\t\t\t\t\t\t\t\t<span class=\"elementor-toggle-icon elementor-toggle-icon-left\" aria-hidden=\"true\">\n\t\t\t\t\t\t\t\t\t\t\t\t\t\t\t<span class=\"elementor-toggle-icon-closed\"><i class=\"vamtamtheme- vamtam-theme-icon-plus\"><\/i><\/span>\n\t\t\t\t\t\t\t\t<span class=\"elementor-toggle-icon-opened\"><i class=\"elementor-toggle-icon-opened vamtamtheme- vamtam-theme-icon-minus\"><\/i><\/span>\n\t\t\t\t\t\t\t\t\t\t\t\t\t<\/span>\n\t\t\t\t\t\t\t\t\t\t\t\t<a class=\"elementor-toggle-title\" tabindex=\"0\">Patrocinador familiar (USC)<\/a>\n\t\t\t\t\t<\/div>\n\n\t\t\t\t\t<div id=\"elementor-tab-content-1381\" class=\"elementor-tab-content elementor-clearfix\" data-tab=\"1\" role=\"region\" aria-labelledby=\"elementor-tab-title-1381\"><p>Si usted es ciudadano de los Estados Unidos (USC), puede presentar una petici\u00f3n de visa de inmigrante para convertirse en un Patrocinador familiar para un c\u00f3nyuge, hijo o hija, padre o madre, o hermano o hermana. Seg\u00fan su presentaci\u00f3n de preferencia familiar, puede presentar una petici\u00f3n para los siguientes miembros de la familia:<\/p>\n<ul>\n<li>C\u00f3nyuge<\/li>\n<li>Hijos (solteros y menores de 21 a\u00f1os)<\/li>\n<li>Hijos e hijas (casados y\/o de 21 a\u00f1os o m\u00e1s)<\/li>\n<li>Padres, si tiene 21 a\u00f1os o m\u00e1s<\/li>\n<li>Hermanos, si tiene 21 a\u00f1os o m\u00e1s<\/li>\n<\/ul>\n<p>La inmigraci\u00f3n basada en la familia ofrece un camino m\u00e1s f\u00e1cil para obtener una Tarjeta Verde para los miembros de su familia, ya que cada a\u00f1o se reserva un n\u00famero limitado de visas para los familiares inmediatos de los ciudadanos estadounidenses existentes o los residentes permanentes legales.<\/p>\n<\/div>\n\t\t\t\t<\/div>\n\t\t\t\t\t\t\t<div class=\"elementor-toggle-item\">\n\t\t\t\t\t<div id=\"elementor-tab-title-1382\" class=\"elementor-tab-title\" data-tab=\"2\" role=\"button\" aria-controls=\"elementor-tab-content-1382\" aria-expanded=\"false\">\n\t\t\t\t\t\t\t\t\t\t\t\t<span class=\"elementor-toggle-icon elementor-toggle-icon-left\" aria-hidden=\"true\">\n\t\t\t\t\t\t\t\t\t\t\t\t\t\t\t<span class=\"elementor-toggle-icon-closed\"><i class=\"vamtamtheme- vamtam-theme-icon-plus\"><\/i><\/span>\n\t\t\t\t\t\t\t\t<span class=\"elementor-toggle-icon-opened\"><i class=\"elementor-toggle-icon-opened vamtamtheme- vamtam-theme-icon-minus\"><\/i><\/span>\n\t\t\t\t\t\t\t\t\t\t\t\t\t<\/span>\n\t\t\t\t\t\t\t\t\t\t\t\t<a class=\"elementor-toggle-title\" tabindex=\"0\">Patrocinador familiar (LPR)<\/a>\n\t\t\t\t\t<\/div>\n\n\t\t\t\t\t<div id=\"elementor-tab-content-1382\" class=\"elementor-tab-content elementor-clearfix\" data-tab=\"2\" role=\"region\" aria-labelledby=\"elementor-tab-title-1382\"><p>Si usted es un residente permanente legal (LPR), puede presentar una petici\u00f3n de visa de inmigrante para convertirse en un Patrocinador familiar para un c\u00f3nyuge o hijo o hija soltero(a). Seg\u00fan su presentaci\u00f3n de preferencia familiar, puede presentar una petici\u00f3n para los siguientes miembros de la familia:<\/p>\n<ul>\n<li>C\u00f3nyuge (marido o mujer)<\/li>\n<li>Hijos solteros menores de 21 a\u00f1os<\/li>\n<li>Hijo o hija soltero(a) de cualquier edad<\/li>\n<\/ul>\n<\/div>\n\t\t\t\t<\/div>\n\t\t\t\t\t\t\t<div class=\"elementor-toggle-item\">\n\t\t\t\t\t<div id=\"elementor-tab-title-1383\" class=\"elementor-tab-title\" data-tab=\"3\" role=\"button\" aria-controls=\"elementor-tab-content-1383\" aria-expanded=\"false\">\n\t\t\t\t\t\t\t\t\t\t\t\t<span class=\"elementor-toggle-icon elementor-toggle-icon-left\" aria-hidden=\"true\">\n\t\t\t\t\t\t\t\t\t\t\t\t\t\t\t<span class=\"elementor-toggle-icon-closed\"><i class=\"vamtamtheme- vamtam-theme-icon-plus\"><\/i><\/span>\n\t\t\t\t\t\t\t\t<span class=\"elementor-toggle-icon-opened\"><i class=\"elementor-toggle-icon-opened vamtamtheme- vamtam-theme-icon-minus\"><\/i><\/span>\n\t\t\t\t\t\t\t\t\t\t\t\t\t<\/span>\n\t\t\t\t\t\t\t\t\t\t\t\t<a class=\"elementor-toggle-title\" tabindex=\"0\">Visa de prometido(a)<\/a>\n\t\t\t\t\t<\/div>\n\n\t\t\t\t\t<div id=\"elementor-tab-content-1383\" class=\"elementor-tab-content elementor-clearfix\" data-tab=\"3\" role=\"region\" aria-labelledby=\"elementor-tab-title-1383\"><p>Con una visa de prometido(a), puede solicitar que su pareja viaje a los Estados Unidos para casarse. El matrimonio debe completarse dentro de los 90 d\u00edas posteriores a su llegada a los Estados Unidos. La visa de prometido(a) tambi\u00e9n se conoce como visa de no inmigrante K-1.<\/p>\n<\/div>\n\t\t\t\t<\/div>\n\t\t\t\t\t\t\t\t\t\t<script type=\"application\/ld+json\">{\"@context\":\"https:\\\/\\\/schema.org\",\"@type\":\"FAQPage\",\"mainEntity\":[{\"@type\":\"Question\",\"name\":\"Patrocinador familiar (USC)\",\"acceptedAnswer\":{\"@type\":\"Answer\",\"text\":\"<p>Si usted es ciudadano de los Estados Unidos (USC), puede presentar una petici\\u00f3n de visa de inmigrante para convertirse en un Patrocinador familiar para un c\\u00f3nyuge, hijo o hija, padre o madre, o hermano o hermana. Seg\\u00fan su presentaci\\u00f3n de preferencia familiar, puede presentar una petici\\u00f3n para los siguientes miembros de la familia:<\\\/p>\\n<ul>\\n<li>C\\u00f3nyuge<\\\/li>\\n<li>Hijos (solteros y menores de 21 a\\u00f1os)<\\\/li>\\n<li>Hijos e hijas (casados y\\\/o de 21 a\\u00f1os o m\\u00e1s)<\\\/li>\\n<li>Padres, si tiene 21 a\\u00f1os o m\\u00e1s<\\\/li>\\n<li>Hermanos, si tiene 21 a\\u00f1os o m\\u00e1s<\\\/li>\\n<\\\/ul>\\n<p>La inmigraci\\u00f3n basada en la familia ofrece un camino m\\u00e1s f\\u00e1cil para obtener una Tarjeta Verde para los miembros de su familia, ya que cada a\\u00f1o se reserva un n\\u00famero limitado de visas para los familiares inmediatos de los ciudadanos estadounidenses existentes o los residentes permanentes legales.<\\\/p>\\n\"}},{\"@type\":\"Question\",\"name\":\"Patrocinador familiar (LPR)\",\"acceptedAnswer\":{\"@type\":\"Answer\",\"text\":\"<p>Si usted es un residente permanente legal (LPR), puede presentar una petici\\u00f3n de visa de inmigrante para convertirse en un Patrocinador familiar para un c\\u00f3nyuge o hijo o hija soltero(a). Seg\\u00fan su presentaci\\u00f3n de preferencia familiar, puede presentar una petici\\u00f3n para los siguientes miembros de la familia:<\\\/p>\\n<ul>\\n<li>C\\u00f3nyuge (marido o mujer)<\\\/li>\\n<li>Hijos solteros menores de 21 a\\u00f1os<\\\/li>\\n<li>Hijo o hija soltero(a) de cualquier edad<\\\/li>\\n<\\\/ul>\\n\"}},{\"@type\":\"Question\",\"name\":\"Visa de prometido(a)\",\"acceptedAnswer\":{\"@type\":\"Answer\",\"text\":\"<p>Con una visa de prometido(a), puede solicitar que su pareja viaje a los Estados Unidos para casarse. El matrimonio debe completarse dentro de los 90 d\\u00edas posteriores a su llegada a los Estados Unidos. La visa de prometido(a) tambi\\u00e9n se conoce como visa de no inmigrante K-1.<\\\/p>\\n\"}}]}<\/script>\n\t\t\t\t\t<\/div>\n\t\t\t\t\t\t<\/div>\n\t\t\t\t<\/div>\n\t\t\t\t<div class=\"elementor-element elementor-element-f5f29c3 elementor-widget elementor-widget-heading\" data-id=\"f5f29c3\" data-element_type=\"widget\" data-e-type=\"widget\" data-widget_type=\"heading.default\">\n\t\t\t\t<div class=\"elementor-widget-container\">\n\t\t\t\t\t<h3 class=\"elementor-heading-title elementor-size-default\">C\u00f3mo funciona el proceso de inmigraci\u00f3n basado en la familia\n<\/h3>\t\t\t\t<\/div>\n\t\t\t\t<\/div>\n\t\t\t\t<div class=\"elementor-element elementor-element-361c2d9 elementor-widget elementor-widget-text-editor\" data-id=\"361c2d9\" data-element_type=\"widget\" data-e-type=\"widget\" data-widget_type=\"text-editor.default\">\n\t\t\t\t<div class=\"elementor-widget-container\">\n\t\t\t\t\t\t\t\t\t<p>El proceso de solicitud para convertirse en un patrocinador de inmigraci\u00f3n familiar puede ser tedioso y lento tanto para el solicitante como para el peticionario, con m\u00faltiples pasos para completar. Los abogados de inmigraci\u00f3n familiar de Barringer Law Firm est\u00e1n aqu\u00ed para ayudarle.<\/p>\n<p>Para convertirse en un Patrocinador familiar, todo comienza con la presentaci\u00f3n del Formulario I-130 \u2013 Petici\u00f3n de familiar extranjero para comenzar a documentar su relaci\u00f3n con un familiar calificado. Una vez que se presenta y establece el Formulario I-130, los siguientes pasos implican el suministro de documentos financieros, la cumplimentaci\u00f3n de la solicitud y, por \u00faltimo, pero no menos importante, una entrevista con el solicitante.<\/p>\n<p>Para solicitar una visa de prometido(a), el proceso comienza con el Formulario I-129F, Petici\u00f3n de prometido(a) extranjero(a). Una vez aprobado, el matrimonio debe celebrarse dentro del per\u00edodo de validez de la visa de 90 d\u00edas. Si el proceso de matrimonio se completa dentro del plazo establecido, el siguiente paso es solicitar una Tarjeta Verde.<\/p>\n<p>Sabemos que el proceso puede parecer abrumador, por eso estamos aqu\u00ed para ayudarle. Si usted o alguien que conoce tiene alguna pregunta sobre c\u00f3mo patrocinar a un miembro de la familia o solicitar una visa de prometido(a), p\u00f3ngase en contacto con Barringer Law Firm para hablar con un abogado experto en inmigraci\u00f3n familiar para comenzar el proceso.<\/p>\t\t\t\t\t\t\t\t<\/div>\n\t\t\t\t<\/div>\n\t\t\t\t<div class=\"vamtam-has-theme-widget-styles elementor-element elementor-element-285f32c elementor-align-left vamtam-has-underline-anim elementor-widget elementor-widget-button\" data-id=\"285f32c\" data-element_type=\"widget\" data-e-type=\"widget\" data-widget_type=\"button.default\">\n\t\t\t\t<div class=\"elementor-widget-container\">\n\t\t\t\t\t\t\t\t\t<div class=\"elementor-button-wrapper\">\n\t\t\t\t\t<a class=\"elementor-button elementor-button-link elementor-size-sm\" href=\"https:\/\/barringerlawfirm.com\/es\/contacto\/\">\n\t\t\t\t\t\t<span class=\"elementor-button-content-wrapper\">\n\t\t\t\t\t\t<span class=\"elementor-button-icon\">\n\t\t\t\t<i aria-hidden=\"true\" class=\"vamtamtheme- vamtam-theme-icon-arrow-right-top\"><\/i>\t\t\t<\/span>\n\t\t\t\t\t\t\t\t\t<span class=\"elementor-button-text\">P\u00f3ngase en contacto con nuestros abogados de inmigraci\u00f3n familiar<\/span>\n\t\t\t\t\t<\/span>\n\t\t\t\t\t<\/a>\n\t\t\t\t<\/div>\n\t\t\t\t\t\t\t\t<\/div>\n\t\t\t\t<\/div>\n\t\t\t\t\t<\/div>\n\t\t<\/div>\n\t\t\t\t\t<\/div>\n\t\t<\/section>\n\t\t\t\t<\/div>\n\t\t","protected":false},"excerpt":{"rendered":"<p>Es posible que tenga derecho a recibir una indemnizaci\u00f3n por sus lesiones.<\/p>\n","protected":false},"author":2,"featured_media":0,"parent":988670,"menu_order":0,"comment_status":"closed","ping_status":"closed","template":"","meta":{"inline_featured_image":false,"footnotes":""},"class_list":["post-988715","page","type-page","status-publish","hentry"],"yoast_head":"<!-- This site is optimized with the Yoast SEO plugin v27.4 - https:\/\/yoast.com\/product\/yoast-seo-wordpress\/ -->\n<title>Inmigraci\u00f3n familiar -<\/title>\n<meta name=\"robots\" content=\"index, follow, max-snippet:-1, max-image-preview:large, max-video-preview:-1\" \/>\n<link rel=\"canonical\" href=\"https:\/\/barringerlawfirm.com\/es\/inmigracion\/inmigracion-familiar\/\" \/>\n<meta property=\"og:locale\" content=\"es_ES\" \/>\n<meta property=\"og:type\" content=\"article\" \/>\n<meta property=\"og:title\" content=\"Inmigraci\u00f3n familiar -\" \/>\n<meta property=\"og:description\" content=\"Es posible que tenga derecho a recibir una indemnizaci\u00f3n por sus lesiones.\" \/>\n<meta property=\"og:url\" content=\"https:\/\/barringerlawfirm.com\/es\/inmigracion\/inmigracion-familiar\/\" \/>\n<meta property=\"article:modified_time\" content=\"2026-01-14T21:29:22+00:00\" \/>\n<meta name=\"twitter:card\" content=\"summary_large_image\" \/>\n<meta name=\"twitter:label1\" content=\"Tiempo de lectura\" \/>\n\t<meta name=\"twitter:data1\" content=\"3 minutos\" \/>\n<script type=\"application\/ld+json\" class=\"yoast-schema-graph\">{\"@context\":\"https:\\\/\\\/schema.org\",\"@graph\":[{\"@type\":\"WebPage\",\"@id\":\"https:\\\/\\\/barringerlawfirm.com\\\/es\\\/inmigracion\\\/inmigracion-familiar\\\/\",\"url\":\"https:\\\/\\\/barringerlawfirm.com\\\/es\\\/inmigracion\\\/inmigracion-familiar\\\/\",\"name\":\"Inmigraci\u00f3n familiar -\",\"isPartOf\":{\"@id\":\"https:\\\/\\\/barringerlawfirm.com\\\/es\\\/#website\"},\"datePublished\":\"2022-10-26T11:49:52+00:00\",\"dateModified\":\"2026-01-14T21:29:22+00:00\",\"breadcrumb\":{\"@id\":\"https:\\\/\\\/barringerlawfirm.com\\\/es\\\/inmigracion\\\/inmigracion-familiar\\\/#breadcrumb\"},\"inLanguage\":\"es\",\"potentialAction\":[{\"@type\":\"ReadAction\",\"target\":[\"https:\\\/\\\/barringerlawfirm.com\\\/es\\\/inmigracion\\\/inmigracion-familiar\\\/\"]}]},{\"@type\":\"BreadcrumbList\",\"@id\":\"https:\\\/\\\/barringerlawfirm.com\\\/es\\\/inmigracion\\\/inmigracion-familiar\\\/#breadcrumb\",\"itemListElement\":[{\"@type\":\"ListItem\",\"position\":1,\"name\":\"Home\",\"item\":\"https:\\\/\\\/barringerlawfirm.com\\\/es\\\/bufete-de-abogados\\\/\"},{\"@type\":\"ListItem\",\"position\":2,\"name\":\"Inmigraci\u00f3n\",\"item\":\"https:\\\/\\\/barringerlawfirm.com\\\/es\\\/inmigracion\\\/\"},{\"@type\":\"ListItem\",\"position\":3,\"name\":\"Inmigraci\u00f3n familiar\"}]},{\"@type\":\"WebSite\",\"@id\":\"https:\\\/\\\/barringerlawfirm.com\\\/es\\\/#website\",\"url\":\"https:\\\/\\\/barringerlawfirm.com\\\/es\\\/\",\"name\":\"\",\"description\":\"We apply law to facts\",\"potentialAction\":[{\"@type\":\"SearchAction\",\"target\":{\"@type\":\"EntryPoint\",\"urlTemplate\":\"https:\\\/\\\/barringerlawfirm.com\\\/es\\\/?s={search_term_string}\"},\"query-input\":{\"@type\":\"PropertyValueSpecification\",\"valueRequired\":true,\"valueName\":\"search_term_string\"}}],\"inLanguage\":\"es\"}]}<\/script>\n<!-- \/ Yoast SEO plugin. -->","yoast_head_json":{"title":"Inmigraci\u00f3n familiar -","robots":{"index":"index","follow":"follow","max-snippet":"max-snippet:-1","max-image-preview":"max-image-preview:large","max-video-preview":"max-video-preview:-1"},"canonical":"https:\/\/barringerlawfirm.com\/es\/inmigracion\/inmigracion-familiar\/","og_locale":"es_ES","og_type":"article","og_title":"Inmigraci\u00f3n familiar -","og_description":"Es posible que tenga derecho a recibir una indemnizaci\u00f3n por sus lesiones.","og_url":"https:\/\/barringerlawfirm.com\/es\/inmigracion\/inmigracion-familiar\/","article_modified_time":"2026-01-14T21:29:22+00:00","twitter_card":"summary_large_image","twitter_misc":{"Tiempo de lectura":"3 minutos"},"schema":{"@context":"https:\/\/schema.org","@graph":[{"@type":"WebPage","@id":"https:\/\/barringerlawfirm.com\/es\/inmigracion\/inmigracion-familiar\/","url":"https:\/\/barringerlawfirm.com\/es\/inmigracion\/inmigracion-familiar\/","name":"Inmigraci\u00f3n familiar -","isPartOf":{"@id":"https:\/\/barringerlawfirm.com\/es\/#website"},"datePublished":"2022-10-26T11:49:52+00:00","dateModified":"2026-01-14T21:29:22+00:00","breadcrumb":{"@id":"https:\/\/barringerlawfirm.com\/es\/inmigracion\/inmigracion-familiar\/#breadcrumb"},"inLanguage":"es","potentialAction":[{"@type":"ReadAction","target":["https:\/\/barringerlawfirm.com\/es\/inmigracion\/inmigracion-familiar\/"]}]},{"@type":"BreadcrumbList","@id":"https:\/\/barringerlawfirm.com\/es\/inmigracion\/inmigracion-familiar\/#breadcrumb","itemListElement":[{"@type":"ListItem","position":1,"name":"Home","item":"https:\/\/barringerlawfirm.com\/es\/bufete-de-abogados\/"},{"@type":"ListItem","position":2,"name":"Inmigraci\u00f3n","item":"https:\/\/barringerlawfirm.com\/es\/inmigracion\/"},{"@type":"ListItem","position":3,"name":"Inmigraci\u00f3n familiar"}]},{"@type":"WebSite","@id":"https:\/\/barringerlawfirm.com\/es\/#website","url":"https:\/\/barringerlawfirm.com\/es\/","name":"","description":"We apply law to facts","potentialAction":[{"@type":"SearchAction","target":{"@type":"EntryPoint","urlTemplate":"https:\/\/barringerlawfirm.com\/es\/?s={search_term_string}"},"query-input":{"@type":"PropertyValueSpecification","valueRequired":true,"valueName":"search_term_string"}}],"inLanguage":"es"}]}},"_links":{"self":[{"href":"https:\/\/barringerlawfirm.com\/es\/wp-json\/wp\/v2\/pages\/988715","targetHints":{"allow":["GET"]}}],"collection":[{"href":"https:\/\/barringerlawfirm.com\/es\/wp-json\/wp\/v2\/pages"}],"about":[{"href":"https:\/\/barringerlawfirm.com\/es\/wp-json\/wp\/v2\/types\/page"}],"author":[{"embeddable":true,"href":"https:\/\/barringerlawfirm.com\/es\/wp-json\/wp\/v2\/users\/2"}],"replies":[{"embeddable":true,"href":"https:\/\/barringerlawfirm.com\/es\/wp-json\/wp\/v2\/comments?post=988715"}],"version-history":[{"count":1,"href":"https:\/\/barringerlawfirm.com\/es\/wp-json\/wp\/v2\/pages\/988715\/revisions"}],"predecessor-version":[{"id":988716,"href":"https:\/\/barringerlawfirm.com\/es\/wp-json\/wp\/v2\/pages\/988715\/revisions\/988716"}],"up":[{"embeddable":true,"href":"https:\/\/barringerlawfirm.com\/es\/wp-json\/wp\/v2\/pages\/988670"}],"wp:attachment":[{"href":"https:\/\/barringerlawfirm.com\/es\/wp-json\/wp\/v2\/media?parent=988715"}],"curies":[{"name":"wp","href":"https:\/\/api.w.org\/{rel}","templated":true}]}}