{"id":988719,"date":"2022-09-26T20:30:29","date_gmt":"2022-09-26T20:30:29","guid":{"rendered":"https:\/\/barringerlawfirm.com\/inmigracion\/defensa-contra-la-deportacion\/"},"modified":"2026-01-15T22:13:30","modified_gmt":"2026-01-15T22:13:30","slug":"defensa-contra-la-deportacion","status":"publish","type":"page","link":"https:\/\/barringerlawfirm.com\/es\/inmigracion\/defensa-contra-la-deportacion\/","title":{"rendered":"Defensa contra la Deportaci\u00f3n"},"content":{"rendered":"\t\t<div data-elementor-type=\"wp-page\" data-elementor-id=\"988719\" class=\"elementor elementor-988719 elementor-519\" data-elementor-post-type=\"page\">\n\t\t\t\t\t\t<section class=\"elementor-section elementor-top-section elementor-element elementor-element-1afa2582 elementor-section-full_width elementor-section-height-default elementor-section-height-default\" data-id=\"1afa2582\" data-element_type=\"section\" data-e-type=\"section\">\n\t\t\t\t\t\t<div class=\"elementor-container elementor-column-gap-no\">\n\t\t\t\t\t<div class=\"elementor-column elementor-col-100 elementor-top-column elementor-element elementor-element-1b788565\" data-id=\"1b788565\" data-element_type=\"column\" data-e-type=\"column\">\n\t\t\t<div class=\"elementor-widget-wrap elementor-element-populated\">\n\t\t\t\t\t\t<div class=\"elementor-element elementor-element-10e42f59 elementor-widget elementor-widget-heading\" data-id=\"10e42f59\" data-element_type=\"widget\" data-e-type=\"widget\" data-widget_type=\"heading.default\">\n\t\t\t\t<div class=\"elementor-widget-container\">\n\t\t\t\t\t<h2 class=\"elementor-heading-title elementor-size-default\">Abogados de Defensa de Remoci\u00f3n y Deportaci\u00f3n<\/h2>\t\t\t\t<\/div>\n\t\t\t\t<\/div>\n\t\t\t\t<div class=\"elementor-element elementor-element-36cf6d1e elementor-widget elementor-widget-text-editor\" data-id=\"36cf6d1e\" data-element_type=\"widget\" data-e-type=\"widget\" data-widget_type=\"text-editor.default\">\n\t\t\t\t<div class=\"elementor-widget-container\">\n\t\t\t\t\t\t\t\t\t<p>La Deportaci\u00f3n puede perturbar y arruinar la vida de los inmigrantes y de los miembros de su familia que viven en los Estados Unidos. En Barringer Law Firm, nuestro objetivo es ayudar a las personas que desean vivir en los EE. UU. a obtener el derecho legal a hacerlo. Entendemos los desaf\u00edos legales del proceso de deportaci\u00f3n, y nuestros abogados de deportaci\u00f3n trabajan arduamente para garantizar que la persona en riesgo se sienta segura de que no se le quitar\u00e1 su derecho a vivir en los EE. UU.  <\/p>\t\t\t\t\t\t\t\t<\/div>\n\t\t\t\t<\/div>\n\t\t\t\t<div class=\"elementor-element elementor-element-abe7af3 elementor-widget elementor-widget-heading\" data-id=\"abe7af3\" data-element_type=\"widget\" data-e-type=\"widget\" data-widget_type=\"heading.default\">\n\t\t\t\t<div class=\"elementor-widget-container\">\n\t\t\t\t\t<h3 class=\"elementor-heading-title elementor-size-default\">El Proceso de Deportaci\u00f3n<\/h3>\t\t\t\t<\/div>\n\t\t\t\t<\/div>\n\t\t\t\t<div class=\"elementor-element elementor-element-d8ae5f0 elementor-widget elementor-widget-text-editor\" data-id=\"d8ae5f0\" data-element_type=\"widget\" data-e-type=\"widget\" data-widget_type=\"text-editor.default\">\n\t\t\t\t<div class=\"elementor-widget-container\">\n\t\t\t\t\t\t\t\t\t<h4><b>C\u00f3mo pueden ayudar nuestros Abogados de Defensa de Remoci\u00f3n<\/b><\/h4>\n<p>Existen m\u00faltiples razones por las que un residente permanente legal (LPR) o un inmigrante puede encontrarse en proceso de deportaci\u00f3n. Esas razones pueden incluir: <\/p>\n<ul>\n<li aria-level=\"1\">Incumplimiento de los t\u00e9rminos de la visa<\/li>\n<li aria-level=\"1\">No cambiar la direcci\u00f3n a trav\u00e9s de los Servicios de Ciudadan\u00eda e Inmigraci\u00f3n de los Estados Unidos<\/li>\n<li aria-level=\"1\">Violaciones de delitos o violaci\u00f3n de las leyes de inmigraci\u00f3n (tambi\u00e9n denominadas <a href=\"https:\/\/web.archive.org\/web\/20250712104321\/https:\/\/barringerlawfirm.com\/immigration\/crimmigration\/\">crimmigration<\/a>)<\/li>\n<\/ul>\n<p>Es natural entrar en p\u00e1nico si usted o alguien que conoce ha violado uno de estos requisitos de inmigraci\u00f3n. Queremos que sepa que sus derechos son importantes para nosotros y le recomendamos que se ponga en contacto con un abogado de defensa contra la deportaci\u00f3n antes de aceptar o firmar cualquier documento. En Barringer Law Firm, nuestro equipo de abogados tiene experiencia en los matices del proceso legal y est\u00e1 aqu\u00ed para ayudar a proteger sus derechos a residir legalmente en los Estados Unidos.   <\/p>\n<p>Si se encuentra en contacto con GEO Group por un problema penal, lo m\u00e1s importante es que <b>no firme nada<\/b>. Debido a que los procedimientos de expulsi\u00f3n son acciones civiles, el proceso legal es diferente al de un procedimiento penal. Antes de firmar cualquier documento, p\u00f3ngase en contacto con nuestros abogados de defensa de remoci\u00f3n para obtener ayuda.  <\/p>\n<p>Barringer Law Firm se especializa tanto en el derecho de defensa penal como en el derecho de inmigraci\u00f3n, lo que significa que nuestros abogados est\u00e1n muy bien equipados para luchar por sus derechos en los casos de deportaci\u00f3n cuando se enfrenta a cargos penales pendientes. Nuestros abogados est\u00e1n bien equipados para manejar casos de crimmigration. No importa cu\u00e1nto tiempo tome su caso, estaremos a su lado asegur\u00e1ndonos de que sus derechos est\u00e9n protegidos.  <\/p>\t\t\t\t\t\t\t\t<\/div>\n\t\t\t\t<\/div>\n\t\t\t\t<div class=\"elementor-element elementor-element-99ac8d7 elementor-widget elementor-widget-heading\" data-id=\"99ac8d7\" data-element_type=\"widget\" data-e-type=\"widget\" data-widget_type=\"heading.default\">\n\t\t\t\t<div class=\"elementor-widget-container\">\n\t\t\t\t\t<h3 class=\"elementor-heading-title elementor-size-default\">Nuestros Servicios de Defensa contra la Deportaci\u00f3n incluyen:<\/h3>\t\t\t\t<\/div>\n\t\t\t\t<\/div>\n\t\t\t\t<div class=\"vamtam-has-theme-widget-styles elementor-element elementor-element-8e82b62 elementor-widget elementor-widget-toggle\" data-id=\"8e82b62\" data-element_type=\"widget\" data-e-type=\"widget\" data-widget_type=\"toggle.default\">\n\t\t\t\t<div class=\"elementor-widget-container\">\n\t\t\t\t\t\t\t<div class=\"elementor-toggle\">\n\t\t\t\t\t\t\t<div class=\"elementor-toggle-item\">\n\t\t\t\t\t<div id=\"elementor-tab-title-1491\" class=\"elementor-tab-title\" data-tab=\"1\" role=\"button\" aria-controls=\"elementor-tab-content-1491\" aria-expanded=\"false\">\n\t\t\t\t\t\t\t\t\t\t\t\t<span class=\"elementor-toggle-icon elementor-toggle-icon-left\" aria-hidden=\"true\">\n\t\t\t\t\t\t\t\t\t\t\t\t\t\t\t<span class=\"elementor-toggle-icon-closed\"><i class=\"vamtamtheme- vamtam-theme-icon-plus\"><\/i><\/span>\n\t\t\t\t\t\t\t\t<span class=\"elementor-toggle-icon-opened\"><i class=\"elementor-toggle-icon-opened vamtamtheme- vamtam-theme-icon-minus\"><\/i><\/span>\n\t\t\t\t\t\t\t\t\t\t\t\t\t<\/span>\n\t\t\t\t\t\t\t\t\t\t\t\t<a class=\"elementor-toggle-title\" tabindex=\"0\">Cancelaci\u00f3n de Remoci\u00f3n para No Residentes (42B) y Residentes (42A)<\/a>\n\t\t\t\t\t<\/div>\n\n\t\t\t\t\t<div id=\"elementor-tab-content-1491\" class=\"elementor-tab-content elementor-clearfix\" data-tab=\"1\" role=\"region\" aria-labelledby=\"elementor-tab-title-1491\"><p>Si no es un Residente Permanente Legal, puede ser elegible para la cancelaci\u00f3n de remoci\u00f3n para no LPR (42b) seg\u00fan la secci\u00f3n 240A de INA como una forma de alivio discrecional de la remoci\u00f3n. <\/p>\n<p> Para ser elegible para este alivio, debe establecer que: <\/p>\n<ol>\n<li> Ha estado f\u00edsicamente presente en los Estados Unidos de forma continua durante un per\u00edodo de no menos de 10;<\/li>\n<li aria-level=\"1\">Tiene buen car\u00e1cter moral; <\/li>\n<li aria-level=\"1\">Su remoci\u00f3n ser\u00eda una dificultad extrema para su familiar calificado (c\u00f3nyuge, hijo, padre de USC). <\/li>\n<\/ol>\n<\/div>\n\t\t\t\t<\/div>\n\t\t\t\t\t\t\t<div class=\"elementor-toggle-item\">\n\t\t\t\t\t<div id=\"elementor-tab-title-1492\" class=\"elementor-tab-title\" data-tab=\"2\" role=\"button\" aria-controls=\"elementor-tab-content-1492\" aria-expanded=\"false\">\n\t\t\t\t\t\t\t\t\t\t\t\t<span class=\"elementor-toggle-icon elementor-toggle-icon-left\" aria-hidden=\"true\">\n\t\t\t\t\t\t\t\t\t\t\t\t\t\t\t<span class=\"elementor-toggle-icon-closed\"><i class=\"vamtamtheme- vamtam-theme-icon-plus\"><\/i><\/span>\n\t\t\t\t\t\t\t\t<span class=\"elementor-toggle-icon-opened\"><i class=\"elementor-toggle-icon-opened vamtamtheme- vamtam-theme-icon-minus\"><\/i><\/span>\n\t\t\t\t\t\t\t\t\t\t\t\t\t<\/span>\n\t\t\t\t\t\t\t\t\t\t\t\t<a class=\"elementor-toggle-title\" tabindex=\"0\">Asilo<\/a>\n\t\t\t\t\t<\/div>\n\n\t\t\t\t\t<div id=\"elementor-tab-content-1492\" class=\"elementor-tab-content elementor-clearfix\" data-tab=\"2\" role=\"region\" aria-labelledby=\"elementor-tab-title-1492\"><p>Para calificar para el asilo, debe establecer que es un refugiado que no puede o no est\u00e1 dispuesto a regresar a su pa\u00eds de nacionalidad debido a la persecuci\u00f3n o al temor a la persecuci\u00f3n por alguno de los siguientes motivos: <\/p>\n<ul>\n<li aria-level=\"1\">Raza <\/li>\n<li aria-level=\"1\">Religi\u00f3n <\/li>\n<li aria-level=\"1\">Nacionalidad <\/li>\n<li aria-level=\"1\">Pertenencia a un grupo social particular<\/li>\n<li aria-level=\"1\">Opini\u00f3n pol\u00edtica <\/li>\n<\/ul>\n<p>Adem\u00e1s del asilo, tambi\u00e9n puede solicitar el alivio de la Convenci\u00f3n contra la Tortura (\u201cCAT\u201d). Para ser elegible para que el gobierno le brinde protecci\u00f3n bajo la CAT, debe demostrar que:  <\/p>\n<ol>\n<li aria-level=\"1\">Estar\u00eda en peligro de ser torturado en su pa\u00eds; <\/li>\n<li aria-level=\"1\">Cumplir con la definici\u00f3n de tortura, que incluye cualquier acto intencional que inflija dolor o sufrimiento f\u00edsico o mental grave; <\/li>\n<li aria-level=\"1\">Estar sujeto a torturas realizadas con el consentimiento, la incitaci\u00f3n o el permiso de una persona que act\u00fae a t\u00edtulo oficial sobre otra persona.<\/li>\n<\/ol>\n<\/div>\n\t\t\t\t<\/div>\n\t\t\t\t\t\t\t\t\t\t<script type=\"application\/ld+json\">{\"@context\":\"https:\\\/\\\/schema.org\",\"@type\":\"FAQPage\",\"mainEntity\":[{\"@type\":\"Question\",\"name\":\"Cancelaci\\u00f3n de Remoci\\u00f3n para No Residentes (42B) y Residentes (42A)\",\"acceptedAnswer\":{\"@type\":\"Answer\",\"text\":\"<p>Si no es un Residente Permanente Legal, puede ser elegible para la cancelaci\\u00f3n de remoci\\u00f3n para no LPR (42b) seg\\u00fan la secci\\u00f3n 240A de INA como una forma de alivio discrecional de la remoci\\u00f3n. <\\\/p>\\n<p> Para ser elegible para este alivio, debe establecer que: <\\\/p>\\n<ol>\\n<li> Ha estado f\\u00edsicamente presente en los Estados Unidos de forma continua durante un per\\u00edodo de no menos de 10;<\\\/li>\\n<li aria-level=\\\"1\\\">Tiene buen car\\u00e1cter moral; <\\\/li>\\n<li aria-level=\\\"1\\\">Su remoci\\u00f3n ser\\u00eda una dificultad extrema para su familiar calificado (c\\u00f3nyuge, hijo, padre de USC). <\\\/li>\\n<\\\/ol>\\n\"}},{\"@type\":\"Question\",\"name\":\"Asilo\",\"acceptedAnswer\":{\"@type\":\"Answer\",\"text\":\"<p>Para calificar para el asilo, debe establecer que es un refugiado que no puede o no est\\u00e1 dispuesto a regresar a su pa\\u00eds de nacionalidad debido a la persecuci\\u00f3n o al temor a la persecuci\\u00f3n por alguno de los siguientes motivos: <\\\/p>\\n<ul>\\n<li aria-level=\\\"1\\\">Raza <\\\/li>\\n<li aria-level=\\\"1\\\">Religi\\u00f3n <\\\/li>\\n<li aria-level=\\\"1\\\">Nacionalidad <\\\/li>\\n<li aria-level=\\\"1\\\">Pertenencia a un grupo social particular<\\\/li>\\n<li aria-level=\\\"1\\\">Opini\\u00f3n pol\\u00edtica <\\\/li>\\n<\\\/ul>\\n<p>Adem\\u00e1s del asilo, tambi\\u00e9n puede solicitar el alivio de la Convenci\\u00f3n contra la Tortura (\\u201cCAT\\u201d). Para ser elegible para que el gobierno le brinde protecci\\u00f3n bajo la CAT, debe demostrar que:  <\\\/p>\\n<ol>\\n<li aria-level=\\\"1\\\">Estar\\u00eda en peligro de ser torturado en su pa\\u00eds; <\\\/li>\\n<li aria-level=\\\"1\\\">Cumplir con la definici\\u00f3n de tortura, que incluye cualquier acto intencional que inflija dolor o sufrimiento f\\u00edsico o mental grave; <\\\/li>\\n<li aria-level=\\\"1\\\">Estar sujeto a torturas realizadas con el consentimiento, la incitaci\\u00f3n o el permiso de una persona que act\\u00fae a t\\u00edtulo oficial sobre otra persona.<\\\/li>\\n<\\\/ol>\\n\"}}]}<\/script>\n\t\t\t\t\t<\/div>\n\t\t\t\t\t\t<\/div>\n\t\t\t\t<\/div>\n\t\t\t\t<div class=\"vamtam-has-theme-widget-styles elementor-element elementor-element-8d2116a elementor-align-left vamtam-has-underline-anim elementor-widget elementor-widget-button\" data-id=\"8d2116a\" data-element_type=\"widget\" data-e-type=\"widget\" data-widget_type=\"button.default\">\n\t\t\t\t<div class=\"elementor-widget-container\">\n\t\t\t\t\t\t\t\t\t<div class=\"elementor-button-wrapper\">\n\t\t\t\t\t<a class=\"elementor-button elementor-button-link elementor-size-sm\" href=\"https:\/\/barringerlawfirm.com\/es\/contacto\/\">\n\t\t\t\t\t\t<span class=\"elementor-button-content-wrapper\">\n\t\t\t\t\t\t<span class=\"elementor-button-icon\">\n\t\t\t\t<i aria-hidden=\"true\" class=\"vamtamtheme- vamtam-theme-icon-arrow-right-top\"><\/i>\t\t\t<\/span>\n\t\t\t\t\t\t\t\t\t<span class=\"elementor-button-text\">Contacte a nuestros abogados de defensa contra la deportaci\u00f3n<\/span>\n\t\t\t\t\t<\/span>\n\t\t\t\t\t<\/a>\n\t\t\t\t<\/div>\n\t\t\t\t\t\t\t\t<\/div>\n\t\t\t\t<\/div>\n\t\t\t\t\t<\/div>\n\t\t<\/div>\n\t\t\t\t\t<\/div>\n\t\t<\/section>\n\t\t\t\t<\/div>\n\t\t","protected":false},"excerpt":{"rendered":"<p>Abogados de Defensa de Remoci\u00f3n y Deportaci\u00f3n La Deportaci\u00f3n puede perturbar y arruinar la vida de los inmigrantes y de los miembros de su familia que viven en los Estados Unidos. En Barringer Law Firm, nuestro objetivo es ayudar a las personas que desean vivir en los EE. UU. a obtener el derecho legal a&#8230;<\/p>\n","protected":false},"author":2,"featured_media":0,"parent":988670,"menu_order":0,"comment_status":"closed","ping_status":"closed","template":"","meta":{"inline_featured_image":false,"footnotes":""},"class_list":["post-988719","page","type-page","status-publish","hentry"],"yoast_head":"<!-- This site is optimized with the Yoast SEO plugin v27.4 - https:\/\/yoast.com\/product\/yoast-seo-wordpress\/ -->\n<title>Defensa contra la Deportaci\u00f3n -<\/title>\n<meta name=\"robots\" content=\"index, follow, max-snippet:-1, max-image-preview:large, max-video-preview:-1\" \/>\n<link rel=\"canonical\" href=\"https:\/\/barringerlawfirm.com\/es\/inmigracion\/defensa-contra-la-deportacion\/\" \/>\n<meta property=\"og:locale\" content=\"es_ES\" \/>\n<meta property=\"og:type\" content=\"article\" \/>\n<meta property=\"og:title\" content=\"Defensa contra la Deportaci\u00f3n -\" \/>\n<meta property=\"og:description\" content=\"Abogados de Defensa de Remoci\u00f3n y Deportaci\u00f3n La Deportaci\u00f3n puede perturbar y arruinar la vida de los inmigrantes y de los miembros de su familia que viven en los Estados Unidos. En Barringer Law Firm, nuestro objetivo es ayudar a las personas que desean vivir en los EE. UU. a obtener el derecho legal a...\" \/>\n<meta property=\"og:url\" content=\"https:\/\/barringerlawfirm.com\/es\/inmigracion\/defensa-contra-la-deportacion\/\" \/>\n<meta property=\"article:modified_time\" content=\"2026-01-15T22:13:30+00:00\" \/>\n<meta name=\"twitter:card\" content=\"summary_large_image\" \/>\n<meta name=\"twitter:label1\" content=\"Tiempo de lectura\" \/>\n\t<meta name=\"twitter:data1\" content=\"3 minutos\" \/>\n<script type=\"application\/ld+json\" class=\"yoast-schema-graph\">{\"@context\":\"https:\\\/\\\/schema.org\",\"@graph\":[{\"@type\":\"WebPage\",\"@id\":\"https:\\\/\\\/barringerlawfirm.com\\\/es\\\/inmigracion\\\/defensa-contra-la-deportacion\\\/\",\"url\":\"https:\\\/\\\/barringerlawfirm.com\\\/es\\\/inmigracion\\\/defensa-contra-la-deportacion\\\/\",\"name\":\"Defensa contra la Deportaci\u00f3n -\",\"isPartOf\":{\"@id\":\"https:\\\/\\\/barringerlawfirm.com\\\/es\\\/#website\"},\"datePublished\":\"2022-09-26T20:30:29+00:00\",\"dateModified\":\"2026-01-15T22:13:30+00:00\",\"breadcrumb\":{\"@id\":\"https:\\\/\\\/barringerlawfirm.com\\\/es\\\/inmigracion\\\/defensa-contra-la-deportacion\\\/#breadcrumb\"},\"inLanguage\":\"es\",\"potentialAction\":[{\"@type\":\"ReadAction\",\"target\":[\"https:\\\/\\\/barringerlawfirm.com\\\/es\\\/inmigracion\\\/defensa-contra-la-deportacion\\\/\"]}]},{\"@type\":\"BreadcrumbList\",\"@id\":\"https:\\\/\\\/barringerlawfirm.com\\\/es\\\/inmigracion\\\/defensa-contra-la-deportacion\\\/#breadcrumb\",\"itemListElement\":[{\"@type\":\"ListItem\",\"position\":1,\"name\":\"Home\",\"item\":\"https:\\\/\\\/barringerlawfirm.com\\\/es\\\/bufete-de-abogados\\\/\"},{\"@type\":\"ListItem\",\"position\":2,\"name\":\"Inmigraci\u00f3n\",\"item\":\"https:\\\/\\\/barringerlawfirm.com\\\/es\\\/inmigracion\\\/\"},{\"@type\":\"ListItem\",\"position\":3,\"name\":\"Defensa contra la Deportaci\u00f3n\"}]},{\"@type\":\"WebSite\",\"@id\":\"https:\\\/\\\/barringerlawfirm.com\\\/es\\\/#website\",\"url\":\"https:\\\/\\\/barringerlawfirm.com\\\/es\\\/\",\"name\":\"\",\"description\":\"We apply law to facts\",\"potentialAction\":[{\"@type\":\"SearchAction\",\"target\":{\"@type\":\"EntryPoint\",\"urlTemplate\":\"https:\\\/\\\/barringerlawfirm.com\\\/es\\\/?s={search_term_string}\"},\"query-input\":{\"@type\":\"PropertyValueSpecification\",\"valueRequired\":true,\"valueName\":\"search_term_string\"}}],\"inLanguage\":\"es\"}]}<\/script>\n<!-- \/ Yoast SEO plugin. -->","yoast_head_json":{"title":"Defensa contra la Deportaci\u00f3n -","robots":{"index":"index","follow":"follow","max-snippet":"max-snippet:-1","max-image-preview":"max-image-preview:large","max-video-preview":"max-video-preview:-1"},"canonical":"https:\/\/barringerlawfirm.com\/es\/inmigracion\/defensa-contra-la-deportacion\/","og_locale":"es_ES","og_type":"article","og_title":"Defensa contra la Deportaci\u00f3n -","og_description":"Abogados de Defensa de Remoci\u00f3n y Deportaci\u00f3n La Deportaci\u00f3n puede perturbar y arruinar la vida de los inmigrantes y de los miembros de su familia que viven en los Estados Unidos. En Barringer Law Firm, nuestro objetivo es ayudar a las personas que desean vivir en los EE. UU. a obtener el derecho legal a...","og_url":"https:\/\/barringerlawfirm.com\/es\/inmigracion\/defensa-contra-la-deportacion\/","article_modified_time":"2026-01-15T22:13:30+00:00","twitter_card":"summary_large_image","twitter_misc":{"Tiempo de lectura":"3 minutos"},"schema":{"@context":"https:\/\/schema.org","@graph":[{"@type":"WebPage","@id":"https:\/\/barringerlawfirm.com\/es\/inmigracion\/defensa-contra-la-deportacion\/","url":"https:\/\/barringerlawfirm.com\/es\/inmigracion\/defensa-contra-la-deportacion\/","name":"Defensa contra la Deportaci\u00f3n -","isPartOf":{"@id":"https:\/\/barringerlawfirm.com\/es\/#website"},"datePublished":"2022-09-26T20:30:29+00:00","dateModified":"2026-01-15T22:13:30+00:00","breadcrumb":{"@id":"https:\/\/barringerlawfirm.com\/es\/inmigracion\/defensa-contra-la-deportacion\/#breadcrumb"},"inLanguage":"es","potentialAction":[{"@type":"ReadAction","target":["https:\/\/barringerlawfirm.com\/es\/inmigracion\/defensa-contra-la-deportacion\/"]}]},{"@type":"BreadcrumbList","@id":"https:\/\/barringerlawfirm.com\/es\/inmigracion\/defensa-contra-la-deportacion\/#breadcrumb","itemListElement":[{"@type":"ListItem","position":1,"name":"Home","item":"https:\/\/barringerlawfirm.com\/es\/bufete-de-abogados\/"},{"@type":"ListItem","position":2,"name":"Inmigraci\u00f3n","item":"https:\/\/barringerlawfirm.com\/es\/inmigracion\/"},{"@type":"ListItem","position":3,"name":"Defensa contra la Deportaci\u00f3n"}]},{"@type":"WebSite","@id":"https:\/\/barringerlawfirm.com\/es\/#website","url":"https:\/\/barringerlawfirm.com\/es\/","name":"","description":"We apply law to facts","potentialAction":[{"@type":"SearchAction","target":{"@type":"EntryPoint","urlTemplate":"https:\/\/barringerlawfirm.com\/es\/?s={search_term_string}"},"query-input":{"@type":"PropertyValueSpecification","valueRequired":true,"valueName":"search_term_string"}}],"inLanguage":"es"}]}},"_links":{"self":[{"href":"https:\/\/barringerlawfirm.com\/es\/wp-json\/wp\/v2\/pages\/988719","targetHints":{"allow":["GET"]}}],"collection":[{"href":"https:\/\/barringerlawfirm.com\/es\/wp-json\/wp\/v2\/pages"}],"about":[{"href":"https:\/\/barringerlawfirm.com\/es\/wp-json\/wp\/v2\/types\/page"}],"author":[{"embeddable":true,"href":"https:\/\/barringerlawfirm.com\/es\/wp-json\/wp\/v2\/users\/2"}],"replies":[{"embeddable":true,"href":"https:\/\/barringerlawfirm.com\/es\/wp-json\/wp\/v2\/comments?post=988719"}],"version-history":[{"count":3,"href":"https:\/\/barringerlawfirm.com\/es\/wp-json\/wp\/v2\/pages\/988719\/revisions"}],"predecessor-version":[{"id":988809,"href":"https:\/\/barringerlawfirm.com\/es\/wp-json\/wp\/v2\/pages\/988719\/revisions\/988809"}],"up":[{"embeddable":true,"href":"https:\/\/barringerlawfirm.com\/es\/wp-json\/wp\/v2\/pages\/988670"}],"wp:attachment":[{"href":"https:\/\/barringerlawfirm.com\/es\/wp-json\/wp\/v2\/media?parent=988719"}],"curies":[{"name":"wp","href":"https:\/\/api.w.org\/{rel}","templated":true}]}}