{"id":988725,"date":"2022-09-26T20:31:39","date_gmt":"2022-09-26T20:31:39","guid":{"rendered":"https:\/\/barringerlawfirm.com\/inmigracion\/asilo\/"},"modified":"2026-01-15T21:39:10","modified_gmt":"2026-01-15T21:39:10","slug":"asilo","status":"publish","type":"page","link":"https:\/\/barringerlawfirm.com\/es\/inmigracion\/asilo\/","title":{"rendered":"Asilo"},"content":{"rendered":"\t\t<div data-elementor-type=\"wp-page\" data-elementor-id=\"988725\" class=\"elementor elementor-988725 elementor-523\" data-elementor-post-type=\"page\">\n\t\t\t\t\t\t<section class=\"elementor-section elementor-top-section elementor-element elementor-element-57eb2b2a elementor-section-full_width elementor-section-height-default elementor-section-height-default\" data-id=\"57eb2b2a\" data-element_type=\"section\" data-e-type=\"section\">\n\t\t\t\t\t\t<div class=\"elementor-container elementor-column-gap-no\">\n\t\t\t\t\t<div class=\"elementor-column elementor-col-100 elementor-top-column elementor-element elementor-element-250930a1\" data-id=\"250930a1\" data-element_type=\"column\" data-e-type=\"column\">\n\t\t\t<div class=\"elementor-widget-wrap elementor-element-populated\">\n\t\t\t\t\t\t<div class=\"elementor-element elementor-element-2d9c505b elementor-widget elementor-widget-heading\" data-id=\"2d9c505b\" data-element_type=\"widget\" data-e-type=\"widget\" data-widget_type=\"heading.default\">\n\t\t\t\t<div class=\"elementor-widget-container\">\n\t\t\t\t\t<h2 class=\"elementor-heading-title elementor-size-default\">Abogados de Asilo en Denver, CO<\/h2>\t\t\t\t<\/div>\n\t\t\t\t<\/div>\n\t\t\t\t<div class=\"elementor-element elementor-element-5fe1e6d2 elementor-widget elementor-widget-text-editor\" data-id=\"5fe1e6d2\" data-element_type=\"widget\" data-e-type=\"widget\" data-widget_type=\"text-editor.default\">\n\t\t\t\t<div class=\"elementor-widget-container\">\n\t\t\t\t\t\t\t\t\t<p>Huir de su hogar y de su pa\u00eds por temor a su seguridad es una haza\u00f1a aterradora de soportar. Afortunadamente, los EE. UU. otorgan refugio a las personas que buscan asilo de su pa\u00eds de origen en funci\u00f3n de diversas circunstancias. Nuestros profesionales de asilo en Barringer Law Firm en Denver trabajar\u00e1n con usted para ayudarle a garantizar su seguridad y permanecer legalmente dentro de los Estados Unidos.  <\/p>\t\t\t\t\t\t\t\t<\/div>\n\t\t\t\t<\/div>\n\t\t\t\t<div class=\"elementor-element elementor-element-6ab2e62 elementor-widget elementor-widget-heading\" data-id=\"6ab2e62\" data-element_type=\"widget\" data-e-type=\"widget\" data-widget_type=\"heading.default\">\n\t\t\t\t<div class=\"elementor-widget-container\">\n\t\t\t\t\t<h3 class=\"elementor-heading-title elementor-size-default\">\u00bfQui\u00e9n califica para el Asilo en los Estados Unidos?<\/h3>\t\t\t\t<\/div>\n\t\t\t\t<\/div>\n\t\t\t\t<div class=\"elementor-element elementor-element-2697c42 elementor-widget elementor-widget-text-editor\" data-id=\"2697c42\" data-element_type=\"widget\" data-e-type=\"widget\" data-widget_type=\"text-editor.default\">\n\t\t\t\t<div class=\"elementor-widget-container\">\n\t\t\t\t\t\t\t\t\t<p>Una persona califica para el asilo si teme regresar a su pa\u00eds de origen debido a persecuci\u00f3n o da\u00f1o. Para calificar para el asilo, deben establecer que son refugiados que no pueden o no quieren regresar a su pa\u00eds de nacionalidad en funci\u00f3n de uno de los siguientes factores: <\/p><ul><li>Raza<\/li><li>Nacionalidad<\/li><li>Religi\u00f3n<\/li><li>Opini\u00f3n pol\u00edtica<\/li><li>Pertenencia a un grupo social particular<\/li><\/ul>\t\t\t\t\t\t\t\t<\/div>\n\t\t\t\t<\/div>\n\t\t\t\t<div class=\"elementor-element elementor-element-4144707 elementor-widget elementor-widget-heading\" data-id=\"4144707\" data-element_type=\"widget\" data-e-type=\"widget\" data-widget_type=\"heading.default\">\n\t\t\t\t<div class=\"elementor-widget-container\">\n\t\t\t\t\t<h3 class=\"elementor-heading-title elementor-size-default\">C\u00f3mo solicitar Asilo y c\u00f3mo funciona el proceso<\/h3>\t\t\t\t<\/div>\n\t\t\t\t<\/div>\n\t\t\t\t<div class=\"elementor-element elementor-element-6bd26dd elementor-widget elementor-widget-text-editor\" data-id=\"6bd26dd\" data-element_type=\"widget\" data-e-type=\"widget\" data-widget_type=\"text-editor.default\">\n\t\t\t\t<div class=\"elementor-widget-container\">\n\t\t\t\t\t\t\t\t\t<p>Una vez que una persona es contactada por la Oficina de Aduanas y Protecci\u00f3n Fronteriza (CBP), ser\u00e1 entrevistada sobre el prop\u00f3sito de ingresar a los EE. UU. sin una visa o ingresar sin inspecci\u00f3n (EWI). En este punto, la persona puede explicar que es v\u00edctima de persecuci\u00f3n por parte del gobierno y necesita solicitar asilo debido a su raza, nacionalidad, religi\u00f3n, opini\u00f3n pol\u00edtica o pertenencia a un grupo social en particular. <\/p><p>Si una persona ha ingresado a los EE. UU. buscando asilo, tiene un a\u00f1o a partir de su llegada para presentar el Formulario I-589, Solicitud de Asilo y Suspensi\u00f3n de Remoci\u00f3n, para ser elegible. Junto con el formulario de asilo completo, la persona debe incluir una carta que explique claramente el prop\u00f3sito de huir de su pa\u00eds de origen en lo que respecta a las categor\u00edas anteriores al solicitar asilo. <\/p><p>Una vez que se aprueba la solicitud de asilo, los pasos hacia la residencia permanente se vuelven alcanzables. El siguiente paso es solicitar un permiso de trabajo y, si se aprueba nuevamente, el paso final es solicitar la residencia. <\/p><p>Las personas que han superado el plazo de un a\u00f1o pueden no ser elegibles para solicitar asilo. Sin embargo, existen posibles excepciones al plazo de solicitud de un a\u00f1o. Nuestro equipo de asilo de inmigraci\u00f3n puede ayudarle a explorar sus opciones. Si a una persona se le concede asilo fuera del plazo de un a\u00f1o, es posible que no pueda solicitar la residencia legal permanente.   <\/p>\t\t\t\t\t\t\t\t<\/div>\n\t\t\t\t<\/div>\n\t\t\t\t<div class=\"elementor-element elementor-element-28b8fd8 elementor-widget elementor-widget-heading\" data-id=\"28b8fd8\" data-element_type=\"widget\" data-e-type=\"widget\" data-widget_type=\"heading.default\">\n\t\t\t\t<div class=\"elementor-widget-container\">\n\t\t\t\t\t<h3 class=\"elementor-heading-title elementor-size-default\">Obtenga ayuda para obtener Asilo hoy<\/h3>\t\t\t\t<\/div>\n\t\t\t\t<\/div>\n\t\t\t\t<div class=\"elementor-element elementor-element-5727804 elementor-widget elementor-widget-text-editor\" data-id=\"5727804\" data-element_type=\"widget\" data-e-type=\"widget\" data-widget_type=\"text-editor.default\">\n\t\t\t\t<div class=\"elementor-widget-container\">\n\t\t\t\t\t\t\t\t\t<div class=\"wpb_text_column wpb_content_element \"><div class=\"wpb_wrapper\"><p>Si usted o alguien que conoce est\u00e1 buscando asilo, <a href=\"https:\/\/web.archive.org\/web\/20250712092456\/https:\/\/barringerlawfirm.com\/contact-us\/\">p\u00f3ngase en contacto con nuestros expertos de asilo<\/a> en Barringer Law Firm para comenzar el proceso de solicitud y encontrar seguridad a largo plazo dentro de los Estados Unidos.<\/p><\/div><\/div>\t\t\t\t\t\t\t\t<\/div>\n\t\t\t\t<\/div>\n\t\t\t\t<div class=\"vamtam-has-theme-widget-styles elementor-element elementor-element-ee94385 elementor-align-left vamtam-has-underline-anim elementor-widget elementor-widget-button\" data-id=\"ee94385\" data-element_type=\"widget\" data-e-type=\"widget\" data-widget_type=\"button.default\">\n\t\t\t\t<div class=\"elementor-widget-container\">\n\t\t\t\t\t\t\t\t\t<div class=\"elementor-button-wrapper\">\n\t\t\t\t\t<a class=\"elementor-button elementor-button-link elementor-size-sm\" href=\"tel:+13033772338\">\n\t\t\t\t\t\t<span class=\"elementor-button-content-wrapper\">\n\t\t\t\t\t\t<span class=\"elementor-button-icon\">\n\t\t\t\t<i aria-hidden=\"true\" class=\"vamtamtheme- vamtam-theme-icon-arrow-right-top\"><\/i>\t\t\t<\/span>\n\t\t\t\t\t\t\t\t\t<span class=\"elementor-button-text\">Hable con un abogado de asilo<\/span>\n\t\t\t\t\t<\/span>\n\t\t\t\t\t<\/a>\n\t\t\t\t<\/div>\n\t\t\t\t\t\t\t\t<\/div>\n\t\t\t\t<\/div>\n\t\t\t\t\t<\/div>\n\t\t<\/div>\n\t\t\t\t\t<\/div>\n\t\t<\/section>\n\t\t\t\t<\/div>\n\t\t","protected":false},"excerpt":{"rendered":"<p>Abogados de Asilo en Denver, CO Huir de su hogar y de su pa\u00eds por temor a su seguridad es una haza\u00f1a aterradora de soportar. Afortunadamente, los EE. UU. otorgan refugio a las personas que buscan asilo de su pa\u00eds de origen en funci\u00f3n de diversas circunstancias. Nuestros profesionales de asilo en Barringer Law Firm&#8230;<\/p>\n","protected":false},"author":2,"featured_media":0,"parent":988670,"menu_order":0,"comment_status":"closed","ping_status":"closed","template":"","meta":{"inline_featured_image":false,"footnotes":""},"class_list":["post-988725","page","type-page","status-publish","hentry"],"yoast_head":"<!-- This site is optimized with the Yoast SEO plugin v27.4 - https:\/\/yoast.com\/product\/yoast-seo-wordpress\/ -->\n<title>Asilo -<\/title>\n<meta name=\"robots\" content=\"index, follow, max-snippet:-1, max-image-preview:large, max-video-preview:-1\" \/>\n<link rel=\"canonical\" href=\"https:\/\/barringerlawfirm.com\/es\/inmigracion\/asilo\/\" \/>\n<meta property=\"og:locale\" content=\"es_ES\" \/>\n<meta property=\"og:type\" content=\"article\" \/>\n<meta property=\"og:title\" content=\"Asilo -\" \/>\n<meta property=\"og:description\" content=\"Abogados de Asilo en Denver, CO Huir de su hogar y de su pa\u00eds por temor a su seguridad es una haza\u00f1a aterradora de soportar. Afortunadamente, los EE. UU. otorgan refugio a las personas que buscan asilo de su pa\u00eds de origen en funci\u00f3n de diversas circunstancias. Nuestros profesionales de asilo en Barringer Law Firm...\" \/>\n<meta property=\"og:url\" content=\"https:\/\/barringerlawfirm.com\/es\/inmigracion\/asilo\/\" \/>\n<meta property=\"article:modified_time\" content=\"2026-01-15T21:39:10+00:00\" \/>\n<meta name=\"twitter:card\" content=\"summary_large_image\" \/>\n<meta name=\"twitter:label1\" content=\"Tiempo de lectura\" \/>\n\t<meta name=\"twitter:data1\" content=\"2 minutos\" \/>\n<script type=\"application\/ld+json\" class=\"yoast-schema-graph\">{\"@context\":\"https:\\\/\\\/schema.org\",\"@graph\":[{\"@type\":\"WebPage\",\"@id\":\"https:\\\/\\\/barringerlawfirm.com\\\/es\\\/inmigracion\\\/asilo\\\/\",\"url\":\"https:\\\/\\\/barringerlawfirm.com\\\/es\\\/inmigracion\\\/asilo\\\/\",\"name\":\"Asilo -\",\"isPartOf\":{\"@id\":\"https:\\\/\\\/barringerlawfirm.com\\\/es\\\/#website\"},\"datePublished\":\"2022-09-26T20:31:39+00:00\",\"dateModified\":\"2026-01-15T21:39:10+00:00\",\"breadcrumb\":{\"@id\":\"https:\\\/\\\/barringerlawfirm.com\\\/es\\\/inmigracion\\\/asilo\\\/#breadcrumb\"},\"inLanguage\":\"es\",\"potentialAction\":[{\"@type\":\"ReadAction\",\"target\":[\"https:\\\/\\\/barringerlawfirm.com\\\/es\\\/inmigracion\\\/asilo\\\/\"]}]},{\"@type\":\"BreadcrumbList\",\"@id\":\"https:\\\/\\\/barringerlawfirm.com\\\/es\\\/inmigracion\\\/asilo\\\/#breadcrumb\",\"itemListElement\":[{\"@type\":\"ListItem\",\"position\":1,\"name\":\"Home\",\"item\":\"https:\\\/\\\/barringerlawfirm.com\\\/es\\\/bufete-de-abogados\\\/\"},{\"@type\":\"ListItem\",\"position\":2,\"name\":\"Inmigraci\u00f3n\",\"item\":\"https:\\\/\\\/barringerlawfirm.com\\\/es\\\/inmigracion\\\/\"},{\"@type\":\"ListItem\",\"position\":3,\"name\":\"Asilo\"}]},{\"@type\":\"WebSite\",\"@id\":\"https:\\\/\\\/barringerlawfirm.com\\\/es\\\/#website\",\"url\":\"https:\\\/\\\/barringerlawfirm.com\\\/es\\\/\",\"name\":\"\",\"description\":\"We apply law to facts\",\"potentialAction\":[{\"@type\":\"SearchAction\",\"target\":{\"@type\":\"EntryPoint\",\"urlTemplate\":\"https:\\\/\\\/barringerlawfirm.com\\\/es\\\/?s={search_term_string}\"},\"query-input\":{\"@type\":\"PropertyValueSpecification\",\"valueRequired\":true,\"valueName\":\"search_term_string\"}}],\"inLanguage\":\"es\"}]}<\/script>\n<!-- \/ Yoast SEO plugin. -->","yoast_head_json":{"title":"Asilo -","robots":{"index":"index","follow":"follow","max-snippet":"max-snippet:-1","max-image-preview":"max-image-preview:large","max-video-preview":"max-video-preview:-1"},"canonical":"https:\/\/barringerlawfirm.com\/es\/inmigracion\/asilo\/","og_locale":"es_ES","og_type":"article","og_title":"Asilo -","og_description":"Abogados de Asilo en Denver, CO Huir de su hogar y de su pa\u00eds por temor a su seguridad es una haza\u00f1a aterradora de soportar. Afortunadamente, los EE. UU. otorgan refugio a las personas que buscan asilo de su pa\u00eds de origen en funci\u00f3n de diversas circunstancias. Nuestros profesionales de asilo en Barringer Law Firm...","og_url":"https:\/\/barringerlawfirm.com\/es\/inmigracion\/asilo\/","article_modified_time":"2026-01-15T21:39:10+00:00","twitter_card":"summary_large_image","twitter_misc":{"Tiempo de lectura":"2 minutos"},"schema":{"@context":"https:\/\/schema.org","@graph":[{"@type":"WebPage","@id":"https:\/\/barringerlawfirm.com\/es\/inmigracion\/asilo\/","url":"https:\/\/barringerlawfirm.com\/es\/inmigracion\/asilo\/","name":"Asilo -","isPartOf":{"@id":"https:\/\/barringerlawfirm.com\/es\/#website"},"datePublished":"2022-09-26T20:31:39+00:00","dateModified":"2026-01-15T21:39:10+00:00","breadcrumb":{"@id":"https:\/\/barringerlawfirm.com\/es\/inmigracion\/asilo\/#breadcrumb"},"inLanguage":"es","potentialAction":[{"@type":"ReadAction","target":["https:\/\/barringerlawfirm.com\/es\/inmigracion\/asilo\/"]}]},{"@type":"BreadcrumbList","@id":"https:\/\/barringerlawfirm.com\/es\/inmigracion\/asilo\/#breadcrumb","itemListElement":[{"@type":"ListItem","position":1,"name":"Home","item":"https:\/\/barringerlawfirm.com\/es\/bufete-de-abogados\/"},{"@type":"ListItem","position":2,"name":"Inmigraci\u00f3n","item":"https:\/\/barringerlawfirm.com\/es\/inmigracion\/"},{"@type":"ListItem","position":3,"name":"Asilo"}]},{"@type":"WebSite","@id":"https:\/\/barringerlawfirm.com\/es\/#website","url":"https:\/\/barringerlawfirm.com\/es\/","name":"","description":"We apply law to facts","potentialAction":[{"@type":"SearchAction","target":{"@type":"EntryPoint","urlTemplate":"https:\/\/barringerlawfirm.com\/es\/?s={search_term_string}"},"query-input":{"@type":"PropertyValueSpecification","valueRequired":true,"valueName":"search_term_string"}}],"inLanguage":"es"}]}},"_links":{"self":[{"href":"https:\/\/barringerlawfirm.com\/es\/wp-json\/wp\/v2\/pages\/988725","targetHints":{"allow":["GET"]}}],"collection":[{"href":"https:\/\/barringerlawfirm.com\/es\/wp-json\/wp\/v2\/pages"}],"about":[{"href":"https:\/\/barringerlawfirm.com\/es\/wp-json\/wp\/v2\/types\/page"}],"author":[{"embeddable":true,"href":"https:\/\/barringerlawfirm.com\/es\/wp-json\/wp\/v2\/users\/2"}],"replies":[{"embeddable":true,"href":"https:\/\/barringerlawfirm.com\/es\/wp-json\/wp\/v2\/comments?post=988725"}],"version-history":[{"count":3,"href":"https:\/\/barringerlawfirm.com\/es\/wp-json\/wp\/v2\/pages\/988725\/revisions"}],"predecessor-version":[{"id":988805,"href":"https:\/\/barringerlawfirm.com\/es\/wp-json\/wp\/v2\/pages\/988725\/revisions\/988805"}],"up":[{"embeddable":true,"href":"https:\/\/barringerlawfirm.com\/es\/wp-json\/wp\/v2\/pages\/988670"}],"wp:attachment":[{"href":"https:\/\/barringerlawfirm.com\/es\/wp-json\/wp\/v2\/media?parent=988725"}],"curies":[{"name":"wp","href":"https:\/\/api.w.org\/{rel}","templated":true}]}}