{"id":988727,"date":"2022-09-26T20:31:59","date_gmt":"2022-09-26T20:31:59","guid":{"rendered":"https:\/\/barringerlawfirm.com\/inmigracion\/peticiones\/"},"modified":"2026-01-14T21:45:42","modified_gmt":"2026-01-14T21:45:42","slug":"peticiones","status":"publish","type":"page","link":"https:\/\/barringerlawfirm.com\/es\/inmigracion\/peticiones\/","title":{"rendered":"Peticiones"},"content":{"rendered":"\t\t<div data-elementor-type=\"wp-page\" data-elementor-id=\"988727\" class=\"elementor elementor-988727 elementor-525\" data-elementor-post-type=\"page\">\n\t\t\t\t\t\t<section class=\"elementor-section elementor-top-section elementor-element elementor-element-637b1b51 elementor-section-full_width elementor-section-height-default elementor-section-height-default\" data-id=\"637b1b51\" data-element_type=\"section\" data-e-type=\"section\">\n\t\t\t\t\t\t<div class=\"elementor-container elementor-column-gap-no\">\n\t\t\t\t\t<div class=\"elementor-column elementor-col-100 elementor-top-column elementor-element elementor-element-69b1e40e\" data-id=\"69b1e40e\" data-element_type=\"column\" data-e-type=\"column\">\n\t\t\t<div class=\"elementor-widget-wrap elementor-element-populated\">\n\t\t\t\t\t\t<div class=\"elementor-element elementor-element-28d0928a elementor-widget elementor-widget-heading\" data-id=\"28d0928a\" data-element_type=\"widget\" data-e-type=\"widget\" data-widget_type=\"heading.default\">\n\t\t\t\t<div class=\"elementor-widget-container\">\n\t\t\t\t\t<h2 class=\"elementor-heading-title elementor-size-default\">Petici\u00f3n familiar para la residencia<\/h2>\t\t\t\t<\/div>\n\t\t\t\t<\/div>\n\t\t\t\t<div class=\"elementor-element elementor-element-a290a1f elementor-widget elementor-widget-text-editor\" data-id=\"a290a1f\" data-element_type=\"widget\" data-e-type=\"widget\" data-widget_type=\"text-editor.default\">\n\t\t\t\t<div class=\"elementor-widget-container\">\n\t\t\t\t\t\t\t\t\t<p>Si usted es ciudadano estadounidense o residente permanente legal (LPR), puede ser elegible para solicitar a un familiar o c\u00f3nyuge que adquiera la residencia en los EE. UU. Los abogados de inmigraci\u00f3n de Barringer Law Firm pueden ayudar y apoyar a su familiar o ser querido a trav\u00e9s del proceso de petici\u00f3n familiar y hacia el camino para convertirse en residente de los EE. UU. Entendemos la importancia y la seguridad que la residencia ofrece a un miembro de la familia, y estamos aqu\u00ed para brindarle los mejores recursos y orientaci\u00f3n para lograrlo.<\/p>\t\t\t\t\t\t\t\t<\/div>\n\t\t\t\t<\/div>\n\t\t\t\t<div class=\"elementor-element elementor-element-5280f31 elementor-widget elementor-widget-heading\" data-id=\"5280f31\" data-element_type=\"widget\" data-e-type=\"widget\" data-widget_type=\"heading.default\">\n\t\t\t\t<div class=\"elementor-widget-container\">\n\t\t\t\t\t<h3 class=\"elementor-heading-title elementor-size-default\">Nuestros servicios de petici\u00f3n familiar:<\/h3>\t\t\t\t<\/div>\n\t\t\t\t<\/div>\n\t\t\t\t<div class=\"elementor-element elementor-element-335421e elementor-widget elementor-widget-text-editor\" data-id=\"335421e\" data-element_type=\"widget\" data-e-type=\"widget\" data-widget_type=\"text-editor.default\">\n\t\t\t\t<div class=\"elementor-widget-container\">\n\t\t\t\t\t\t\t\t\t<p>Las leyes de inmigraci\u00f3n de los EE. UU. permiten que los c\u00f3nyuges y familiares de ciudadanos estadounidenses o residentes permanentes legales (LPR) se conviertan en residentes a trav\u00e9s del proceso de petici\u00f3n familiar. Los requisitos de la petici\u00f3n de inmigraci\u00f3n diferir\u00e1n seg\u00fan la relaci\u00f3n del miembro de la familia. Puede presentar una petici\u00f3n para lo siguiente:<\/p><ul><li>C\u00f3nyuge (marido o mujer)<\/li><li>Padre o hijo<\/li><li>Hermano (hermano o hermana)<\/li><\/ul>\t\t\t\t\t\t\t\t<\/div>\n\t\t\t\t<\/div>\n\t\t\t\t<div class=\"elementor-element elementor-element-5128996 elementor-widget elementor-widget-heading\" data-id=\"5128996\" data-element_type=\"widget\" data-e-type=\"widget\" data-widget_type=\"heading.default\">\n\t\t\t\t<div class=\"elementor-widget-container\">\n\t\t\t\t\t<h3 class=\"elementor-heading-title elementor-size-default\">C\u00f3mo funciona el proceso de petici\u00f3n de inmigraci\u00f3n:<\/h3>\t\t\t\t<\/div>\n\t\t\t\t<\/div>\n\t\t\t\t<div class=\"elementor-element elementor-element-554da52 elementor-widget elementor-widget-text-editor\" data-id=\"554da52\" data-element_type=\"widget\" data-e-type=\"widget\" data-widget_type=\"text-editor.default\">\n\t\t\t\t<div class=\"elementor-widget-container\">\n\t\t\t\t\t\t\t\t\t<p>El proceso comienza presentando el Formulario 1-130, Petici\u00f3n para un familiar extranjero, para establecer su relaci\u00f3n con un c\u00f3nyuge o familiar. Este paso se puede realizar en l\u00ednea o en papel y debe contener la documentaci\u00f3n de respaldo y una tarifa de presentaci\u00f3n de $535.<\/p><p>Si se aprueba la petici\u00f3n y su familiar reside actualmente en los Estados Unidos, es elegible para presentar el Formulario 1-485, Solicitud para registrar la residencia permanente o ajustar el estatus. Si se aprueba la petici\u00f3n y su familiar o ser querido reside fuera de los Estados Unidos, el Centro Nacional de Visas se comunicar\u00e1 para los pr\u00f3ximos pasos.<\/p>\t\t\t\t\t\t\t\t<\/div>\n\t\t\t\t<\/div>\n\t\t\t\t<div class=\"elementor-element elementor-element-1544017 elementor-widget elementor-widget-heading\" data-id=\"1544017\" data-element_type=\"widget\" data-e-type=\"widget\" data-widget_type=\"heading.default\">\n\t\t\t\t<div class=\"elementor-widget-container\">\n\t\t\t\t\t<h3 class=\"elementor-heading-title elementor-size-default\">Abogados de peticiones familiares en Denver, Colorado<\/h3>\t\t\t\t<\/div>\n\t\t\t\t<\/div>\n\t\t\t\t<div class=\"elementor-element elementor-element-b0ef893 elementor-widget elementor-widget-text-editor\" data-id=\"b0ef893\" data-element_type=\"widget\" data-e-type=\"widget\" data-widget_type=\"text-editor.default\">\n\t\t\t\t<div class=\"elementor-widget-container\">\n\t\t\t\t\t\t\t\t\t<div class=\"wpb_text_column wpb_content_element \"><div class=\"wpb_wrapper\"><p>Hay m\u00faltiples factores en juego a lo largo del proceso de petici\u00f3n familiar que pueden afectar la elegibilidad o la aprobaci\u00f3n de las peticiones de inmigraci\u00f3n. Entendemos que los pasos posteriores a la aprobaci\u00f3n pueden ser desafiantes y requerir diligencia, por lo que estamos aqu\u00ed para ayudar.<\/p><p>Si usted o alguien que conoce tiene alguna pregunta sobre las peticiones de inmigraci\u00f3n familiar o encuentra el proceso desafiante, p\u00f3ngase en contacto con los abogados de inmigraci\u00f3n familiar de Barringer Law Firm.<\/p><\/div><\/div>\t\t\t\t\t\t\t\t<\/div>\n\t\t\t\t<\/div>\n\t\t\t\t<div class=\"vamtam-has-theme-widget-styles elementor-element elementor-element-7753ca5 elementor-align-left vamtam-has-underline-anim elementor-widget elementor-widget-button\" data-id=\"7753ca5\" data-element_type=\"widget\" data-e-type=\"widget\" data-widget_type=\"button.default\">\n\t\t\t\t<div class=\"elementor-widget-container\">\n\t\t\t\t\t\t\t\t\t<div class=\"elementor-button-wrapper\">\n\t\t\t\t\t<a class=\"elementor-button elementor-button-link elementor-size-sm\" href=\"https:\/\/barringerlawfirm.com\/es\/contacto\/\">\n\t\t\t\t\t\t<span class=\"elementor-button-content-wrapper\">\n\t\t\t\t\t\t<span class=\"elementor-button-icon\">\n\t\t\t\t<i aria-hidden=\"true\" class=\"vamtamtheme- vamtam-theme-icon-arrow-right-top\"><\/i>\t\t\t<\/span>\n\t\t\t\t\t\t\t\t\t<span class=\"elementor-button-text\">Obtenga ayuda con las peticiones de inmigraci\u00f3n familiar<\/span>\n\t\t\t\t\t<\/span>\n\t\t\t\t\t<\/a>\n\t\t\t\t<\/div>\n\t\t\t\t\t\t\t\t<\/div>\n\t\t\t\t<\/div>\n\t\t\t\t\t<\/div>\n\t\t<\/div>\n\t\t\t\t\t<\/div>\n\t\t<\/section>\n\t\t\t\t<\/div>\n\t\t","protected":false},"excerpt":{"rendered":"<p>Petici\u00f3n familiar para la residencia Si usted es ciudadano estadounidense o residente permanente legal (LPR), puede ser elegible para solicitar a un familiar o c\u00f3nyuge que adquiera la residencia en los EE. UU. Los abogados de inmigraci\u00f3n de Barringer Law Firm pueden ayudar y apoyar a su familiar o ser querido a trav\u00e9s del proceso&#8230;<\/p>\n","protected":false},"author":2,"featured_media":0,"parent":988670,"menu_order":0,"comment_status":"closed","ping_status":"closed","template":"","meta":{"inline_featured_image":false,"footnotes":""},"class_list":["post-988727","page","type-page","status-publish","hentry"],"yoast_head":"<!-- This site is optimized with the Yoast SEO plugin v27.4 - https:\/\/yoast.com\/product\/yoast-seo-wordpress\/ -->\n<title>Peticiones -<\/title>\n<meta name=\"robots\" content=\"index, follow, max-snippet:-1, max-image-preview:large, max-video-preview:-1\" \/>\n<link rel=\"canonical\" href=\"https:\/\/barringerlawfirm.com\/es\/inmigracion\/peticiones\/\" \/>\n<meta property=\"og:locale\" content=\"es_ES\" \/>\n<meta property=\"og:type\" content=\"article\" \/>\n<meta property=\"og:title\" content=\"Peticiones -\" \/>\n<meta property=\"og:description\" content=\"Petici\u00f3n familiar para la residencia Si usted es ciudadano estadounidense o residente permanente legal (LPR), puede ser elegible para solicitar a un familiar o c\u00f3nyuge que adquiera la residencia en los EE. UU. Los abogados de inmigraci\u00f3n de Barringer Law Firm pueden ayudar y apoyar a su familiar o ser querido a trav\u00e9s del proceso...\" \/>\n<meta property=\"og:url\" content=\"https:\/\/barringerlawfirm.com\/es\/inmigracion\/peticiones\/\" \/>\n<meta property=\"article:modified_time\" content=\"2026-01-14T21:45:42+00:00\" \/>\n<meta name=\"twitter:card\" content=\"summary_large_image\" \/>\n<meta name=\"twitter:label1\" content=\"Tiempo de lectura\" \/>\n\t<meta name=\"twitter:data1\" content=\"2 minutos\" \/>\n<script type=\"application\/ld+json\" class=\"yoast-schema-graph\">{\"@context\":\"https:\\\/\\\/schema.org\",\"@graph\":[{\"@type\":\"WebPage\",\"@id\":\"https:\\\/\\\/barringerlawfirm.com\\\/es\\\/inmigracion\\\/peticiones\\\/\",\"url\":\"https:\\\/\\\/barringerlawfirm.com\\\/es\\\/inmigracion\\\/peticiones\\\/\",\"name\":\"Peticiones -\",\"isPartOf\":{\"@id\":\"https:\\\/\\\/barringerlawfirm.com\\\/es\\\/#website\"},\"datePublished\":\"2022-09-26T20:31:59+00:00\",\"dateModified\":\"2026-01-14T21:45:42+00:00\",\"breadcrumb\":{\"@id\":\"https:\\\/\\\/barringerlawfirm.com\\\/es\\\/inmigracion\\\/peticiones\\\/#breadcrumb\"},\"inLanguage\":\"es\",\"potentialAction\":[{\"@type\":\"ReadAction\",\"target\":[\"https:\\\/\\\/barringerlawfirm.com\\\/es\\\/inmigracion\\\/peticiones\\\/\"]}]},{\"@type\":\"BreadcrumbList\",\"@id\":\"https:\\\/\\\/barringerlawfirm.com\\\/es\\\/inmigracion\\\/peticiones\\\/#breadcrumb\",\"itemListElement\":[{\"@type\":\"ListItem\",\"position\":1,\"name\":\"Home\",\"item\":\"https:\\\/\\\/barringerlawfirm.com\\\/es\\\/bufete-de-abogados\\\/\"},{\"@type\":\"ListItem\",\"position\":2,\"name\":\"Inmigraci\u00f3n\",\"item\":\"https:\\\/\\\/barringerlawfirm.com\\\/es\\\/inmigracion\\\/\"},{\"@type\":\"ListItem\",\"position\":3,\"name\":\"Peticiones\"}]},{\"@type\":\"WebSite\",\"@id\":\"https:\\\/\\\/barringerlawfirm.com\\\/es\\\/#website\",\"url\":\"https:\\\/\\\/barringerlawfirm.com\\\/es\\\/\",\"name\":\"\",\"description\":\"We apply law to facts\",\"potentialAction\":[{\"@type\":\"SearchAction\",\"target\":{\"@type\":\"EntryPoint\",\"urlTemplate\":\"https:\\\/\\\/barringerlawfirm.com\\\/es\\\/?s={search_term_string}\"},\"query-input\":{\"@type\":\"PropertyValueSpecification\",\"valueRequired\":true,\"valueName\":\"search_term_string\"}}],\"inLanguage\":\"es\"}]}<\/script>\n<!-- \/ Yoast SEO plugin. -->","yoast_head_json":{"title":"Peticiones -","robots":{"index":"index","follow":"follow","max-snippet":"max-snippet:-1","max-image-preview":"max-image-preview:large","max-video-preview":"max-video-preview:-1"},"canonical":"https:\/\/barringerlawfirm.com\/es\/inmigracion\/peticiones\/","og_locale":"es_ES","og_type":"article","og_title":"Peticiones -","og_description":"Petici\u00f3n familiar para la residencia Si usted es ciudadano estadounidense o residente permanente legal (LPR), puede ser elegible para solicitar a un familiar o c\u00f3nyuge que adquiera la residencia en los EE. UU. Los abogados de inmigraci\u00f3n de Barringer Law Firm pueden ayudar y apoyar a su familiar o ser querido a trav\u00e9s del proceso...","og_url":"https:\/\/barringerlawfirm.com\/es\/inmigracion\/peticiones\/","article_modified_time":"2026-01-14T21:45:42+00:00","twitter_card":"summary_large_image","twitter_misc":{"Tiempo de lectura":"2 minutos"},"schema":{"@context":"https:\/\/schema.org","@graph":[{"@type":"WebPage","@id":"https:\/\/barringerlawfirm.com\/es\/inmigracion\/peticiones\/","url":"https:\/\/barringerlawfirm.com\/es\/inmigracion\/peticiones\/","name":"Peticiones -","isPartOf":{"@id":"https:\/\/barringerlawfirm.com\/es\/#website"},"datePublished":"2022-09-26T20:31:59+00:00","dateModified":"2026-01-14T21:45:42+00:00","breadcrumb":{"@id":"https:\/\/barringerlawfirm.com\/es\/inmigracion\/peticiones\/#breadcrumb"},"inLanguage":"es","potentialAction":[{"@type":"ReadAction","target":["https:\/\/barringerlawfirm.com\/es\/inmigracion\/peticiones\/"]}]},{"@type":"BreadcrumbList","@id":"https:\/\/barringerlawfirm.com\/es\/inmigracion\/peticiones\/#breadcrumb","itemListElement":[{"@type":"ListItem","position":1,"name":"Home","item":"https:\/\/barringerlawfirm.com\/es\/bufete-de-abogados\/"},{"@type":"ListItem","position":2,"name":"Inmigraci\u00f3n","item":"https:\/\/barringerlawfirm.com\/es\/inmigracion\/"},{"@type":"ListItem","position":3,"name":"Peticiones"}]},{"@type":"WebSite","@id":"https:\/\/barringerlawfirm.com\/es\/#website","url":"https:\/\/barringerlawfirm.com\/es\/","name":"","description":"We apply law to facts","potentialAction":[{"@type":"SearchAction","target":{"@type":"EntryPoint","urlTemplate":"https:\/\/barringerlawfirm.com\/es\/?s={search_term_string}"},"query-input":{"@type":"PropertyValueSpecification","valueRequired":true,"valueName":"search_term_string"}}],"inLanguage":"es"}]}},"_links":{"self":[{"href":"https:\/\/barringerlawfirm.com\/es\/wp-json\/wp\/v2\/pages\/988727","targetHints":{"allow":["GET"]}}],"collection":[{"href":"https:\/\/barringerlawfirm.com\/es\/wp-json\/wp\/v2\/pages"}],"about":[{"href":"https:\/\/barringerlawfirm.com\/es\/wp-json\/wp\/v2\/types\/page"}],"author":[{"embeddable":true,"href":"https:\/\/barringerlawfirm.com\/es\/wp-json\/wp\/v2\/users\/2"}],"replies":[{"embeddable":true,"href":"https:\/\/barringerlawfirm.com\/es\/wp-json\/wp\/v2\/comments?post=988727"}],"version-history":[{"count":1,"href":"https:\/\/barringerlawfirm.com\/es\/wp-json\/wp\/v2\/pages\/988727\/revisions"}],"predecessor-version":[{"id":988728,"href":"https:\/\/barringerlawfirm.com\/es\/wp-json\/wp\/v2\/pages\/988727\/revisions\/988728"}],"up":[{"embeddable":true,"href":"https:\/\/barringerlawfirm.com\/es\/wp-json\/wp\/v2\/pages\/988670"}],"wp:attachment":[{"href":"https:\/\/barringerlawfirm.com\/es\/wp-json\/wp\/v2\/media?parent=988727"}],"curies":[{"name":"wp","href":"https:\/\/api.w.org\/{rel}","templated":true}]}}