{"id":988733,"date":"2022-09-26T20:32:34","date_gmt":"2022-09-26T20:32:34","guid":{"rendered":"https:\/\/barringerlawfirm.com\/inmigracion\/residencia-basada-en-el-matrimonio\/"},"modified":"2026-01-15T14:33:03","modified_gmt":"2026-01-15T14:33:03","slug":"residencia-basada-en-el-matrimonio","status":"publish","type":"page","link":"https:\/\/barringerlawfirm.com\/es\/inmigracion\/residencia-basada-en-el-matrimonio\/","title":{"rendered":"Residencia Basada en el Matrimonio"},"content":{"rendered":"\t\t<div data-elementor-type=\"wp-page\" data-elementor-id=\"988733\" class=\"elementor elementor-988733 elementor-529\" data-elementor-post-type=\"page\">\n\t\t\t\t\t\t<section class=\"elementor-section elementor-top-section elementor-element elementor-element-10b5d669 elementor-section-full_width elementor-section-height-default elementor-section-height-default\" data-id=\"10b5d669\" data-element_type=\"section\" data-e-type=\"section\">\n\t\t\t\t\t\t<div class=\"elementor-container elementor-column-gap-no\">\n\t\t\t\t\t<div class=\"elementor-column elementor-col-100 elementor-top-column elementor-element elementor-element-67d8b9a9\" data-id=\"67d8b9a9\" data-element_type=\"column\" data-e-type=\"column\">\n\t\t\t<div class=\"elementor-widget-wrap elementor-element-populated\">\n\t\t\t\t\t\t<div class=\"elementor-element elementor-element-3387e12 elementor-widget elementor-widget-heading\" data-id=\"3387e12\" data-element_type=\"widget\" data-e-type=\"widget\" data-widget_type=\"heading.default\">\n\t\t\t\t<div class=\"elementor-widget-container\">\n\t\t\t\t\t<h2 class=\"elementor-heading-title elementor-size-default\">Abogados de Residencia por Matrimonio en CO<\/h2>\t\t\t\t<\/div>\n\t\t\t\t<\/div>\n\t\t\t\t<div class=\"elementor-element elementor-element-289e1cd3 elementor-widget elementor-widget-text-editor\" data-id=\"289e1cd3\" data-element_type=\"widget\" data-e-type=\"widget\" data-widget_type=\"text-editor.default\">\n\t\t\t\t<div class=\"elementor-widget-container\">\n\t\t\t\t\t\t\t\t\t<div>\n<div id=\"vc_row-6871960002642\" class=\"vc_row wpb_row vc_row-fluid\">\n<div class=\"wpb_column vc_column_container vc_col-sm-6\">\n<div class=\"vc_column-inner \">\n<div class=\"wpb_wrapper\">\n<div class=\"wpb_text_column wpb_content_element \">\n<div class=\"wpb_wrapper\">\n<div class=\"styled-subtitle\">Ya sea que usted sea ciudadano estadounidense o Residente Permanente Legal (LPR), puede ayudar a su pareja a solicitar una green card por matrimonio y comenzar a vivir su vida juntos en los Estados Unidos. En Barringer Law Firm, queremos ayudar a reunirlo con su ser querido y asegurar su derecho a la residencia permanente legal por matrimonio. Nuestro equipo de abogados de inmigraci\u00f3n en Denver est\u00e1 listo para ayudarlo a usted y a su c\u00f3nyuge a trav\u00e9s del proceso de residencia basada en el matrimonio.  <\/div>\n<\/div>\n<\/div>\n<\/div>\n<\/div>\n<\/div>\n<\/div>\n<div id=\"vc_row-6871960002bb7\" class=\"vc_row wpb_row vc_row-fluid\">\n<div class=\"wpb_column vc_column_container vc_col-sm-12\">\n<div class=\"vc_column-inner \">\n<div class=\"wpb_wrapper\">\n<div class=\"wpb_text_column wpb_content_element \">\n<div class=\"wpb_wrapper\"> <\/div>\n<\/div>\n<\/div>\n<\/div>\n<\/div>\n<\/div>\n<\/div>\t\t\t\t\t\t\t\t<\/div>\n\t\t\t\t<\/div>\n\t\t\t\t<div class=\"elementor-element elementor-element-dc6360c elementor-widget elementor-widget-heading\" data-id=\"dc6360c\" data-element_type=\"widget\" data-e-type=\"widget\" data-widget_type=\"heading.default\">\n\t\t\t\t<div class=\"elementor-widget-container\">\n\t\t\t\t\t<h3 class=\"elementor-heading-title elementor-size-default\">C\u00f3mo solicitar la residencia en EE. UU. a trav\u00e9s del matrimonio:\n<\/h3>\t\t\t\t<\/div>\n\t\t\t\t<\/div>\n\t\t\t\t<div class=\"elementor-element elementor-element-eb65471 elementor-widget elementor-widget-text-editor\" data-id=\"eb65471\" data-element_type=\"widget\" data-e-type=\"widget\" data-widget_type=\"text-editor.default\">\n\t\t\t\t<div class=\"elementor-widget-container\">\n\t\t\t\t\t\t\t\t\t<div>\n<div id=\"vc_row-6871960002642\" class=\"vc_row wpb_row vc_row-fluid\">\n<div class=\"wpb_column vc_column_container vc_col-sm-6\">\n<div class=\"vc_column-inner \">\n<div class=\"wpb_wrapper\">\n<div class=\"wpb_text_column wpb_content_element \">\n<div class=\"wpb_wrapper\">\n<div class=\"styled-subtitle\">\n<p>Una persona puede ser ciudadano estadounidense o titular de una Green Card para solicitar que su c\u00f3nyuge viva en los Estados Unidos. Para iniciar el proceso, el peticionario debe: <\/p>\n<ul>\n<li>Enviar el Formulario I-130, Petici\u00f3n de Familiar Extranjero<\/li>\n<li>Mostrar evidencia de ciudadan\u00eda estadounidense o Green Card (Residente Permanente Legal)<\/li>\n<\/ul>\n<p>Una vez que se hayan enviado los formularios y documentos de respaldo, el siguiente paso es que usted y su c\u00f3nyuge participen en una entrevista formal de inmigraci\u00f3n por matrimonio. El proceso de entrevista es el \u00faltimo gran paso para obtener una residencia basada en el matrimonio. Est\u00e9 preparado para responder preguntas sobre su relaci\u00f3n y mostrar su licencia de matrimonio y documentaci\u00f3n adicional. El tiempo para procesar una Green Card por matrimonio variar\u00e1, pero generalmente toma hasta 2 a\u00f1os si el peticionario vive en los Estados Unidos y hasta 3 a\u00f1os si el peticionario vive en el extranjero.   <\/p>\n<\/div>\n<\/div>\n<\/div>\n<\/div>\n<\/div>\n<\/div>\n<\/div>\n<\/div>\t\t\t\t\t\t\t\t<\/div>\n\t\t\t\t<\/div>\n\t\t\t\t<div class=\"elementor-element elementor-element-6242e5f elementor-widget elementor-widget-heading\" data-id=\"6242e5f\" data-element_type=\"widget\" data-e-type=\"widget\" data-widget_type=\"heading.default\">\n\t\t\t\t<div class=\"elementor-widget-container\">\n\t\t\t\t\t<h3 class=\"elementor-heading-title elementor-size-default\">Visas de Residencia por Matrimonio y Factores<\/h3>\t\t\t\t<\/div>\n\t\t\t\t<\/div>\n\t\t\t\t<div class=\"elementor-element elementor-element-dbc5c5d elementor-widget elementor-widget-text-editor\" data-id=\"dbc5c5d\" data-element_type=\"widget\" data-e-type=\"widget\" data-widget_type=\"text-editor.default\">\n\t\t\t\t<div class=\"elementor-widget-container\">\n\t\t\t\t\t\t\t\t\t<div id=\"vc_row-6871960002642\" class=\"vc_row wpb_row vc_row-fluid\">\n<div class=\"wpb_column vc_column_container vc_col-sm-6\">\n<div class=\"vc_column-inner \">\n<div class=\"wpb_wrapper\">\n<div class=\"wpb_text_column wpb_content_element \">\n<div class=\"wpb_wrapper\">\n<div class=\"styled-subtitle\">\n<p>Usted y su c\u00f3nyuge no tienen que vivir separados mientras solicitan la residencia permanente y buscan un ajuste de estatus a trav\u00e9s del matrimonio. Como parte del proceso de residencia por matrimonio, su c\u00f3nyuge puede vivir con usted en los Estados Unidos con la visa y documentaci\u00f3n apropiada. <\/p>\n<\/div>\n<\/div>\n<\/div>\n<\/div>\n<\/div>\n<\/div>\n<\/div>\t\t\t\t\t\t\t\t<\/div>\n\t\t\t\t<\/div>\n\t\t\t\t<div class=\"elementor-element elementor-element-79727f9 elementor-widget elementor-widget-heading\" data-id=\"79727f9\" data-element_type=\"widget\" data-e-type=\"widget\" data-widget_type=\"heading.default\">\n\t\t\t\t<div class=\"elementor-widget-container\">\n\t\t\t\t\t<h3 class=\"elementor-heading-title elementor-size-default\">Visas K-3<\/h3>\t\t\t\t<\/div>\n\t\t\t\t<\/div>\n\t\t\t\t<div class=\"elementor-element elementor-element-1255e66 elementor-widget elementor-widget-text-editor\" data-id=\"1255e66\" data-element_type=\"widget\" data-e-type=\"widget\" data-widget_type=\"text-editor.default\">\n\t\t\t\t<div class=\"elementor-widget-container\">\n\t\t\t\t\t\t\t\t\t<div id=\"vc_row-6871960002642\" class=\"vc_row wpb_row vc_row-fluid\">\n<div class=\"wpb_column vc_column_container vc_col-sm-6\">\n<div class=\"vc_column-inner \">\n<div class=\"wpb_wrapper\">\n<div class=\"wpb_text_column wpb_content_element \">\n<div class=\"wpb_wrapper\">\n<div class=\"styled-subtitle\">\n<ul>\n<li>Si usted es ciudadano estadounidense, una vez que presente el Formulario I-130, Petici\u00f3n de Familiar Extranjero, y el Formulario I-129F, Petici\u00f3n de Prometido(a) Extranjero(a), su c\u00f3nyuge es elegible para solicitar una Visa K-3 de no inmigrante. La Visa K-3 permitir\u00eda a su c\u00f3nyuge vivir en los Estados Unidos por un per\u00edodo de 2 a\u00f1os mientras espera la aprobaci\u00f3n de la residencia basada en el matrimonio. <\/li>\n<li>Si un c\u00f3nyuge es admitido en los EE. UU. con una Visa K-3, est\u00e1 autorizado para trabajar. El siguiente paso ser\u00eda enviar el Formulario I-765, Solicitud de Autorizaci\u00f3n de Empleo, para comenzar a trabajar en los EE. UU. <\/li>\n<\/ul>\n<\/div>\n<\/div>\n<\/div>\n<\/div>\n<\/div>\n<\/div>\n<\/div>\t\t\t\t\t\t\t\t<\/div>\n\t\t\t\t<\/div>\n\t\t\t\t<div class=\"elementor-element elementor-element-b47e8b7 elementor-widget elementor-widget-heading\" data-id=\"b47e8b7\" data-element_type=\"widget\" data-e-type=\"widget\" data-widget_type=\"heading.default\">\n\t\t\t\t<div class=\"elementor-widget-container\">\n\t\t\t\t\t<h3 class=\"elementor-heading-title elementor-size-default\">Factores Adicionales<\/h3>\t\t\t\t<\/div>\n\t\t\t\t<\/div>\n\t\t\t\t<div class=\"elementor-element elementor-element-5f91d3c elementor-widget elementor-widget-text-editor\" data-id=\"5f91d3c\" data-element_type=\"widget\" data-e-type=\"widget\" data-widget_type=\"text-editor.default\">\n\t\t\t\t<div class=\"elementor-widget-container\">\n\t\t\t\t\t\t\t\t\t<div id=\"vc_row-6871960002642\" class=\"vc_row wpb_row vc_row-fluid\">\n<div class=\"wpb_column vc_column_container vc_col-sm-6\">\n<div class=\"vc_column-inner \">\n<div class=\"wpb_wrapper\">\n<div class=\"wpb_text_column wpb_content_element \">\n<div class=\"wpb_wrapper\">\n<div class=\"styled-subtitle\">\n<ul>\n<li>Si ha estado casado menos de dos a\u00f1os cuando a su c\u00f3nyuge se le otorga el estatus de residente permanente, su c\u00f3nyuge recibir\u00e1 el estatus de residente permanente de forma condicional. Para eliminar las condiciones de residencia, usted y su c\u00f3nyuge pueden enviar el Formulario I-751. <\/li>\n<\/ul>\n<\/div>\n<\/div>\n<\/div>\n<\/div>\n<\/div>\n<\/div>\n<\/div>\t\t\t\t\t\t\t\t<\/div>\n\t\t\t\t<\/div>\n\t\t\t\t<div class=\"elementor-element elementor-element-14c1d15 elementor-widget elementor-widget-heading\" data-id=\"14c1d15\" data-element_type=\"widget\" data-e-type=\"widget\" data-widget_type=\"heading.default\">\n\t\t\t\t<div class=\"elementor-widget-container\">\n\t\t\t\t\t<h3 class=\"elementor-heading-title elementor-size-default\">Abogados de Inmigraci\u00f3n por Matrimonio de Denver<\/h3>\t\t\t\t<\/div>\n\t\t\t\t<\/div>\n\t\t\t\t<div class=\"elementor-element elementor-element-003a125 elementor-widget elementor-widget-text-editor\" data-id=\"003a125\" data-element_type=\"widget\" data-e-type=\"widget\" data-widget_type=\"text-editor.default\">\n\t\t\t\t<div class=\"elementor-widget-container\">\n\t\t\t\t\t\t\t\t\t<p>Solicitar la residencia permanente despu\u00e9s del matrimonio puede ser un proceso abrumador. Sin embargo, con la ayuda de nuestros abogados de inmigraci\u00f3n por matrimonio, no tiene que serlo. Si usted o su c\u00f3nyuge tienen preguntas sobre el proceso de solicitud o quieren ayuda para prepararse para su entrevista de inmigraci\u00f3n, comun\u00edquese con Barringer Law Firm para hablar con un abogado de inmigraci\u00f3n de confianza.  <\/p>\t\t\t\t\t\t\t\t<\/div>\n\t\t\t\t<\/div>\n\t\t\t\t<div class=\"vamtam-has-theme-widget-styles elementor-element elementor-element-8d5617b elementor-align-left vamtam-has-underline-anim elementor-widget elementor-widget-button\" data-id=\"8d5617b\" data-element_type=\"widget\" data-e-type=\"widget\" data-widget_type=\"button.default\">\n\t\t\t\t<div class=\"elementor-widget-container\">\n\t\t\t\t\t\t\t\t\t<div class=\"elementor-button-wrapper\">\n\t\t\t\t\t<a class=\"elementor-button elementor-button-link elementor-size-sm\" href=\"https:\/\/barringerlawfirm.com\/es\/contacto\/\">\n\t\t\t\t\t\t<span class=\"elementor-button-content-wrapper\">\n\t\t\t\t\t\t<span class=\"elementor-button-icon\">\n\t\t\t\t<i aria-hidden=\"true\" class=\"vamtamtheme- vamtam-theme-icon-arrow-right-top\"><\/i>\t\t\t<\/span>\n\t\t\t\t\t\t\t\t\t<span class=\"elementor-button-text\">Obtenga Ayuda con la Inmigraci\u00f3n por Matrimonio<\/span>\n\t\t\t\t\t<\/span>\n\t\t\t\t\t<\/a>\n\t\t\t\t<\/div>\n\t\t\t\t\t\t\t\t<\/div>\n\t\t\t\t<\/div>\n\t\t\t\t\t<\/div>\n\t\t<\/div>\n\t\t\t\t\t<\/div>\n\t\t<\/section>\n\t\t\t\t<\/div>\n\t\t","protected":false},"excerpt":{"rendered":"<p>Abogados de Residencia por Matrimonio en CO Ya sea que usted sea ciudadano estadounidense o Residente Permanente Legal (LPR), puede ayudar a su pareja a solicitar una green card por matrimonio y comenzar a vivir su vida juntos en los Estados Unidos. En Barringer Law Firm, queremos ayudar a reunirlo con su ser querido y&#8230;<\/p>\n","protected":false},"author":2,"featured_media":988732,"parent":988670,"menu_order":0,"comment_status":"closed","ping_status":"closed","template":"","meta":{"inline_featured_image":false,"footnotes":""},"class_list":["post-988733","page","type-page","status-publish","has-post-thumbnail","hentry"],"yoast_head":"<!-- This site is optimized with the Yoast SEO plugin v27.4 - https:\/\/yoast.com\/product\/yoast-seo-wordpress\/ -->\n<title>Residencia Basada en el Matrimonio -<\/title>\n<meta name=\"robots\" content=\"index, follow, max-snippet:-1, max-image-preview:large, max-video-preview:-1\" \/>\n<link rel=\"canonical\" href=\"https:\/\/barringerlawfirm.com\/es\/inmigracion\/residencia-basada-en-el-matrimonio\/\" \/>\n<meta property=\"og:locale\" content=\"es_ES\" \/>\n<meta property=\"og:type\" content=\"article\" \/>\n<meta property=\"og:title\" content=\"Residencia Basada en el Matrimonio -\" \/>\n<meta property=\"og:description\" content=\"Abogados de Residencia por Matrimonio en CO Ya sea que usted sea ciudadano estadounidense o Residente Permanente Legal (LPR), puede ayudar a su pareja a solicitar una green card por matrimonio y comenzar a vivir su vida juntos en los Estados Unidos. En Barringer Law Firm, queremos ayudar a reunirlo con su ser querido y...\" \/>\n<meta property=\"og:url\" content=\"https:\/\/barringerlawfirm.com\/es\/inmigracion\/residencia-basada-en-el-matrimonio\/\" \/>\n<meta property=\"article:modified_time\" content=\"2026-01-15T14:33:03+00:00\" \/>\n<meta property=\"og:image\" content=\"https:\/\/barringerlawfirm.com\/wp-content\/uploads\/2023\/10\/pexels-august-de-richelieu-4427609.jpg\" \/>\n\t<meta property=\"og:image:width\" content=\"528\" \/>\n\t<meta property=\"og:image:height\" content=\"528\" \/>\n\t<meta property=\"og:image:type\" content=\"image\/jpeg\" \/>\n<meta name=\"twitter:card\" content=\"summary_large_image\" \/>\n<meta name=\"twitter:label1\" content=\"Tiempo de lectura\" \/>\n\t<meta name=\"twitter:data1\" content=\"3 minutos\" \/>\n<script type=\"application\/ld+json\" class=\"yoast-schema-graph\">{\"@context\":\"https:\\\/\\\/schema.org\",\"@graph\":[{\"@type\":\"WebPage\",\"@id\":\"https:\\\/\\\/barringerlawfirm.com\\\/es\\\/inmigracion\\\/residencia-basada-en-el-matrimonio\\\/\",\"url\":\"https:\\\/\\\/barringerlawfirm.com\\\/es\\\/inmigracion\\\/residencia-basada-en-el-matrimonio\\\/\",\"name\":\"Residencia Basada en el Matrimonio -\",\"isPartOf\":{\"@id\":\"https:\\\/\\\/barringerlawfirm.com\\\/es\\\/#website\"},\"primaryImageOfPage\":{\"@id\":\"https:\\\/\\\/barringerlawfirm.com\\\/es\\\/inmigracion\\\/residencia-basada-en-el-matrimonio\\\/#primaryimage\"},\"image\":{\"@id\":\"https:\\\/\\\/barringerlawfirm.com\\\/es\\\/inmigracion\\\/residencia-basada-en-el-matrimonio\\\/#primaryimage\"},\"thumbnailUrl\":\"https:\\\/\\\/barringerlawfirm.com\\\/wp-content\\\/uploads\\\/2023\\\/10\\\/pexels-august-de-richelieu-4427609.jpg\",\"datePublished\":\"2022-09-26T20:32:34+00:00\",\"dateModified\":\"2026-01-15T14:33:03+00:00\",\"breadcrumb\":{\"@id\":\"https:\\\/\\\/barringerlawfirm.com\\\/es\\\/inmigracion\\\/residencia-basada-en-el-matrimonio\\\/#breadcrumb\"},\"inLanguage\":\"es\",\"potentialAction\":[{\"@type\":\"ReadAction\",\"target\":[\"https:\\\/\\\/barringerlawfirm.com\\\/es\\\/inmigracion\\\/residencia-basada-en-el-matrimonio\\\/\"]}]},{\"@type\":\"ImageObject\",\"inLanguage\":\"es\",\"@id\":\"https:\\\/\\\/barringerlawfirm.com\\\/es\\\/inmigracion\\\/residencia-basada-en-el-matrimonio\\\/#primaryimage\",\"url\":\"https:\\\/\\\/barringerlawfirm.com\\\/wp-content\\\/uploads\\\/2023\\\/10\\\/pexels-august-de-richelieu-4427609.jpg\",\"contentUrl\":\"https:\\\/\\\/barringerlawfirm.com\\\/wp-content\\\/uploads\\\/2023\\\/10\\\/pexels-august-de-richelieu-4427609.jpg\",\"width\":528,\"height\":528},{\"@type\":\"BreadcrumbList\",\"@id\":\"https:\\\/\\\/barringerlawfirm.com\\\/es\\\/inmigracion\\\/residencia-basada-en-el-matrimonio\\\/#breadcrumb\",\"itemListElement\":[{\"@type\":\"ListItem\",\"position\":1,\"name\":\"Home\",\"item\":\"https:\\\/\\\/barringerlawfirm.com\\\/es\\\/bufete-de-abogados\\\/\"},{\"@type\":\"ListItem\",\"position\":2,\"name\":\"Inmigraci\u00f3n\",\"item\":\"https:\\\/\\\/barringerlawfirm.com\\\/es\\\/inmigracion\\\/\"},{\"@type\":\"ListItem\",\"position\":3,\"name\":\"Residencia Basada en el Matrimonio\"}]},{\"@type\":\"WebSite\",\"@id\":\"https:\\\/\\\/barringerlawfirm.com\\\/es\\\/#website\",\"url\":\"https:\\\/\\\/barringerlawfirm.com\\\/es\\\/\",\"name\":\"\",\"description\":\"We apply law to facts\",\"potentialAction\":[{\"@type\":\"SearchAction\",\"target\":{\"@type\":\"EntryPoint\",\"urlTemplate\":\"https:\\\/\\\/barringerlawfirm.com\\\/es\\\/?s={search_term_string}\"},\"query-input\":{\"@type\":\"PropertyValueSpecification\",\"valueRequired\":true,\"valueName\":\"search_term_string\"}}],\"inLanguage\":\"es\"}]}<\/script>\n<!-- \/ Yoast SEO plugin. -->","yoast_head_json":{"title":"Residencia Basada en el Matrimonio -","robots":{"index":"index","follow":"follow","max-snippet":"max-snippet:-1","max-image-preview":"max-image-preview:large","max-video-preview":"max-video-preview:-1"},"canonical":"https:\/\/barringerlawfirm.com\/es\/inmigracion\/residencia-basada-en-el-matrimonio\/","og_locale":"es_ES","og_type":"article","og_title":"Residencia Basada en el Matrimonio -","og_description":"Abogados de Residencia por Matrimonio en CO Ya sea que usted sea ciudadano estadounidense o Residente Permanente Legal (LPR), puede ayudar a su pareja a solicitar una green card por matrimonio y comenzar a vivir su vida juntos en los Estados Unidos. En Barringer Law Firm, queremos ayudar a reunirlo con su ser querido y...","og_url":"https:\/\/barringerlawfirm.com\/es\/inmigracion\/residencia-basada-en-el-matrimonio\/","article_modified_time":"2026-01-15T14:33:03+00:00","og_image":[{"width":528,"height":528,"url":"https:\/\/barringerlawfirm.com\/wp-content\/uploads\/2023\/10\/pexels-august-de-richelieu-4427609.jpg","type":"image\/jpeg"}],"twitter_card":"summary_large_image","twitter_misc":{"Tiempo de lectura":"3 minutos"},"schema":{"@context":"https:\/\/schema.org","@graph":[{"@type":"WebPage","@id":"https:\/\/barringerlawfirm.com\/es\/inmigracion\/residencia-basada-en-el-matrimonio\/","url":"https:\/\/barringerlawfirm.com\/es\/inmigracion\/residencia-basada-en-el-matrimonio\/","name":"Residencia Basada en el Matrimonio -","isPartOf":{"@id":"https:\/\/barringerlawfirm.com\/es\/#website"},"primaryImageOfPage":{"@id":"https:\/\/barringerlawfirm.com\/es\/inmigracion\/residencia-basada-en-el-matrimonio\/#primaryimage"},"image":{"@id":"https:\/\/barringerlawfirm.com\/es\/inmigracion\/residencia-basada-en-el-matrimonio\/#primaryimage"},"thumbnailUrl":"https:\/\/barringerlawfirm.com\/wp-content\/uploads\/2023\/10\/pexels-august-de-richelieu-4427609.jpg","datePublished":"2022-09-26T20:32:34+00:00","dateModified":"2026-01-15T14:33:03+00:00","breadcrumb":{"@id":"https:\/\/barringerlawfirm.com\/es\/inmigracion\/residencia-basada-en-el-matrimonio\/#breadcrumb"},"inLanguage":"es","potentialAction":[{"@type":"ReadAction","target":["https:\/\/barringerlawfirm.com\/es\/inmigracion\/residencia-basada-en-el-matrimonio\/"]}]},{"@type":"ImageObject","inLanguage":"es","@id":"https:\/\/barringerlawfirm.com\/es\/inmigracion\/residencia-basada-en-el-matrimonio\/#primaryimage","url":"https:\/\/barringerlawfirm.com\/wp-content\/uploads\/2023\/10\/pexels-august-de-richelieu-4427609.jpg","contentUrl":"https:\/\/barringerlawfirm.com\/wp-content\/uploads\/2023\/10\/pexels-august-de-richelieu-4427609.jpg","width":528,"height":528},{"@type":"BreadcrumbList","@id":"https:\/\/barringerlawfirm.com\/es\/inmigracion\/residencia-basada-en-el-matrimonio\/#breadcrumb","itemListElement":[{"@type":"ListItem","position":1,"name":"Home","item":"https:\/\/barringerlawfirm.com\/es\/bufete-de-abogados\/"},{"@type":"ListItem","position":2,"name":"Inmigraci\u00f3n","item":"https:\/\/barringerlawfirm.com\/es\/inmigracion\/"},{"@type":"ListItem","position":3,"name":"Residencia Basada en el Matrimonio"}]},{"@type":"WebSite","@id":"https:\/\/barringerlawfirm.com\/es\/#website","url":"https:\/\/barringerlawfirm.com\/es\/","name":"","description":"We apply law to facts","potentialAction":[{"@type":"SearchAction","target":{"@type":"EntryPoint","urlTemplate":"https:\/\/barringerlawfirm.com\/es\/?s={search_term_string}"},"query-input":{"@type":"PropertyValueSpecification","valueRequired":true,"valueName":"search_term_string"}}],"inLanguage":"es"}]}},"_links":{"self":[{"href":"https:\/\/barringerlawfirm.com\/es\/wp-json\/wp\/v2\/pages\/988733","targetHints":{"allow":["GET"]}}],"collection":[{"href":"https:\/\/barringerlawfirm.com\/es\/wp-json\/wp\/v2\/pages"}],"about":[{"href":"https:\/\/barringerlawfirm.com\/es\/wp-json\/wp\/v2\/types\/page"}],"author":[{"embeddable":true,"href":"https:\/\/barringerlawfirm.com\/es\/wp-json\/wp\/v2\/users\/2"}],"replies":[{"embeddable":true,"href":"https:\/\/barringerlawfirm.com\/es\/wp-json\/wp\/v2\/comments?post=988733"}],"version-history":[{"count":1,"href":"https:\/\/barringerlawfirm.com\/es\/wp-json\/wp\/v2\/pages\/988733\/revisions"}],"predecessor-version":[{"id":988734,"href":"https:\/\/barringerlawfirm.com\/es\/wp-json\/wp\/v2\/pages\/988733\/revisions\/988734"}],"up":[{"embeddable":true,"href":"https:\/\/barringerlawfirm.com\/es\/wp-json\/wp\/v2\/pages\/988670"}],"wp:featuredmedia":[{"embeddable":true,"href":"https:\/\/barringerlawfirm.com\/es\/wp-json\/wp\/v2\/media\/988732"}],"wp:attachment":[{"href":"https:\/\/barringerlawfirm.com\/es\/wp-json\/wp\/v2\/media?parent=988733"}],"curies":[{"name":"wp","href":"https:\/\/api.w.org\/{rel}","templated":true}]}}