{"id":988736,"date":"2022-10-13T10:31:27","date_gmt":"2022-10-13T10:31:27","guid":{"rendered":"https:\/\/barringerlawfirm.com\/inmigracion\/green-cards\/"},"modified":"2026-01-15T14:40:43","modified_gmt":"2026-01-15T14:40:43","slug":"green-cards","status":"publish","type":"page","link":"https:\/\/barringerlawfirm.com\/es\/inmigracion\/green-cards\/","title":{"rendered":"Green Cards"},"content":{"rendered":"\t\t<div data-elementor-type=\"wp-page\" data-elementor-id=\"988736\" class=\"elementor elementor-988736 elementor-1646\" data-elementor-post-type=\"page\">\n\t\t\t\t\t\t<section class=\"elementor-section elementor-top-section elementor-element elementor-element-7457701 elementor-section-full_width elementor-section-height-default elementor-section-height-default\" data-id=\"7457701\" data-element_type=\"section\" data-e-type=\"section\">\n\t\t\t\t\t\t<div class=\"elementor-container elementor-column-gap-no\">\n\t\t\t\t\t<div class=\"elementor-column elementor-col-100 elementor-top-column elementor-element elementor-element-9c8bacf\" data-id=\"9c8bacf\" data-element_type=\"column\" data-e-type=\"column\">\n\t\t\t<div class=\"elementor-widget-wrap elementor-element-populated\">\n\t\t\t\t\t\t<div class=\"elementor-element elementor-element-6126e8a0 elementor-widget elementor-widget-heading\" data-id=\"6126e8a0\" data-element_type=\"widget\" data-e-type=\"widget\" data-widget_type=\"heading.default\">\n\t\t\t\t<div class=\"elementor-widget-container\">\n\t\t\t\t\t<h2 class=\"elementor-heading-title elementor-size-default\">Abogado de Inmigraci\u00f3n para Green Card en Denver, CO<\/h2>\t\t\t\t<\/div>\n\t\t\t\t<\/div>\n\t\t\t\t<div class=\"elementor-element elementor-element-1452c0d elementor-widget elementor-widget-text-editor\" data-id=\"1452c0d\" data-element_type=\"widget\" data-e-type=\"widget\" data-widget_type=\"text-editor.default\">\n\t\t\t\t<div class=\"elementor-widget-container\">\n\t\t\t\t\t\t\t\t\t<h4><strong>Obtenci\u00f3n de una Green Card de Residente Permanente en 2024<\/strong><\/h4><p>La residencia permanente de EE. UU. es un estatus muy solicitado por muchos que buscan construir una vida con familia y seres queridos. Si bien solicitar una Green Card puede parecer desafiante, con la ayuda y los recursos adecuados, obtener una Green Card de residente permanente es posible. En Barringer Law Firm, nuestro objetivo es ayudar a las personas que desean vivir en los EE. UU. a obtener el derecho legal para hacerlo.  <\/p>\t\t\t\t\t\t\t\t<\/div>\n\t\t\t\t<\/div>\n\t\t\t\t<div class=\"elementor-element elementor-element-377bc15 elementor-widget elementor-widget-heading\" data-id=\"377bc15\" data-element_type=\"widget\" data-e-type=\"widget\" data-widget_type=\"heading.default\">\n\t\t\t\t<div class=\"elementor-widget-container\">\n\t\t\t\t\t<h3 class=\"elementor-heading-title elementor-size-default\">Nuestros Servicios de Green Card:<\/h3>\t\t\t\t<\/div>\n\t\t\t\t<\/div>\n\t\t\t\t<div class=\"elementor-element elementor-element-0bf09e9 elementor-widget elementor-widget-text-editor\" data-id=\"0bf09e9\" data-element_type=\"widget\" data-e-type=\"widget\" data-widget_type=\"text-editor.default\">\n\t\t\t\t<div class=\"elementor-widget-container\">\n\t\t\t\t\t\t\t\t\t<p>Hay muchos caminos para obtener una Green Card. Los dos m\u00e9todos est\u00e1ndar tienden a ser la inmigraci\u00f3n basada en la familia y la basada en el empleo. En Barringer Law Firm, nuestros abogados de inmigraci\u00f3n est\u00e1n capacitados para navegar el proceso de la Green Card, y nuestro equipo lo ayudar\u00e1 en cada paso del camino. Nuestros servicios incluyen:   <\/p><h4><strong>Patrocinio Familiar<\/strong><\/h4><p>Si tiene familia en los Estados Unidos, las leyes de inmigraci\u00f3n de EE. UU. permiten a los c\u00f3nyuges y familiares de ciudadanos estadounidenses o Residentes Permanentes Legales (titulares de Green Card) convertirse en residentes a trav\u00e9s del proceso de petici\u00f3n familiar. Puede calificar para la petici\u00f3n de inmigraci\u00f3n si es uno de los siguientes: <\/p><ul><li>Un pariente inmediato de un ciudadano estadounidense<\/li><li>Otros parientes de un ciudadano estadounidense o residente permanente legal<br><ul><li>Hijo o hija soltero(a) de un ciudadano estadounidense o residente permanente legal<\/li><li>Hijo o hija casado(a) de un ciudadano estadounidense<\/li><li>Hermano o hermana de un ciudadano estadounidense<\/li><li>C\u00f3nyuge de un residente permanente legal<\/li><\/ul><\/li><li>Prometido(a) de un ciudadano estadounidense<\/li><li>Viudo(a) de un ciudadano estadounidense<\/li><\/ul><h4><strong>Visas basadas en el empleo<\/strong><\/h4><p>Si se encuentra actualmente en los Estados Unidos con una visa de trabajo, puede ser elegible para solicitar la residencia y convertirse en residente permanente legal (obtener una Green Card). Los siguientes titulares de visas pueden ser elegibles para la petici\u00f3n de inmigraci\u00f3n: <\/p><ul><li>Trabajador Inmigrante (Visa EB-1, EB-2 o EB-3) Inversionista Inmigrante (Visa de inversionista EB-5)<\/li><\/ul><h4><strong>Refugiado o Asilado<\/strong><\/h4><p>La ley de inmigraci\u00f3n de EE. UU. permite a los asilados solicitar el estatus de residente permanente legal (LPR) despu\u00e9s de haber estado f\u00edsicamente presentes en los EE. UU. durante al menos un a\u00f1o desde que se les otorg\u00f3 el asilo.<\/p><ul><li>Fueron admitidos como refugiados hace al menos 1 a\u00f1o<\/li><li>Se les otorg\u00f3 el estatus de asilo hace al menos 1 a\u00f1o<\/li><\/ul><h4><strong>Trata de Personas y V\u00edctimas de Cr\u00edmenes<\/strong><\/h4><p>Si tiene estatus de no inmigrante T o U, puede ser elegible para convertirse en residente permanente legal (obtener una Green Card) si cumple con todos los requisitos.<\/p><ul><li>Actualmente tiene una Visa de no inmigrante T<\/li><li>Actualmente tiene una Visa de no inmigrante U<\/li><\/ul><p><strong>Otro<\/strong><\/p>\t\t\t\t\t\t\t\t<\/div>\n\t\t\t\t<\/div>\n\t\t\t\t<div class=\"elementor-element elementor-element-b8d558a elementor-widget elementor-widget-heading\" data-id=\"b8d558a\" data-element_type=\"widget\" data-e-type=\"widget\" data-widget_type=\"heading.default\">\n\t\t\t\t<div class=\"elementor-widget-container\">\n\t\t\t\t\t<h3 class=\"elementor-heading-title elementor-size-default\">Requisitos y Elegibilidad para la Green Card<\/h3>\t\t\t\t<\/div>\n\t\t\t\t<\/div>\n\t\t\t\t<div class=\"vamtam-has-theme-widget-styles elementor-element elementor-element-a81fa05 elementor-widget elementor-widget-toggle\" data-id=\"a81fa05\" data-element_type=\"widget\" data-e-type=\"widget\" data-widget_type=\"toggle.default\">\n\t\t\t\t<div class=\"elementor-widget-container\">\n\t\t\t\t\t\t\t<div class=\"elementor-toggle\">\n\t\t\t\t\t\t\t<div class=\"elementor-toggle-item\">\n\t\t\t\t\t<div id=\"elementor-tab-title-1761\" class=\"elementor-tab-title\" data-tab=\"1\" role=\"button\" aria-controls=\"elementor-tab-content-1761\" aria-expanded=\"false\">\n\t\t\t\t\t\t\t\t\t\t\t\t<span class=\"elementor-toggle-icon elementor-toggle-icon-left\" aria-hidden=\"true\">\n\t\t\t\t\t\t\t\t\t\t\t\t\t\t\t<span class=\"elementor-toggle-icon-closed\"><i class=\"vamtamtheme- vamtam-theme-icon-plus\"><\/i><\/span>\n\t\t\t\t\t\t\t\t<span class=\"elementor-toggle-icon-opened\"><i class=\"elementor-toggle-icon-opened vamtamtheme- vamtam-theme-icon-minus\"><\/i><\/span>\n\t\t\t\t\t\t\t\t\t\t\t\t\t<\/span>\n\t\t\t\t\t\t\t\t\t\t\t\t<a class=\"elementor-toggle-title\" tabindex=\"0\">Patrocinio Familiar<\/a>\n\t\t\t\t\t<\/div>\n\n\t\t\t\t\t<div id=\"elementor-tab-content-1761\" class=\"elementor-tab-content elementor-clearfix\" data-tab=\"1\" role=\"region\" aria-labelledby=\"elementor-tab-title-1761\"><p>Si una persona tiene un familiar que es ciudadano estadounidense o Residente Permanente Legal (LPR), puede calificar para una Green Card. La categor\u00eda de Patrocinio Familiar o Preferencia Familiar incluye c\u00f3nyuges, hijos, padres y hermanos que pueden solicitar una Green Card para reunirse con un ser querido. <\/p>\n<\/div>\n\t\t\t\t<\/div>\n\t\t\t\t\t\t\t<div class=\"elementor-toggle-item\">\n\t\t\t\t\t<div id=\"elementor-tab-title-1762\" class=\"elementor-tab-title\" data-tab=\"2\" role=\"button\" aria-controls=\"elementor-tab-content-1762\" aria-expanded=\"false\">\n\t\t\t\t\t\t\t\t\t\t\t\t<span class=\"elementor-toggle-icon elementor-toggle-icon-left\" aria-hidden=\"true\">\n\t\t\t\t\t\t\t\t\t\t\t\t\t\t\t<span class=\"elementor-toggle-icon-closed\"><i class=\"vamtamtheme- vamtam-theme-icon-plus\"><\/i><\/span>\n\t\t\t\t\t\t\t\t<span class=\"elementor-toggle-icon-opened\"><i class=\"elementor-toggle-icon-opened vamtamtheme- vamtam-theme-icon-minus\"><\/i><\/span>\n\t\t\t\t\t\t\t\t\t\t\t\t\t<\/span>\n\t\t\t\t\t\t\t\t\t\t\t\t<a class=\"elementor-toggle-title\" tabindex=\"0\">Green Cards Basadas en el Empleo (Visas EB)<\/a>\n\t\t\t\t\t<\/div>\n\n\t\t\t\t\t<div id=\"elementor-tab-content-1762\" class=\"elementor-tab-content elementor-clearfix\" data-tab=\"2\" role=\"region\" aria-labelledby=\"elementor-tab-title-1762\"><p>Las personas que trabajan en los EE. UU. utilizando una Visa EB-1, EB-2 o EB-3 son elegibles para solicitar una Green Card.<\/p>\n<\/div>\n\t\t\t\t<\/div>\n\t\t\t\t\t\t\t<div class=\"elementor-toggle-item\">\n\t\t\t\t\t<div id=\"elementor-tab-title-1763\" class=\"elementor-tab-title\" data-tab=\"3\" role=\"button\" aria-controls=\"elementor-tab-content-1763\" aria-expanded=\"false\">\n\t\t\t\t\t\t\t\t\t\t\t\t<span class=\"elementor-toggle-icon elementor-toggle-icon-left\" aria-hidden=\"true\">\n\t\t\t\t\t\t\t\t\t\t\t\t\t\t\t<span class=\"elementor-toggle-icon-closed\"><i class=\"vamtamtheme- vamtam-theme-icon-plus\"><\/i><\/span>\n\t\t\t\t\t\t\t\t<span class=\"elementor-toggle-icon-opened\"><i class=\"elementor-toggle-icon-opened vamtamtheme- vamtam-theme-icon-minus\"><\/i><\/span>\n\t\t\t\t\t\t\t\t\t\t\t\t\t<\/span>\n\t\t\t\t\t\t\t\t\t\t\t\t<a class=\"elementor-toggle-title\" tabindex=\"0\">Visa de Inversionista Basada en el Empleo (EB-5)<\/a>\n\t\t\t\t\t<\/div>\n\n\t\t\t\t\t<div id=\"elementor-tab-content-1763\" class=\"elementor-tab-content elementor-clearfix\" data-tab=\"3\" role=\"region\" aria-labelledby=\"elementor-tab-title-1763\"><p>La Visa de Inversionista EB-5 fue dise\u00f1ada para inversionistas que buscan vivir y trabajar permanentemente en los EE. UU. Para ser elegible, los inversionistas deben haber invertido previamente o estar invirtiendo activamente al menos $1 mill\u00f3n en una nueva empresa comercial en los EE. UU. Otra estipulaci\u00f3n de la Visa EB-5 es que el inversionista debe crear un m\u00ednimo de diez empleos de tiempo completo para trabajadores estadounidenses.<\/p>\n<\/div>\n\t\t\t\t<\/div>\n\t\t\t\t\t\t\t<div class=\"elementor-toggle-item\">\n\t\t\t\t\t<div id=\"elementor-tab-title-1764\" class=\"elementor-tab-title\" data-tab=\"4\" role=\"button\" aria-controls=\"elementor-tab-content-1764\" aria-expanded=\"false\">\n\t\t\t\t\t\t\t\t\t\t\t\t<span class=\"elementor-toggle-icon elementor-toggle-icon-left\" aria-hidden=\"true\">\n\t\t\t\t\t\t\t\t\t\t\t\t\t\t\t<span class=\"elementor-toggle-icon-closed\"><i class=\"vamtamtheme- vamtam-theme-icon-plus\"><\/i><\/span>\n\t\t\t\t\t\t\t\t<span class=\"elementor-toggle-icon-opened\"><i class=\"elementor-toggle-icon-opened vamtamtheme- vamtam-theme-icon-minus\"><\/i><\/span>\n\t\t\t\t\t\t\t\t\t\t\t\t\t<\/span>\n\t\t\t\t\t\t\t\t\t\t\t\t<a class=\"elementor-toggle-title\" tabindex=\"0\">Programa de Visas de Diversidad<\/a>\n\t\t\t\t\t<\/div>\n\n\t\t\t\t\t<div id=\"elementor-tab-content-1764\" class=\"elementor-tab-content elementor-clearfix\" data-tab=\"4\" role=\"region\" aria-labelledby=\"elementor-tab-title-1764\"><p>El Programa de Visas de Diversidad es un sistema de loter\u00eda que permite que hasta 50,000 inmigrantes residan anualmente en los Estados Unidos. Las personas se seleccionan al azar de pa\u00edses con bajas tasas de inmigraci\u00f3n a los EE. UU. <\/p>\n<\/div>\n\t\t\t\t<\/div>\n\t\t\t\t\t\t\t<div class=\"elementor-toggle-item\">\n\t\t\t\t\t<div id=\"elementor-tab-title-1765\" class=\"elementor-tab-title\" data-tab=\"5\" role=\"button\" aria-controls=\"elementor-tab-content-1765\" aria-expanded=\"false\">\n\t\t\t\t\t\t\t\t\t\t\t\t<span class=\"elementor-toggle-icon elementor-toggle-icon-left\" aria-hidden=\"true\">\n\t\t\t\t\t\t\t\t\t\t\t\t\t\t\t<span class=\"elementor-toggle-icon-closed\"><i class=\"vamtamtheme- vamtam-theme-icon-plus\"><\/i><\/span>\n\t\t\t\t\t\t\t\t<span class=\"elementor-toggle-icon-opened\"><i class=\"elementor-toggle-icon-opened vamtamtheme- vamtam-theme-icon-minus\"><\/i><\/span>\n\t\t\t\t\t\t\t\t\t\t\t\t\t<\/span>\n\t\t\t\t\t\t\t\t\t\t\t\t<a class=\"elementor-toggle-title\" tabindex=\"0\">Ajuste de Estatus<\/a>\n\t\t\t\t\t<\/div>\n\n\t\t\t\t\t<div id=\"elementor-tab-content-1765\" class=\"elementor-tab-content elementor-clearfix\" data-tab=\"5\" role=\"region\" aria-labelledby=\"elementor-tab-title-1765\"><p>Las personas que originalmente llegaron a los EE. UU. con una visa de trabajo temporal, visa de estudiante u otra visa a corto plazo pueden solicitar un ajuste de estatus para obtener una Green Card.<\/p>\n<\/div>\n\t\t\t\t<\/div>\n\t\t\t\t\t\t\t\t\t\t<script type=\"application\/ld+json\">{\"@context\":\"https:\\\/\\\/schema.org\",\"@type\":\"FAQPage\",\"mainEntity\":[{\"@type\":\"Question\",\"name\":\"Patrocinio Familiar\",\"acceptedAnswer\":{\"@type\":\"Answer\",\"text\":\"<p>Si una persona tiene un familiar que es ciudadano estadounidense o Residente Permanente Legal (LPR), puede calificar para una Green Card. La categor\\u00eda de Patrocinio Familiar o Preferencia Familiar incluye c\\u00f3nyuges, hijos, padres y hermanos que pueden solicitar una Green Card para reunirse con un ser querido. <\\\/p>\\n\"}},{\"@type\":\"Question\",\"name\":\"Green Cards Basadas en el Empleo (Visas EB)\",\"acceptedAnswer\":{\"@type\":\"Answer\",\"text\":\"<p>Las personas que trabajan en los EE. UU. utilizando una Visa EB-1, EB-2 o EB-3 son elegibles para solicitar una Green Card.<\\\/p>\\n\"}},{\"@type\":\"Question\",\"name\":\"Visa de Inversionista Basada en el Empleo (EB-5)\",\"acceptedAnswer\":{\"@type\":\"Answer\",\"text\":\"<p>La Visa de Inversionista EB-5 fue dise\\u00f1ada para inversionistas que buscan vivir y trabajar permanentemente en los EE. UU. Para ser elegible, los inversionistas deben haber invertido previamente o estar invirtiendo activamente al menos $1 mill\\u00f3n en una nueva empresa comercial en los EE. UU. Otra estipulaci\\u00f3n de la Visa EB-5 es que el inversionista debe crear un m\\u00ednimo de diez empleos de tiempo completo para trabajadores estadounidenses.<\\\/p>\\n\"}},{\"@type\":\"Question\",\"name\":\"Programa de Visas de Diversidad\",\"acceptedAnswer\":{\"@type\":\"Answer\",\"text\":\"<p>El Programa de Visas de Diversidad es un sistema de loter\\u00eda que permite que hasta 50,000 inmigrantes residan anualmente en los Estados Unidos. Las personas se seleccionan al azar de pa\\u00edses con bajas tasas de inmigraci\\u00f3n a los EE. UU. <\\\/p>\\n\"}},{\"@type\":\"Question\",\"name\":\"Ajuste de Estatus\",\"acceptedAnswer\":{\"@type\":\"Answer\",\"text\":\"<p>Las personas que originalmente llegaron a los EE. UU. con una visa de trabajo temporal, visa de estudiante u otra visa a corto plazo pueden solicitar un ajuste de estatus para obtener una Green Card.<\\\/p>\\n\"}}]}<\/script>\n\t\t\t\t\t<\/div>\n\t\t\t\t\t\t<\/div>\n\t\t\t\t<\/div>\n\t\t\t\t<div class=\"elementor-element elementor-element-96ce41d elementor-widget elementor-widget-heading\" data-id=\"96ce41d\" data-element_type=\"widget\" data-e-type=\"widget\" data-widget_type=\"heading.default\">\n\t\t\t\t<div class=\"elementor-widget-container\">\n\t\t\t\t\t<h3 class=\"elementor-heading-title elementor-size-default\">C\u00f3mo Funciona el Proceso de la Green Card<\/h3>\t\t\t\t<\/div>\n\t\t\t\t<\/div>\n\t\t\t\t<div class=\"elementor-element elementor-element-2540801 elementor-widget elementor-widget-text-editor\" data-id=\"2540801\" data-element_type=\"widget\" data-e-type=\"widget\" data-widget_type=\"text-editor.default\">\n\t\t\t\t<div class=\"elementor-widget-container\">\n\t\t\t\t\t\t\t\t\t<p>Los requisitos de elegibilidad diferir\u00e1n seg\u00fan la categor\u00eda en la que una persona solicite una Green Card y si reside actualmente en los EE. UU. o no. Si una persona es elegible para solicitar, deber\u00e1 completar dos formularios: una Petici\u00f3n de Inmigrante y el Formulario I-485. La Petici\u00f3n de Inmigrante deber\u00e1 ser presentada por un patrocinador o alguien que solicite por usted. El proceso de solicitud es muy competitivo, y despu\u00e9s de solicitar una Green Card, los siguientes pasos para alcanzar la aprobaci\u00f3n final pueden ser desafiantes. La mejor manera de aprender c\u00f3mo solicitar una Green Card es hablar con un abogado de inmigraci\u00f3n experto que comprenda el proceso.    <\/p>\t\t\t\t\t\t\t\t<\/div>\n\t\t\t\t<\/div>\n\t\t\t\t<div class=\"vamtam-has-theme-widget-styles elementor-element elementor-element-8c4f4bf elementor-align-left vamtam-has-underline-anim elementor-widget elementor-widget-button\" data-id=\"8c4f4bf\" data-element_type=\"widget\" data-e-type=\"widget\" data-widget_type=\"button.default\">\n\t\t\t\t<div class=\"elementor-widget-container\">\n\t\t\t\t\t\t\t\t\t<div class=\"elementor-button-wrapper\">\n\t\t\t\t\t<a class=\"elementor-button elementor-button-link elementor-size-sm\" href=\"tel:+13033772338\">\n\t\t\t\t\t\t<span class=\"elementor-button-content-wrapper\">\n\t\t\t\t\t\t<span class=\"elementor-button-icon\">\n\t\t\t\t<i aria-hidden=\"true\" class=\"vamtamtheme- vamtam-theme-icon-arrow-right-top\"><\/i>\t\t\t<\/span>\n\t\t\t\t\t\t\t\t\t<span class=\"elementor-button-text\">Llame al 303.377.2338<\/span>\n\t\t\t\t\t<\/span>\n\t\t\t\t\t<\/a>\n\t\t\t\t<\/div>\n\t\t\t\t\t\t\t\t<\/div>\n\t\t\t\t<\/div>\n\t\t\t\t\t<\/div>\n\t\t<\/div>\n\t\t\t\t\t<\/div>\n\t\t<\/section>\n\t\t\t\t<\/div>\n\t\t","protected":false},"excerpt":{"rendered":"<p>$135,000,000<\/p>\n","protected":false},"author":2,"featured_media":988735,"parent":988670,"menu_order":0,"comment_status":"closed","ping_status":"closed","template":"","meta":{"inline_featured_image":false,"footnotes":""},"class_list":["post-988736","page","type-page","status-publish","has-post-thumbnail","hentry"],"yoast_head":"<!-- This site is optimized with the Yoast SEO plugin v27.4 - https:\/\/yoast.com\/product\/yoast-seo-wordpress\/ -->\n<title>Green Cards -<\/title>\n<meta name=\"robots\" content=\"index, follow, max-snippet:-1, max-image-preview:large, max-video-preview:-1\" \/>\n<link rel=\"canonical\" href=\"https:\/\/barringerlawfirm.com\/es\/inmigracion\/green-cards\/\" \/>\n<meta property=\"og:locale\" content=\"es_ES\" \/>\n<meta property=\"og:type\" content=\"article\" \/>\n<meta property=\"og:title\" content=\"Green Cards -\" \/>\n<meta property=\"og:description\" content=\"$135,000,000\" \/>\n<meta property=\"og:url\" content=\"https:\/\/barringerlawfirm.com\/es\/inmigracion\/green-cards\/\" \/>\n<meta property=\"article:modified_time\" content=\"2026-01-15T14:40:43+00:00\" \/>\n<meta name=\"twitter:card\" content=\"summary_large_image\" \/>\n<meta name=\"twitter:label1\" content=\"Tiempo de lectura\" \/>\n\t<meta name=\"twitter:data1\" content=\"4 minutos\" \/>\n<script type=\"application\/ld+json\" class=\"yoast-schema-graph\">{\"@context\":\"https:\\\/\\\/schema.org\",\"@graph\":[{\"@type\":\"WebPage\",\"@id\":\"https:\\\/\\\/barringerlawfirm.com\\\/es\\\/inmigracion\\\/green-cards\\\/\",\"url\":\"https:\\\/\\\/barringerlawfirm.com\\\/es\\\/inmigracion\\\/green-cards\\\/\",\"name\":\"Green Cards -\",\"isPartOf\":{\"@id\":\"https:\\\/\\\/barringerlawfirm.com\\\/es\\\/#website\"},\"primaryImageOfPage\":{\"@id\":\"https:\\\/\\\/barringerlawfirm.com\\\/es\\\/inmigracion\\\/green-cards\\\/#primaryimage\"},\"image\":{\"@id\":\"https:\\\/\\\/barringerlawfirm.com\\\/es\\\/inmigracion\\\/green-cards\\\/#primaryimage\"},\"thumbnailUrl\":\"https:\\\/\\\/barringerlawfirm.com\\\/wp-content\\\/uploads\\\/2022\\\/10\\\/injury-medical.svg\",\"datePublished\":\"2022-10-13T10:31:27+00:00\",\"dateModified\":\"2026-01-15T14:40:43+00:00\",\"breadcrumb\":{\"@id\":\"https:\\\/\\\/barringerlawfirm.com\\\/es\\\/inmigracion\\\/green-cards\\\/#breadcrumb\"},\"inLanguage\":\"es\",\"potentialAction\":[{\"@type\":\"ReadAction\",\"target\":[\"https:\\\/\\\/barringerlawfirm.com\\\/es\\\/inmigracion\\\/green-cards\\\/\"]}]},{\"@type\":\"ImageObject\",\"inLanguage\":\"es\",\"@id\":\"https:\\\/\\\/barringerlawfirm.com\\\/es\\\/inmigracion\\\/green-cards\\\/#primaryimage\",\"url\":\"https:\\\/\\\/barringerlawfirm.com\\\/wp-content\\\/uploads\\\/2022\\\/10\\\/injury-medical.svg\",\"contentUrl\":\"https:\\\/\\\/barringerlawfirm.com\\\/wp-content\\\/uploads\\\/2022\\\/10\\\/injury-medical.svg\",\"width\":90,\"height\":80},{\"@type\":\"BreadcrumbList\",\"@id\":\"https:\\\/\\\/barringerlawfirm.com\\\/es\\\/inmigracion\\\/green-cards\\\/#breadcrumb\",\"itemListElement\":[{\"@type\":\"ListItem\",\"position\":1,\"name\":\"Home\",\"item\":\"https:\\\/\\\/barringerlawfirm.com\\\/es\\\/bufete-de-abogados\\\/\"},{\"@type\":\"ListItem\",\"position\":2,\"name\":\"Inmigraci\u00f3n\",\"item\":\"https:\\\/\\\/barringerlawfirm.com\\\/es\\\/inmigracion\\\/\"},{\"@type\":\"ListItem\",\"position\":3,\"name\":\"Green Cards\"}]},{\"@type\":\"WebSite\",\"@id\":\"https:\\\/\\\/barringerlawfirm.com\\\/es\\\/#website\",\"url\":\"https:\\\/\\\/barringerlawfirm.com\\\/es\\\/\",\"name\":\"\",\"description\":\"We apply law to facts\",\"potentialAction\":[{\"@type\":\"SearchAction\",\"target\":{\"@type\":\"EntryPoint\",\"urlTemplate\":\"https:\\\/\\\/barringerlawfirm.com\\\/es\\\/?s={search_term_string}\"},\"query-input\":{\"@type\":\"PropertyValueSpecification\",\"valueRequired\":true,\"valueName\":\"search_term_string\"}}],\"inLanguage\":\"es\"}]}<\/script>\n<!-- \/ Yoast SEO plugin. -->","yoast_head_json":{"title":"Green Cards -","robots":{"index":"index","follow":"follow","max-snippet":"max-snippet:-1","max-image-preview":"max-image-preview:large","max-video-preview":"max-video-preview:-1"},"canonical":"https:\/\/barringerlawfirm.com\/es\/inmigracion\/green-cards\/","og_locale":"es_ES","og_type":"article","og_title":"Green Cards -","og_description":"$135,000,000","og_url":"https:\/\/barringerlawfirm.com\/es\/inmigracion\/green-cards\/","article_modified_time":"2026-01-15T14:40:43+00:00","twitter_card":"summary_large_image","twitter_misc":{"Tiempo de lectura":"4 minutos"},"schema":{"@context":"https:\/\/schema.org","@graph":[{"@type":"WebPage","@id":"https:\/\/barringerlawfirm.com\/es\/inmigracion\/green-cards\/","url":"https:\/\/barringerlawfirm.com\/es\/inmigracion\/green-cards\/","name":"Green Cards -","isPartOf":{"@id":"https:\/\/barringerlawfirm.com\/es\/#website"},"primaryImageOfPage":{"@id":"https:\/\/barringerlawfirm.com\/es\/inmigracion\/green-cards\/#primaryimage"},"image":{"@id":"https:\/\/barringerlawfirm.com\/es\/inmigracion\/green-cards\/#primaryimage"},"thumbnailUrl":"https:\/\/barringerlawfirm.com\/wp-content\/uploads\/2022\/10\/injury-medical.svg","datePublished":"2022-10-13T10:31:27+00:00","dateModified":"2026-01-15T14:40:43+00:00","breadcrumb":{"@id":"https:\/\/barringerlawfirm.com\/es\/inmigracion\/green-cards\/#breadcrumb"},"inLanguage":"es","potentialAction":[{"@type":"ReadAction","target":["https:\/\/barringerlawfirm.com\/es\/inmigracion\/green-cards\/"]}]},{"@type":"ImageObject","inLanguage":"es","@id":"https:\/\/barringerlawfirm.com\/es\/inmigracion\/green-cards\/#primaryimage","url":"https:\/\/barringerlawfirm.com\/wp-content\/uploads\/2022\/10\/injury-medical.svg","contentUrl":"https:\/\/barringerlawfirm.com\/wp-content\/uploads\/2022\/10\/injury-medical.svg","width":90,"height":80},{"@type":"BreadcrumbList","@id":"https:\/\/barringerlawfirm.com\/es\/inmigracion\/green-cards\/#breadcrumb","itemListElement":[{"@type":"ListItem","position":1,"name":"Home","item":"https:\/\/barringerlawfirm.com\/es\/bufete-de-abogados\/"},{"@type":"ListItem","position":2,"name":"Inmigraci\u00f3n","item":"https:\/\/barringerlawfirm.com\/es\/inmigracion\/"},{"@type":"ListItem","position":3,"name":"Green Cards"}]},{"@type":"WebSite","@id":"https:\/\/barringerlawfirm.com\/es\/#website","url":"https:\/\/barringerlawfirm.com\/es\/","name":"","description":"We apply law to facts","potentialAction":[{"@type":"SearchAction","target":{"@type":"EntryPoint","urlTemplate":"https:\/\/barringerlawfirm.com\/es\/?s={search_term_string}"},"query-input":{"@type":"PropertyValueSpecification","valueRequired":true,"valueName":"search_term_string"}}],"inLanguage":"es"}]}},"_links":{"self":[{"href":"https:\/\/barringerlawfirm.com\/es\/wp-json\/wp\/v2\/pages\/988736","targetHints":{"allow":["GET"]}}],"collection":[{"href":"https:\/\/barringerlawfirm.com\/es\/wp-json\/wp\/v2\/pages"}],"about":[{"href":"https:\/\/barringerlawfirm.com\/es\/wp-json\/wp\/v2\/types\/page"}],"author":[{"embeddable":true,"href":"https:\/\/barringerlawfirm.com\/es\/wp-json\/wp\/v2\/users\/2"}],"replies":[{"embeddable":true,"href":"https:\/\/barringerlawfirm.com\/es\/wp-json\/wp\/v2\/comments?post=988736"}],"version-history":[{"count":1,"href":"https:\/\/barringerlawfirm.com\/es\/wp-json\/wp\/v2\/pages\/988736\/revisions"}],"predecessor-version":[{"id":988737,"href":"https:\/\/barringerlawfirm.com\/es\/wp-json\/wp\/v2\/pages\/988736\/revisions\/988737"}],"up":[{"embeddable":true,"href":"https:\/\/barringerlawfirm.com\/es\/wp-json\/wp\/v2\/pages\/988670"}],"wp:featuredmedia":[{"embeddable":true,"href":"https:\/\/barringerlawfirm.com\/es\/wp-json\/wp\/v2\/media\/988735"}],"wp:attachment":[{"href":"https:\/\/barringerlawfirm.com\/es\/wp-json\/wp\/v2\/media?parent=988736"}],"curies":[{"name":"wp","href":"https:\/\/api.w.org\/{rel}","templated":true}]}}