{"id":988738,"date":"2022-09-26T20:32:51","date_gmt":"2022-09-26T20:32:51","guid":{"rendered":"https:\/\/barringerlawfirm.com\/inmigracion\/naturalizacion\/"},"modified":"2026-01-15T14:45:21","modified_gmt":"2026-01-15T14:45:21","slug":"naturalizacion","status":"publish","type":"page","link":"https:\/\/barringerlawfirm.com\/es\/inmigracion\/naturalizacion\/","title":{"rendered":"Naturalizaci\u00f3n"},"content":{"rendered":"\t\t<div data-elementor-type=\"wp-page\" data-elementor-id=\"988738\" class=\"elementor elementor-988738 elementor-531\" data-elementor-post-type=\"page\">\n\t\t\t\t\t\t<section class=\"elementor-section elementor-top-section elementor-element elementor-element-256a79c9 elementor-section-full_width elementor-section-height-default elementor-section-height-default\" data-id=\"256a79c9\" data-element_type=\"section\" data-e-type=\"section\">\n\t\t\t\t\t\t<div class=\"elementor-container elementor-column-gap-no\">\n\t\t\t\t\t<div class=\"elementor-column elementor-col-100 elementor-top-column elementor-element elementor-element-6c39745a\" data-id=\"6c39745a\" data-element_type=\"column\" data-e-type=\"column\">\n\t\t\t<div class=\"elementor-widget-wrap elementor-element-populated\">\n\t\t\t\t\t\t<div class=\"elementor-element elementor-element-889ec97 elementor-widget elementor-widget-heading\" data-id=\"889ec97\" data-element_type=\"widget\" data-e-type=\"widget\" data-widget_type=\"heading.default\">\n\t\t\t\t<div class=\"elementor-widget-container\">\n\t\t\t\t\t<h2 class=\"elementor-heading-title elementor-size-default\">Abogado de Naturalizaci\u00f3n en Denver, CO<\/h2>\t\t\t\t<\/div>\n\t\t\t\t<\/div>\n\t\t\t\t<div class=\"elementor-element elementor-element-3e7c2112 elementor-widget elementor-widget-text-editor\" data-id=\"3e7c2112\" data-element_type=\"widget\" data-e-type=\"widget\" data-widget_type=\"text-editor.default\">\n\t\t\t\t<div class=\"elementor-widget-container\">\n\t\t\t\t\t\t\t\t\t<p>Convertirse en ciudadano de los Estados Unidos es un gran logro y un hito en la vida de un inmigrante. Cada a\u00f1o, EE. UU. otorga la ciudadan\u00eda a personas a trav\u00e9s del proceso de naturalizaci\u00f3n. Sin embargo, el camino hacia la ciudadan\u00eda conlleva muchas responsabilidades y es dif\u00edcil de navegar solo. En Barringer Law Firm, queremos apoyarlo en el proceso de ciudadan\u00eda y hacia una vida disfrutando de los derechos y privilegios de un ciudadano estadounidense.   <\/p>\t\t\t\t\t\t\t\t<\/div>\n\t\t\t\t<\/div>\n\t\t\t\t<div class=\"elementor-element elementor-element-49e6444 elementor-widget elementor-widget-heading\" data-id=\"49e6444\" data-element_type=\"widget\" data-e-type=\"widget\" data-widget_type=\"heading.default\">\n\t\t\t\t<div class=\"elementor-widget-container\">\n\t\t\t\t\t<h3 class=\"elementor-heading-title elementor-size-default\">Nuestros Servicios de Naturalizaci\u00f3n Incluyen:<\/h3>\t\t\t\t<\/div>\n\t\t\t\t<\/div>\n\t\t\t\t<div class=\"elementor-element elementor-element-9c018c1 elementor-widget elementor-widget-text-editor\" data-id=\"9c018c1\" data-element_type=\"widget\" data-e-type=\"widget\" data-widget_type=\"text-editor.default\">\n\t\t\t\t<div class=\"elementor-widget-container\">\n\t\t\t\t\t\t\t\t\t<p>Tener un abogado de naturalizaci\u00f3n trabajando con usted a lo largo del proceso contribuir\u00e1 en gran medida a asegurar la ciudadan\u00eda estadounidense. Nuestro equipo de abogados de naturalizaci\u00f3n se asegurar\u00e1 de que est\u00e9 preparado para la solicitud y el proceso de entrevista de USCIS. Nuestros servicios de naturalizaci\u00f3n incluyen apoyo para aquellos que son:  <\/p><ul><li>Residente Permanente Legal de 5 a\u00f1os<\/li><li>Casado con un ciudadano estadounidense<\/li><li>Sirviendo en el Ej\u00e9rcito de EE. UU. o miembro de la familia militar de EE. UU.<\/li><li>Hijo de un ciudadano estadounidense<\/li><\/ul><h4><strong>Su Camino Hacia la Ciudadan\u00eda: C\u00f3mo Funciona<\/strong><\/h4><p>Hay m\u00faltiples pasos antes de que pueda convertirse oficialmente en ciudadano estadounidense. Primero, una persona debe solicitar la naturalizaci\u00f3n presentando una Solicitud de Naturalizaci\u00f3n, Formulario. Segundo, la persona debe cumplir con los requisitos de elegibilidad en la Ley de Inmigraci\u00f3n y Nacionalidad descritos a continuaci\u00f3n:  <\/p><ul><li>Tener al menos 18 a\u00f1os de edad.<\/li><li>Demostrar que es un residente permanente legalmente admitido en los EE. UU.<\/li><li>Haber residido en los EE. UU. como residente permanente legal durante al menos cinco a\u00f1os.<\/li><li>Haber estado f\u00edsicamente presente en los EE. UU. durante al menos 30 meses.<\/li><li>Ser una persona de buen car\u00e1cter moral.<\/li><li>Ser capaz de hablar, leer, escribir y entender el ingl\u00e9s.<\/li><li>Tener un entendimiento de los fundamentos de la historia, principios y forma del gobierno de los EE. UU.<\/li><li>Demostrar apego a los principios de la Constituci\u00f3n y estar bien dispuesto al buen orden y la felicidad de los EE. UU.<\/li><li>Estar dispuesto y ser capaz de prestar el Juramento de Lealtad.<\/li><\/ul><h4><strong>\u00bfCu\u00e1nto Cuesta Convertirse en Ciudadano de EE. UU.?<\/strong><\/h4><p>La tarifa actual de naturalizaci\u00f3n para una solicitud de ciudadan\u00eda estadounidense (formulario N-400) es de $640 m\u00e1s una tarifa biom\u00e9trica adicional de $85 para un total de $725. Algunas excepciones de tarifas incluyen: <\/p><ul><li>Los solicitantes de 75 a\u00f1os de edad o m\u00e1s no necesitan pagar una tarifa biom\u00e9trica.<\/li><li>No se requiere tarifa de presentaci\u00f3n ni tarifa de servicios biom\u00e9tricos para solicitantes militares que presentan la solicitud bajo la secci\u00f3n 328 o 329 de la INA.<\/li><li>Solo necesitan pagar la tarifa de presentaci\u00f3n de $640.<\/li><\/ul><p>Despu\u00e9s de cumplir con estos requisitos, el paso final en el proceso de naturalizaci\u00f3n es programar una entrevista con un oficial de los Servicios de Ciudadan\u00eda e Inmigraci\u00f3n de EE. UU. En Barringer Law Firm, nuestro equipo de abogados de naturalizaci\u00f3n puede ayudar a informarle y asesorarle en cada paso de ese proceso y brindarle los recursos para asegurar la ciudadan\u00eda en los Estados Unidos. <\/p>\t\t\t\t\t\t\t\t<\/div>\n\t\t\t\t<\/div>\n\t\t\t\t<div class=\"vamtam-has-theme-widget-styles elementor-element elementor-element-8f3d905 elementor-align-left vamtam-has-underline-anim elementor-widget elementor-widget-button\" data-id=\"8f3d905\" data-element_type=\"widget\" data-e-type=\"widget\" data-widget_type=\"button.default\">\n\t\t\t\t<div class=\"elementor-widget-container\">\n\t\t\t\t\t\t\t\t\t<div class=\"elementor-button-wrapper\">\n\t\t\t\t\t<a class=\"elementor-button elementor-button-link elementor-size-sm\" href=\"tel:+13033772338\">\n\t\t\t\t\t\t<span class=\"elementor-button-content-wrapper\">\n\t\t\t\t\t\t<span class=\"elementor-button-icon\">\n\t\t\t\t<i aria-hidden=\"true\" class=\"vamtamtheme- vamtam-theme-icon-arrow-right-top\"><\/i>\t\t\t<\/span>\n\t\t\t\t\t\t\t\t\t<span class=\"elementor-button-text\">Llame al 303.377.2338<\/span>\n\t\t\t\t\t<\/span>\n\t\t\t\t\t<\/a>\n\t\t\t\t<\/div>\n\t\t\t\t\t\t\t\t<\/div>\n\t\t\t\t<\/div>\n\t\t\t\t\t<\/div>\n\t\t<\/div>\n\t\t\t\t\t<\/div>\n\t\t<\/section>\n\t\t\t\t<\/div>\n\t\t","protected":false},"excerpt":{"rendered":"<p>Abogado de Naturalizaci\u00f3n en Denver, CO Convertirse en ciudadano de los Estados Unidos es un gran logro y un hito en la vida de un inmigrante. Cada a\u00f1o, EE. UU. otorga la ciudadan\u00eda a personas a trav\u00e9s del proceso de naturalizaci\u00f3n. Sin embargo, el camino hacia la ciudadan\u00eda conlleva muchas responsabilidades y es dif\u00edcil de&#8230;<\/p>\n","protected":false},"author":2,"featured_media":0,"parent":988670,"menu_order":0,"comment_status":"closed","ping_status":"closed","template":"","meta":{"inline_featured_image":false,"footnotes":""},"class_list":["post-988738","page","type-page","status-publish","hentry"],"yoast_head":"<!-- This site is optimized with the Yoast SEO plugin v27.4 - https:\/\/yoast.com\/product\/yoast-seo-wordpress\/ -->\n<title>Naturalizaci\u00f3n -<\/title>\n<meta name=\"robots\" content=\"index, follow, max-snippet:-1, max-image-preview:large, max-video-preview:-1\" \/>\n<link rel=\"canonical\" href=\"https:\/\/barringerlawfirm.com\/es\/inmigracion\/naturalizacion\/\" \/>\n<meta property=\"og:locale\" content=\"es_ES\" \/>\n<meta property=\"og:type\" content=\"article\" \/>\n<meta property=\"og:title\" content=\"Naturalizaci\u00f3n -\" \/>\n<meta property=\"og:description\" content=\"Abogado de Naturalizaci\u00f3n en Denver, CO Convertirse en ciudadano de los Estados Unidos es un gran logro y un hito en la vida de un inmigrante. Cada a\u00f1o, EE. UU. otorga la ciudadan\u00eda a personas a trav\u00e9s del proceso de naturalizaci\u00f3n. Sin embargo, el camino hacia la ciudadan\u00eda conlleva muchas responsabilidades y es dif\u00edcil de...\" \/>\n<meta property=\"og:url\" content=\"https:\/\/barringerlawfirm.com\/es\/inmigracion\/naturalizacion\/\" \/>\n<meta property=\"article:modified_time\" content=\"2026-01-15T14:45:21+00:00\" \/>\n<meta name=\"twitter:card\" content=\"summary_large_image\" \/>\n<meta name=\"twitter:label1\" content=\"Tiempo de lectura\" \/>\n\t<meta name=\"twitter:data1\" content=\"3 minutos\" \/>\n<script type=\"application\/ld+json\" class=\"yoast-schema-graph\">{\"@context\":\"https:\\\/\\\/schema.org\",\"@graph\":[{\"@type\":\"WebPage\",\"@id\":\"https:\\\/\\\/barringerlawfirm.com\\\/es\\\/inmigracion\\\/naturalizacion\\\/\",\"url\":\"https:\\\/\\\/barringerlawfirm.com\\\/es\\\/inmigracion\\\/naturalizacion\\\/\",\"name\":\"Naturalizaci\u00f3n -\",\"isPartOf\":{\"@id\":\"https:\\\/\\\/barringerlawfirm.com\\\/es\\\/#website\"},\"datePublished\":\"2022-09-26T20:32:51+00:00\",\"dateModified\":\"2026-01-15T14:45:21+00:00\",\"breadcrumb\":{\"@id\":\"https:\\\/\\\/barringerlawfirm.com\\\/es\\\/inmigracion\\\/naturalizacion\\\/#breadcrumb\"},\"inLanguage\":\"es\",\"potentialAction\":[{\"@type\":\"ReadAction\",\"target\":[\"https:\\\/\\\/barringerlawfirm.com\\\/es\\\/inmigracion\\\/naturalizacion\\\/\"]}]},{\"@type\":\"BreadcrumbList\",\"@id\":\"https:\\\/\\\/barringerlawfirm.com\\\/es\\\/inmigracion\\\/naturalizacion\\\/#breadcrumb\",\"itemListElement\":[{\"@type\":\"ListItem\",\"position\":1,\"name\":\"Home\",\"item\":\"https:\\\/\\\/barringerlawfirm.com\\\/es\\\/bufete-de-abogados\\\/\"},{\"@type\":\"ListItem\",\"position\":2,\"name\":\"Inmigraci\u00f3n\",\"item\":\"https:\\\/\\\/barringerlawfirm.com\\\/es\\\/inmigracion\\\/\"},{\"@type\":\"ListItem\",\"position\":3,\"name\":\"Naturalizaci\u00f3n\"}]},{\"@type\":\"WebSite\",\"@id\":\"https:\\\/\\\/barringerlawfirm.com\\\/es\\\/#website\",\"url\":\"https:\\\/\\\/barringerlawfirm.com\\\/es\\\/\",\"name\":\"\",\"description\":\"We apply law to facts\",\"potentialAction\":[{\"@type\":\"SearchAction\",\"target\":{\"@type\":\"EntryPoint\",\"urlTemplate\":\"https:\\\/\\\/barringerlawfirm.com\\\/es\\\/?s={search_term_string}\"},\"query-input\":{\"@type\":\"PropertyValueSpecification\",\"valueRequired\":true,\"valueName\":\"search_term_string\"}}],\"inLanguage\":\"es\"}]}<\/script>\n<!-- \/ Yoast SEO plugin. -->","yoast_head_json":{"title":"Naturalizaci\u00f3n -","robots":{"index":"index","follow":"follow","max-snippet":"max-snippet:-1","max-image-preview":"max-image-preview:large","max-video-preview":"max-video-preview:-1"},"canonical":"https:\/\/barringerlawfirm.com\/es\/inmigracion\/naturalizacion\/","og_locale":"es_ES","og_type":"article","og_title":"Naturalizaci\u00f3n -","og_description":"Abogado de Naturalizaci\u00f3n en Denver, CO Convertirse en ciudadano de los Estados Unidos es un gran logro y un hito en la vida de un inmigrante. Cada a\u00f1o, EE. UU. otorga la ciudadan\u00eda a personas a trav\u00e9s del proceso de naturalizaci\u00f3n. Sin embargo, el camino hacia la ciudadan\u00eda conlleva muchas responsabilidades y es dif\u00edcil de...","og_url":"https:\/\/barringerlawfirm.com\/es\/inmigracion\/naturalizacion\/","article_modified_time":"2026-01-15T14:45:21+00:00","twitter_card":"summary_large_image","twitter_misc":{"Tiempo de lectura":"3 minutos"},"schema":{"@context":"https:\/\/schema.org","@graph":[{"@type":"WebPage","@id":"https:\/\/barringerlawfirm.com\/es\/inmigracion\/naturalizacion\/","url":"https:\/\/barringerlawfirm.com\/es\/inmigracion\/naturalizacion\/","name":"Naturalizaci\u00f3n -","isPartOf":{"@id":"https:\/\/barringerlawfirm.com\/es\/#website"},"datePublished":"2022-09-26T20:32:51+00:00","dateModified":"2026-01-15T14:45:21+00:00","breadcrumb":{"@id":"https:\/\/barringerlawfirm.com\/es\/inmigracion\/naturalizacion\/#breadcrumb"},"inLanguage":"es","potentialAction":[{"@type":"ReadAction","target":["https:\/\/barringerlawfirm.com\/es\/inmigracion\/naturalizacion\/"]}]},{"@type":"BreadcrumbList","@id":"https:\/\/barringerlawfirm.com\/es\/inmigracion\/naturalizacion\/#breadcrumb","itemListElement":[{"@type":"ListItem","position":1,"name":"Home","item":"https:\/\/barringerlawfirm.com\/es\/bufete-de-abogados\/"},{"@type":"ListItem","position":2,"name":"Inmigraci\u00f3n","item":"https:\/\/barringerlawfirm.com\/es\/inmigracion\/"},{"@type":"ListItem","position":3,"name":"Naturalizaci\u00f3n"}]},{"@type":"WebSite","@id":"https:\/\/barringerlawfirm.com\/es\/#website","url":"https:\/\/barringerlawfirm.com\/es\/","name":"","description":"We apply law to facts","potentialAction":[{"@type":"SearchAction","target":{"@type":"EntryPoint","urlTemplate":"https:\/\/barringerlawfirm.com\/es\/?s={search_term_string}"},"query-input":{"@type":"PropertyValueSpecification","valueRequired":true,"valueName":"search_term_string"}}],"inLanguage":"es"}]}},"_links":{"self":[{"href":"https:\/\/barringerlawfirm.com\/es\/wp-json\/wp\/v2\/pages\/988738","targetHints":{"allow":["GET"]}}],"collection":[{"href":"https:\/\/barringerlawfirm.com\/es\/wp-json\/wp\/v2\/pages"}],"about":[{"href":"https:\/\/barringerlawfirm.com\/es\/wp-json\/wp\/v2\/types\/page"}],"author":[{"embeddable":true,"href":"https:\/\/barringerlawfirm.com\/es\/wp-json\/wp\/v2\/users\/2"}],"replies":[{"embeddable":true,"href":"https:\/\/barringerlawfirm.com\/es\/wp-json\/wp\/v2\/comments?post=988738"}],"version-history":[{"count":1,"href":"https:\/\/barringerlawfirm.com\/es\/wp-json\/wp\/v2\/pages\/988738\/revisions"}],"predecessor-version":[{"id":988739,"href":"https:\/\/barringerlawfirm.com\/es\/wp-json\/wp\/v2\/pages\/988738\/revisions\/988739"}],"up":[{"embeddable":true,"href":"https:\/\/barringerlawfirm.com\/es\/wp-json\/wp\/v2\/pages\/988670"}],"wp:attachment":[{"href":"https:\/\/barringerlawfirm.com\/es\/wp-json\/wp\/v2\/media?parent=988738"}],"curies":[{"name":"wp","href":"https:\/\/api.w.org\/{rel}","templated":true}]}}