{"id":988740,"date":"2022-09-26T20:33:11","date_gmt":"2022-09-26T20:33:11","guid":{"rendered":"https:\/\/barringerlawfirm.com\/inmigracion\/crimmigration\/"},"modified":"2026-01-15T14:48:19","modified_gmt":"2026-01-15T14:48:19","slug":"crimmigration","status":"publish","type":"page","link":"https:\/\/barringerlawfirm.com\/es\/inmigracion\/crimmigration\/","title":{"rendered":"Crimmigration"},"content":{"rendered":"\t\t<div data-elementor-type=\"wp-page\" data-elementor-id=\"988740\" class=\"elementor elementor-988740 elementor-533\" data-elementor-post-type=\"page\">\n\t\t\t\t\t\t<section class=\"elementor-section elementor-top-section elementor-element elementor-element-7058f018 elementor-section-full_width elementor-section-height-default elementor-section-height-default\" data-id=\"7058f018\" data-element_type=\"section\" data-e-type=\"section\">\n\t\t\t\t\t\t<div class=\"elementor-container elementor-column-gap-no\">\n\t\t\t\t\t<div class=\"elementor-column elementor-col-100 elementor-top-column elementor-element elementor-element-c786c9a\" data-id=\"c786c9a\" data-element_type=\"column\" data-e-type=\"column\">\n\t\t\t<div class=\"elementor-widget-wrap elementor-element-populated\">\n\t\t\t\t\t\t<div class=\"elementor-element elementor-element-1e67b5e7 elementor-widget elementor-widget-heading\" data-id=\"1e67b5e7\" data-element_type=\"widget\" data-e-type=\"widget\" data-widget_type=\"heading.default\">\n\t\t\t\t<div class=\"elementor-widget-container\">\n\t\t\t\t\t<h2 class=\"elementor-heading-title elementor-size-default\">Abogados especializados en Crimmigration (inmigraci\u00f3n y defensa penal) en Colorado<\/h2>\t\t\t\t<\/div>\n\t\t\t\t<\/div>\n\t\t\t\t<div class=\"elementor-element elementor-element-23a548a3 elementor-widget elementor-widget-text-editor\" data-id=\"23a548a3\" data-element_type=\"widget\" data-e-type=\"widget\" data-widget_type=\"text-editor.default\">\n\t\t\t\t<div class=\"elementor-widget-container\">\n\t\t\t\t\t\t\t\t\t<p>Si usted se enfrenta a cualquier tipo de cargo penal como inmigrante en los Estados Unidos, su futuro puede verse afectado de maneras que ni siquiera imagina. La Representaci\u00f3n en el tribunal por un abogado especializado en crimmigration (inmigraci\u00f3n y defensa penal), como nuestros abogados en Barringer Law Firm, ayuda a proteger su estatus migratorio y sus sue\u00f1os de ciudadan\u00eda. <\/p>\t\t\t\t\t\t\t\t<\/div>\n\t\t\t\t<\/div>\n\t\t\t\t<div class=\"elementor-element elementor-element-77cf46a elementor-widget elementor-widget-heading\" data-id=\"77cf46a\" data-element_type=\"widget\" data-e-type=\"widget\" data-widget_type=\"heading.default\">\n\t\t\t\t<div class=\"elementor-widget-container\">\n\t\t\t\t\t<h3 class=\"elementor-heading-title elementor-size-default\">\u00bfQu\u00e9 es Crimmigration (inmigraci\u00f3n y defensa penal)?<\/h3>\t\t\t\t<\/div>\n\t\t\t\t<\/div>\n\t\t\t\t<div class=\"elementor-element elementor-element-9d6da3c elementor-widget elementor-widget-text-editor\" data-id=\"9d6da3c\" data-element_type=\"widget\" data-e-type=\"widget\" data-widget_type=\"text-editor.default\">\n\t\t\t\t<div class=\"elementor-widget-container\">\n\t\t\t\t\t\t\t\t\t<p>En pocas palabras, Crimmigration (inmigraci\u00f3n y defensa penal) es donde se cruzan las \u00e1reas del derecho penal y de Inmigraci\u00f3n. Una persona que a\u00fan no es ciudadana y se enfrenta a cargos penales de cualquier tipo necesita comprender el impacto de una condena penal en sus perspectivas de inmigraci\u00f3n, ya sea ahora o en el futuro. <\/p>\n<p>Cualquier caso penal m\u00e1s all\u00e1 de una infracci\u00f3n de tr\u00e1fico menor puede afectar el estatus migratorio de una persona. Ya sea documentado o indocumentado, una condena penal podr\u00eda tener impactos duraderos en todas las acciones de inmigraci\u00f3n futuras que esa persona desee emprender. Asegurarse de que su abogado est\u00e9 al tanto tanto de su estatus migratorio actual como de cualquier plan de inmigraci\u00f3n futuro marcar\u00e1 una gran diferencia en la forma en que se maneje su caso penal. Aseg\u00farese de trabajar con un abogado especializado en crimmigration (inmigraci\u00f3n y defensa penal) en su caso para garantizar el mejor resultado posible.   <\/p>\n<p>Los casos de Crimmigration (inmigraci\u00f3n y defensa penal) casi siempre se manejan en un tribunal penal, un gran cambio con respecto a los casos de inmigraci\u00f3n, que tienen lugar en un tribunal civil. La discusi\u00f3n de asuntos de inmigraci\u00f3n en un tribunal penal es el factor m\u00e1s importante que distingue a la crimmigration (inmigraci\u00f3n y defensa penal). <\/p>\t\t\t\t\t\t\t\t<\/div>\n\t\t\t\t<\/div>\n\t\t\t\t<div class=\"elementor-element elementor-element-b43ddbc elementor-widget elementor-widget-heading\" data-id=\"b43ddbc\" data-element_type=\"widget\" data-e-type=\"widget\" data-widget_type=\"heading.default\">\n\t\t\t\t<div class=\"elementor-widget-container\">\n\t\t\t\t\t<h3 class=\"elementor-heading-title elementor-size-default\">\u00bfPor qu\u00e9 es importante contratar a un abogado especializado en Crimmigration (inmigraci\u00f3n y defensa penal)?<\/h3>\t\t\t\t<\/div>\n\t\t\t\t<\/div>\n\t\t\t\t<div class=\"elementor-element elementor-element-8671015 elementor-widget elementor-widget-text-editor\" data-id=\"8671015\" data-element_type=\"widget\" data-e-type=\"widget\" data-widget_type=\"text-editor.default\">\n\t\t\t\t<div class=\"elementor-widget-container\">\n\t\t\t\t\t\t\t\t\t<p>La Representaci\u00f3n por un abogado con un amplio conocimiento de lo que ser\u00e1 y no ser\u00e1 un problema para la inmigraci\u00f3n es muy importante para las personas que enfrentan cargos de crimmigration (inmigraci\u00f3n y defensa penal). En estos d\u00edas, los fiscales de distrito tienden a estar m\u00e1s dispuestos a trabajar con los abogados en las declaraciones que evitar\u00e1n duras consecuencias migratorias, pero a\u00fan depende del abogado saber c\u00f3mo navegar por esa declaraci\u00f3n. Nuestros abogados especializados en crimmigration (inmigraci\u00f3n y defensa penal) est\u00e1n equipados para hacer precisamente eso.  <\/p>\n<p>Por ejemplo, imagine que se enfrenta a cargos penales y el fiscal de su caso le ofrece un acuerdo de culpabilidad que solo implica libertad condicional. Todo eso suena genial, \u00bfverdad? Hasta dentro de unos a\u00f1os, cuando quiera hacer algo con su estatus migratorio y se le rechace debido a esa condena.  <\/p>\n<p>Un buen abogado especializado en crimmigration (inmigraci\u00f3n y defensa penal) le ayudar\u00e1 a navegar por su caso para evitar consecuencias migratorias y proteger sus sue\u00f1os de un futuro estatus migratorio.<\/p>\t\t\t\t\t\t\t\t<\/div>\n\t\t\t\t<\/div>\n\t\t\t\t<div class=\"vamtam-has-theme-widget-styles elementor-element elementor-element-a9b0c94 elementor-align-left vamtam-has-underline-anim elementor-widget elementor-widget-button\" data-id=\"a9b0c94\" data-element_type=\"widget\" data-e-type=\"widget\" data-widget_type=\"button.default\">\n\t\t\t\t<div class=\"elementor-widget-container\">\n\t\t\t\t\t\t\t\t\t<div class=\"elementor-button-wrapper\">\n\t\t\t\t\t<a class=\"elementor-button elementor-button-link elementor-size-sm\" href=\"https:\/\/barringerlawfirm.com\/es\/contacto\/\">\n\t\t\t\t\t\t<span class=\"elementor-button-content-wrapper\">\n\t\t\t\t\t\t<span class=\"elementor-button-icon\">\n\t\t\t\t<i aria-hidden=\"true\" class=\"vamtamtheme- vamtam-theme-icon-arrow-right-top\"><\/i>\t\t\t<\/span>\n\t\t\t\t\t\t\t\t\t<span class=\"elementor-button-text\">P\u00f3ngase en contacto con nuestros abogados especializados en Crimmigration (inmigraci\u00f3n y defensa penal)<\/span>\n\t\t\t\t\t<\/span>\n\t\t\t\t\t<\/a>\n\t\t\t\t<\/div>\n\t\t\t\t\t\t\t\t<\/div>\n\t\t\t\t<\/div>\n\t\t\t\t\t<\/div>\n\t\t<\/div>\n\t\t\t\t\t<\/div>\n\t\t<\/section>\n\t\t\t\t<\/div>\n\t\t","protected":false},"excerpt":{"rendered":"<p>Abogados especializados en Crimmigration (inmigraci\u00f3n y defensa penal) en Colorado Si usted se enfrenta a cualquier tipo de cargo penal como inmigrante en los Estados Unidos, su futuro puede verse afectado de maneras que ni siquiera imagina. La Representaci\u00f3n en el tribunal por un abogado especializado en crimmigration (inmigraci\u00f3n y defensa penal), como nuestros abogados&#8230;<\/p>\n","protected":false},"author":2,"featured_media":0,"parent":988670,"menu_order":0,"comment_status":"closed","ping_status":"closed","template":"","meta":{"inline_featured_image":false,"footnotes":""},"class_list":["post-988740","page","type-page","status-publish","hentry"],"yoast_head":"<!-- This site is optimized with the Yoast SEO plugin v27.4 - https:\/\/yoast.com\/product\/yoast-seo-wordpress\/ -->\n<title>Crimmigration -<\/title>\n<meta name=\"robots\" content=\"index, follow, max-snippet:-1, max-image-preview:large, max-video-preview:-1\" \/>\n<link rel=\"canonical\" href=\"https:\/\/barringerlawfirm.com\/es\/inmigracion\/crimmigration\/\" \/>\n<meta property=\"og:locale\" content=\"es_ES\" \/>\n<meta property=\"og:type\" content=\"article\" \/>\n<meta property=\"og:title\" content=\"Crimmigration -\" \/>\n<meta property=\"og:description\" content=\"Abogados especializados en Crimmigration (inmigraci\u00f3n y defensa penal) en Colorado Si usted se enfrenta a cualquier tipo de cargo penal como inmigrante en los Estados Unidos, su futuro puede verse afectado de maneras que ni siquiera imagina. La Representaci\u00f3n en el tribunal por un abogado especializado en crimmigration (inmigraci\u00f3n y defensa penal), como nuestros abogados...\" \/>\n<meta property=\"og:url\" content=\"https:\/\/barringerlawfirm.com\/es\/inmigracion\/crimmigration\/\" \/>\n<meta property=\"article:modified_time\" content=\"2026-01-15T14:48:19+00:00\" \/>\n<meta name=\"twitter:card\" content=\"summary_large_image\" \/>\n<meta name=\"twitter:label1\" content=\"Tiempo de lectura\" \/>\n\t<meta name=\"twitter:data1\" content=\"3 minutos\" \/>\n<script type=\"application\/ld+json\" class=\"yoast-schema-graph\">{\"@context\":\"https:\\\/\\\/schema.org\",\"@graph\":[{\"@type\":\"WebPage\",\"@id\":\"https:\\\/\\\/barringerlawfirm.com\\\/es\\\/inmigracion\\\/crimmigration\\\/\",\"url\":\"https:\\\/\\\/barringerlawfirm.com\\\/es\\\/inmigracion\\\/crimmigration\\\/\",\"name\":\"Crimmigration -\",\"isPartOf\":{\"@id\":\"https:\\\/\\\/barringerlawfirm.com\\\/es\\\/#website\"},\"datePublished\":\"2022-09-26T20:33:11+00:00\",\"dateModified\":\"2026-01-15T14:48:19+00:00\",\"breadcrumb\":{\"@id\":\"https:\\\/\\\/barringerlawfirm.com\\\/es\\\/inmigracion\\\/crimmigration\\\/#breadcrumb\"},\"inLanguage\":\"es\",\"potentialAction\":[{\"@type\":\"ReadAction\",\"target\":[\"https:\\\/\\\/barringerlawfirm.com\\\/es\\\/inmigracion\\\/crimmigration\\\/\"]}]},{\"@type\":\"BreadcrumbList\",\"@id\":\"https:\\\/\\\/barringerlawfirm.com\\\/es\\\/inmigracion\\\/crimmigration\\\/#breadcrumb\",\"itemListElement\":[{\"@type\":\"ListItem\",\"position\":1,\"name\":\"Home\",\"item\":\"https:\\\/\\\/barringerlawfirm.com\\\/es\\\/bufete-de-abogados\\\/\"},{\"@type\":\"ListItem\",\"position\":2,\"name\":\"Inmigraci\u00f3n\",\"item\":\"https:\\\/\\\/barringerlawfirm.com\\\/es\\\/inmigracion\\\/\"},{\"@type\":\"ListItem\",\"position\":3,\"name\":\"Crimmigration\"}]},{\"@type\":\"WebSite\",\"@id\":\"https:\\\/\\\/barringerlawfirm.com\\\/es\\\/#website\",\"url\":\"https:\\\/\\\/barringerlawfirm.com\\\/es\\\/\",\"name\":\"\",\"description\":\"We apply law to facts\",\"potentialAction\":[{\"@type\":\"SearchAction\",\"target\":{\"@type\":\"EntryPoint\",\"urlTemplate\":\"https:\\\/\\\/barringerlawfirm.com\\\/es\\\/?s={search_term_string}\"},\"query-input\":{\"@type\":\"PropertyValueSpecification\",\"valueRequired\":true,\"valueName\":\"search_term_string\"}}],\"inLanguage\":\"es\"}]}<\/script>\n<!-- \/ Yoast SEO plugin. -->","yoast_head_json":{"title":"Crimmigration -","robots":{"index":"index","follow":"follow","max-snippet":"max-snippet:-1","max-image-preview":"max-image-preview:large","max-video-preview":"max-video-preview:-1"},"canonical":"https:\/\/barringerlawfirm.com\/es\/inmigracion\/crimmigration\/","og_locale":"es_ES","og_type":"article","og_title":"Crimmigration -","og_description":"Abogados especializados en Crimmigration (inmigraci\u00f3n y defensa penal) en Colorado Si usted se enfrenta a cualquier tipo de cargo penal como inmigrante en los Estados Unidos, su futuro puede verse afectado de maneras que ni siquiera imagina. La Representaci\u00f3n en el tribunal por un abogado especializado en crimmigration (inmigraci\u00f3n y defensa penal), como nuestros abogados...","og_url":"https:\/\/barringerlawfirm.com\/es\/inmigracion\/crimmigration\/","article_modified_time":"2026-01-15T14:48:19+00:00","twitter_card":"summary_large_image","twitter_misc":{"Tiempo de lectura":"3 minutos"},"schema":{"@context":"https:\/\/schema.org","@graph":[{"@type":"WebPage","@id":"https:\/\/barringerlawfirm.com\/es\/inmigracion\/crimmigration\/","url":"https:\/\/barringerlawfirm.com\/es\/inmigracion\/crimmigration\/","name":"Crimmigration -","isPartOf":{"@id":"https:\/\/barringerlawfirm.com\/es\/#website"},"datePublished":"2022-09-26T20:33:11+00:00","dateModified":"2026-01-15T14:48:19+00:00","breadcrumb":{"@id":"https:\/\/barringerlawfirm.com\/es\/inmigracion\/crimmigration\/#breadcrumb"},"inLanguage":"es","potentialAction":[{"@type":"ReadAction","target":["https:\/\/barringerlawfirm.com\/es\/inmigracion\/crimmigration\/"]}]},{"@type":"BreadcrumbList","@id":"https:\/\/barringerlawfirm.com\/es\/inmigracion\/crimmigration\/#breadcrumb","itemListElement":[{"@type":"ListItem","position":1,"name":"Home","item":"https:\/\/barringerlawfirm.com\/es\/bufete-de-abogados\/"},{"@type":"ListItem","position":2,"name":"Inmigraci\u00f3n","item":"https:\/\/barringerlawfirm.com\/es\/inmigracion\/"},{"@type":"ListItem","position":3,"name":"Crimmigration"}]},{"@type":"WebSite","@id":"https:\/\/barringerlawfirm.com\/es\/#website","url":"https:\/\/barringerlawfirm.com\/es\/","name":"","description":"We apply law to facts","potentialAction":[{"@type":"SearchAction","target":{"@type":"EntryPoint","urlTemplate":"https:\/\/barringerlawfirm.com\/es\/?s={search_term_string}"},"query-input":{"@type":"PropertyValueSpecification","valueRequired":true,"valueName":"search_term_string"}}],"inLanguage":"es"}]}},"_links":{"self":[{"href":"https:\/\/barringerlawfirm.com\/es\/wp-json\/wp\/v2\/pages\/988740","targetHints":{"allow":["GET"]}}],"collection":[{"href":"https:\/\/barringerlawfirm.com\/es\/wp-json\/wp\/v2\/pages"}],"about":[{"href":"https:\/\/barringerlawfirm.com\/es\/wp-json\/wp\/v2\/types\/page"}],"author":[{"embeddable":true,"href":"https:\/\/barringerlawfirm.com\/es\/wp-json\/wp\/v2\/users\/2"}],"replies":[{"embeddable":true,"href":"https:\/\/barringerlawfirm.com\/es\/wp-json\/wp\/v2\/comments?post=988740"}],"version-history":[{"count":1,"href":"https:\/\/barringerlawfirm.com\/es\/wp-json\/wp\/v2\/pages\/988740\/revisions"}],"predecessor-version":[{"id":988741,"href":"https:\/\/barringerlawfirm.com\/es\/wp-json\/wp\/v2\/pages\/988740\/revisions\/988741"}],"up":[{"embeddable":true,"href":"https:\/\/barringerlawfirm.com\/es\/wp-json\/wp\/v2\/pages\/988670"}],"wp:attachment":[{"href":"https:\/\/barringerlawfirm.com\/es\/wp-json\/wp\/v2\/media?parent=988740"}],"curies":[{"name":"wp","href":"https:\/\/api.w.org\/{rel}","templated":true}]}}