{"id":988742,"date":"2022-09-26T20:33:34","date_gmt":"2022-09-26T20:33:34","guid":{"rendered":"https:\/\/barringerlawfirm.com\/inmigracion\/fianzas-de-inmigracion\/"},"modified":"2026-01-15T14:58:53","modified_gmt":"2026-01-15T14:58:53","slug":"fianzas-de-inmigracion","status":"publish","type":"page","link":"https:\/\/barringerlawfirm.com\/es\/inmigracion\/fianzas-de-inmigracion\/","title":{"rendered":"Fianzas de Inmigraci\u00f3n"},"content":{"rendered":"\t\t<div data-elementor-type=\"wp-page\" data-elementor-id=\"988742\" class=\"elementor elementor-988742 elementor-535\" data-elementor-post-type=\"page\">\n\t\t\t\t\t\t<section class=\"elementor-section elementor-top-section elementor-element elementor-element-2e97a33d elementor-section-full_width elementor-section-height-default elementor-section-height-default\" data-id=\"2e97a33d\" data-element_type=\"section\" data-e-type=\"section\">\n\t\t\t\t\t\t<div class=\"elementor-container elementor-column-gap-no\">\n\t\t\t\t\t<div class=\"elementor-column elementor-col-100 elementor-top-column elementor-element elementor-element-69ce1823\" data-id=\"69ce1823\" data-element_type=\"column\" data-e-type=\"column\">\n\t\t\t<div class=\"elementor-widget-wrap elementor-element-populated\">\n\t\t\t\t\t\t<div class=\"elementor-element elementor-element-463dfb7f elementor-widget elementor-widget-heading\" data-id=\"463dfb7f\" data-element_type=\"widget\" data-e-type=\"widget\" data-widget_type=\"heading.default\">\n\t\t\t\t<div class=\"elementor-widget-container\">\n\t\t\t\t\t<h2 class=\"elementor-heading-title elementor-size-default\">Fianzas de Inmigraci\u00f3n<\/h2>\t\t\t\t<\/div>\n\t\t\t\t<\/div>\n\t\t\t\t<div class=\"elementor-element elementor-element-e957754 elementor-widget elementor-widget-text-editor\" data-id=\"e957754\" data-element_type=\"widget\" data-e-type=\"widget\" data-widget_type=\"text-editor.default\">\n\t\t\t\t<div class=\"elementor-widget-container\">\n\t\t\t\t\t\t\t\t\t<p>Las personas detenidas por ICE pueden ser liberadas de la custodia mediante la adquisici\u00f3n de una fianza de inmigraci\u00f3n. Similar a una fianza penal t\u00edpica, las fianzas de inmigraci\u00f3n son cruciales para lograr que su ser querido sea liberado de la detenci\u00f3n y ganar m\u00e1s tiempo para construir su caso con un abogado de inmigraci\u00f3n.<br>Si usted o un familiar ha sido detenido en una instalaci\u00f3n de inmigraci\u00f3n debido a un asunto penal local, estatal o federal, conf\u00ede en el equipo de Barringer Law Firm. Manejamos todos los aspectos del derecho penal y entendemos c\u00f3mo ese cargo o condena penal afectar\u00e1 sus perspectivas de obtener una fianza con la Oficina Ejecutiva de Revisi\u00f3n de Casos de Inmigraci\u00f3n.  <\/p>\t\t\t\t\t\t\t\t<\/div>\n\t\t\t\t<\/div>\n\t\t\t\t<div class=\"elementor-element elementor-element-30ed52c elementor-widget elementor-widget-heading\" data-id=\"30ed52c\" data-element_type=\"widget\" data-e-type=\"widget\" data-widget_type=\"heading.default\">\n\t\t\t\t<div class=\"elementor-widget-container\">\n\t\t\t\t\t<h3 class=\"elementor-heading-title elementor-size-default\">\u00bfC\u00f3mo Funciona el Proceso de Fianza de Inmigraci\u00f3n?<\/h3>\t\t\t\t<\/div>\n\t\t\t\t<\/div>\n\t\t\t\t<div class=\"elementor-element elementor-element-604cb55 elementor-widget elementor-widget-text-editor\" data-id=\"604cb55\" data-element_type=\"widget\" data-e-type=\"widget\" data-widget_type=\"text-editor.default\">\n\t\t\t\t<div class=\"elementor-widget-container\">\n\t\t\t\t\t\t\t\t\t<p>Las fianzas de inmigraci\u00f3n solo son aplicables para personas que han sido detenidas por ICE (Servicio de Inmigraci\u00f3n y Control de Aduanas de EE. UU.) por problemas de inmigraci\u00f3n.<\/p><p>La otra gran diferencia entre las fianzas penales t\u00edpicas y las fianzas para inmigraci\u00f3n es que el Juez de Inmigraci\u00f3n primero debe determinar si una persona es elegible para la fianza antes de que pueda negociar su liberaci\u00f3n de la custodia de ICE. El Juez de Inmigraci\u00f3n generalmente analiza dos cosas para determinar la elegibilidad: <\/p><ul><li>\u00bfEs la persona un riesgo de fuga (volver\u00e1 a la corte para su fecha designada)?<\/li><li>\u00bfEs la persona un peligro para su comunidad?<\/li><\/ul><p>En Barringer Law Firm, recomendamos trabajar con un abogado de inmigraci\u00f3n para argumentar su caso en la corte. Nos aseguraremos de que esas dos preguntas sean evaluadas de manera justa por el Juez de Inmigraci\u00f3n y protegeremos su derecho a ser liberado de la detenci\u00f3n mediante una fianza de inmigraci\u00f3n. <\/p>\t\t\t\t\t\t\t\t<\/div>\n\t\t\t\t<\/div>\n\t\t\t\t<div class=\"elementor-element elementor-element-72122f4 elementor-widget elementor-widget-heading\" data-id=\"72122f4\" data-element_type=\"widget\" data-e-type=\"widget\" data-widget_type=\"heading.default\">\n\t\t\t\t<div class=\"elementor-widget-container\">\n\t\t\t\t\t<h3 class=\"elementor-heading-title elementor-size-default\">\u00bfPor qu\u00e9 es Importante Obtener una Fianza de Inmigraci\u00f3n?<\/h3>\t\t\t\t<\/div>\n\t\t\t\t<\/div>\n\t\t\t\t<div class=\"elementor-element elementor-element-42c6121 elementor-widget elementor-widget-text-editor\" data-id=\"42c6121\" data-element_type=\"widget\" data-e-type=\"widget\" data-widget_type=\"text-editor.default\">\n\t\t\t\t<div class=\"elementor-widget-container\">\n\t\t\t\t\t\t\t\t\t<p>Adquirir una fianza de inmigraci\u00f3n de EE. UU. es importante no solo para ser liberado de la custodia y volver a las demandas diarias importantes, sino tambi\u00e9n para prolongar la l\u00ednea de tiempo de su caso.<\/p><p>La lista de casos para casos detenidos avanza mucho m\u00e1s r\u00e1pido, lo que significa que solo podr\u00eda tener de 6 meses a un a\u00f1o para permanecer en el pa\u00eds si el resultado final de su caso es la deportaci\u00f3n. Esto no es mucho tiempo, y no podr\u00e1 vivir esos meses fuera de un centro de detenci\u00f3n. <\/p><p>Una vez liberado de la detenci\u00f3n de ICE a trav\u00e9s de una fianza de inmigraci\u00f3n, su caso ahora podr\u00eda durar varios a\u00f1os, brind\u00e1ndole un tiempo valioso para vivir su vida en los Estados Unidos mientras su veredicto est\u00e1 pendiente en la corte de inmigraci\u00f3n.<\/p><h4><strong>\u00bfQui\u00e9n Puede Adquirir una Fianza de Inmigraci\u00f3n?<\/strong><\/h4><p>Al adquirir una fianza de inmigraci\u00f3n para un ser querido, la persona que paga la fianza debe ser ciudadano estadounidense o Residente Permanente Legal. La persona bajo custodia no puede obtener una fianza por s\u00ed misma.<\/p><p>\u00bfNecesita ayuda para obtener una fianza de inmigraci\u00f3n para un ser querido actualmente detenido por ICE? Hable con nuestros abogados de fianzas de inmigraci\u00f3n hoy: podemos ayudar. <\/p>\t\t\t\t\t\t\t\t<\/div>\n\t\t\t\t<\/div>\n\t\t\t\t<div class=\"vamtam-has-theme-widget-styles elementor-element elementor-element-e3ce7c5 elementor-align-left vamtam-has-underline-anim elementor-widget elementor-widget-button\" data-id=\"e3ce7c5\" data-element_type=\"widget\" data-e-type=\"widget\" data-widget_type=\"button.default\">\n\t\t\t\t<div class=\"elementor-widget-container\">\n\t\t\t\t\t\t\t\t\t<div class=\"elementor-button-wrapper\">\n\t\t\t\t\t<a class=\"elementor-button elementor-button-link elementor-size-sm\" href=\"https:\/\/barringerlawfirm.com\/es\/contacto\/\">\n\t\t\t\t\t\t<span class=\"elementor-button-content-wrapper\">\n\t\t\t\t\t\t<span class=\"elementor-button-icon\">\n\t\t\t\t<i aria-hidden=\"true\" class=\"vamtamtheme- vamtam-theme-icon-arrow-right-top\"><\/i>\t\t\t<\/span>\n\t\t\t\t\t\t\t\t\t<span class=\"elementor-button-text\">Obtenga Ayuda con Fianzas de Inmigraci\u00f3n<\/span>\n\t\t\t\t\t<\/span>\n\t\t\t\t\t<\/a>\n\t\t\t\t<\/div>\n\t\t\t\t\t\t\t\t<\/div>\n\t\t\t\t<\/div>\n\t\t\t\t\t<\/div>\n\t\t<\/div>\n\t\t\t\t\t<\/div>\n\t\t<\/section>\n\t\t\t\t<\/div>\n\t\t","protected":false},"excerpt":{"rendered":"<p>Fianzas de Inmigraci\u00f3n Las personas detenidas por ICE pueden ser liberadas de la custodia mediante la adquisici\u00f3n de una fianza de inmigraci\u00f3n. Similar a una fianza penal t\u00edpica, las fianzas de inmigraci\u00f3n son cruciales para lograr que su ser querido sea liberado de la detenci\u00f3n y ganar m\u00e1s tiempo para construir su caso con un&#8230;<\/p>\n","protected":false},"author":2,"featured_media":0,"parent":988670,"menu_order":0,"comment_status":"closed","ping_status":"closed","template":"","meta":{"inline_featured_image":false,"footnotes":""},"class_list":["post-988742","page","type-page","status-publish","hentry"],"yoast_head":"<!-- This site is optimized with the Yoast SEO plugin v27.4 - https:\/\/yoast.com\/product\/yoast-seo-wordpress\/ -->\n<title>Fianzas de Inmigraci\u00f3n -<\/title>\n<meta name=\"robots\" content=\"index, follow, max-snippet:-1, max-image-preview:large, max-video-preview:-1\" \/>\n<link rel=\"canonical\" href=\"https:\/\/barringerlawfirm.com\/es\/inmigracion\/fianzas-de-inmigracion\/\" \/>\n<meta property=\"og:locale\" content=\"es_ES\" \/>\n<meta property=\"og:type\" content=\"article\" \/>\n<meta property=\"og:title\" content=\"Fianzas de Inmigraci\u00f3n -\" \/>\n<meta property=\"og:description\" content=\"Fianzas de Inmigraci\u00f3n Las personas detenidas por ICE pueden ser liberadas de la custodia mediante la adquisici\u00f3n de una fianza de inmigraci\u00f3n. Similar a una fianza penal t\u00edpica, las fianzas de inmigraci\u00f3n son cruciales para lograr que su ser querido sea liberado de la detenci\u00f3n y ganar m\u00e1s tiempo para construir su caso con un...\" \/>\n<meta property=\"og:url\" content=\"https:\/\/barringerlawfirm.com\/es\/inmigracion\/fianzas-de-inmigracion\/\" \/>\n<meta property=\"article:modified_time\" content=\"2026-01-15T14:58:53+00:00\" \/>\n<meta name=\"twitter:card\" content=\"summary_large_image\" \/>\n<meta name=\"twitter:label1\" content=\"Tiempo de lectura\" \/>\n\t<meta name=\"twitter:data1\" content=\"3 minutos\" \/>\n<script type=\"application\/ld+json\" class=\"yoast-schema-graph\">{\"@context\":\"https:\\\/\\\/schema.org\",\"@graph\":[{\"@type\":\"WebPage\",\"@id\":\"https:\\\/\\\/barringerlawfirm.com\\\/es\\\/inmigracion\\\/fianzas-de-inmigracion\\\/\",\"url\":\"https:\\\/\\\/barringerlawfirm.com\\\/es\\\/inmigracion\\\/fianzas-de-inmigracion\\\/\",\"name\":\"Fianzas de Inmigraci\u00f3n -\",\"isPartOf\":{\"@id\":\"https:\\\/\\\/barringerlawfirm.com\\\/es\\\/#website\"},\"datePublished\":\"2022-09-26T20:33:34+00:00\",\"dateModified\":\"2026-01-15T14:58:53+00:00\",\"breadcrumb\":{\"@id\":\"https:\\\/\\\/barringerlawfirm.com\\\/es\\\/inmigracion\\\/fianzas-de-inmigracion\\\/#breadcrumb\"},\"inLanguage\":\"es\",\"potentialAction\":[{\"@type\":\"ReadAction\",\"target\":[\"https:\\\/\\\/barringerlawfirm.com\\\/es\\\/inmigracion\\\/fianzas-de-inmigracion\\\/\"]}]},{\"@type\":\"BreadcrumbList\",\"@id\":\"https:\\\/\\\/barringerlawfirm.com\\\/es\\\/inmigracion\\\/fianzas-de-inmigracion\\\/#breadcrumb\",\"itemListElement\":[{\"@type\":\"ListItem\",\"position\":1,\"name\":\"Home\",\"item\":\"https:\\\/\\\/barringerlawfirm.com\\\/es\\\/bufete-de-abogados\\\/\"},{\"@type\":\"ListItem\",\"position\":2,\"name\":\"Inmigraci\u00f3n\",\"item\":\"https:\\\/\\\/barringerlawfirm.com\\\/es\\\/inmigracion\\\/\"},{\"@type\":\"ListItem\",\"position\":3,\"name\":\"Fianzas de Inmigraci\u00f3n\"}]},{\"@type\":\"WebSite\",\"@id\":\"https:\\\/\\\/barringerlawfirm.com\\\/es\\\/#website\",\"url\":\"https:\\\/\\\/barringerlawfirm.com\\\/es\\\/\",\"name\":\"\",\"description\":\"We apply law to facts\",\"potentialAction\":[{\"@type\":\"SearchAction\",\"target\":{\"@type\":\"EntryPoint\",\"urlTemplate\":\"https:\\\/\\\/barringerlawfirm.com\\\/es\\\/?s={search_term_string}\"},\"query-input\":{\"@type\":\"PropertyValueSpecification\",\"valueRequired\":true,\"valueName\":\"search_term_string\"}}],\"inLanguage\":\"es\"}]}<\/script>\n<!-- \/ Yoast SEO plugin. -->","yoast_head_json":{"title":"Fianzas de Inmigraci\u00f3n -","robots":{"index":"index","follow":"follow","max-snippet":"max-snippet:-1","max-image-preview":"max-image-preview:large","max-video-preview":"max-video-preview:-1"},"canonical":"https:\/\/barringerlawfirm.com\/es\/inmigracion\/fianzas-de-inmigracion\/","og_locale":"es_ES","og_type":"article","og_title":"Fianzas de Inmigraci\u00f3n -","og_description":"Fianzas de Inmigraci\u00f3n Las personas detenidas por ICE pueden ser liberadas de la custodia mediante la adquisici\u00f3n de una fianza de inmigraci\u00f3n. Similar a una fianza penal t\u00edpica, las fianzas de inmigraci\u00f3n son cruciales para lograr que su ser querido sea liberado de la detenci\u00f3n y ganar m\u00e1s tiempo para construir su caso con un...","og_url":"https:\/\/barringerlawfirm.com\/es\/inmigracion\/fianzas-de-inmigracion\/","article_modified_time":"2026-01-15T14:58:53+00:00","twitter_card":"summary_large_image","twitter_misc":{"Tiempo de lectura":"3 minutos"},"schema":{"@context":"https:\/\/schema.org","@graph":[{"@type":"WebPage","@id":"https:\/\/barringerlawfirm.com\/es\/inmigracion\/fianzas-de-inmigracion\/","url":"https:\/\/barringerlawfirm.com\/es\/inmigracion\/fianzas-de-inmigracion\/","name":"Fianzas de Inmigraci\u00f3n -","isPartOf":{"@id":"https:\/\/barringerlawfirm.com\/es\/#website"},"datePublished":"2022-09-26T20:33:34+00:00","dateModified":"2026-01-15T14:58:53+00:00","breadcrumb":{"@id":"https:\/\/barringerlawfirm.com\/es\/inmigracion\/fianzas-de-inmigracion\/#breadcrumb"},"inLanguage":"es","potentialAction":[{"@type":"ReadAction","target":["https:\/\/barringerlawfirm.com\/es\/inmigracion\/fianzas-de-inmigracion\/"]}]},{"@type":"BreadcrumbList","@id":"https:\/\/barringerlawfirm.com\/es\/inmigracion\/fianzas-de-inmigracion\/#breadcrumb","itemListElement":[{"@type":"ListItem","position":1,"name":"Home","item":"https:\/\/barringerlawfirm.com\/es\/bufete-de-abogados\/"},{"@type":"ListItem","position":2,"name":"Inmigraci\u00f3n","item":"https:\/\/barringerlawfirm.com\/es\/inmigracion\/"},{"@type":"ListItem","position":3,"name":"Fianzas de Inmigraci\u00f3n"}]},{"@type":"WebSite","@id":"https:\/\/barringerlawfirm.com\/es\/#website","url":"https:\/\/barringerlawfirm.com\/es\/","name":"","description":"We apply law to facts","potentialAction":[{"@type":"SearchAction","target":{"@type":"EntryPoint","urlTemplate":"https:\/\/barringerlawfirm.com\/es\/?s={search_term_string}"},"query-input":{"@type":"PropertyValueSpecification","valueRequired":true,"valueName":"search_term_string"}}],"inLanguage":"es"}]}},"_links":{"self":[{"href":"https:\/\/barringerlawfirm.com\/es\/wp-json\/wp\/v2\/pages\/988742","targetHints":{"allow":["GET"]}}],"collection":[{"href":"https:\/\/barringerlawfirm.com\/es\/wp-json\/wp\/v2\/pages"}],"about":[{"href":"https:\/\/barringerlawfirm.com\/es\/wp-json\/wp\/v2\/types\/page"}],"author":[{"embeddable":true,"href":"https:\/\/barringerlawfirm.com\/es\/wp-json\/wp\/v2\/users\/2"}],"replies":[{"embeddable":true,"href":"https:\/\/barringerlawfirm.com\/es\/wp-json\/wp\/v2\/comments?post=988742"}],"version-history":[{"count":1,"href":"https:\/\/barringerlawfirm.com\/es\/wp-json\/wp\/v2\/pages\/988742\/revisions"}],"predecessor-version":[{"id":988743,"href":"https:\/\/barringerlawfirm.com\/es\/wp-json\/wp\/v2\/pages\/988742\/revisions\/988743"}],"up":[{"embeddable":true,"href":"https:\/\/barringerlawfirm.com\/es\/wp-json\/wp\/v2\/pages\/988670"}],"wp:attachment":[{"href":"https:\/\/barringerlawfirm.com\/es\/wp-json\/wp\/v2\/media?parent=988742"}],"curies":[{"name":"wp","href":"https:\/\/api.w.org\/{rel}","templated":true}]}}