{"id":988745,"date":"2022-10-26T11:50:33","date_gmt":"2022-10-26T11:50:33","guid":{"rendered":"https:\/\/barringerlawfirm.com\/inmigracion\/ciudadania\/"},"modified":"2026-01-15T15:07:57","modified_gmt":"2026-01-15T15:07:57","slug":"ciudadania","status":"publish","type":"page","link":"https:\/\/barringerlawfirm.com\/es\/inmigracion\/ciudadania\/","title":{"rendered":"Ciudadan\u00eda"},"content":{"rendered":"\t\t<div data-elementor-type=\"wp-page\" data-elementor-id=\"988745\" class=\"elementor elementor-988745 elementor-3211\" data-elementor-post-type=\"page\">\n\t\t\t\t\t\t<section class=\"elementor-section elementor-top-section elementor-element elementor-element-6a8a838 elementor-section-full_width elementor-section-height-default elementor-section-height-default\" data-id=\"6a8a838\" data-element_type=\"section\" data-e-type=\"section\">\n\t\t\t\t\t\t<div class=\"elementor-container elementor-column-gap-no\">\n\t\t\t\t\t<div class=\"elementor-column elementor-col-100 elementor-top-column elementor-element elementor-element-73894062\" data-id=\"73894062\" data-element_type=\"column\" data-e-type=\"column\">\n\t\t\t<div class=\"elementor-widget-wrap elementor-element-populated\">\n\t\t\t\t\t\t<div class=\"elementor-element elementor-element-267c3800 elementor-widget elementor-widget-heading\" data-id=\"267c3800\" data-element_type=\"widget\" data-e-type=\"widget\" data-widget_type=\"heading.default\">\n\t\t\t\t<div class=\"elementor-widget-container\">\n\t\t\t\t\t<h2 class=\"elementor-heading-title elementor-size-default\">Abogados de Ciudadan\u00eda en Denver<\/h2>\t\t\t\t<\/div>\n\t\t\t\t<\/div>\n\t\t\t\t<div class=\"elementor-element elementor-element-3d29f764 elementor-widget elementor-widget-text-editor\" data-id=\"3d29f764\" data-element_type=\"widget\" data-e-type=\"widget\" data-widget_type=\"text-editor.default\">\n\t\t\t\t<div class=\"elementor-widget-container\">\n\t\t\t\t\t\t\t\t\t<p>La ciudadan\u00eda permanente en los Estados Unidos es una opci\u00f3n que est\u00e1 disponible para las personas que han residido en el pa\u00eds como Residente Permanente Legal durante un cierto per\u00edodo de tiempo. Si busca lograr este objetivo, los abogados de ciudadan\u00eda en Barringer Law Firm en Denver est\u00e1n aqu\u00ed para ayudar a responder sus preguntas sobre el proceso de lograr la ciudadan\u00eda estadounidense. <\/p>\t\t\t\t\t\t\t\t<\/div>\n\t\t\t\t<\/div>\n\t\t\t\t<div class=\"vamtam-has-theme-widget-styles elementor-element elementor-element-9c362eb elementor-align-left vamtam-has-underline-anim elementor-widget elementor-widget-button\" data-id=\"9c362eb\" data-element_type=\"widget\" data-e-type=\"widget\" data-widget_type=\"button.default\">\n\t\t\t\t<div class=\"elementor-widget-container\">\n\t\t\t\t\t\t\t\t\t<div class=\"elementor-button-wrapper\">\n\t\t\t\t\t<a class=\"elementor-button elementor-button-link elementor-size-sm\" href=\"tel:+13033772338\">\n\t\t\t\t\t\t<span class=\"elementor-button-content-wrapper\">\n\t\t\t\t\t\t<span class=\"elementor-button-icon\">\n\t\t\t\t<i aria-hidden=\"true\" class=\"vamtamtheme- vamtam-theme-icon-arrow-right-top\"><\/i>\t\t\t<\/span>\n\t\t\t\t\t\t\t\t\t<span class=\"elementor-button-text\">Llame al 303.377.2338<\/span>\n\t\t\t\t\t<\/span>\n\t\t\t\t\t<\/a>\n\t\t\t\t<\/div>\n\t\t\t\t\t\t\t\t<\/div>\n\t\t\t\t<\/div>\n\t\t\t\t<div class=\"elementor-element elementor-element-077230e elementor-widget elementor-widget-heading\" data-id=\"077230e\" data-element_type=\"widget\" data-e-type=\"widget\" data-widget_type=\"heading.default\">\n\t\t\t\t<div class=\"elementor-widget-container\">\n\t\t\t\t\t<h3 class=\"elementor-heading-title elementor-size-default\">Requisitos para la Ciudadan\u00eda de EE. UU.<\/h3>\t\t\t\t<\/div>\n\t\t\t\t<\/div>\n\t\t\t\t<div class=\"elementor-element elementor-element-24e76d7 elementor-widget elementor-widget-text-editor\" data-id=\"24e76d7\" data-element_type=\"widget\" data-e-type=\"widget\" data-widget_type=\"text-editor.default\">\n\t\t\t\t<div class=\"elementor-widget-container\">\n\t\t\t\t\t\t\t\t\t<p>Obtener la ciudadan\u00eda en los Estados Unidos es un logro significativo e importante que requiere que las personas calificadas demuestren que son dignas de los beneficios y derechos que conlleva ser ciudadano de los EE. UU. Por lo tanto, es fundamental comprender los requisitos para la ciudadan\u00eda de EE. UU. <\/p><p>Buscar la ciudadan\u00eda en los Estados Unidos es un logro significativo e importante que requiere que las personas calificadas demuestren que son dignas de los beneficios y derechos que conlleva ser ciudadano de los EE. UU. Por lo tanto, es fundamental comprender los requisitos para la ciudadan\u00eda de EE. UU.  <\/p><p>El tipo de visa que tenga al momento de solicitar la ciudadan\u00eda no importa. Los requisitos para la ciudadan\u00eda (tambi\u00e9n llamada naturalizaci\u00f3n) dependen de la cantidad de tiempo que haya tenido su Green Card, as\u00ed como de cumplir con los pasos de la solicitud y el proceso de entrevista. <\/p>\t\t\t\t\t\t\t\t<\/div>\n\t\t\t\t<\/div>\n\t\t\t\t<div class=\"elementor-element elementor-element-56cb41f elementor-widget elementor-widget-heading\" data-id=\"56cb41f\" data-element_type=\"widget\" data-e-type=\"widget\" data-widget_type=\"heading.default\">\n\t\t\t\t<div class=\"elementor-widget-container\">\n\t\t\t\t\t<h3 class=\"elementor-heading-title elementor-size-default\">\u00bfCu\u00e1l es la Diferencia entre Ciudadan\u00eda y Naturalizaci\u00f3n?<\/h3>\t\t\t\t<\/div>\n\t\t\t\t<\/div>\n\t\t\t\t<div class=\"elementor-element elementor-element-39422aa elementor-widget elementor-widget-text-editor\" data-id=\"39422aa\" data-element_type=\"widget\" data-e-type=\"widget\" data-widget_type=\"text-editor.default\">\n\t\t\t\t<div class=\"elementor-widget-container\">\n\t\t\t\t\t\t\t\t\t<p>No existe una diferencia real entre naturalizaci\u00f3n y ciudadan\u00eda. La naturalizaci\u00f3n es el proceso legal de convertirse en ciudadano de un determinado pa\u00eds (en este caso, los Estados Unidos) y la ciudadan\u00eda se utiliza para referirse al estatus de una persona que ha completado ese proceso. <\/p><p>Convertirse en ciudadano de EE. UU. como ciudadano extranjero significa pasar por el proceso de naturalizaci\u00f3n, presentar su solicitud de ciudadan\u00eda, completar los pasos requeridos y prestar el Juramento de Lealtad para convertirse en ciudadano oficial de los Estados Unidos y disfrutar de todos los derechos y privilegios otorgados a los ciudadanos de EE. UU.<\/p>\t\t\t\t\t\t\t\t<\/div>\n\t\t\t\t<\/div>\n\t\t\t\t<div class=\"elementor-element elementor-element-cb7bcf6 elementor-widget elementor-widget-heading\" data-id=\"cb7bcf6\" data-element_type=\"widget\" data-e-type=\"widget\" data-widget_type=\"heading.default\">\n\t\t\t\t<div class=\"elementor-widget-container\">\n\t\t\t\t\t<h3 class=\"elementor-heading-title elementor-size-default\">C\u00f3mo Solicitar la Ciudadan\u00eda de EE. UU.: Proceso de Solicitud de Ciudadan\u00eda de EE. UU.<\/h3>\t\t\t\t<\/div>\n\t\t\t\t<\/div>\n\t\t\t\t<div class=\"elementor-element elementor-element-4ea83ee elementor-widget elementor-widget-text-editor\" data-id=\"4ea83ee\" data-element_type=\"widget\" data-e-type=\"widget\" data-widget_type=\"text-editor.default\">\n\t\t\t\t<div class=\"elementor-widget-container\">\n\t\t\t\t\t\t\t\t\t<ul><li>Determine su elegibilidad para la ciudadan\u00eda bas\u00e1ndose en si cumple o no con los requisitos (enumerados anteriormente).<\/li><li>Prepare una Solicitud de Naturalizaci\u00f3n N-400.<\/li><li>Env\u00ede su N-400 completado a USCIS y pague las tarifas necesarias.<\/li><li>Asista a una cita biom\u00e9trica donde proporcionar\u00e1 huellas dactilares, una fotograf\u00eda y una firma.<\/li><li>Asista a una entrevista con un oficial de USCIS donde le har\u00e1n preguntas sobre su solicitud, antecedentes y conocimientos c\u00edvicos.<\/li><li>Apruebe un examen que eval\u00fae su conocimiento del idioma ingl\u00e9s, as\u00ed como de la historia y el gobierno de los EE. UU.<\/li><li>Una vez que haya realizado su cita biom\u00e9trica, entrevista y aprobado su examen, recibir\u00e1 una decisi\u00f3n de USCIS sobre su solicitud.<\/li><li>Si se aprueba su solicitud de ciudadan\u00eda, se le pedir\u00e1 que preste el Juramento de Lealtad para convertirse en ciudadano oficial de los Estados Unidos.<\/li><\/ul><p>\u00bfTiene preguntas sobre c\u00f3mo calificar o solicitar la ciudadan\u00eda de EE. UU.? Los abogados de ciudadan\u00eda en Barringer Law Firm pueden ayudar a responder cualquier pregunta que pueda tener mientras solicita la ciudadan\u00eda. <\/p>\t\t\t\t\t\t\t\t<\/div>\n\t\t\t\t<\/div>\n\t\t\t\t<div class=\"elementor-element elementor-element-888c1af elementor-widget elementor-widget-heading\" data-id=\"888c1af\" data-element_type=\"widget\" data-e-type=\"widget\" data-widget_type=\"heading.default\">\n\t\t\t\t<div class=\"elementor-widget-container\">\n\t\t\t\t\t<h3 class=\"elementor-heading-title elementor-size-default\">\u00bfCu\u00e1nto Cuesta la Ciudadan\u00eda?<\/h3>\t\t\t\t<\/div>\n\t\t\t\t<\/div>\n\t\t\t\t<div class=\"elementor-element elementor-element-398915d elementor-widget elementor-widget-text-editor\" data-id=\"398915d\" data-element_type=\"widget\" data-e-type=\"widget\" data-widget_type=\"text-editor.default\">\n\t\t\t\t<div class=\"elementor-widget-container\">\n\t\t\t\t\t\t\t\t\t<p>El costo total de solicitar la ciudadan\u00eda de EE. UU. incluye la tarifa de solicitud de ciudadan\u00eda, as\u00ed como el costo de la cita biom\u00e9trica. La solicitud N-400 para ciudadan\u00eda cuesta $640, y la cita biom\u00e9trica cuesta $85 adicionales. <\/p>\t\t\t\t\t\t\t\t<\/div>\n\t\t\t\t<\/div>\n\t\t\t\t<div class=\"elementor-element elementor-element-6f961cd elementor-widget elementor-widget-heading\" data-id=\"6f961cd\" data-element_type=\"widget\" data-e-type=\"widget\" data-widget_type=\"heading.default\">\n\t\t\t\t<div class=\"elementor-widget-container\">\n\t\t\t\t\t<h3 class=\"elementor-heading-title elementor-size-default\">\u00bfQu\u00e9 Pasa si Reprueba el Examen de Ciudadan\u00eda o la Entrevista?<\/h3>\t\t\t\t<\/div>\n\t\t\t\t<\/div>\n\t\t\t\t<div class=\"elementor-element elementor-element-9fa0298 elementor-widget elementor-widget-text-editor\" data-id=\"9fa0298\" data-element_type=\"widget\" data-e-type=\"widget\" data-widget_type=\"text-editor.default\">\n\t\t\t\t<div class=\"elementor-widget-container\">\n\t\t\t\t\t\t\t\t\t<p>Si un solicitante de ciudadan\u00eda de EE. UU. reprueba el examen o la entrevista en su primer intento, se le permitir\u00e1 un segundo intento dentro de 60 a 90 d\u00edas. Si el solicitante tambi\u00e9n reprueba el segundo intento, su solicitud ser\u00e1 denegada y tendr\u00e1 que comenzar el proceso de solicitud desde el principio (incluidas todas las tarifas). <\/p><p>El lado positivo para las personas que no obtienen la ciudadan\u00eda en su primera solicitud es que recibir\u00e1n comentarios de USCIS describiendo las \u00e1reas donde deben mejorar para aprobar en su pr\u00f3xima solicitud. Hay muchos recursos disponibles para ayudar a prepararse para la solicitud de ciudadan\u00eda, incluidos nuestros abogados de ciudadan\u00eda en Barringer Law Firm. <\/p>\t\t\t\t\t\t\t\t<\/div>\n\t\t\t\t<\/div>\n\t\t\t\t<div class=\"elementor-element elementor-element-288f0b2 elementor-widget elementor-widget-heading\" data-id=\"288f0b2\" data-element_type=\"widget\" data-e-type=\"widget\" data-widget_type=\"heading.default\">\n\t\t\t\t<div class=\"elementor-widget-container\">\n\t\t\t\t\t<h2 class=\"elementor-heading-title elementor-size-default\">\u00bfNecesito un Abogado para Solicitar la Ciudadan\u00eda?<\/h2>\t\t\t\t<\/div>\n\t\t\t\t<\/div>\n\t\t\t\t<div class=\"elementor-element elementor-element-7a0d7a7 elementor-widget elementor-widget-text-editor\" data-id=\"7a0d7a7\" data-element_type=\"widget\" data-e-type=\"widget\" data-widget_type=\"text-editor.default\">\n\t\t\t\t<div class=\"elementor-widget-container\">\n\t\t\t\t\t\t\t\t\t<p>Trabajar con un abogado de inmigraci\u00f3n de confianza mientras solicita la ciudadan\u00eda de EE. UU. puede facilitarle todo el proceso. Los abogados de ciudadan\u00eda e inmigraci\u00f3n en Barringer Law Firm lo ayudar\u00e1n a comprender los requisitos de ciudadan\u00eda de EE. UU. y lo guiar\u00e1n a trav\u00e9s del proceso de solicitud mientras solicita la ciudadan\u00eda. Si tiene alguna pregunta o est\u00e1 listo para solicitar la ciudadan\u00eda, \u00a1hable con nuestro equipo hoy!  <\/p>\t\t\t\t\t\t\t\t<\/div>\n\t\t\t\t<\/div>\n\t\t\t\t<div class=\"vamtam-has-theme-widget-styles elementor-element elementor-element-a3c96c5 elementor-align-left vamtam-has-underline-anim elementor-widget elementor-widget-button\" data-id=\"a3c96c5\" data-element_type=\"widget\" data-e-type=\"widget\" data-widget_type=\"button.default\">\n\t\t\t\t<div class=\"elementor-widget-container\">\n\t\t\t\t\t\t\t\t\t<div class=\"elementor-button-wrapper\">\n\t\t\t\t\t<a class=\"elementor-button elementor-button-link elementor-size-sm\" href=\"https:\/\/barringerlawfirm.com\/es\/contacto\/\">\n\t\t\t\t\t\t<span class=\"elementor-button-content-wrapper\">\n\t\t\t\t\t\t<span class=\"elementor-button-icon\">\n\t\t\t\t<i aria-hidden=\"true\" class=\"vamtamtheme- vamtam-theme-icon-arrow-right-top\"><\/i>\t\t\t<\/span>\n\t\t\t\t\t\t\t\t\t<span class=\"elementor-button-text\">Obtenga Ayuda para Solicitar la Ciudadan\u00eda<\/span>\n\t\t\t\t\t<\/span>\n\t\t\t\t\t<\/a>\n\t\t\t\t<\/div>\n\t\t\t\t\t\t\t\t<\/div>\n\t\t\t\t<\/div>\n\t\t\t\t\t<\/div>\n\t\t<\/div>\n\t\t\t\t\t<\/div>\n\t\t<\/section>\n\t\t\t\t<\/div>\n\t\t","protected":false},"excerpt":{"rendered":"<p>If you were hurt on another person&#8217;s property, you can seek compensation via a premises liability claim.<\/p>\n","protected":false},"author":2,"featured_media":988744,"parent":988670,"menu_order":0,"comment_status":"closed","ping_status":"closed","template":"","meta":{"inline_featured_image":false,"footnotes":""},"class_list":["post-988745","page","type-page","status-publish","has-post-thumbnail","hentry"],"yoast_head":"<!-- This site is optimized with the Yoast SEO plugin v27.4 - https:\/\/yoast.com\/product\/yoast-seo-wordpress\/ -->\n<title>Ciudadan\u00eda -<\/title>\n<meta name=\"robots\" content=\"index, follow, max-snippet:-1, max-image-preview:large, max-video-preview:-1\" \/>\n<link rel=\"canonical\" href=\"https:\/\/barringerlawfirm.com\/es\/inmigracion\/ciudadania\/\" \/>\n<meta property=\"og:locale\" content=\"es_ES\" \/>\n<meta property=\"og:type\" content=\"article\" \/>\n<meta property=\"og:title\" content=\"Ciudadan\u00eda -\" \/>\n<meta property=\"og:description\" content=\"If you were hurt on another person&#039;s property, you can seek compensation via a premises liability claim.\" \/>\n<meta property=\"og:url\" content=\"https:\/\/barringerlawfirm.com\/es\/inmigracion\/ciudadania\/\" \/>\n<meta property=\"article:modified_time\" content=\"2026-01-15T15:07:57+00:00\" \/>\n<meta property=\"og:image\" content=\"https:\/\/barringerlawfirm.com\/wp-content\/uploads\/2023\/10\/clarisse-meyer-jKU2NneZAbI-unsplash.jpg\" \/>\n\t<meta property=\"og:image:width\" content=\"528\" \/>\n\t<meta property=\"og:image:height\" content=\"528\" \/>\n\t<meta property=\"og:image:type\" content=\"image\/jpeg\" \/>\n<meta name=\"twitter:card\" content=\"summary_large_image\" \/>\n<meta name=\"twitter:label1\" content=\"Tiempo de lectura\" \/>\n\t<meta name=\"twitter:data1\" content=\"4 minutos\" \/>\n<script type=\"application\/ld+json\" class=\"yoast-schema-graph\">{\"@context\":\"https:\\\/\\\/schema.org\",\"@graph\":[{\"@type\":\"WebPage\",\"@id\":\"https:\\\/\\\/barringerlawfirm.com\\\/es\\\/inmigracion\\\/ciudadania\\\/\",\"url\":\"https:\\\/\\\/barringerlawfirm.com\\\/es\\\/inmigracion\\\/ciudadania\\\/\",\"name\":\"Ciudadan\u00eda -\",\"isPartOf\":{\"@id\":\"https:\\\/\\\/barringerlawfirm.com\\\/es\\\/#website\"},\"primaryImageOfPage\":{\"@id\":\"https:\\\/\\\/barringerlawfirm.com\\\/es\\\/inmigracion\\\/ciudadania\\\/#primaryimage\"},\"image\":{\"@id\":\"https:\\\/\\\/barringerlawfirm.com\\\/es\\\/inmigracion\\\/ciudadania\\\/#primaryimage\"},\"thumbnailUrl\":\"https:\\\/\\\/barringerlawfirm.com\\\/wp-content\\\/uploads\\\/2023\\\/10\\\/clarisse-meyer-jKU2NneZAbI-unsplash.jpg\",\"datePublished\":\"2022-10-26T11:50:33+00:00\",\"dateModified\":\"2026-01-15T15:07:57+00:00\",\"breadcrumb\":{\"@id\":\"https:\\\/\\\/barringerlawfirm.com\\\/es\\\/inmigracion\\\/ciudadania\\\/#breadcrumb\"},\"inLanguage\":\"es\",\"potentialAction\":[{\"@type\":\"ReadAction\",\"target\":[\"https:\\\/\\\/barringerlawfirm.com\\\/es\\\/inmigracion\\\/ciudadania\\\/\"]}]},{\"@type\":\"ImageObject\",\"inLanguage\":\"es\",\"@id\":\"https:\\\/\\\/barringerlawfirm.com\\\/es\\\/inmigracion\\\/ciudadania\\\/#primaryimage\",\"url\":\"https:\\\/\\\/barringerlawfirm.com\\\/wp-content\\\/uploads\\\/2023\\\/10\\\/clarisse-meyer-jKU2NneZAbI-unsplash.jpg\",\"contentUrl\":\"https:\\\/\\\/barringerlawfirm.com\\\/wp-content\\\/uploads\\\/2023\\\/10\\\/clarisse-meyer-jKU2NneZAbI-unsplash.jpg\",\"width\":528,\"height\":528},{\"@type\":\"BreadcrumbList\",\"@id\":\"https:\\\/\\\/barringerlawfirm.com\\\/es\\\/inmigracion\\\/ciudadania\\\/#breadcrumb\",\"itemListElement\":[{\"@type\":\"ListItem\",\"position\":1,\"name\":\"Home\",\"item\":\"https:\\\/\\\/barringerlawfirm.com\\\/es\\\/bufete-de-abogados\\\/\"},{\"@type\":\"ListItem\",\"position\":2,\"name\":\"Inmigraci\u00f3n\",\"item\":\"https:\\\/\\\/barringerlawfirm.com\\\/es\\\/inmigracion\\\/\"},{\"@type\":\"ListItem\",\"position\":3,\"name\":\"Ciudadan\u00eda\"}]},{\"@type\":\"WebSite\",\"@id\":\"https:\\\/\\\/barringerlawfirm.com\\\/es\\\/#website\",\"url\":\"https:\\\/\\\/barringerlawfirm.com\\\/es\\\/\",\"name\":\"\",\"description\":\"We apply law to facts\",\"potentialAction\":[{\"@type\":\"SearchAction\",\"target\":{\"@type\":\"EntryPoint\",\"urlTemplate\":\"https:\\\/\\\/barringerlawfirm.com\\\/es\\\/?s={search_term_string}\"},\"query-input\":{\"@type\":\"PropertyValueSpecification\",\"valueRequired\":true,\"valueName\":\"search_term_string\"}}],\"inLanguage\":\"es\"}]}<\/script>\n<!-- \/ Yoast SEO plugin. -->","yoast_head_json":{"title":"Ciudadan\u00eda -","robots":{"index":"index","follow":"follow","max-snippet":"max-snippet:-1","max-image-preview":"max-image-preview:large","max-video-preview":"max-video-preview:-1"},"canonical":"https:\/\/barringerlawfirm.com\/es\/inmigracion\/ciudadania\/","og_locale":"es_ES","og_type":"article","og_title":"Ciudadan\u00eda -","og_description":"If you were hurt on another person's property, you can seek compensation via a premises liability claim.","og_url":"https:\/\/barringerlawfirm.com\/es\/inmigracion\/ciudadania\/","article_modified_time":"2026-01-15T15:07:57+00:00","og_image":[{"width":528,"height":528,"url":"https:\/\/barringerlawfirm.com\/wp-content\/uploads\/2023\/10\/clarisse-meyer-jKU2NneZAbI-unsplash.jpg","type":"image\/jpeg"}],"twitter_card":"summary_large_image","twitter_misc":{"Tiempo de lectura":"4 minutos"},"schema":{"@context":"https:\/\/schema.org","@graph":[{"@type":"WebPage","@id":"https:\/\/barringerlawfirm.com\/es\/inmigracion\/ciudadania\/","url":"https:\/\/barringerlawfirm.com\/es\/inmigracion\/ciudadania\/","name":"Ciudadan\u00eda -","isPartOf":{"@id":"https:\/\/barringerlawfirm.com\/es\/#website"},"primaryImageOfPage":{"@id":"https:\/\/barringerlawfirm.com\/es\/inmigracion\/ciudadania\/#primaryimage"},"image":{"@id":"https:\/\/barringerlawfirm.com\/es\/inmigracion\/ciudadania\/#primaryimage"},"thumbnailUrl":"https:\/\/barringerlawfirm.com\/wp-content\/uploads\/2023\/10\/clarisse-meyer-jKU2NneZAbI-unsplash.jpg","datePublished":"2022-10-26T11:50:33+00:00","dateModified":"2026-01-15T15:07:57+00:00","breadcrumb":{"@id":"https:\/\/barringerlawfirm.com\/es\/inmigracion\/ciudadania\/#breadcrumb"},"inLanguage":"es","potentialAction":[{"@type":"ReadAction","target":["https:\/\/barringerlawfirm.com\/es\/inmigracion\/ciudadania\/"]}]},{"@type":"ImageObject","inLanguage":"es","@id":"https:\/\/barringerlawfirm.com\/es\/inmigracion\/ciudadania\/#primaryimage","url":"https:\/\/barringerlawfirm.com\/wp-content\/uploads\/2023\/10\/clarisse-meyer-jKU2NneZAbI-unsplash.jpg","contentUrl":"https:\/\/barringerlawfirm.com\/wp-content\/uploads\/2023\/10\/clarisse-meyer-jKU2NneZAbI-unsplash.jpg","width":528,"height":528},{"@type":"BreadcrumbList","@id":"https:\/\/barringerlawfirm.com\/es\/inmigracion\/ciudadania\/#breadcrumb","itemListElement":[{"@type":"ListItem","position":1,"name":"Home","item":"https:\/\/barringerlawfirm.com\/es\/bufete-de-abogados\/"},{"@type":"ListItem","position":2,"name":"Inmigraci\u00f3n","item":"https:\/\/barringerlawfirm.com\/es\/inmigracion\/"},{"@type":"ListItem","position":3,"name":"Ciudadan\u00eda"}]},{"@type":"WebSite","@id":"https:\/\/barringerlawfirm.com\/es\/#website","url":"https:\/\/barringerlawfirm.com\/es\/","name":"","description":"We apply law to facts","potentialAction":[{"@type":"SearchAction","target":{"@type":"EntryPoint","urlTemplate":"https:\/\/barringerlawfirm.com\/es\/?s={search_term_string}"},"query-input":{"@type":"PropertyValueSpecification","valueRequired":true,"valueName":"search_term_string"}}],"inLanguage":"es"}]}},"_links":{"self":[{"href":"https:\/\/barringerlawfirm.com\/es\/wp-json\/wp\/v2\/pages\/988745","targetHints":{"allow":["GET"]}}],"collection":[{"href":"https:\/\/barringerlawfirm.com\/es\/wp-json\/wp\/v2\/pages"}],"about":[{"href":"https:\/\/barringerlawfirm.com\/es\/wp-json\/wp\/v2\/types\/page"}],"author":[{"embeddable":true,"href":"https:\/\/barringerlawfirm.com\/es\/wp-json\/wp\/v2\/users\/2"}],"replies":[{"embeddable":true,"href":"https:\/\/barringerlawfirm.com\/es\/wp-json\/wp\/v2\/comments?post=988745"}],"version-history":[{"count":1,"href":"https:\/\/barringerlawfirm.com\/es\/wp-json\/wp\/v2\/pages\/988745\/revisions"}],"predecessor-version":[{"id":988746,"href":"https:\/\/barringerlawfirm.com\/es\/wp-json\/wp\/v2\/pages\/988745\/revisions\/988746"}],"up":[{"embeddable":true,"href":"https:\/\/barringerlawfirm.com\/es\/wp-json\/wp\/v2\/pages\/988670"}],"wp:featuredmedia":[{"embeddable":true,"href":"https:\/\/barringerlawfirm.com\/es\/wp-json\/wp\/v2\/media\/988744"}],"wp:attachment":[{"href":"https:\/\/barringerlawfirm.com\/es\/wp-json\/wp\/v2\/media?parent=988745"}],"curies":[{"name":"wp","href":"https:\/\/api.w.org\/{rel}","templated":true}]}}