{"id":988748,"date":"2022-09-26T20:33:54","date_gmt":"2022-09-26T20:33:54","guid":{"rendered":"https:\/\/barringerlawfirm.com\/inmigracion\/fiance-visa\/"},"modified":"2026-01-16T21:32:17","modified_gmt":"2026-01-16T21:32:17","slug":"fiance-visa","status":"publish","type":"page","link":"https:\/\/barringerlawfirm.com\/es\/inmigracion\/fiance-visa\/","title":{"rendered":"Visa de Prometido(a)"},"content":{"rendered":"\t\t<div data-elementor-type=\"wp-page\" data-elementor-id=\"988748\" class=\"elementor elementor-988748 elementor-537\" data-elementor-post-type=\"page\">\n\t\t\t\t\t\t<section class=\"elementor-section elementor-top-section elementor-element elementor-element-24542bca elementor-section-full_width elementor-section-height-default elementor-section-height-default\" data-id=\"24542bca\" data-element_type=\"section\" data-e-type=\"section\">\n\t\t\t\t\t\t<div class=\"elementor-container elementor-column-gap-no\">\n\t\t\t\t\t<div class=\"elementor-column elementor-col-100 elementor-top-column elementor-element elementor-element-605706fd\" data-id=\"605706fd\" data-element_type=\"column\" data-e-type=\"column\">\n\t\t\t<div class=\"elementor-widget-wrap elementor-element-populated\">\n\t\t\t\t\t\t<div class=\"elementor-element elementor-element-d9d4419 elementor-widget elementor-widget-heading\" data-id=\"d9d4419\" data-element_type=\"widget\" data-e-type=\"widget\" data-widget_type=\"heading.default\">\n\t\t\t\t<div class=\"elementor-widget-container\">\n\t\t\t\t\t<h2 class=\"elementor-heading-title elementor-size-default\">Abogados de Visa de Prometido(a) en Denver, CO<\/h2>\t\t\t\t<\/div>\n\t\t\t\t<\/div>\n\t\t\t\t<div class=\"elementor-element elementor-element-1ad99ac1 elementor-widget elementor-widget-text-editor\" data-id=\"1ad99ac1\" data-element_type=\"widget\" data-e-type=\"widget\" data-widget_type=\"text-editor.default\">\n\t\t\t\t<div class=\"elementor-widget-container\">\n\t\t\t\t\t\t\t\t\t<p>Una visa de prometido(a), tambi\u00e9n llamada visa K-1, es una visa de no inmigrante que permite que el prometido(a) extranjero de un ciudadano estadounidense ingrese a los Estados Unidos con el prop\u00f3sito de contraer matrimonio y luego convertirse en residente permanente. Los abogados en Barringer Law Firm se especializan en inmigraci\u00f3n y pueden ayudar con el proceso de adquisici\u00f3n de una visa K-1 para que usted y su ser querido puedan comenzar su futuro feliz en los Estados Unidos. <\/p>\t\t\t\t\t\t\t\t<\/div>\n\t\t\t\t<\/div>\n\t\t\t\t<div class=\"vamtam-has-theme-widget-styles elementor-element elementor-element-9be8b63 elementor-align-left vamtam-has-underline-anim elementor-widget elementor-widget-button\" data-id=\"9be8b63\" data-element_type=\"widget\" data-e-type=\"widget\" data-widget_type=\"button.default\">\n\t\t\t\t<div class=\"elementor-widget-container\">\n\t\t\t\t\t\t\t\t\t<div class=\"elementor-button-wrapper\">\n\t\t\t\t\t<a class=\"elementor-button elementor-button-link elementor-size-sm\" href=\"tel:+13033772338\">\n\t\t\t\t\t\t<span class=\"elementor-button-content-wrapper\">\n\t\t\t\t\t\t<span class=\"elementor-button-icon\">\n\t\t\t\t<i aria-hidden=\"true\" class=\"vamtamtheme- vamtam-theme-icon-arrow-right-top\"><\/i>\t\t\t<\/span>\n\t\t\t\t\t\t\t\t\t<span class=\"elementor-button-text\">Llame a Nuestros Abogados de Prometido(a)<\/span>\n\t\t\t\t\t<\/span>\n\t\t\t\t\t<\/a>\n\t\t\t\t<\/div>\n\t\t\t\t\t\t\t\t<\/div>\n\t\t\t\t<\/div>\n\t\t\t\t<div class=\"elementor-element elementor-element-07cc9a8 elementor-widget elementor-widget-heading\" data-id=\"07cc9a8\" data-element_type=\"widget\" data-e-type=\"widget\" data-widget_type=\"heading.default\">\n\t\t\t\t<div class=\"elementor-widget-container\">\n\t\t\t\t\t<h3 class=\"elementor-heading-title elementor-size-default\">Requisitos para la Elegibilidad de la Visa de Prometido(a)<\/h3>\t\t\t\t<\/div>\n\t\t\t\t<\/div>\n\t\t\t\t<div class=\"elementor-element elementor-element-4d71b59 elementor-widget elementor-widget-text-editor\" data-id=\"4d71b59\" data-element_type=\"widget\" data-e-type=\"widget\" data-widget_type=\"text-editor.default\">\n\t\t\t\t<div class=\"elementor-widget-container\">\n\t\t\t\t\t\t\t\t\t<p>Para ser elegible para una visa de prometido(a), una pareja debe cumplir con una serie de requisitos:<\/p><ul><li>El prometido(a) patrocinador debe ser ciudadano estadounidense. Un residente permanente legal de EE. UU. (titular de una Green Card) no es elegible para patrocinar a su prometido(a) para una visa K-1. <\/li><li>Se debe probar que la relaci\u00f3n es v\u00e1lida.<ul><li>Esto incluye prueba de que la pareja se ha reunido en persona al menos una vez dentro de los dos a\u00f1os posteriores a la solicitud de la visa de prometido(a). (Este requisito puede no aplicarse en casos de dificultad extrema o situaciones donde reunirse en persona violar\u00eda ciertas normas religiosas, culturales o sociales). <\/li><\/ul><\/li><li>Cada uno de los miembros de la pareja debe presentar un documento firmado que indique que tienen la intenci\u00f3n de casarse dentro de los 90 d\u00edas posteriores a la llegada del prometido(a) extranjero a los EE. UU.<ul><li>Se puede incluir otra evidencia, como la reserva de un lugar o una invitaci\u00f3n de boda.<\/li><\/ul><\/li><li>El ciudadano estadounidense patrocinador debe cumplir con los requisitos de ingresos para la visa K-1, es decir, el ingreso bruto ajustado en su declaraci\u00f3n de impuestos m\u00e1s reciente debe ser igual a al menos el 100% de las Pautas Federales de Pobreza.<ul><li>Las solicitudes pueden usar un patrocinador conjunto si no pueden cumplir con el requisito de ingresos por s\u00ed mismos.<\/li><\/ul><\/li><\/ul>\t\t\t\t\t\t\t\t<\/div>\n\t\t\t\t<\/div>\n\t\t\t\t<div class=\"elementor-element elementor-element-6736acf elementor-widget elementor-widget-heading\" data-id=\"6736acf\" data-element_type=\"widget\" data-e-type=\"widget\" data-widget_type=\"heading.default\">\n\t\t\t\t<div class=\"elementor-widget-container\">\n\t\t\t\t\t<h3 class=\"elementor-heading-title elementor-size-default\">Proceso de Solicitud de Visa de Prometido(a)<\/h3>\t\t\t\t<\/div>\n\t\t\t\t<\/div>\n\t\t\t\t<div class=\"elementor-element elementor-element-37805ad elementor-widget elementor-widget-text-editor\" data-id=\"37805ad\" data-element_type=\"widget\" data-e-type=\"widget\" data-widget_type=\"text-editor.default\">\n\t\t\t\t<div class=\"elementor-widget-container\">\n\t\t\t\t\t\t\t\t\t<p>El proceso de adquisici\u00f3n de una visa de prometido(a) debe ser manejado por el ciudadano estadounidense. El primer paso del proceso de solicitud es presentar el Formulario I-129F ante USCIS, que tiene como objetivo probar que la relaci\u00f3n es v\u00e1lida. Junto con su formulario, tambi\u00e9n enviar\u00e1 documentos de respaldo, como fotos estilo pasaporte de ambas partes.  <\/p><p>Una vez que se apruebe su formulario de patrocinio, el prometido(a) extranjero recibir\u00e1 un aviso de la Embajada de los EE. UU. en su pa\u00eds de origen, que incluye la fecha y el lugar de su entrevista de visa y una lista de los documentos requeridos.<\/p><p>Despu\u00e9s de la entrevista, el prometido(a) patrocinado debe completar la solicitud de visa K-1 real. Es importante imprimir la p\u00e1gina de confirmaci\u00f3n una vez que el formulario se haya enviado en l\u00ednea. <\/p><p>Las decisiones basadas en la entrevista de visa generalmente se tomar\u00e1n el mismo d\u00eda de la entrevista o poco despu\u00e9s.<\/p><p>Una vez que se cumplen los requisitos y se aprueba la visa K-1, el prometido(a) patrocinado tiene un total de seis meses a partir de la fecha de aprobaci\u00f3n del formulario I-129F inicial para viajar a los Estados Unidos.<\/p><p>Al llegar, la pareja debe casarse dentro de los 90 d\u00edas, o el prometido(a) patrocinado perder\u00e1 su estatus K-1. Si la pareja decide no casarse, el socio patrocinado no ser\u00e1 elegible para permanecer en los Estados Unidos y deber\u00e1 abandonar el pa\u00eds de inmediato. <\/p>\t\t\t\t\t\t\t\t<\/div>\n\t\t\t\t<\/div>\n\t\t\t\t<div class=\"elementor-element elementor-element-a96f4a5 elementor-widget elementor-widget-heading\" data-id=\"a96f4a5\" data-element_type=\"widget\" data-e-type=\"widget\" data-widget_type=\"heading.default\">\n\t\t\t\t<div class=\"elementor-widget-container\">\n\t\t\t\t\t<h3 class=\"elementor-heading-title elementor-size-default\">\u00bfCu\u00e1nto Cuesta una Visa de Prometido(a)?<\/h3>\t\t\t\t<\/div>\n\t\t\t\t<\/div>\n\t\t\t\t<div class=\"elementor-element elementor-element-e6055eb elementor-widget elementor-widget-text-editor\" data-id=\"e6055eb\" data-element_type=\"widget\" data-e-type=\"widget\" data-widget_type=\"text-editor.default\">\n\t\t\t\t<div class=\"elementor-widget-container\">\n\t\t\t\t\t\t\t\t\t<p>El costo total de una visa K-1 es de $800. Esto incluye las tarifas combinadas para el Formulario I-129F ($535) y la solicitud de visa K-1 real ($265). Adem\u00e1s del costo total de la visa, la pareja comprometida del ciudadano estadounidense deber\u00e1 completar un examen m\u00e9dico de inmigraci\u00f3n, que generalmente cuesta alrededor de $200.  <\/p>\t\t\t\t\t\t\t\t<\/div>\n\t\t\t\t<\/div>\n\t\t\t\t<div class=\"elementor-element elementor-element-6bf995f elementor-widget elementor-widget-heading\" data-id=\"6bf995f\" data-element_type=\"widget\" data-e-type=\"widget\" data-widget_type=\"heading.default\">\n\t\t\t\t<div class=\"elementor-widget-container\">\n\t\t\t\t\t<h2 class=\"elementor-heading-title elementor-size-default\">\u00bfQu\u00e9 Sucede Despu\u00e9s de Casarse Usando una Visa de Prometido(a)?<\/h2>\t\t\t\t<\/div>\n\t\t\t\t<\/div>\n\t\t\t\t<div class=\"elementor-element elementor-element-eb7ef7e elementor-widget elementor-widget-text-editor\" data-id=\"eb7ef7e\" data-element_type=\"widget\" data-e-type=\"widget\" data-widget_type=\"text-editor.default\">\n\t\t\t\t<div class=\"elementor-widget-container\">\n\t\t\t\t\t\t\t\t\t<p>Despu\u00e9s de casarse, el paso final para vivir su vida de casados legalmente en los Estados Unidos es solicitar una Green Card basada en el matrimonio, que ser\u00e1 patrocinada por la misma pareja que originalmente patrocin\u00f3 la visa de prometido(a) K-1.<\/p><p>El proceso de solicitud puede ser muy dif\u00edcil y a menudo resulta en un rechazo de la visa si algo se presenta incorrectamente. La mejor manera de asegurarse de que est\u00e1 presentando todo correctamente y obteniendo su visa de Prometido(a) es hablar con un abogado experto que comprenda el proceso. <\/p>\t\t\t\t\t\t\t\t<\/div>\n\t\t\t\t<\/div>\n\t\t\t\t<div class=\"vamtam-has-theme-widget-styles elementor-element elementor-element-b3ace65 elementor-align-left vamtam-has-underline-anim elementor-widget elementor-widget-button\" data-id=\"b3ace65\" data-element_type=\"widget\" data-e-type=\"widget\" data-widget_type=\"button.default\">\n\t\t\t\t<div class=\"elementor-widget-container\">\n\t\t\t\t\t\t\t\t\t<div class=\"elementor-button-wrapper\">\n\t\t\t\t\t<a class=\"elementor-button elementor-button-link elementor-size-sm\" href=\"tel:+13033772338\">\n\t\t\t\t\t\t<span class=\"elementor-button-content-wrapper\">\n\t\t\t\t\t\t<span class=\"elementor-button-icon\">\n\t\t\t\t<i aria-hidden=\"true\" class=\"vamtamtheme- vamtam-theme-icon-arrow-right-top\"><\/i>\t\t\t<\/span>\n\t\t\t\t\t\t\t\t\t<span class=\"elementor-button-text\">CONTACTE A UN ABOGADO DE INMIGRACI\u00d3N<\/span>\n\t\t\t\t\t<\/span>\n\t\t\t\t\t<\/a>\n\t\t\t\t<\/div>\n\t\t\t\t\t\t\t\t<\/div>\n\t\t\t\t<\/div>\n\t\t\t\t\t<\/div>\n\t\t<\/div>\n\t\t\t\t\t<\/div>\n\t\t<\/section>\n\t\t\t\t<\/div>\n\t\t","protected":false},"excerpt":{"rendered":"<p>Abogados de Visa de Prometido(a) en Denver, CO Una visa de prometido(a), tambi\u00e9n llamada visa K-1, es una visa de no inmigrante que permite que el prometido(a) extranjero de un ciudadano estadounidense ingrese a los Estados Unidos con el prop\u00f3sito de contraer matrimonio y luego convertirse en residente permanente. Los abogados en Barringer Law Firm&#8230;<\/p>\n","protected":false},"author":2,"featured_media":988747,"parent":988670,"menu_order":0,"comment_status":"closed","ping_status":"closed","template":"","meta":{"inline_featured_image":false,"footnotes":""},"class_list":["post-988748","page","type-page","status-publish","has-post-thumbnail","hentry"],"yoast_head":"<!-- This site is optimized with the Yoast SEO plugin v27.4 - https:\/\/yoast.com\/product\/yoast-seo-wordpress\/ -->\n<title>Visa de Prometido(a) -<\/title>\n<meta name=\"robots\" content=\"index, follow, max-snippet:-1, max-image-preview:large, max-video-preview:-1\" \/>\n<link rel=\"canonical\" href=\"https:\/\/barringerlawfirm.com\/es\/inmigracion\/fiance-visa\/\" \/>\n<meta property=\"og:locale\" content=\"es_ES\" \/>\n<meta property=\"og:type\" content=\"article\" \/>\n<meta property=\"og:title\" content=\"Visa de Prometido(a) -\" \/>\n<meta property=\"og:description\" content=\"Abogados de Visa de Prometido(a) en Denver, CO Una visa de prometido(a), tambi\u00e9n llamada visa K-1, es una visa de no inmigrante que permite que el prometido(a) extranjero de un ciudadano estadounidense ingrese a los Estados Unidos con el prop\u00f3sito de contraer matrimonio y luego convertirse en residente permanente. Los abogados en Barringer Law Firm...\" \/>\n<meta property=\"og:url\" content=\"https:\/\/barringerlawfirm.com\/es\/inmigracion\/fiance-visa\/\" \/>\n<meta property=\"article:modified_time\" content=\"2026-01-16T21:32:17+00:00\" \/>\n<meta property=\"og:image\" content=\"https:\/\/barringerlawfirm.com\/wp-content\/uploads\/2023\/10\/pexels-august-de-richelieu-4427547.jpg\" \/>\n\t<meta property=\"og:image:width\" content=\"528\" \/>\n\t<meta property=\"og:image:height\" content=\"528\" \/>\n\t<meta property=\"og:image:type\" content=\"image\/jpeg\" \/>\n<meta name=\"twitter:card\" content=\"summary_large_image\" \/>\n<meta name=\"twitter:label1\" content=\"Tiempo de lectura\" \/>\n\t<meta name=\"twitter:data1\" content=\"4 minutos\" \/>\n<script type=\"application\/ld+json\" class=\"yoast-schema-graph\">{\"@context\":\"https:\\\/\\\/schema.org\",\"@graph\":[{\"@type\":\"WebPage\",\"@id\":\"https:\\\/\\\/barringerlawfirm.com\\\/es\\\/inmigracion\\\/fiance-visa\\\/\",\"url\":\"https:\\\/\\\/barringerlawfirm.com\\\/es\\\/inmigracion\\\/fiance-visa\\\/\",\"name\":\"Visa de Prometido(a) -\",\"isPartOf\":{\"@id\":\"https:\\\/\\\/barringerlawfirm.com\\\/es\\\/#website\"},\"primaryImageOfPage\":{\"@id\":\"https:\\\/\\\/barringerlawfirm.com\\\/es\\\/inmigracion\\\/fiance-visa\\\/#primaryimage\"},\"image\":{\"@id\":\"https:\\\/\\\/barringerlawfirm.com\\\/es\\\/inmigracion\\\/fiance-visa\\\/#primaryimage\"},\"thumbnailUrl\":\"https:\\\/\\\/barringerlawfirm.com\\\/wp-content\\\/uploads\\\/2023\\\/10\\\/pexels-august-de-richelieu-4427547.jpg\",\"datePublished\":\"2022-09-26T20:33:54+00:00\",\"dateModified\":\"2026-01-16T21:32:17+00:00\",\"breadcrumb\":{\"@id\":\"https:\\\/\\\/barringerlawfirm.com\\\/es\\\/inmigracion\\\/fiance-visa\\\/#breadcrumb\"},\"inLanguage\":\"es\",\"potentialAction\":[{\"@type\":\"ReadAction\",\"target\":[\"https:\\\/\\\/barringerlawfirm.com\\\/es\\\/inmigracion\\\/fiance-visa\\\/\"]}]},{\"@type\":\"ImageObject\",\"inLanguage\":\"es\",\"@id\":\"https:\\\/\\\/barringerlawfirm.com\\\/es\\\/inmigracion\\\/fiance-visa\\\/#primaryimage\",\"url\":\"https:\\\/\\\/barringerlawfirm.com\\\/wp-content\\\/uploads\\\/2023\\\/10\\\/pexels-august-de-richelieu-4427547.jpg\",\"contentUrl\":\"https:\\\/\\\/barringerlawfirm.com\\\/wp-content\\\/uploads\\\/2023\\\/10\\\/pexels-august-de-richelieu-4427547.jpg\",\"width\":528,\"height\":528},{\"@type\":\"BreadcrumbList\",\"@id\":\"https:\\\/\\\/barringerlawfirm.com\\\/es\\\/inmigracion\\\/fiance-visa\\\/#breadcrumb\",\"itemListElement\":[{\"@type\":\"ListItem\",\"position\":1,\"name\":\"Home\",\"item\":\"https:\\\/\\\/barringerlawfirm.com\\\/es\\\/bufete-de-abogados\\\/\"},{\"@type\":\"ListItem\",\"position\":2,\"name\":\"Inmigraci\u00f3n\",\"item\":\"https:\\\/\\\/barringerlawfirm.com\\\/es\\\/inmigracion\\\/\"},{\"@type\":\"ListItem\",\"position\":3,\"name\":\"Visa de Prometido(a)\"}]},{\"@type\":\"WebSite\",\"@id\":\"https:\\\/\\\/barringerlawfirm.com\\\/es\\\/#website\",\"url\":\"https:\\\/\\\/barringerlawfirm.com\\\/es\\\/\",\"name\":\"\",\"description\":\"We apply law to facts\",\"potentialAction\":[{\"@type\":\"SearchAction\",\"target\":{\"@type\":\"EntryPoint\",\"urlTemplate\":\"https:\\\/\\\/barringerlawfirm.com\\\/es\\\/?s={search_term_string}\"},\"query-input\":{\"@type\":\"PropertyValueSpecification\",\"valueRequired\":true,\"valueName\":\"search_term_string\"}}],\"inLanguage\":\"es\"}]}<\/script>\n<!-- \/ Yoast SEO plugin. -->","yoast_head_json":{"title":"Visa de Prometido(a) -","robots":{"index":"index","follow":"follow","max-snippet":"max-snippet:-1","max-image-preview":"max-image-preview:large","max-video-preview":"max-video-preview:-1"},"canonical":"https:\/\/barringerlawfirm.com\/es\/inmigracion\/fiance-visa\/","og_locale":"es_ES","og_type":"article","og_title":"Visa de Prometido(a) -","og_description":"Abogados de Visa de Prometido(a) en Denver, CO Una visa de prometido(a), tambi\u00e9n llamada visa K-1, es una visa de no inmigrante que permite que el prometido(a) extranjero de un ciudadano estadounidense ingrese a los Estados Unidos con el prop\u00f3sito de contraer matrimonio y luego convertirse en residente permanente. Los abogados en Barringer Law Firm...","og_url":"https:\/\/barringerlawfirm.com\/es\/inmigracion\/fiance-visa\/","article_modified_time":"2026-01-16T21:32:17+00:00","og_image":[{"width":528,"height":528,"url":"https:\/\/barringerlawfirm.com\/wp-content\/uploads\/2023\/10\/pexels-august-de-richelieu-4427547.jpg","type":"image\/jpeg"}],"twitter_card":"summary_large_image","twitter_misc":{"Tiempo de lectura":"4 minutos"},"schema":{"@context":"https:\/\/schema.org","@graph":[{"@type":"WebPage","@id":"https:\/\/barringerlawfirm.com\/es\/inmigracion\/fiance-visa\/","url":"https:\/\/barringerlawfirm.com\/es\/inmigracion\/fiance-visa\/","name":"Visa de Prometido(a) -","isPartOf":{"@id":"https:\/\/barringerlawfirm.com\/es\/#website"},"primaryImageOfPage":{"@id":"https:\/\/barringerlawfirm.com\/es\/inmigracion\/fiance-visa\/#primaryimage"},"image":{"@id":"https:\/\/barringerlawfirm.com\/es\/inmigracion\/fiance-visa\/#primaryimage"},"thumbnailUrl":"https:\/\/barringerlawfirm.com\/wp-content\/uploads\/2023\/10\/pexels-august-de-richelieu-4427547.jpg","datePublished":"2022-09-26T20:33:54+00:00","dateModified":"2026-01-16T21:32:17+00:00","breadcrumb":{"@id":"https:\/\/barringerlawfirm.com\/es\/inmigracion\/fiance-visa\/#breadcrumb"},"inLanguage":"es","potentialAction":[{"@type":"ReadAction","target":["https:\/\/barringerlawfirm.com\/es\/inmigracion\/fiance-visa\/"]}]},{"@type":"ImageObject","inLanguage":"es","@id":"https:\/\/barringerlawfirm.com\/es\/inmigracion\/fiance-visa\/#primaryimage","url":"https:\/\/barringerlawfirm.com\/wp-content\/uploads\/2023\/10\/pexels-august-de-richelieu-4427547.jpg","contentUrl":"https:\/\/barringerlawfirm.com\/wp-content\/uploads\/2023\/10\/pexels-august-de-richelieu-4427547.jpg","width":528,"height":528},{"@type":"BreadcrumbList","@id":"https:\/\/barringerlawfirm.com\/es\/inmigracion\/fiance-visa\/#breadcrumb","itemListElement":[{"@type":"ListItem","position":1,"name":"Home","item":"https:\/\/barringerlawfirm.com\/es\/bufete-de-abogados\/"},{"@type":"ListItem","position":2,"name":"Inmigraci\u00f3n","item":"https:\/\/barringerlawfirm.com\/es\/inmigracion\/"},{"@type":"ListItem","position":3,"name":"Visa de Prometido(a)"}]},{"@type":"WebSite","@id":"https:\/\/barringerlawfirm.com\/es\/#website","url":"https:\/\/barringerlawfirm.com\/es\/","name":"","description":"We apply law to facts","potentialAction":[{"@type":"SearchAction","target":{"@type":"EntryPoint","urlTemplate":"https:\/\/barringerlawfirm.com\/es\/?s={search_term_string}"},"query-input":{"@type":"PropertyValueSpecification","valueRequired":true,"valueName":"search_term_string"}}],"inLanguage":"es"}]}},"_links":{"self":[{"href":"https:\/\/barringerlawfirm.com\/es\/wp-json\/wp\/v2\/pages\/988748","targetHints":{"allow":["GET"]}}],"collection":[{"href":"https:\/\/barringerlawfirm.com\/es\/wp-json\/wp\/v2\/pages"}],"about":[{"href":"https:\/\/barringerlawfirm.com\/es\/wp-json\/wp\/v2\/types\/page"}],"author":[{"embeddable":true,"href":"https:\/\/barringerlawfirm.com\/es\/wp-json\/wp\/v2\/users\/2"}],"replies":[{"embeddable":true,"href":"https:\/\/barringerlawfirm.com\/es\/wp-json\/wp\/v2\/comments?post=988748"}],"version-history":[{"count":3,"href":"https:\/\/barringerlawfirm.com\/es\/wp-json\/wp\/v2\/pages\/988748\/revisions"}],"predecessor-version":[{"id":988936,"href":"https:\/\/barringerlawfirm.com\/es\/wp-json\/wp\/v2\/pages\/988748\/revisions\/988936"}],"up":[{"embeddable":true,"href":"https:\/\/barringerlawfirm.com\/es\/wp-json\/wp\/v2\/pages\/988670"}],"wp:featuredmedia":[{"embeddable":true,"href":"https:\/\/barringerlawfirm.com\/es\/wp-json\/wp\/v2\/media\/988747"}],"wp:attachment":[{"href":"https:\/\/barringerlawfirm.com\/es\/wp-json\/wp\/v2\/media?parent=988748"}],"curies":[{"name":"wp","href":"https:\/\/api.w.org\/{rel}","templated":true}]}}