{"id":988754,"date":"2022-12-05T20:29:10","date_gmt":"2022-12-05T20:29:10","guid":{"rendered":"https:\/\/barringerlawfirm.com\/acerca-de\/ginger-geissinger\/"},"modified":"2026-01-15T16:19:24","modified_gmt":"2026-01-15T16:19:24","slug":"ginger-geissinger","status":"publish","type":"page","link":"https:\/\/barringerlawfirm.com\/es\/acerca-de\/ginger-geissinger\/","title":{"rendered":"Ginger Geissinger"},"content":{"rendered":"\t\t<div data-elementor-type=\"wp-page\" data-elementor-id=\"988754\" class=\"elementor elementor-988754 elementor-6654\" data-elementor-post-type=\"page\">\n\t\t\t\t\t\t<section class=\"elementor-section elementor-top-section elementor-element elementor-element-2e902104 elementor-section-full_width elementor-section-height-default elementor-section-height-default\" data-id=\"2e902104\" data-element_type=\"section\" data-e-type=\"section\">\n\t\t\t\t\t\t<div class=\"elementor-container elementor-column-gap-no\">\n\t\t\t\t\t<div class=\"elementor-column elementor-col-100 elementor-top-column elementor-element elementor-element-4fa9de35\" data-id=\"4fa9de35\" data-element_type=\"column\" data-e-type=\"column\">\n\t\t\t<div class=\"elementor-widget-wrap elementor-element-populated\">\n\t\t\t\t\t\t<div class=\"elementor-element elementor-element-19615bdd elementor-widget elementor-widget-spacer\" data-id=\"19615bdd\" data-element_type=\"widget\" data-e-type=\"widget\" data-widget_type=\"spacer.default\">\n\t\t\t\t<div class=\"elementor-widget-container\">\n\t\t\t\t\t\t\t<div class=\"elementor-spacer\">\n\t\t\t<div class=\"elementor-spacer-inner\"><\/div>\n\t\t<\/div>\n\t\t\t\t\t\t<\/div>\n\t\t\t\t<\/div>\n\t\t\t\t<section class=\"elementor-section elementor-inner-section elementor-element elementor-element-3b7f646f elementor-section-content-middle elementor-hidden-desktop elementor-hidden-tablet elementor-hidden-mobile elementor-section-boxed elementor-section-height-default elementor-section-height-default\" data-id=\"3b7f646f\" data-element_type=\"section\" data-e-type=\"section\">\n\t\t\t\t\t\t<div class=\"elementor-container elementor-column-gap-no\">\n\t\t\t\t\t<div class=\"elementor-column elementor-col-50 elementor-inner-column elementor-element elementor-element-5e1d862a\" data-id=\"5e1d862a\" data-element_type=\"column\" data-e-type=\"column\">\n\t\t\t<div class=\"elementor-widget-wrap elementor-element-populated\">\n\t\t\t\t\t\t<div class=\"elementor-element elementor-element-3b06a9fd elementor-widget elementor-widget-heading\" data-id=\"3b06a9fd\" data-element_type=\"widget\" data-e-type=\"widget\" data-widget_type=\"heading.default\">\n\t\t\t\t<div class=\"elementor-widget-container\">\n\t\t\t\t\t<p class=\"elementor-heading-title elementor-size-default\">Email address<\/p>\t\t\t\t<\/div>\n\t\t\t\t<\/div>\n\t\t\t\t\t<\/div>\n\t\t<\/div>\n\t\t\t\t<div class=\"elementor-column elementor-col-50 elementor-inner-column elementor-element elementor-element-6c86ef5\" data-id=\"6c86ef5\" data-element_type=\"column\" data-e-type=\"column\">\n\t\t\t<div class=\"elementor-widget-wrap elementor-element-populated\">\n\t\t\t\t\t\t<div class=\"vamtam-has-theme-widget-styles elementor-element elementor-element-6b76c1d1 elementor-widget__width-auto vamtam-has-underline-anim elementor-widget elementor-widget-button\" data-id=\"6b76c1d1\" data-element_type=\"widget\" data-e-type=\"widget\" data-widget_type=\"button.default\">\n\t\t\t\t<div class=\"elementor-widget-container\">\n\t\t\t\t\t\t\t\t\t<div class=\"elementor-button-wrapper\">\n\t\t\t\t\t<a class=\"elementor-button elementor-button-link elementor-size-sm\" href=\"mailto:%20de@avvocato.com\">\n\t\t\t\t\t\t<span class=\"elementor-button-content-wrapper\">\n\t\t\t\t\t\t\t\t\t<span class=\"elementor-button-text\">de@avvocato.com<\/span>\n\t\t\t\t\t<\/span>\n\t\t\t\t\t<\/a>\n\t\t\t\t<\/div>\n\t\t\t\t\t\t\t\t<\/div>\n\t\t\t\t<\/div>\n\t\t\t\t\t<\/div>\n\t\t<\/div>\n\t\t\t\t\t<\/div>\n\t\t<\/section>\n\t\t\t\t<section class=\"elementor-section elementor-inner-section elementor-element elementor-element-7268764 elementor-section-content-middle elementor-hidden-desktop elementor-hidden-tablet elementor-hidden-mobile elementor-section-boxed elementor-section-height-default elementor-section-height-default\" data-id=\"7268764\" data-element_type=\"section\" data-e-type=\"section\">\n\t\t\t\t\t\t<div class=\"elementor-container elementor-column-gap-no\">\n\t\t\t\t\t<div class=\"elementor-column elementor-col-50 elementor-inner-column elementor-element elementor-element-521225d7\" data-id=\"521225d7\" data-element_type=\"column\" data-e-type=\"column\">\n\t\t\t<div class=\"elementor-widget-wrap elementor-element-populated\">\n\t\t\t\t\t\t<div class=\"elementor-element elementor-element-352204a2 elementor-widget elementor-widget-heading\" data-id=\"352204a2\" data-element_type=\"widget\" data-e-type=\"widget\" data-widget_type=\"heading.default\">\n\t\t\t\t<div class=\"elementor-widget-container\">\n\t\t\t\t\t<p class=\"elementor-heading-title elementor-size-default\">N\u00famero de tel\u00e9fono<\/p>\t\t\t\t<\/div>\n\t\t\t\t<\/div>\n\t\t\t\t\t<\/div>\n\t\t<\/div>\n\t\t\t\t<div class=\"elementor-column elementor-col-50 elementor-inner-column elementor-element elementor-element-56485675\" data-id=\"56485675\" data-element_type=\"column\" data-e-type=\"column\">\n\t\t\t<div class=\"elementor-widget-wrap elementor-element-populated\">\n\t\t\t\t\t\t<div class=\"vamtam-has-theme-widget-styles elementor-element elementor-element-53cd5177 elementor-widget__width-auto vamtam-has-underline-anim elementor-widget elementor-widget-button\" data-id=\"53cd5177\" data-element_type=\"widget\" data-e-type=\"widget\" data-widget_type=\"button.default\">\n\t\t\t\t<div class=\"elementor-widget-container\">\n\t\t\t\t\t\t\t\t\t<div class=\"elementor-button-wrapper\">\n\t\t\t\t\t<a class=\"elementor-button elementor-button-link elementor-size-sm\" href=\"tel:%202129698606\">\n\t\t\t\t\t\t<span class=\"elementor-button-content-wrapper\">\n\t\t\t\t\t\t\t\t\t<span class=\"elementor-button-text\">(212) 969-8606<\/span>\n\t\t\t\t\t<\/span>\n\t\t\t\t\t<\/a>\n\t\t\t\t<\/div>\n\t\t\t\t\t\t\t\t<\/div>\n\t\t\t\t<\/div>\n\t\t\t\t\t<\/div>\n\t\t<\/div>\n\t\t\t\t\t<\/div>\n\t\t<\/section>\n\t\t\t\t<section class=\"elementor-section elementor-inner-section elementor-element elementor-element-4b8d5794 elementor-section-content-middle elementor-hidden-desktop elementor-hidden-tablet elementor-hidden-mobile elementor-section-boxed elementor-section-height-default elementor-section-height-default\" data-id=\"4b8d5794\" data-element_type=\"section\" data-e-type=\"section\">\n\t\t\t\t\t\t<div class=\"elementor-container elementor-column-gap-no\">\n\t\t\t\t\t<div class=\"elementor-column elementor-col-50 elementor-inner-column elementor-element elementor-element-2ec54b53\" data-id=\"2ec54b53\" data-element_type=\"column\" data-e-type=\"column\">\n\t\t\t<div class=\"elementor-widget-wrap elementor-element-populated\">\n\t\t\t\t\t\t<div class=\"elementor-element elementor-element-7ff1406e elementor-widget elementor-widget-heading\" data-id=\"7ff1406e\" data-element_type=\"widget\" data-e-type=\"widget\" data-widget_type=\"heading.default\">\n\t\t\t\t<div class=\"elementor-widget-container\">\n\t\t\t\t\t<p class=\"elementor-heading-title elementor-size-default\">Links<\/p>\t\t\t\t<\/div>\n\t\t\t\t<\/div>\n\t\t\t\t\t<\/div>\n\t\t<\/div>\n\t\t\t\t<div class=\"elementor-column elementor-col-50 elementor-inner-column elementor-element elementor-element-746cc085\" data-id=\"746cc085\" data-element_type=\"column\" data-e-type=\"column\">\n\t\t\t<div class=\"elementor-widget-wrap elementor-element-populated\">\n\t\t\t\t\t\t<div class=\"vamtam-has-theme-widget-styles elementor-element elementor-element-fe76a51 elementor-widget__width-auto vamtam-has-underline-anim elementor-widget elementor-widget-button\" data-id=\"fe76a51\" data-element_type=\"widget\" data-e-type=\"widget\" data-widget_type=\"button.default\">\n\t\t\t\t<div class=\"elementor-widget-container\">\n\t\t\t\t\t\t\t\t\t<div class=\"elementor-button-wrapper\">\n\t\t\t\t\t<a class=\"elementor-button elementor-button-link elementor-size-sm\" href=\"https:\/\/www.linkedin.com\" target=\"_blank\">\n\t\t\t\t\t\t<span class=\"elementor-button-content-wrapper\">\n\t\t\t\t\t\t\t\t\t<span class=\"elementor-button-text\">Linkedin<\/span>\n\t\t\t\t\t<\/span>\n\t\t\t\t\t<\/a>\n\t\t\t\t<\/div>\n\t\t\t\t\t\t\t\t<\/div>\n\t\t\t\t<\/div>\n\t\t\t\t<div class=\"vamtam-has-theme-widget-styles elementor-element elementor-element-1c805e53 elementor-widget__width-auto vamtam-has-underline-anim elementor-widget elementor-widget-button\" data-id=\"1c805e53\" data-element_type=\"widget\" data-e-type=\"widget\" data-widget_type=\"button.default\">\n\t\t\t\t<div class=\"elementor-widget-container\">\n\t\t\t\t\t\t\t\t\t<div class=\"elementor-button-wrapper\">\n\t\t\t\t\t<a class=\"elementor-button elementor-button-link elementor-size-sm\" href=\"\/wp-content\/uploads\/2023\/11\/Eric_Blouw_Pitblado_Law.pdf\" target=\"_blank\">\n\t\t\t\t\t\t<span class=\"elementor-button-content-wrapper\">\n\t\t\t\t\t\t\t\t\t<span class=\"elementor-button-text\">Profile PDF<\/span>\n\t\t\t\t\t<\/span>\n\t\t\t\t\t<\/a>\n\t\t\t\t<\/div>\n\t\t\t\t\t\t\t\t<\/div>\n\t\t\t\t<\/div>\n\t\t\t\t\t<\/div>\n\t\t<\/div>\n\t\t\t\t\t<\/div>\n\t\t<\/section>\n\t\t\t\t<div class=\"elementor-element elementor-element-11406943 elementor-widget elementor-widget-spacer\" data-id=\"11406943\" data-element_type=\"widget\" data-e-type=\"widget\" data-widget_type=\"spacer.default\">\n\t\t\t\t<div class=\"elementor-widget-container\">\n\t\t\t\t\t\t\t<div class=\"elementor-spacer\">\n\t\t\t<div class=\"elementor-spacer-inner\"><\/div>\n\t\t<\/div>\n\t\t\t\t\t\t<\/div>\n\t\t\t\t<\/div>\n\t\t\t\t<div class=\"elementor-element elementor-element-416ee345 elementor-widget elementor-widget-text-editor\" data-id=\"416ee345\" data-element_type=\"widget\" data-e-type=\"widget\" data-widget_type=\"text-editor.default\">\n\t\t\t\t<div class=\"elementor-widget-container\">\n\t\t\t\t\t\t\t\t\t<p class=\"p1\">Ginger V. Geissinger es una abogada con m\u00e1s de 20 a\u00f1os de experiencia. La Sra. Geissinger naci\u00f3 y creci\u00f3 en Boulder, Colorado. Decidi\u00f3 convertirse en abogada para seguir los pasos de su abuelo, James D. Geissinger. Su abuelo obtuvo la licencia para ejercer la abogac\u00eda en Colorado en 1935. La Sra. Geissinger se gradu\u00f3 de CU Boulder con una licenciatura en 1997. Asisti\u00f3 a la Facultad de Derecho Sturm de la Universidad de Denver y se gradu\u00f3 en 2001 con su t\u00edtulo de derecho. La Sra. Geissinger tiene experiencia en derecho penal, derecho familiar, derecho de menores y casos de lesiones personales.      <\/p><p class=\"p1\">La Sra. Geissinger obtuvo su licencia de abogada en 2004. El primer trabajo de la Sra. Geissinger fue como Fiscal de Distrito Adjunta en Sterling, CO. Sin embargo, la verdadera pasi\u00f3n jur\u00eddica de la Sra. Geissinger era la defensa, por lo que cambi\u00f3 de bando para convertirse en abogada defensora en 2006. En 2010, la Sra. Geissinger inici\u00f3 su propia pr\u00e1ctica enfoc\u00e1ndose en defensa penal, defensa de delincuencia juvenil y defensa de padres en casos de servicios sociales. La Sra. Geissinger tuvo el honor de recibir el Premio del Director de ORPC en 2019 y el premio de equipo ADA de ORPC en 2020. La Sra. Geissinger ha sido capacitadora y mentora para ORPC y ADC en defensa de padres y defensa de delincuencia juvenil.     <\/p><p class=\"p1\">La Sra. Geissinger apoya al Comic Book Legal Defense Fund, a muchas organizaciones ben\u00e9ficas contra el c\u00e1ncer de mama y al Museo de Arte de Denver. En su tiempo libre, disfruta hacer senderismo y pasar tiempo en el Parque Nacional de las Monta\u00f1as Rocosas, leer y cocinar. La Sra. Geissinger es una \u00e1vida lectora y su superh\u00e9roe favorito es la Mujer Maravilla.  <\/p>\t\t\t\t\t\t\t\t<\/div>\n\t\t\t\t<\/div>\n\t\t\t\t<div class=\"elementor-element elementor-element-5b7cd29 elementor-widget elementor-widget-heading\" data-id=\"5b7cd29\" data-element_type=\"widget\" data-e-type=\"widget\" data-widget_type=\"heading.default\">\n\t\t\t\t<div class=\"elementor-widget-container\">\n\t\t\t\t\t<h3 class=\"elementor-heading-title elementor-size-default\">Educaci\u00f3n<\/h3>\t\t\t\t<\/div>\n\t\t\t\t<\/div>\n\t\t\t\t<section class=\"elementor-section elementor-inner-section elementor-element elementor-element-881a857 elementor-section-boxed elementor-section-height-default elementor-section-height-default\" data-id=\"881a857\" data-element_type=\"section\" data-e-type=\"section\">\n\t\t\t\t\t\t<div class=\"elementor-container elementor-column-gap-no\">\n\t\t\t\t\t<div class=\"elementor-column elementor-col-50 elementor-inner-column elementor-element elementor-element-25548e88\" data-id=\"25548e88\" data-element_type=\"column\" data-e-type=\"column\">\n\t\t\t<div class=\"elementor-widget-wrap elementor-element-populated\">\n\t\t\t\t\t\t<div class=\"elementor-element elementor-element-6586edfc elementor-icon-list--layout-traditional elementor-list-item-link-full_width elementor-widget elementor-widget-icon-list\" data-id=\"6586edfc\" data-element_type=\"widget\" data-e-type=\"widget\" data-widget_type=\"icon-list.default\">\n\t\t\t\t<div class=\"elementor-widget-container\">\n\t\t\t\t\t\t\t<ul class=\"elementor-icon-list-items\">\n\t\t\t\t\t\t\t<li class=\"elementor-icon-list-item\">\n\t\t\t\t\t\t\t\t\t\t<span class=\"elementor-icon-list-text\">Universidad de Colorado Boulder, Licenciatura en Artes 1997<\/span>\n\t\t\t\t\t\t\t\t\t<\/li>\n\t\t\t\t\t\t<\/ul>\n\t\t\t\t\t\t<\/div>\n\t\t\t\t<\/div>\n\t\t\t\t\t<\/div>\n\t\t<\/div>\n\t\t\t\t<div class=\"elementor-column elementor-col-50 elementor-inner-column elementor-element elementor-element-4da2cd91\" data-id=\"4da2cd91\" data-element_type=\"column\" data-e-type=\"column\">\n\t\t\t<div class=\"elementor-widget-wrap elementor-element-populated\">\n\t\t\t\t\t\t<div class=\"elementor-element elementor-element-36debed elementor-icon-list--layout-traditional elementor-list-item-link-full_width elementor-widget elementor-widget-icon-list\" data-id=\"36debed\" data-element_type=\"widget\" data-e-type=\"widget\" data-widget_type=\"icon-list.default\">\n\t\t\t\t<div class=\"elementor-widget-container\">\n\t\t\t\t\t\t\t<ul class=\"elementor-icon-list-items\">\n\t\t\t\t\t\t\t<li class=\"elementor-icon-list-item\">\n\t\t\t\t\t\t\t\t\t\t<span class=\"elementor-icon-list-text\">Universidad de Denver, Doctorado en Jurisprudencia 2001<\/span>\n\t\t\t\t\t\t\t\t\t<\/li>\n\t\t\t\t\t\t<\/ul>\n\t\t\t\t\t\t<\/div>\n\t\t\t\t<\/div>\n\t\t\t\t\t<\/div>\n\t\t<\/div>\n\t\t\t\t\t<\/div>\n\t\t<\/section>\n\t\t\t\t<div class=\"elementor-element elementor-element-6fc37e5 elementor-widget elementor-widget-heading\" data-id=\"6fc37e5\" data-element_type=\"widget\" data-e-type=\"widget\" data-widget_type=\"heading.default\">\n\t\t\t\t<div class=\"elementor-widget-container\">\n\t\t\t\t\t<h3 class=\"elementor-heading-title elementor-size-default\">Admisiones\n<\/h3>\t\t\t\t<\/div>\n\t\t\t\t<\/div>\n\t\t\t\t<section class=\"elementor-section elementor-inner-section elementor-element elementor-element-2c27f3c elementor-section-boxed elementor-section-height-default elementor-section-height-default\" data-id=\"2c27f3c\" data-element_type=\"section\" data-e-type=\"section\">\n\t\t\t\t\t\t<div class=\"elementor-container elementor-column-gap-no\">\n\t\t\t\t\t<div class=\"elementor-column elementor-col-50 elementor-inner-column elementor-element elementor-element-84f7c30\" data-id=\"84f7c30\" data-element_type=\"column\" data-e-type=\"column\">\n\t\t\t<div class=\"elementor-widget-wrap elementor-element-populated\">\n\t\t\t\t\t\t<div class=\"elementor-element elementor-element-fbf370a elementor-icon-list--layout-traditional elementor-list-item-link-full_width elementor-widget elementor-widget-icon-list\" data-id=\"fbf370a\" data-element_type=\"widget\" data-e-type=\"widget\" data-widget_type=\"icon-list.default\">\n\t\t\t\t<div class=\"elementor-widget-container\">\n\t\t\t\t\t\t\t<ul class=\"elementor-icon-list-items\">\n\t\t\t\t\t\t\t<li class=\"elementor-icon-list-item\">\n\t\t\t\t\t\t\t\t\t\t<span class=\"elementor-icon-list-text\">Barra de Colorado 2004<\/span>\n\t\t\t\t\t\t\t\t\t<\/li>\n\t\t\t\t\t\t<\/ul>\n\t\t\t\t\t\t<\/div>\n\t\t\t\t<\/div>\n\t\t\t\t\t<\/div>\n\t\t<\/div>\n\t\t\t\t<div class=\"elementor-column elementor-col-50 elementor-inner-column elementor-element elementor-element-eb003d2\" data-id=\"eb003d2\" data-element_type=\"column\" data-e-type=\"column\">\n\t\t\t<div class=\"elementor-widget-wrap elementor-element-populated\">\n\t\t\t\t\t\t<div class=\"elementor-element elementor-element-0821d43 elementor-icon-list--layout-traditional elementor-list-item-link-full_width elementor-widget elementor-widget-icon-list\" data-id=\"0821d43\" data-element_type=\"widget\" data-e-type=\"widget\" data-widget_type=\"icon-list.default\">\n\t\t\t\t<div class=\"elementor-widget-container\">\n\t\t\t\t\t\t\t<ul class=\"elementor-icon-list-items\">\n\t\t\t\t\t\t\t<li class=\"elementor-icon-list-item\">\n\t\t\t\t\t\t\t\t\t\t<span class=\"elementor-icon-list-text\">Federal District Court for Colorado, 2004<\/span>\n\t\t\t\t\t\t\t\t\t<\/li>\n\t\t\t\t\t\t<\/ul>\n\t\t\t\t\t\t<\/div>\n\t\t\t\t<\/div>\n\t\t\t\t\t<\/div>\n\t\t<\/div>\n\t\t\t\t\t<\/div>\n\t\t<\/section>\n\t\t\t\t\t<\/div>\n\t\t<\/div>\n\t\t\t\t\t<\/div>\n\t\t<\/section>\n\t\t\t\t<\/div>\n\t\t","protected":false},"excerpt":{"rendered":"<p>Directora de Derecho Penal\/Familia\/Civil<\/p>\n","protected":false},"author":2,"featured_media":988682,"parent":988687,"menu_order":0,"comment_status":"closed","ping_status":"closed","template":"","meta":{"inline_featured_image":false,"footnotes":""},"class_list":["post-988754","page","type-page","status-publish","has-post-thumbnail","hentry"],"yoast_head":"<!-- This site is optimized with the Yoast SEO plugin v27.4 - https:\/\/yoast.com\/product\/yoast-seo-wordpress\/ -->\n<title>Ginger Geissinger -<\/title>\n<meta name=\"robots\" content=\"index, follow, max-snippet:-1, max-image-preview:large, max-video-preview:-1\" \/>\n<link rel=\"canonical\" href=\"https:\/\/barringerlawfirm.com\/es\/acerca-de\/ginger-geissinger\/\" \/>\n<meta property=\"og:locale\" content=\"es_ES\" \/>\n<meta property=\"og:type\" content=\"article\" \/>\n<meta property=\"og:title\" content=\"Ginger Geissinger -\" \/>\n<meta property=\"og:description\" content=\"Directora de Derecho Penal\/Familia\/Civil\" \/>\n<meta property=\"og:url\" content=\"https:\/\/barringerlawfirm.com\/es\/acerca-de\/ginger-geissinger\/\" \/>\n<meta property=\"article:modified_time\" content=\"2026-01-15T16:19:24+00:00\" \/>\n<meta property=\"og:image\" content=\"https:\/\/barringerlawfirm.com\/wp-content\/uploads\/2025\/12\/barringer-ginger.png\" \/>\n\t<meta property=\"og:image:width\" content=\"290\" \/>\n\t<meta property=\"og:image:height\" content=\"298\" \/>\n\t<meta property=\"og:image:type\" content=\"image\/png\" \/>\n<meta name=\"twitter:card\" content=\"summary_large_image\" \/>\n<meta name=\"twitter:label1\" content=\"Tiempo de lectura\" \/>\n\t<meta name=\"twitter:data1\" content=\"2 minutos\" \/>\n<script type=\"application\/ld+json\" class=\"yoast-schema-graph\">{\"@context\":\"https:\\\/\\\/schema.org\",\"@graph\":[{\"@type\":\"WebPage\",\"@id\":\"https:\\\/\\\/barringerlawfirm.com\\\/es\\\/acerca-de\\\/ginger-geissinger\\\/\",\"url\":\"https:\\\/\\\/barringerlawfirm.com\\\/es\\\/acerca-de\\\/ginger-geissinger\\\/\",\"name\":\"Ginger Geissinger -\",\"isPartOf\":{\"@id\":\"https:\\\/\\\/barringerlawfirm.com\\\/es\\\/#website\"},\"primaryImageOfPage\":{\"@id\":\"https:\\\/\\\/barringerlawfirm.com\\\/es\\\/acerca-de\\\/ginger-geissinger\\\/#primaryimage\"},\"image\":{\"@id\":\"https:\\\/\\\/barringerlawfirm.com\\\/es\\\/acerca-de\\\/ginger-geissinger\\\/#primaryimage\"},\"thumbnailUrl\":\"https:\\\/\\\/barringerlawfirm.com\\\/wp-content\\\/uploads\\\/2025\\\/12\\\/barringer-ginger.png\",\"datePublished\":\"2022-12-05T20:29:10+00:00\",\"dateModified\":\"2026-01-15T16:19:24+00:00\",\"breadcrumb\":{\"@id\":\"https:\\\/\\\/barringerlawfirm.com\\\/es\\\/acerca-de\\\/ginger-geissinger\\\/#breadcrumb\"},\"inLanguage\":\"es\",\"potentialAction\":[{\"@type\":\"ReadAction\",\"target\":[\"https:\\\/\\\/barringerlawfirm.com\\\/es\\\/acerca-de\\\/ginger-geissinger\\\/\"]}]},{\"@type\":\"ImageObject\",\"inLanguage\":\"es\",\"@id\":\"https:\\\/\\\/barringerlawfirm.com\\\/es\\\/acerca-de\\\/ginger-geissinger\\\/#primaryimage\",\"url\":\"https:\\\/\\\/barringerlawfirm.com\\\/wp-content\\\/uploads\\\/2025\\\/12\\\/barringer-ginger.png\",\"contentUrl\":\"https:\\\/\\\/barringerlawfirm.com\\\/wp-content\\\/uploads\\\/2025\\\/12\\\/barringer-ginger.png\",\"width\":290,\"height\":298},{\"@type\":\"BreadcrumbList\",\"@id\":\"https:\\\/\\\/barringerlawfirm.com\\\/es\\\/acerca-de\\\/ginger-geissinger\\\/#breadcrumb\",\"itemListElement\":[{\"@type\":\"ListItem\",\"position\":1,\"name\":\"Home\",\"item\":\"https:\\\/\\\/barringerlawfirm.com\\\/es\\\/bufete-de-abogados\\\/\"},{\"@type\":\"ListItem\",\"position\":2,\"name\":\"Sobre Nosotros\",\"item\":\"https:\\\/\\\/barringerlawfirm.com\\\/es\\\/about\\\/\"},{\"@type\":\"ListItem\",\"position\":3,\"name\":\"Ginger Geissinger\"}]},{\"@type\":\"WebSite\",\"@id\":\"https:\\\/\\\/barringerlawfirm.com\\\/es\\\/#website\",\"url\":\"https:\\\/\\\/barringerlawfirm.com\\\/es\\\/\",\"name\":\"\",\"description\":\"We apply law to facts\",\"potentialAction\":[{\"@type\":\"SearchAction\",\"target\":{\"@type\":\"EntryPoint\",\"urlTemplate\":\"https:\\\/\\\/barringerlawfirm.com\\\/es\\\/?s={search_term_string}\"},\"query-input\":{\"@type\":\"PropertyValueSpecification\",\"valueRequired\":true,\"valueName\":\"search_term_string\"}}],\"inLanguage\":\"es\"}]}<\/script>\n<!-- \/ Yoast SEO plugin. -->","yoast_head_json":{"title":"Ginger Geissinger -","robots":{"index":"index","follow":"follow","max-snippet":"max-snippet:-1","max-image-preview":"max-image-preview:large","max-video-preview":"max-video-preview:-1"},"canonical":"https:\/\/barringerlawfirm.com\/es\/acerca-de\/ginger-geissinger\/","og_locale":"es_ES","og_type":"article","og_title":"Ginger Geissinger -","og_description":"Directora de Derecho Penal\/Familia\/Civil","og_url":"https:\/\/barringerlawfirm.com\/es\/acerca-de\/ginger-geissinger\/","article_modified_time":"2026-01-15T16:19:24+00:00","og_image":[{"width":290,"height":298,"url":"https:\/\/barringerlawfirm.com\/wp-content\/uploads\/2025\/12\/barringer-ginger.png","type":"image\/png"}],"twitter_card":"summary_large_image","twitter_misc":{"Tiempo de lectura":"2 minutos"},"schema":{"@context":"https:\/\/schema.org","@graph":[{"@type":"WebPage","@id":"https:\/\/barringerlawfirm.com\/es\/acerca-de\/ginger-geissinger\/","url":"https:\/\/barringerlawfirm.com\/es\/acerca-de\/ginger-geissinger\/","name":"Ginger Geissinger -","isPartOf":{"@id":"https:\/\/barringerlawfirm.com\/es\/#website"},"primaryImageOfPage":{"@id":"https:\/\/barringerlawfirm.com\/es\/acerca-de\/ginger-geissinger\/#primaryimage"},"image":{"@id":"https:\/\/barringerlawfirm.com\/es\/acerca-de\/ginger-geissinger\/#primaryimage"},"thumbnailUrl":"https:\/\/barringerlawfirm.com\/wp-content\/uploads\/2025\/12\/barringer-ginger.png","datePublished":"2022-12-05T20:29:10+00:00","dateModified":"2026-01-15T16:19:24+00:00","breadcrumb":{"@id":"https:\/\/barringerlawfirm.com\/es\/acerca-de\/ginger-geissinger\/#breadcrumb"},"inLanguage":"es","potentialAction":[{"@type":"ReadAction","target":["https:\/\/barringerlawfirm.com\/es\/acerca-de\/ginger-geissinger\/"]}]},{"@type":"ImageObject","inLanguage":"es","@id":"https:\/\/barringerlawfirm.com\/es\/acerca-de\/ginger-geissinger\/#primaryimage","url":"https:\/\/barringerlawfirm.com\/wp-content\/uploads\/2025\/12\/barringer-ginger.png","contentUrl":"https:\/\/barringerlawfirm.com\/wp-content\/uploads\/2025\/12\/barringer-ginger.png","width":290,"height":298},{"@type":"BreadcrumbList","@id":"https:\/\/barringerlawfirm.com\/es\/acerca-de\/ginger-geissinger\/#breadcrumb","itemListElement":[{"@type":"ListItem","position":1,"name":"Home","item":"https:\/\/barringerlawfirm.com\/es\/bufete-de-abogados\/"},{"@type":"ListItem","position":2,"name":"Sobre Nosotros","item":"https:\/\/barringerlawfirm.com\/es\/about\/"},{"@type":"ListItem","position":3,"name":"Ginger Geissinger"}]},{"@type":"WebSite","@id":"https:\/\/barringerlawfirm.com\/es\/#website","url":"https:\/\/barringerlawfirm.com\/es\/","name":"","description":"We apply law to facts","potentialAction":[{"@type":"SearchAction","target":{"@type":"EntryPoint","urlTemplate":"https:\/\/barringerlawfirm.com\/es\/?s={search_term_string}"},"query-input":{"@type":"PropertyValueSpecification","valueRequired":true,"valueName":"search_term_string"}}],"inLanguage":"es"}]}},"_links":{"self":[{"href":"https:\/\/barringerlawfirm.com\/es\/wp-json\/wp\/v2\/pages\/988754","targetHints":{"allow":["GET"]}}],"collection":[{"href":"https:\/\/barringerlawfirm.com\/es\/wp-json\/wp\/v2\/pages"}],"about":[{"href":"https:\/\/barringerlawfirm.com\/es\/wp-json\/wp\/v2\/types\/page"}],"author":[{"embeddable":true,"href":"https:\/\/barringerlawfirm.com\/es\/wp-json\/wp\/v2\/users\/2"}],"replies":[{"embeddable":true,"href":"https:\/\/barringerlawfirm.com\/es\/wp-json\/wp\/v2\/comments?post=988754"}],"version-history":[{"count":1,"href":"https:\/\/barringerlawfirm.com\/es\/wp-json\/wp\/v2\/pages\/988754\/revisions"}],"predecessor-version":[{"id":988755,"href":"https:\/\/barringerlawfirm.com\/es\/wp-json\/wp\/v2\/pages\/988754\/revisions\/988755"}],"up":[{"embeddable":true,"href":"https:\/\/barringerlawfirm.com\/es\/wp-json\/wp\/v2\/pages\/988687"}],"wp:featuredmedia":[{"embeddable":true,"href":"https:\/\/barringerlawfirm.com\/es\/wp-json\/wp\/v2\/media\/988682"}],"wp:attachment":[{"href":"https:\/\/barringerlawfirm.com\/es\/wp-json\/wp\/v2\/media?parent=988754"}],"curies":[{"name":"wp","href":"https:\/\/api.w.org\/{rel}","templated":true}]}}