{"id":989147,"date":"2026-01-21T17:49:09","date_gmt":"2026-01-21T17:49:09","guid":{"rendered":"https:\/\/barringerlawfirm.com\/acerca-de\/hannah-reach\/"},"modified":"2026-02-02T19:24:35","modified_gmt":"2026-02-02T19:24:35","slug":"hannah-reach","status":"publish","type":"page","link":"https:\/\/barringerlawfirm.com\/es\/acerca-de\/hannah-reach\/","title":{"rendered":"Hannah Reach"},"content":{"rendered":"\t\t<div data-elementor-type=\"wp-page\" data-elementor-id=\"989147\" class=\"elementor elementor-989147 elementor-989027\" data-elementor-post-type=\"page\">\n\t\t\t\t\t\t<section class=\"elementor-section elementor-top-section elementor-element elementor-element-3b70991 elementor-section-full_width elementor-section-height-default elementor-section-height-default\" data-id=\"3b70991\" data-element_type=\"section\" data-e-type=\"section\">\n\t\t\t\t\t\t<div class=\"elementor-container elementor-column-gap-no\">\n\t\t\t\t\t<div class=\"elementor-column elementor-col-100 elementor-top-column elementor-element elementor-element-d385644\" data-id=\"d385644\" data-element_type=\"column\" data-e-type=\"column\">\n\t\t\t<div class=\"elementor-widget-wrap elementor-element-populated\">\n\t\t\t\t\t\t<div class=\"elementor-element elementor-element-b6a0f59 elementor-widget elementor-widget-spacer\" data-id=\"b6a0f59\" data-element_type=\"widget\" data-e-type=\"widget\" data-widget_type=\"spacer.default\">\n\t\t\t\t<div class=\"elementor-widget-container\">\n\t\t\t\t\t\t\t<div class=\"elementor-spacer\">\n\t\t\t<div class=\"elementor-spacer-inner\"><\/div>\n\t\t<\/div>\n\t\t\t\t\t\t<\/div>\n\t\t\t\t<\/div>\n\t\t\t\t<section class=\"elementor-section elementor-inner-section elementor-element elementor-element-6af0518 elementor-section-content-middle elementor-hidden-desktop elementor-hidden-tablet elementor-hidden-mobile elementor-section-boxed elementor-section-height-default elementor-section-height-default\" data-id=\"6af0518\" data-element_type=\"section\" data-e-type=\"section\">\n\t\t\t\t\t\t<div class=\"elementor-container elementor-column-gap-no\">\n\t\t\t\t\t<div class=\"elementor-column elementor-col-50 elementor-inner-column elementor-element elementor-element-57ec52b\" data-id=\"57ec52b\" data-element_type=\"column\" data-e-type=\"column\">\n\t\t\t<div class=\"elementor-widget-wrap elementor-element-populated\">\n\t\t\t\t\t\t<div class=\"elementor-element elementor-element-1c1c415 elementor-widget elementor-widget-heading\" data-id=\"1c1c415\" data-element_type=\"widget\" data-e-type=\"widget\" data-widget_type=\"heading.default\">\n\t\t\t\t<div class=\"elementor-widget-container\">\n\t\t\t\t\t<p class=\"elementor-heading-title elementor-size-default\">Email address<\/p>\t\t\t\t<\/div>\n\t\t\t\t<\/div>\n\t\t\t\t\t<\/div>\n\t\t<\/div>\n\t\t\t\t<div class=\"elementor-column elementor-col-50 elementor-inner-column elementor-element elementor-element-0ea8540\" data-id=\"0ea8540\" data-element_type=\"column\" data-e-type=\"column\">\n\t\t\t<div class=\"elementor-widget-wrap elementor-element-populated\">\n\t\t\t\t\t\t<div class=\"vamtam-has-theme-widget-styles elementor-element elementor-element-21aaa7e elementor-widget__width-auto vamtam-has-underline-anim elementor-widget elementor-widget-button\" data-id=\"21aaa7e\" data-element_type=\"widget\" data-e-type=\"widget\" data-widget_type=\"button.default\">\n\t\t\t\t<div class=\"elementor-widget-container\">\n\t\t\t\t\t\t\t\t\t<div class=\"elementor-button-wrapper\">\n\t\t\t\t\t<a class=\"elementor-button elementor-button-link elementor-size-sm\" href=\"mailto:%20matthew@barringerlawfirm.com\">\n\t\t\t\t\t\t<span class=\"elementor-button-content-wrapper\">\n\t\t\t\t\t\t\t\t\t<span class=\"elementor-button-text\">matthew@barringerlawfirm.com<\/span>\n\t\t\t\t\t<\/span>\n\t\t\t\t\t<\/a>\n\t\t\t\t<\/div>\n\t\t\t\t\t\t\t\t<\/div>\n\t\t\t\t<\/div>\n\t\t\t\t\t<\/div>\n\t\t<\/div>\n\t\t\t\t\t<\/div>\n\t\t<\/section>\n\t\t\t\t<section class=\"elementor-section elementor-inner-section elementor-element elementor-element-5cff6c5 elementor-section-content-middle elementor-hidden-desktop elementor-hidden-tablet elementor-hidden-mobile elementor-section-boxed elementor-section-height-default elementor-section-height-default\" data-id=\"5cff6c5\" data-element_type=\"section\" data-e-type=\"section\">\n\t\t\t\t\t\t<div class=\"elementor-container elementor-column-gap-no\">\n\t\t\t\t\t<div class=\"elementor-column elementor-col-50 elementor-inner-column elementor-element elementor-element-f170262\" data-id=\"f170262\" data-element_type=\"column\" data-e-type=\"column\">\n\t\t\t<div class=\"elementor-widget-wrap elementor-element-populated\">\n\t\t\t\t\t\t<div class=\"elementor-element elementor-element-886571b elementor-widget elementor-widget-heading\" data-id=\"886571b\" data-element_type=\"widget\" data-e-type=\"widget\" data-widget_type=\"heading.default\">\n\t\t\t\t<div class=\"elementor-widget-container\">\n\t\t\t\t\t<p class=\"elementor-heading-title elementor-size-default\">N\u00famero de tel\u00e9fono<\/p>\t\t\t\t<\/div>\n\t\t\t\t<\/div>\n\t\t\t\t\t<\/div>\n\t\t<\/div>\n\t\t\t\t<div class=\"elementor-column elementor-col-50 elementor-inner-column elementor-element elementor-element-751aaf6\" data-id=\"751aaf6\" data-element_type=\"column\" data-e-type=\"column\">\n\t\t\t<div class=\"elementor-widget-wrap elementor-element-populated\">\n\t\t\t\t\t\t<div class=\"vamtam-has-theme-widget-styles elementor-element elementor-element-bd61a17 elementor-widget__width-auto vamtam-has-underline-anim elementor-widget elementor-widget-button\" data-id=\"bd61a17\" data-element_type=\"widget\" data-e-type=\"widget\" data-widget_type=\"button.default\">\n\t\t\t\t<div class=\"elementor-widget-container\">\n\t\t\t\t\t\t\t\t\t<div class=\"elementor-button-wrapper\">\n\t\t\t\t\t<a class=\"elementor-button elementor-button-link elementor-size-sm\" href=\"tel:%202129698606\">\n\t\t\t\t\t\t<span class=\"elementor-button-content-wrapper\">\n\t\t\t\t\t\t\t\t\t<span class=\"elementor-button-text\">(212) 969-8606<\/span>\n\t\t\t\t\t<\/span>\n\t\t\t\t\t<\/a>\n\t\t\t\t<\/div>\n\t\t\t\t\t\t\t\t<\/div>\n\t\t\t\t<\/div>\n\t\t\t\t\t<\/div>\n\t\t<\/div>\n\t\t\t\t\t<\/div>\n\t\t<\/section>\n\t\t\t\t<section class=\"elementor-section elementor-inner-section elementor-element elementor-element-5075265 elementor-section-content-middle elementor-hidden-desktop elementor-hidden-tablet elementor-hidden-mobile elementor-section-boxed elementor-section-height-default elementor-section-height-default\" data-id=\"5075265\" data-element_type=\"section\" data-e-type=\"section\">\n\t\t\t\t\t\t<div class=\"elementor-container elementor-column-gap-no\">\n\t\t\t\t\t<div class=\"elementor-column elementor-col-50 elementor-inner-column elementor-element elementor-element-bc6f581\" data-id=\"bc6f581\" data-element_type=\"column\" data-e-type=\"column\">\n\t\t\t<div class=\"elementor-widget-wrap elementor-element-populated\">\n\t\t\t\t\t\t<div class=\"elementor-element elementor-element-164f334 elementor-widget elementor-widget-heading\" data-id=\"164f334\" data-element_type=\"widget\" data-e-type=\"widget\" data-widget_type=\"heading.default\">\n\t\t\t\t<div class=\"elementor-widget-container\">\n\t\t\t\t\t<p class=\"elementor-heading-title elementor-size-default\">Links<\/p>\t\t\t\t<\/div>\n\t\t\t\t<\/div>\n\t\t\t\t\t<\/div>\n\t\t<\/div>\n\t\t\t\t<div class=\"elementor-column elementor-col-50 elementor-inner-column elementor-element elementor-element-6c0d6db\" data-id=\"6c0d6db\" data-element_type=\"column\" data-e-type=\"column\">\n\t\t\t<div class=\"elementor-widget-wrap elementor-element-populated\">\n\t\t\t\t\t\t<div class=\"vamtam-has-theme-widget-styles elementor-element elementor-element-922dcfe elementor-widget__width-auto vamtam-has-underline-anim elementor-widget elementor-widget-button\" data-id=\"922dcfe\" data-element_type=\"widget\" data-e-type=\"widget\" data-widget_type=\"button.default\">\n\t\t\t\t<div class=\"elementor-widget-container\">\n\t\t\t\t\t\t\t\t\t<div class=\"elementor-button-wrapper\">\n\t\t\t\t\t<a class=\"elementor-button elementor-button-link elementor-size-sm\" href=\"https:\/\/www.linkedin.com\/in\/matthewkbarringer\/\" target=\"_blank\">\n\t\t\t\t\t\t<span class=\"elementor-button-content-wrapper\">\n\t\t\t\t\t\t\t\t\t<span class=\"elementor-button-text\">Linkedin<\/span>\n\t\t\t\t\t<\/span>\n\t\t\t\t\t<\/a>\n\t\t\t\t<\/div>\n\t\t\t\t\t\t\t\t<\/div>\n\t\t\t\t<\/div>\n\t\t\t\t\t<\/div>\n\t\t<\/div>\n\t\t\t\t\t<\/div>\n\t\t<\/section>\n\t\t\t\t<div class=\"elementor-element elementor-element-8c19415 elementor-widget elementor-widget-spacer\" data-id=\"8c19415\" data-element_type=\"widget\" data-e-type=\"widget\" data-widget_type=\"spacer.default\">\n\t\t\t\t<div class=\"elementor-widget-container\">\n\t\t\t\t\t\t\t<div class=\"elementor-spacer\">\n\t\t\t<div class=\"elementor-spacer-inner\"><\/div>\n\t\t<\/div>\n\t\t\t\t\t\t<\/div>\n\t\t\t\t<\/div>\n\t\t\t\t<div class=\"elementor-element elementor-element-b55ac0c elementor-widget elementor-widget-text-editor\" data-id=\"b55ac0c\" data-element_type=\"widget\" data-e-type=\"widget\" data-widget_type=\"text-editor.default\">\n\t\t\t\t<div class=\"elementor-widget-container\">\n\t\t\t\t\t\t\t\t\t<p>Hannah Reach es una abogada de inmigraci\u00f3n con un profundo compromiso con los derechos humanos y la defensa legal. Originaria de un peque\u00f1o pueblo del sur de Illinois, Hannah obtuvo su licenciatura en espa\u00f1ol en Clemson University en 2019, donde tambi\u00e9n realiz\u00f3 estudios en el extranjero en Sevilla, Espa\u00f1a. Posteriormente, obtuvo su Maestr\u00eda en Derecho (LL.M.) en Derecho Internacional por la University of Amsterdam; su tesis se centr\u00f3 en las violaciones de derechos humanos en la frontera entre Estados Unidos y M\u00e9xico y las posibles soluciones bajo el derecho internacional.<br>Hannah se gradu\u00f3 de Brooklyn Law School con su Doctorado en Jurisprudencia (J.D.) en 2023. Durante su formaci\u00f3n jur\u00eddica, adquiri\u00f3 experiencia pr\u00e1ctica trabajando con comunidades inmigrantes a trav\u00e9s de pasant\u00edas en UnLocal, una organizaci\u00f3n sin fines de lucro que apoya a solicitantes de asilo LGBTQ, y en la Cl\u00ednica de Inmigraci\u00f3n Safe Harbor. Despu\u00e9s de la facultad de derecho, prest\u00f3 sus servicios en la Oficina del Alto Comisionado de las Naciones Unidas para los Derechos Humanos en Ginebra, Suiza, donde trabaj\u00f3 en el sector de Acciones Urgentes analizando denuncias de violaciones bajo los tratados fundamentales de derechos humanos de la ONU. Hannah comenz\u00f3 a ejercer el derecho de inmigraci\u00f3n en los EE. UU. en 2024 y se incorpor\u00f3 a Barringer Law Firm en septiembre de 2025. Le apasiona guiar a los clientes a trav\u00e9s del proceso migratorio con compasi\u00f3n y determinaci\u00f3n.<br>Fuera del trabajo, Hannah disfruta viajar con su novio, jugar con sus dos gatas, Mabel y Evelyn, y esquiar con sus amigos.       <\/p>\t\t\t\t\t\t\t\t<\/div>\n\t\t\t\t<\/div>\n\t\t\t\t<div class=\"elementor-element elementor-element-bf05d0f elementor-hidden-desktop elementor-hidden-tablet elementor-hidden-mobile elementor-widget elementor-widget-heading\" data-id=\"bf05d0f\" data-element_type=\"widget\" data-e-type=\"widget\" data-widget_type=\"heading.default\">\n\t\t\t\t<div class=\"elementor-widget-container\">\n\t\t\t\t\t<h3 class=\"elementor-heading-title elementor-size-default\">Educaci\u00f3n<\/h3>\t\t\t\t<\/div>\n\t\t\t\t<\/div>\n\t\t\t\t<section class=\"elementor-section elementor-inner-section elementor-element elementor-element-250d2af elementor-hidden-desktop elementor-hidden-tablet elementor-hidden-mobile elementor-section-boxed elementor-section-height-default elementor-section-height-default\" data-id=\"250d2af\" data-element_type=\"section\" data-e-type=\"section\">\n\t\t\t\t\t\t<div class=\"elementor-container elementor-column-gap-no\">\n\t\t\t\t\t<div class=\"elementor-column elementor-col-50 elementor-inner-column elementor-element elementor-element-bcd259b\" data-id=\"bcd259b\" data-element_type=\"column\" data-e-type=\"column\">\n\t\t\t<div class=\"elementor-widget-wrap elementor-element-populated\">\n\t\t\t\t\t\t<div class=\"elementor-element elementor-element-eade600 elementor-icon-list--layout-traditional elementor-list-item-link-full_width elementor-widget elementor-widget-icon-list\" data-id=\"eade600\" data-element_type=\"widget\" data-e-type=\"widget\" data-widget_type=\"icon-list.default\">\n\t\t\t\t<div class=\"elementor-widget-container\">\n\t\t\t\t\t\t\t<ul class=\"elementor-icon-list-items\">\n\t\t\t\t\t\t\t<li class=\"elementor-icon-list-item\">\n\t\t\t\t\t\t\t\t\t\t<span class=\"elementor-icon-list-text\">Doctorado en Jurisprudencia (JD), 2003, de la Facultad de Derecho de la Universidad de Oklahoma City<\/span>\n\t\t\t\t\t\t\t\t\t<\/li>\n\t\t\t\t\t\t<\/ul>\n\t\t\t\t\t\t<\/div>\n\t\t\t\t<\/div>\n\t\t\t\t\t<\/div>\n\t\t<\/div>\n\t\t\t\t<div class=\"elementor-column elementor-col-50 elementor-inner-column elementor-element elementor-element-100f072\" data-id=\"100f072\" data-element_type=\"column\" data-e-type=\"column\">\n\t\t\t<div class=\"elementor-widget-wrap elementor-element-populated\">\n\t\t\t\t\t\t<div class=\"elementor-element elementor-element-3f11293 elementor-icon-list--layout-traditional elementor-list-item-link-full_width elementor-widget elementor-widget-icon-list\" data-id=\"3f11293\" data-element_type=\"widget\" data-e-type=\"widget\" data-widget_type=\"icon-list.default\">\n\t\t\t\t<div class=\"elementor-widget-container\">\n\t\t\t\t\t\t\t<ul class=\"elementor-icon-list-items\">\n\t\t\t\t\t\t\t<li class=\"elementor-icon-list-item\">\n\t\t\t\t\t\t\t\t\t\t<span class=\"elementor-icon-list-text\">Licenciatura en Artes (B.A.) en Psicolog\u00eda, 1999, de la Universidad de Colorado en Denver<\/span>\n\t\t\t\t\t\t\t\t\t<\/li>\n\t\t\t\t\t\t<\/ul>\n\t\t\t\t\t\t<\/div>\n\t\t\t\t<\/div>\n\t\t\t\t\t<\/div>\n\t\t<\/div>\n\t\t\t\t\t<\/div>\n\t\t<\/section>\n\t\t\t\t\t<\/div>\n\t\t<\/div>\n\t\t\t\t\t<\/div>\n\t\t<\/section>\n\t\t\t\t<section class=\"elementor-section elementor-top-section elementor-element elementor-element-b91beae elementor-hidden-desktop elementor-hidden-tablet elementor-hidden-mobile elementor-section-boxed elementor-section-height-default elementor-section-height-default\" data-id=\"b91beae\" data-element_type=\"section\" data-e-type=\"section\">\n\t\t\t\t\t\t<div class=\"elementor-container elementor-column-gap-no\">\n\t\t\t\t\t<div class=\"elementor-column elementor-col-100 elementor-top-column elementor-element elementor-element-69c9fbb\" data-id=\"69c9fbb\" data-element_type=\"column\" data-e-type=\"column\">\n\t\t\t<div class=\"elementor-widget-wrap elementor-element-populated\">\n\t\t\t\t\t\t<div class=\"elementor-element elementor-element-825a0f5 elementor-widget elementor-widget-heading\" data-id=\"825a0f5\" data-element_type=\"widget\" data-e-type=\"widget\" data-widget_type=\"heading.default\">\n\t\t\t\t<div class=\"elementor-widget-container\">\n\t\t\t\t\t<h3 class=\"elementor-heading-title elementor-size-default\">Admisiones<\/h3>\t\t\t\t<\/div>\n\t\t\t\t<\/div>\n\t\t\t\t<section class=\"elementor-section elementor-inner-section elementor-element elementor-element-943365c elementor-section-boxed elementor-section-height-default elementor-section-height-default\" data-id=\"943365c\" data-element_type=\"section\" data-e-type=\"section\">\n\t\t\t\t\t\t<div class=\"elementor-container elementor-column-gap-no\">\n\t\t\t\t\t<div class=\"elementor-column elementor-col-50 elementor-inner-column elementor-element elementor-element-268419d\" data-id=\"268419d\" data-element_type=\"column\" data-e-type=\"column\">\n\t\t\t<div class=\"elementor-widget-wrap elementor-element-populated\">\n\t\t\t\t\t\t<div class=\"elementor-element elementor-element-657cdba elementor-icon-list--layout-traditional elementor-list-item-link-full_width elementor-widget elementor-widget-icon-list\" data-id=\"657cdba\" data-element_type=\"widget\" data-e-type=\"widget\" data-widget_type=\"icon-list.default\">\n\t\t\t\t<div class=\"elementor-widget-container\">\n\t\t\t\t\t\t\t<ul class=\"elementor-icon-list-items\">\n\t\t\t\t\t\t\t<li class=\"elementor-icon-list-item\">\n\t\t\t\t\t\t\t\t\t\t<span class=\"elementor-icon-list-text\">Admitido en Colorado, 2004<\/span>\n\t\t\t\t\t\t\t\t\t<\/li>\n\t\t\t\t\t\t\t\t<li class=\"elementor-icon-list-item\">\n\t\t\t\t\t\t\t\t\t\t<span class=\"elementor-icon-list-text\">La Corte Suprema de Colorado<\/span>\n\t\t\t\t\t\t\t\t\t<\/li>\n\t\t\t\t\t\t\t\t<li class=\"elementor-icon-list-item\">\n\t\t\t\t\t\t\t\t\t\t<span class=\"elementor-icon-list-text\">Tribunal de Apelaciones de Colorado<\/span>\n\t\t\t\t\t\t\t\t\t<\/li>\n\t\t\t\t\t\t<\/ul>\n\t\t\t\t\t\t<\/div>\n\t\t\t\t<\/div>\n\t\t\t\t\t<\/div>\n\t\t<\/div>\n\t\t\t\t<div class=\"elementor-column elementor-col-50 elementor-inner-column elementor-element elementor-element-adc5e9d\" data-id=\"adc5e9d\" data-element_type=\"column\" data-e-type=\"column\">\n\t\t\t<div class=\"elementor-widget-wrap elementor-element-populated\">\n\t\t\t\t\t\t<div class=\"elementor-element elementor-element-86869e9 elementor-icon-list--layout-traditional elementor-list-item-link-full_width elementor-widget elementor-widget-icon-list\" data-id=\"86869e9\" data-element_type=\"widget\" data-e-type=\"widget\" data-widget_type=\"icon-list.default\">\n\t\t\t\t<div class=\"elementor-widget-container\">\n\t\t\t\t\t\t\t<ul class=\"elementor-icon-list-items\">\n\t\t\t\t\t\t\t<li class=\"elementor-icon-list-item\">\n\t\t\t\t\t\t\t\t\t\t<span class=\"elementor-icon-list-text\">Tribunal Federal de Distrito, D\u00e9cimo Circuito<\/span>\n\t\t\t\t\t\t\t\t\t<\/li>\n\t\t\t\t\t\t\t\t<li class=\"elementor-icon-list-item\">\n\t\t\t\t\t\t\t\t\t\t<span class=\"elementor-icon-list-text\">Oficina Ejecutiva de Revisi\u00f3n de Casos de Inmigraci\u00f3n (EOIR)<\/span>\n\t\t\t\t\t\t\t\t\t<\/li>\n\t\t\t\t\t\t\t\t<li class=\"elementor-icon-list-item\">\n\t\t\t\t\t\t\t\t\t\t<span class=\"elementor-icon-list-text\">Tribunal de Quiebras de Colorado<\/span>\n\t\t\t\t\t\t\t\t\t<\/li>\n\t\t\t\t\t\t<\/ul>\n\t\t\t\t\t\t<\/div>\n\t\t\t\t<\/div>\n\t\t\t\t\t<\/div>\n\t\t<\/div>\n\t\t\t\t\t<\/div>\n\t\t<\/section>\n\t\t\t\t\t<\/div>\n\t\t<\/div>\n\t\t\t\t\t<\/div>\n\t\t<\/section>\n\t\t\t\t<\/div>\n\t\t","protected":false},"excerpt":{"rendered":"<p>Abogada Asociada de Inmigraci\u00f3n<\/p>\n","protected":false},"author":2,"featured_media":989145,"parent":988687,"menu_order":0,"comment_status":"closed","ping_status":"closed","template":"","meta":{"inline_featured_image":false,"footnotes":""},"class_list":["post-989147","page","type-page","status-publish","has-post-thumbnail","hentry"],"yoast_head":"<!-- This site is optimized with the Yoast SEO plugin v27.4 - https:\/\/yoast.com\/product\/yoast-seo-wordpress\/ -->\n<title>Hannah Reach -<\/title>\n<meta name=\"robots\" content=\"index, follow, max-snippet:-1, max-image-preview:large, max-video-preview:-1\" \/>\n<link rel=\"canonical\" href=\"https:\/\/barringerlawfirm.com\/es\/acerca-de\/hannah-reach\/\" \/>\n<meta property=\"og:locale\" content=\"es_ES\" \/>\n<meta property=\"og:type\" content=\"article\" \/>\n<meta property=\"og:title\" content=\"Hannah Reach -\" \/>\n<meta property=\"og:description\" content=\"Abogada Asociada de Inmigraci\u00f3n\" \/>\n<meta property=\"og:url\" content=\"https:\/\/barringerlawfirm.com\/es\/acerca-de\/hannah-reach\/\" \/>\n<meta property=\"article:modified_time\" content=\"2026-02-02T19:24:35+00:00\" \/>\n<meta property=\"og:image\" content=\"https:\/\/barringerlawfirm.com\/wp-content\/uploads\/2026\/01\/HannahReach-AssociateImmigrationAttorney.webp\" \/>\n\t<meta property=\"og:image:width\" content=\"864\" \/>\n\t<meta property=\"og:image:height\" content=\"1184\" \/>\n\t<meta property=\"og:image:type\" content=\"image\/webp\" \/>\n<meta name=\"twitter:card\" content=\"summary_large_image\" \/>\n<meta name=\"twitter:label1\" content=\"Tiempo de lectura\" \/>\n\t<meta name=\"twitter:data1\" content=\"2 minutos\" \/>\n<script type=\"application\/ld+json\" class=\"yoast-schema-graph\">{\"@context\":\"https:\\\/\\\/schema.org\",\"@graph\":[{\"@type\":\"WebPage\",\"@id\":\"https:\\\/\\\/barringerlawfirm.com\\\/es\\\/acerca-de\\\/hannah-reach\\\/\",\"url\":\"https:\\\/\\\/barringerlawfirm.com\\\/es\\\/acerca-de\\\/hannah-reach\\\/\",\"name\":\"Hannah Reach -\",\"isPartOf\":{\"@id\":\"https:\\\/\\\/barringerlawfirm.com\\\/es\\\/#website\"},\"primaryImageOfPage\":{\"@id\":\"https:\\\/\\\/barringerlawfirm.com\\\/es\\\/acerca-de\\\/hannah-reach\\\/#primaryimage\"},\"image\":{\"@id\":\"https:\\\/\\\/barringerlawfirm.com\\\/es\\\/acerca-de\\\/hannah-reach\\\/#primaryimage\"},\"thumbnailUrl\":\"https:\\\/\\\/barringerlawfirm.com\\\/wp-content\\\/uploads\\\/2026\\\/01\\\/HannahReach-AssociateImmigrationAttorney.webp\",\"datePublished\":\"2026-01-21T17:49:09+00:00\",\"dateModified\":\"2026-02-02T19:24:35+00:00\",\"breadcrumb\":{\"@id\":\"https:\\\/\\\/barringerlawfirm.com\\\/es\\\/acerca-de\\\/hannah-reach\\\/#breadcrumb\"},\"inLanguage\":\"es\",\"potentialAction\":[{\"@type\":\"ReadAction\",\"target\":[\"https:\\\/\\\/barringerlawfirm.com\\\/es\\\/acerca-de\\\/hannah-reach\\\/\"]}]},{\"@type\":\"ImageObject\",\"inLanguage\":\"es\",\"@id\":\"https:\\\/\\\/barringerlawfirm.com\\\/es\\\/acerca-de\\\/hannah-reach\\\/#primaryimage\",\"url\":\"https:\\\/\\\/barringerlawfirm.com\\\/wp-content\\\/uploads\\\/2026\\\/01\\\/HannahReach-AssociateImmigrationAttorney.webp\",\"contentUrl\":\"https:\\\/\\\/barringerlawfirm.com\\\/wp-content\\\/uploads\\\/2026\\\/01\\\/HannahReach-AssociateImmigrationAttorney.webp\",\"width\":864,\"height\":1184},{\"@type\":\"BreadcrumbList\",\"@id\":\"https:\\\/\\\/barringerlawfirm.com\\\/es\\\/acerca-de\\\/hannah-reach\\\/#breadcrumb\",\"itemListElement\":[{\"@type\":\"ListItem\",\"position\":1,\"name\":\"Home\",\"item\":\"https:\\\/\\\/barringerlawfirm.com\\\/es\\\/bufete-de-abogados\\\/\"},{\"@type\":\"ListItem\",\"position\":2,\"name\":\"Sobre Nosotros\",\"item\":\"https:\\\/\\\/barringerlawfirm.com\\\/es\\\/about\\\/\"},{\"@type\":\"ListItem\",\"position\":3,\"name\":\"Hannah Reach\"}]},{\"@type\":\"WebSite\",\"@id\":\"https:\\\/\\\/barringerlawfirm.com\\\/es\\\/#website\",\"url\":\"https:\\\/\\\/barringerlawfirm.com\\\/es\\\/\",\"name\":\"\",\"description\":\"We apply law to facts\",\"potentialAction\":[{\"@type\":\"SearchAction\",\"target\":{\"@type\":\"EntryPoint\",\"urlTemplate\":\"https:\\\/\\\/barringerlawfirm.com\\\/es\\\/?s={search_term_string}\"},\"query-input\":{\"@type\":\"PropertyValueSpecification\",\"valueRequired\":true,\"valueName\":\"search_term_string\"}}],\"inLanguage\":\"es\"}]}<\/script>\n<!-- \/ Yoast SEO plugin. -->","yoast_head_json":{"title":"Hannah Reach -","robots":{"index":"index","follow":"follow","max-snippet":"max-snippet:-1","max-image-preview":"max-image-preview:large","max-video-preview":"max-video-preview:-1"},"canonical":"https:\/\/barringerlawfirm.com\/es\/acerca-de\/hannah-reach\/","og_locale":"es_ES","og_type":"article","og_title":"Hannah Reach -","og_description":"Abogada Asociada de Inmigraci\u00f3n","og_url":"https:\/\/barringerlawfirm.com\/es\/acerca-de\/hannah-reach\/","article_modified_time":"2026-02-02T19:24:35+00:00","og_image":[{"width":864,"height":1184,"url":"https:\/\/barringerlawfirm.com\/wp-content\/uploads\/2026\/01\/HannahReach-AssociateImmigrationAttorney.webp","type":"image\/webp"}],"twitter_card":"summary_large_image","twitter_misc":{"Tiempo de lectura":"2 minutos"},"schema":{"@context":"https:\/\/schema.org","@graph":[{"@type":"WebPage","@id":"https:\/\/barringerlawfirm.com\/es\/acerca-de\/hannah-reach\/","url":"https:\/\/barringerlawfirm.com\/es\/acerca-de\/hannah-reach\/","name":"Hannah Reach -","isPartOf":{"@id":"https:\/\/barringerlawfirm.com\/es\/#website"},"primaryImageOfPage":{"@id":"https:\/\/barringerlawfirm.com\/es\/acerca-de\/hannah-reach\/#primaryimage"},"image":{"@id":"https:\/\/barringerlawfirm.com\/es\/acerca-de\/hannah-reach\/#primaryimage"},"thumbnailUrl":"https:\/\/barringerlawfirm.com\/wp-content\/uploads\/2026\/01\/HannahReach-AssociateImmigrationAttorney.webp","datePublished":"2026-01-21T17:49:09+00:00","dateModified":"2026-02-02T19:24:35+00:00","breadcrumb":{"@id":"https:\/\/barringerlawfirm.com\/es\/acerca-de\/hannah-reach\/#breadcrumb"},"inLanguage":"es","potentialAction":[{"@type":"ReadAction","target":["https:\/\/barringerlawfirm.com\/es\/acerca-de\/hannah-reach\/"]}]},{"@type":"ImageObject","inLanguage":"es","@id":"https:\/\/barringerlawfirm.com\/es\/acerca-de\/hannah-reach\/#primaryimage","url":"https:\/\/barringerlawfirm.com\/wp-content\/uploads\/2026\/01\/HannahReach-AssociateImmigrationAttorney.webp","contentUrl":"https:\/\/barringerlawfirm.com\/wp-content\/uploads\/2026\/01\/HannahReach-AssociateImmigrationAttorney.webp","width":864,"height":1184},{"@type":"BreadcrumbList","@id":"https:\/\/barringerlawfirm.com\/es\/acerca-de\/hannah-reach\/#breadcrumb","itemListElement":[{"@type":"ListItem","position":1,"name":"Home","item":"https:\/\/barringerlawfirm.com\/es\/bufete-de-abogados\/"},{"@type":"ListItem","position":2,"name":"Sobre Nosotros","item":"https:\/\/barringerlawfirm.com\/es\/about\/"},{"@type":"ListItem","position":3,"name":"Hannah Reach"}]},{"@type":"WebSite","@id":"https:\/\/barringerlawfirm.com\/es\/#website","url":"https:\/\/barringerlawfirm.com\/es\/","name":"","description":"We apply law to facts","potentialAction":[{"@type":"SearchAction","target":{"@type":"EntryPoint","urlTemplate":"https:\/\/barringerlawfirm.com\/es\/?s={search_term_string}"},"query-input":{"@type":"PropertyValueSpecification","valueRequired":true,"valueName":"search_term_string"}}],"inLanguage":"es"}]}},"_links":{"self":[{"href":"https:\/\/barringerlawfirm.com\/es\/wp-json\/wp\/v2\/pages\/989147","targetHints":{"allow":["GET"]}}],"collection":[{"href":"https:\/\/barringerlawfirm.com\/es\/wp-json\/wp\/v2\/pages"}],"about":[{"href":"https:\/\/barringerlawfirm.com\/es\/wp-json\/wp\/v2\/types\/page"}],"author":[{"embeddable":true,"href":"https:\/\/barringerlawfirm.com\/es\/wp-json\/wp\/v2\/users\/2"}],"replies":[{"embeddable":true,"href":"https:\/\/barringerlawfirm.com\/es\/wp-json\/wp\/v2\/comments?post=989147"}],"version-history":[{"count":1,"href":"https:\/\/barringerlawfirm.com\/es\/wp-json\/wp\/v2\/pages\/989147\/revisions"}],"predecessor-version":[{"id":989150,"href":"https:\/\/barringerlawfirm.com\/es\/wp-json\/wp\/v2\/pages\/989147\/revisions\/989150"}],"up":[{"embeddable":true,"href":"https:\/\/barringerlawfirm.com\/es\/wp-json\/wp\/v2\/pages\/988687"}],"wp:featuredmedia":[{"embeddable":true,"href":"https:\/\/barringerlawfirm.com\/es\/wp-json\/wp\/v2\/media\/989145"}],"wp:attachment":[{"href":"https:\/\/barringerlawfirm.com\/es\/wp-json\/wp\/v2\/media?parent=989147"}],"curies":[{"name":"wp","href":"https:\/\/api.w.org\/{rel}","templated":true}]}}